{"id":2360,"date":"2023-09-13T22:58:07","date_gmt":"2023-09-13T20:58:07","guid":{"rendered":"https:\/\/www.biobey.be\/fr-temp\/produit\/comprimes-de-chlorelle-biologique-200\/"},"modified":"2025-07-11T13:37:44","modified_gmt":"2025-07-11T11:37:44","slug":"comprimes-de-chlorelle-biologique-200","status":"publish","type":"product","link":"https:\/\/www.biobey.be\/fr\/produit\/comprimes-de-chlorelle-biologique-200\/","title":{"rendered":"Comprim\u00e9s de chlorelle biologique 200 compr."},"content":{"rendered":"<p>Les comprim\u00e9s de chlorelle biologique de Bioearth ne contiennent ni excipients ni additifs. Les comprim\u00e9s sont compos\u00e9s \u00e0 100% de chlorelle issue de la culture biologique. Les comprim\u00e9s peuvent \u00eatre utilis\u00e9s pour favoriser la vitalit\u00e9 de la peau et ralentir le processus de vieillissement.<\/p>\n<p>En outre, les comprim\u00e9s de chlorelle biologique aident \u00e0 d\u00e9toxifier l&rsquo;organisme, \u00e0 renforcer l&rsquo;immunit\u00e9 et \u00e0 stabiliser le taux de sucre dans le sang. La chlorelle est compos\u00e9e de 60% de prot\u00e9ines. C&rsquo;est une source extr\u00eamement riche et concentr\u00e9e de nutriments pour l&rsquo;organisme.<\/p>\n<p>Les nutriments pr\u00e9sents sont aussi enti\u00e8rement absorb\u00e9s par l&rsquo;organisme gr\u00e2ce \u00e0 sa formule naturelle.<\/p>\n<p>Ces comprim\u00e9s de chlorelle biologique contiennent des vitamines (B12, A et E), des acides gras insatur\u00e9s (acides gras om\u00e9ga 6), des prot\u00e9ines, des acides amin\u00e9s, de la chlorophylle et des min\u00e9raux. Les comprim\u00e9s de chlorella biologique sont efficaces pour maintenir une peau saine, ralentir le vieillissement de la peau et pour purifier l&rsquo;organisme des toxines et des m\u00e9taux lourds.<\/p>\n<h2>Mode d&rsquo;action et formule des comprim\u00e9s de chlorelle biologique<\/h2>\n<p>La recherche clinique a conclu que la chlorelle contribue au processus naturel de d\u00e9sintoxication de l&rsquo;organisme. Elle acc\u00e9l\u00e8re jusqu&rsquo;\u00e0 sept fois le processus normal de d\u00e9sintoxication de l&rsquo;organisme. La chlorelle \u00e9limine les m\u00e9taux lourds et les toxines de l&rsquo;organisme. Il s&rsquo;agit d&rsquo;un rem\u00e8de de d\u00e9sintoxication efficace pour \u00e9liminer plus rapidement les toxines du corps.<\/p>\n<p>Les comprim\u00e9s de chlorella biologique sont utilis\u00e9s pour favoriser une peau saine et ralentir le vieillissement de la peau. Elle stimule le renouvellement des cellules de la peau et est riche en antioxydants et en vitamine A. Ceux-ci prot\u00e8gent la peau du stress oxydatif.<\/p>\n<p>La chlorelle est l&rsquo;une des plus grandes sources de chlorophylle. Elle aide \u00e0 d\u00e9toxifier le foie et \u00e0 r\u00e9guler le taux de sucre dans le sang. Elle a un effet favorable sur la perte de poids et aide \u00e0 r\u00e9duire le mauvais cholest\u00e9rol.<\/p>\n<p>Les comprim\u00e9s de chlorelle biologique sont une source importante et hautement concentr\u00e9e d&rsquo;antioxydants, de prot\u00e9ines, de vitamines, de chlorophylle, d&rsquo;acides amin\u00e9s, de min\u00e9raux et d&rsquo;acides gras insatur\u00e9s.<\/p>\n<p>Mode d&#8217;emploi : Prendre les comprim\u00e9s avec un verre d&rsquo;eau \u00e0 jeun tout au long de la journ\u00e9e. Prenez entre 10 et 12 comprim\u00e9s par jour si n\u00e9cessaire.<\/p>\n<p>1 comprim\u00e9 = 250 mg<\/p>\n<p>Ingr\u00e9dients : 100% *poudre d&rsquo;algues Chlorella (Chlorella Vulgaris Beijerinck) biologique.<\/p>\n<p>Remarque : les compl\u00e9ments ne remplacent pas une alimentation saine et \u00e9quilibr\u00e9e.<\/p>\n","protected":false},"excerpt":{"rendered":"<p>Comprim\u00e9s de chlorelle biologique sans excipients \u00e0 base de 100% de chlorelle issue de la culture biologique.<\/p>\n<p><strong>Applications:<\/strong><br \/>\nPour une peau saine. D\u00e9sintoxication de l&rsquo;organisme des m\u00e9taux lourds et des toxines. Aide \u00e0 la r\u00e9gulation du taux de sucre dans le sang.<br \/>\n<strong>Formule<\/strong> 100% chlorelle issue de culture biologique.<br \/>\n<strong>Contenu:<\/strong> 200 comprim\u00e9s. 1 comprim\u00e9 = 250 mg<\/p>\n","protected":false},"featured_media":452,"comment_status":"open","ping_status":"closed","template":"","meta":{"ocean_post_layout":"","ocean_both_sidebars_style":"","ocean_both_sidebars_content_width":0,"ocean_both_sidebars_sidebars_width":0,"ocean_sidebar":"","ocean_second_sidebar":"","ocean_disable_margins":"enable","ocean_add_body_class":"","ocean_shortcode_before_top_bar":"","ocean_shortcode_after_top_bar":"","ocean_shortcode_before_header":"","ocean_shortcode_after_header":"","ocean_has_shortcode":"","ocean_shortcode_after_title":"","ocean_shortcode_before_footer_widgets":"","ocean_shortcode_after_footer_widgets":"","ocean_shortcode_before_footer_bottom":"","ocean_shortcode_after_footer_bottom":"","ocean_display_top_bar":"default","ocean_display_header":"default","ocean_header_style":"","ocean_center_header_left_menu":"","ocean_custom_header_template":"","ocean_custom_logo":0,"ocean_custom_retina_logo":0,"ocean_custom_logo_max_width":0,"ocean_custom_logo_tablet_max_width":0,"ocean_custom_logo_mobile_max_width":0,"ocean_custom_logo_max_height":0,"ocean_custom_logo_tablet_max_height":0,"ocean_custom_logo_mobile_max_height":0,"ocean_header_custom_menu":"","ocean_menu_typo_font_family":"","ocean_menu_typo_font_subset":"","ocean_menu_typo_font_size":0,"ocean_menu_typo_font_size_tablet":0,"ocean_menu_typo_font_size_mobile":0,"ocean_menu_typo_font_size_unit":"px","ocean_menu_typo_font_weight":"","ocean_menu_typo_font_weight_tablet":"","ocean_menu_typo_font_weight_mobile":"","ocean_menu_typo_transform":"","ocean_menu_typo_transform_tablet":"","ocean_menu_typo_transform_mobile":"","ocean_menu_typo_line_height":0,"ocean_menu_typo_line_height_tablet":0,"ocean_menu_typo_line_height_mobile":0,"ocean_menu_typo_line_height_unit":"","ocean_menu_typo_spacing":0,"ocean_menu_typo_spacing_tablet":0,"ocean_menu_typo_spacing_mobile":0,"ocean_menu_typo_spacing_unit":"","ocean_menu_link_color":"","ocean_menu_link_color_hover":"","ocean_menu_link_color_active":"","ocean_menu_link_background":"","ocean_menu_link_hover_background":"","ocean_menu_link_active_background":"","ocean_menu_social_links_bg":"","ocean_menu_social_hover_links_bg":"","ocean_menu_social_links_color":"","ocean_menu_social_hover_links_color":"","ocean_disable_title":"default","ocean_disable_heading":"default","ocean_post_title":"","ocean_post_subheading":"","ocean_post_title_style":"","ocean_post_title_background_color":"","ocean_post_title_background":0,"ocean_post_title_bg_image_position":"","ocean_post_title_bg_image_attachment":"","ocean_post_title_bg_image_repeat":"","ocean_post_title_bg_image_size":"","ocean_post_title_height":0,"ocean_post_title_bg_overlay":0.5,"ocean_post_title_bg_overlay_color":"","ocean_disable_breadcrumbs":"default","ocean_breadcrumbs_color":"","ocean_breadcrumbs_separator_color":"","ocean_breadcrumbs_links_color":"","ocean_breadcrumbs_links_hover_color":"","ocean_display_footer_widgets":"default","ocean_display_footer_bottom":"default","ocean_custom_footer_template":""},"product_brand":[118],"product_cat":[57,31],"product_tag":[125],"class_list":{"0":"post-2360","1":"product","2":"type-product","3":"status-publish","4":"has-post-thumbnail","6":"product_brand-bioearth","7":"product_cat-complements-alimentaires-bio","8":"product_cat-sante","9":"product_tag-vegan","11":"entry","12":"has-media","14":"first","15":"instock","16":"taxable","17":"shipping-taxable","18":"purchasable","19":"product-type-simple","20":"has-rating","21":"col","22":"span_1_of_3","23":"owp-content-center","24":"owp-thumbs-layout-horizontal","25":"owp-btn-normal","26":"owp-tabs-layout-section","27":"has-no-thumbnails","28":"circle-sale"},"_links":{"self":[{"href":"https:\/\/www.biobey.be\/fr\/wp-json\/wp\/v2\/product\/2360","targetHints":{"allow":["GET"]}}],"collection":[{"href":"https:\/\/www.biobey.be\/fr\/wp-json\/wp\/v2\/product"}],"about":[{"href":"https:\/\/www.biobey.be\/fr\/wp-json\/wp\/v2\/types\/product"}],"replies":[{"embeddable":true,"href":"https:\/\/www.biobey.be\/fr\/wp-json\/wp\/v2\/comments?post=2360"}],"wp:featuredmedia":[{"embeddable":true,"href":"https:\/\/www.biobey.be\/fr\/wp-json\/wp\/v2\/media\/452"}],"wp:attachment":[{"href":"https:\/\/www.biobey.be\/fr\/wp-json\/wp\/v2\/media?parent=2360"}],"wp:term":[{"taxonomy":"product_brand","embeddable":true,"href":"https:\/\/www.biobey.be\/fr\/wp-json\/wp\/v2\/product_brand?post=2360"},{"taxonomy":"product_cat","embeddable":true,"href":"https:\/\/www.biobey.be\/fr\/wp-json\/wp\/v2\/product_cat?post=2360"},{"taxonomy":"product_tag","embeddable":true,"href":"https:\/\/www.biobey.be\/fr\/wp-json\/wp\/v2\/product_tag?post=2360"}],"curies":[{"name":"wp","href":"https:\/\/api.w.org\/{rel}","templated":true}]}}