{"id":2362,"date":"2025-04-21T20:36:59","date_gmt":"2025-04-21T18:36:59","guid":{"rendered":"https:\/\/www.biobey.be\/fr-temp\/produit\/comprimes-de-desacidification-80-pcs\/"},"modified":"2026-02-23T18:20:26","modified_gmt":"2026-02-23T17:20:26","slug":"comprimes-de-desacidification-80-pcs","status":"publish","type":"product","link":"https:\/\/www.biobey.be\/fr\/produit\/comprimes-de-desacidification-80-pcs\/","title":{"rendered":"Comprim\u00e9s de d\u00e9sacidification Lithothamnium 80 pcs."},"content":{"rendered":"<p>Les comprim\u00e9s de d\u00e9sacidification Lithothamnium calcareum contribuent au bon fonctionnement des muscles. Ce compl\u00e9ment naturel est fabriqu\u00e9 \u00e0 partir de lithothamnium calcareum et de sels alcalins de calcium, magn\u00e9sium, potassium et sodium.<\/p>\n<p>L&rsquo;extrait d&rsquo;algues rouges (lithothamnium calcareum) joue un r\u00f4le important dans le renforcement des os et le r\u00e9tablissement de l&rsquo;\u00e9quilibre acido-basique. Gr\u00e2ce \u00e0 son pH alcalin et \u00e0 sa forte teneur en calcium, il neutralise l&rsquo;acidit\u00e9 de l&rsquo;organisme. Il est utilis\u00e9 pour traiter les br\u00fblures d&rsquo;estomac, l&rsquo;arthrose et l&rsquo;ost\u00e9oporose.<\/p>\n<p>Les comprim\u00e9s de d\u00e9sacidification naturelle ont un effet actif d&rsquo;\u00e9limination et de neutralisation des acides. Lithobase aide \u00e0 d\u00e9composer et \u00e0 \u00e9liminer les acides d\u00e9j\u00e0 form\u00e9s dans le corps et les articulations. En outre, il neutralise les acides amin\u00e9s en exc\u00e8s et emp\u00eache leur cristallisation.<\/p>\n<p>L&rsquo;acidification a de nombreuses causes, comme un mode d&rsquo;alimentation incorrect, le stress, des muscles surmen\u00e9s, etc. Une carence en min\u00e9raux alcalins entra\u00eene une acidification des articulations.<\/p>\n<p>Cela entra\u00eene des plaintes telles que des douleurs articulaires, la fatigue, l&rsquo;arthrose, l&rsquo;arthrite, les allergies ou les ongles calcaires. Les comprim\u00e9s de d\u00e9sacidification naturelle \u00e0 base d&rsquo;algues rouges et de sels alcalins ont un effet d\u00e9sacidifiant et \u00e9quilibrant.<\/p>\n<h2>Formule des comprim\u00e9s de d\u00e9sacidification naturelle Lithothamnium calcareum<\/h2>\n<p>Les tablettes de d\u00e9sacidification sont compos\u00e9es d&rsquo;algues rouges et de sels alcalins. Les sels alcalins tels que le magn\u00e9sium, le calcium et le potassium contribuent \u00e0 la sant\u00e9 du tissu conjonctif et aident \u00e0 r\u00e9tablir l&rsquo;acidit\u00e9 des poids. Ils renforcent les os et pr\u00e9viennent leur d\u00e9t\u00e9rioration.<\/p>\n<p>Ces min\u00e9raux compl\u00e8tent la teneur en min\u00e9raux de base de l&rsquo;organisme et contribuent ainsi \u00e0 \u00e9quilibrer l&rsquo;acidit\u00e9 du corps. Lithothamnium calcareum est riche en calcium. Il pr\u00e9vient la d\u00e9t\u00e9rioration des os et r\u00e9tablit l&rsquo;acidit\u00e9 de l&rsquo;estomac. Il stimule la production d&rsquo;\u00e9nergie et aide \u00e0 r\u00e9duire le stress.<\/p>\n<p>Les capsules Lithobase sont des comprim\u00e9s de d\u00e9sacidification qui aident \u00e0 r\u00e9tablir l&rsquo;\u00e9quilibre acide-base.<br \/>\nLes compl\u00e9ments Greenology de Bioearth sont v\u00e9g\u00e9taliens et naturels.<\/p>\n<p>Ne pas d\u00e9passer la dose journali\u00e8re maximale. Veuillez noter que les compl\u00e9ments alimentaires ne remplacent pas un r\u00e9gime alimentaire sain et appr\u00e9ci\u00e9.<\/p>\n<p><strong>Mode d&#8217;emploi<\/strong> : La dose est de 4 comprim\u00e9s par jour. Prenez-le avec un grand verre d&rsquo;eau pendant les repas.<\/p>\n<p><strong>Ingr\u00e9dients<\/strong> : Bicarbonate de sodium Carbonate de calcium Carbonate de magn\u00e9sium Hydroxypropylm\u00e9thylcellulose, Phosphate de sodium, Bicarbonate de potassium, Algue Lithothamnium calcareum<\/p>\n<p><strong>Caract\u00e9ristiques<\/strong> : Vegan en\u00a0 naturel<br \/>\n<strong>Formule<\/strong> : lithothamnium calcareum et sels alcalins de calcium, magn\u00e9sium, potassium et sodium.<br \/>\nContenu : 80 capsules<\/p>\n<p>Comprim\u00e9s de d\u00e9sacidification Lithothamnium a \u00e9t\u00e9 d\u00e9velopp\u00e9 par Bioearth. Les cosm\u00e9tiques biologiques de Bioearth jouissent d&rsquo;une r\u00e9putation irr\u00e9prochable depuis pr\u00e8s de 30 ans. Les produits Bioearth sont fabriqu\u00e9s \u00e0 partir d&rsquo;ingr\u00e9dients v\u00e9g\u00e9taux respectueux de l&rsquo;environnement.<\/p>\n<p>Les formules naturelles de ces produits contiennent des innovations, des alternatives s\u00fbres aux silicones, etc. Bioearth est synonyme de cosm\u00e9tiques biologiques innovants et de haute qualit\u00e9.<\/p>\n","protected":false},"excerpt":{"rendered":"<p>Comprim\u00e9s de d\u00e9sacidification naturelle \u00e0 base de lithothamnium calcareum et de sels alcalins de calcium, magn\u00e9sium, potassium et sodium. Aide \u00e0 r\u00e9tablir l&rsquo;\u00e9quilibre acide-alcalin. Aide \u00e0 lutter contre l&rsquo;acidification des muscles et des articulations.<\/p>\n<p>Les comprim\u00e9s d\u00e9sacidifiants Lithothamnium ne sont actuellement pas disponibles. Nous avons toutefois en stock un <span style=\"color: #0000ff;\"><strong><a style=\"color: #0000ff;\" href=\"https:\/\/www.biobey.be\/fr\/produit\/complement-naturel-pour-les-articulations\/\">produit similaire, Orthopeden,<\/a><\/strong><\/span> qui pr\u00e9sente les m\u00eames caract\u00e9ristiques et propri\u00e9t\u00e9s.<\/p>\n","protected":false},"featured_media":504,"comment_status":"open","ping_status":"closed","template":"","meta":{"ocean_post_layout":"","ocean_both_sidebars_style":"","ocean_both_sidebars_content_width":0,"ocean_both_sidebars_sidebars_width":0,"ocean_sidebar":"0","ocean_second_sidebar":"0","ocean_disable_margins":"enable","ocean_add_body_class":"","ocean_shortcode_before_top_bar":"","ocean_shortcode_after_top_bar":"","ocean_shortcode_before_header":"","ocean_shortcode_after_header":"","ocean_has_shortcode":"","ocean_shortcode_after_title":"","ocean_shortcode_before_footer_widgets":"","ocean_shortcode_after_footer_widgets":"","ocean_shortcode_before_footer_bottom":"","ocean_shortcode_after_footer_bottom":"","ocean_display_top_bar":"default","ocean_display_header":"default","ocean_header_style":"","ocean_center_header_left_menu":"0","ocean_custom_header_template":"0","ocean_custom_logo":0,"ocean_custom_retina_logo":0,"ocean_custom_logo_max_width":0,"ocean_custom_logo_tablet_max_width":0,"ocean_custom_logo_mobile_max_width":0,"ocean_custom_logo_max_height":0,"ocean_custom_logo_tablet_max_height":0,"ocean_custom_logo_mobile_max_height":0,"ocean_header_custom_menu":"0","ocean_menu_typo_font_family":"0","ocean_menu_typo_font_subset":"","ocean_menu_typo_font_size":0,"ocean_menu_typo_font_size_tablet":0,"ocean_menu_typo_font_size_mobile":0,"ocean_menu_typo_font_size_unit":"px","ocean_menu_typo_font_weight":"","ocean_menu_typo_font_weight_tablet":"","ocean_menu_typo_font_weight_mobile":"","ocean_menu_typo_transform":"","ocean_menu_typo_transform_tablet":"","ocean_menu_typo_transform_mobile":"","ocean_menu_typo_line_height":0,"ocean_menu_typo_line_height_tablet":0,"ocean_menu_typo_line_height_mobile":0,"ocean_menu_typo_line_height_unit":"","ocean_menu_typo_spacing":0,"ocean_menu_typo_spacing_tablet":0,"ocean_menu_typo_spacing_mobile":0,"ocean_menu_typo_spacing_unit":"","ocean_menu_link_color":"","ocean_menu_link_color_hover":"","ocean_menu_link_color_active":"","ocean_menu_link_background":"","ocean_menu_link_hover_background":"","ocean_menu_link_active_background":"","ocean_menu_social_links_bg":"","ocean_menu_social_hover_links_bg":"","ocean_menu_social_links_color":"","ocean_menu_social_hover_links_color":"","ocean_disable_title":"default","ocean_disable_heading":"default","ocean_post_title":"","ocean_post_subheading":"","ocean_post_title_style":"","ocean_post_title_background_color":"","ocean_post_title_background":0,"ocean_post_title_bg_image_position":"","ocean_post_title_bg_image_attachment":"","ocean_post_title_bg_image_repeat":"","ocean_post_title_bg_image_size":"","ocean_post_title_height":0,"ocean_post_title_bg_overlay":0.5,"ocean_post_title_bg_overlay_color":"","ocean_disable_breadcrumbs":"default","ocean_breadcrumbs_color":"","ocean_breadcrumbs_separator_color":"","ocean_breadcrumbs_links_color":"","ocean_breadcrumbs_links_hover_color":"","ocean_display_footer_widgets":"default","ocean_display_footer_bottom":"default","ocean_custom_footer_template":"0"},"product_brand":[118],"product_cat":[57,31],"product_tag":[125],"class_list":{"0":"post-2362","1":"product","2":"type-product","3":"status-publish","4":"has-post-thumbnail","6":"product_brand-bioearth","7":"product_cat-complements-alimentaires-bio","8":"product_cat-sante","9":"product_tag-vegan","11":"entry","12":"has-media","14":"first","15":"outofstock","16":"taxable","17":"shipping-taxable","18":"purchasable","19":"product-type-simple","20":"has-rating","21":"col","22":"span_1_of_3","23":"owp-content-center","24":"owp-thumbs-layout-horizontal","25":"owp-btn-normal","26":"owp-tabs-layout-section","27":"has-no-thumbnails","28":"circle-sale"},"_links":{"self":[{"href":"https:\/\/www.biobey.be\/fr\/wp-json\/wp\/v2\/product\/2362","targetHints":{"allow":["GET"]}}],"collection":[{"href":"https:\/\/www.biobey.be\/fr\/wp-json\/wp\/v2\/product"}],"about":[{"href":"https:\/\/www.biobey.be\/fr\/wp-json\/wp\/v2\/types\/product"}],"replies":[{"embeddable":true,"href":"https:\/\/www.biobey.be\/fr\/wp-json\/wp\/v2\/comments?post=2362"}],"wp:featuredmedia":[{"embeddable":true,"href":"https:\/\/www.biobey.be\/fr\/wp-json\/wp\/v2\/media\/504"}],"wp:attachment":[{"href":"https:\/\/www.biobey.be\/fr\/wp-json\/wp\/v2\/media?parent=2362"}],"wp:term":[{"taxonomy":"product_brand","embeddable":true,"href":"https:\/\/www.biobey.be\/fr\/wp-json\/wp\/v2\/product_brand?post=2362"},{"taxonomy":"product_cat","embeddable":true,"href":"https:\/\/www.biobey.be\/fr\/wp-json\/wp\/v2\/product_cat?post=2362"},{"taxonomy":"product_tag","embeddable":true,"href":"https:\/\/www.biobey.be\/fr\/wp-json\/wp\/v2\/product_tag?post=2362"}],"curies":[{"name":"wp","href":"https:\/\/api.w.org\/{rel}","templated":true}]}}