{"id":2365,"date":"2023-08-22T00:01:36","date_gmt":"2023-08-21T22:01:36","guid":{"rendered":"https:\/\/www.biobey.be\/fr-temp\/produit\/apres-shampooing-reparateur-cheveux\/"},"modified":"2026-01-28T14:57:03","modified_gmt":"2026-01-28T13:57:03","slug":"apres-shampooing-reparateur-cheveux","status":"publish","type":"product","link":"https:\/\/www.biobey.be\/fr\/produit\/apres-shampooing-reparateur-cheveux\/","title":{"rendered":"Apr\u00e8s-shampooing r\u00e9parateur pour cheveux color\u00e9s et ab\u00eem\u00e9s 150 ml"},"content":{"rendered":"<p>Apr\u00e8s-shampooing r\u00e9parateur pour cheveux color\u00e9s est un apr\u00e8s-shampooing naturel de la marque Bioearth qui r\u00e9pare et restructure les cheveux endommag\u00e9s et color\u00e9s. Sa formule naturellement riche en huile de coco, calendula et mauve nourrit et adoucit les cheveux color\u00e9s ou trait\u00e9s avec des produits chimiques agressifs.<\/p>\n<p><strong>Utilisez-le apr\u00e8s chaque shampooing pour r\u00e9parer les cheveux.<\/strong><\/p>\n<h2>Apr\u00e8s-shampooing r\u00e9parateur pour cheveux color\u00e9s et ab\u00eem\u00e9s &#8211; formule<\/h2>\n<p>La composition \u00e0 base d&rsquo;huile de coco, de calendula et de mauve a un effet nourrissant et r\u00e9parateur sur les cheveux. L&rsquo;huile de noix de coco pr\u00e9sente de nombreux bienfaits. Pour la peau et les cheveux. L&rsquo;huile de noix de coco <strong>p\u00e9n\u00e8tre en profondeur dans les cheveux et les hydrate en profondeur. <\/strong><\/p>\n<p>De plus, il emp\u00eache vos cheveux de perdre des prot\u00e9ines. Cette huile est une huile naturelle tr\u00e8s l\u00e9g\u00e8re, de sorte que l&rsquo;apr\u00e8s-shampooing r\u00e9parateur pour cheveux color\u00e9s hydrate les cheveux sans les rendre gras ou les alourdir.<\/p>\n<p>Le deuxi\u00e8me ingr\u00e9dient principal de l&rsquo;apr\u00e8s-shampooing r\u00e9parateur est l&rsquo;extrait de calendula. Le calendula a des propri\u00e9t\u00e9s protectrices, apaisantes et antiseptiques. Il emp\u00eache la formation de champignons sur le cuir chevelu.<\/p>\n<p>L&rsquo;huile de calendula est utilis\u00e9e pour hydrater et r\u00e9parer les cuirs chevelus secs et irrit\u00e9s. Il prot\u00e8ge \u00e9galement les cheveux et le cuir chevelu des effets n\u00e9fastes des radicaux libres.<\/p>\n<p>La mauve blanche est une plante aux propri\u00e9t\u00e9s m\u00e9dicinales qui aide \u00e0 la gu\u00e9rison plus rapide des blessures, des irritations. C&rsquo;est une source fantastique de prot\u00e9ines et de vitamines pour les cheveux et le cuir chevelu. Pour traiter les probl\u00e8mes de cuir chevelu tels que l&rsquo;ecz\u00e9ma, le psoriasis ou le cuir chevelu sec, on peut appliquer de la racine de mauve ou de ronce.<\/p>\n<p>En outre, il <strong>rend les cheveux souples et doux<\/strong>, pr\u00e9vient les pointes fourchues et donne plus de forme aux boucles et aux cheveux ondul\u00e9s.<\/p>\n<p>L&rsquo;huile essentielle de citron pr\u00e9sente dans la composition de cet apr\u00e8s-shampooing r\u00e9parateur est tr\u00e8s bonne pour les cheveux. Il pr\u00e9vient et combat les pellicules, rend les cheveux plus forts et leur donne une brillance naturelle.<\/p>\n<h3><strong>Substances fonctionnelles<\/strong><\/h3>\n<p>Huile essentielle de citron ; extraits de calendula, camomille, malve sylvestris ; huile de coco.<\/p>\n<p><strong>Mode d&#8217;emploi<\/strong><br \/>\nAppliquez le produit sur les cheveux mouill\u00e9s, en particulier sur les pointes, et massez doucement.<\/p>\n<p><strong>Ingr\u00e9dients<\/strong><br \/>\nAqua (eau), alcool c\u00e9t\u00e9arylique, b\u00e9h\u00e9namidopropyl dim\u00e9thylamine, carbonate de dicaprylyle, glyc\u00e9rine, extrait de fleur de Calendula Officinalis*, extrait de fleur de Chamomilla Recutita (Matricaria)*, Extrait de fleur\/feuillage de Malva Sylvestris (mauve)*,<\/p>\n<p>huile de Cocos Nucifera (noix de coco)*, huile de zeste de Citrus Sinensis exprim\u00e9e, Limon\u00e8ne, acide lactique, caprylate de glyc\u00e9ryle, Und\u00e9cyl\u00e9nate de glyc\u00e9ryle, alcool benzylique.<\/p>\n<p>* De l&rsquo;agriculture biologique \/ de l&rsquo;agriculture biologique<\/p>\n","protected":false},"excerpt":{"rendered":"<p>Id\u00e9al pour r\u00e9duire les dommages caus\u00e9s aux cheveux apr\u00e8s des traitements agressifs ou pour r\u00e9parer les cheveux d\u00e9j\u00e0 endommag\u00e9s. Il a un effet protecteur sur les cheveux en contrant la perte de prot\u00e9ines.<\/p>\n","protected":false},"featured_media":528,"comment_status":"open","ping_status":"closed","template":"","meta":{"ocean_post_layout":"","ocean_both_sidebars_style":"","ocean_both_sidebars_content_width":0,"ocean_both_sidebars_sidebars_width":0,"ocean_sidebar":"","ocean_second_sidebar":"","ocean_disable_margins":"enable","ocean_add_body_class":"","ocean_shortcode_before_top_bar":"","ocean_shortcode_after_top_bar":"","ocean_shortcode_before_header":"","ocean_shortcode_after_header":"","ocean_has_shortcode":"","ocean_shortcode_after_title":"","ocean_shortcode_before_footer_widgets":"","ocean_shortcode_after_footer_widgets":"","ocean_shortcode_before_footer_bottom":"","ocean_shortcode_after_footer_bottom":"","ocean_display_top_bar":"default","ocean_display_header":"default","ocean_header_style":"","ocean_center_header_left_menu":"","ocean_custom_header_template":"","ocean_custom_logo":0,"ocean_custom_retina_logo":0,"ocean_custom_logo_max_width":0,"ocean_custom_logo_tablet_max_width":0,"ocean_custom_logo_mobile_max_width":0,"ocean_custom_logo_max_height":0,"ocean_custom_logo_tablet_max_height":0,"ocean_custom_logo_mobile_max_height":0,"ocean_header_custom_menu":"","ocean_menu_typo_font_family":"","ocean_menu_typo_font_subset":"","ocean_menu_typo_font_size":0,"ocean_menu_typo_font_size_tablet":0,"ocean_menu_typo_font_size_mobile":0,"ocean_menu_typo_font_size_unit":"px","ocean_menu_typo_font_weight":"","ocean_menu_typo_font_weight_tablet":"","ocean_menu_typo_font_weight_mobile":"","ocean_menu_typo_transform":"","ocean_menu_typo_transform_tablet":"","ocean_menu_typo_transform_mobile":"","ocean_menu_typo_line_height":0,"ocean_menu_typo_line_height_tablet":0,"ocean_menu_typo_line_height_mobile":0,"ocean_menu_typo_line_height_unit":"","ocean_menu_typo_spacing":0,"ocean_menu_typo_spacing_tablet":0,"ocean_menu_typo_spacing_mobile":0,"ocean_menu_typo_spacing_unit":"","ocean_menu_link_color":"","ocean_menu_link_color_hover":"","ocean_menu_link_color_active":"","ocean_menu_link_background":"","ocean_menu_link_hover_background":"","ocean_menu_link_active_background":"","ocean_menu_social_links_bg":"","ocean_menu_social_hover_links_bg":"","ocean_menu_social_links_color":"","ocean_menu_social_hover_links_color":"","ocean_disable_title":"default","ocean_disable_heading":"default","ocean_post_title":"","ocean_post_subheading":"","ocean_post_title_style":"","ocean_post_title_background_color":"","ocean_post_title_background":0,"ocean_post_title_bg_image_position":"","ocean_post_title_bg_image_attachment":"","ocean_post_title_bg_image_repeat":"","ocean_post_title_bg_image_size":"","ocean_post_title_height":0,"ocean_post_title_bg_overlay":0.5,"ocean_post_title_bg_overlay_color":"","ocean_disable_breadcrumbs":"default","ocean_breadcrumbs_color":"","ocean_breadcrumbs_separator_color":"","ocean_breadcrumbs_links_color":"","ocean_breadcrumbs_links_hover_color":"","ocean_display_footer_widgets":"default","ocean_display_footer_bottom":"default","ocean_custom_footer_template":""},"product_brand":[118],"product_cat":[16,24,50],"product_tag":[126,127,128],"class_list":{"0":"post-2365","1":"product","2":"type-product","3":"status-publish","4":"has-post-thumbnail","6":"product_brand-bioearth","7":"product_cat-soins","8":"product_cat-soins-cheveux","9":"product_cat-traitement-capillaire-intensif","10":"product_tag-sans-paraben","11":"product_tag-sans-silicone","12":"product_tag-sanssulfates","14":"entry","15":"has-media","17":"first","18":"instock","19":"taxable","20":"shipping-taxable","21":"purchasable","22":"product-type-simple","23":"has-rating","24":"col","25":"span_1_of_3","26":"owp-content-center","27":"owp-thumbs-layout-horizontal","28":"owp-btn-normal","29":"owp-tabs-layout-section","30":"has-no-thumbnails","31":"circle-sale"},"_links":{"self":[{"href":"https:\/\/www.biobey.be\/fr\/wp-json\/wp\/v2\/product\/2365","targetHints":{"allow":["GET"]}}],"collection":[{"href":"https:\/\/www.biobey.be\/fr\/wp-json\/wp\/v2\/product"}],"about":[{"href":"https:\/\/www.biobey.be\/fr\/wp-json\/wp\/v2\/types\/product"}],"replies":[{"embeddable":true,"href":"https:\/\/www.biobey.be\/fr\/wp-json\/wp\/v2\/comments?post=2365"}],"wp:featuredmedia":[{"embeddable":true,"href":"https:\/\/www.biobey.be\/fr\/wp-json\/wp\/v2\/media\/528"}],"wp:attachment":[{"href":"https:\/\/www.biobey.be\/fr\/wp-json\/wp\/v2\/media?parent=2365"}],"wp:term":[{"taxonomy":"product_brand","embeddable":true,"href":"https:\/\/www.biobey.be\/fr\/wp-json\/wp\/v2\/product_brand?post=2365"},{"taxonomy":"product_cat","embeddable":true,"href":"https:\/\/www.biobey.be\/fr\/wp-json\/wp\/v2\/product_cat?post=2365"},{"taxonomy":"product_tag","embeddable":true,"href":"https:\/\/www.biobey.be\/fr\/wp-json\/wp\/v2\/product_tag?post=2365"}],"curies":[{"name":"wp","href":"https:\/\/api.w.org\/{rel}","templated":true}]}}