{"id":2372,"date":"2025-05-23T12:11:01","date_gmt":"2025-05-23T10:11:01","guid":{"rendered":"https:\/\/www.biobey.be\/fr-temp\/produit\/shampoing-solide-bio-doux-vanille-avoine\/"},"modified":"2025-07-11T12:44:33","modified_gmt":"2025-07-11T10:44:33","slug":"shampoing-solide-bio-doux-vanille-avoine","status":"publish","type":"product","link":"https:\/\/www.biobey.be\/fr\/produit\/shampoing-solide-bio-doux-vanille-avoine\/","title":{"rendered":"Shampoing solide bio doux Vanille et avoine 50 g"},"content":{"rendered":"<p>Vous souhaitez acheter un shampoing solide biod\u00e9gradable pour cuir chevelu sensible? Shampoing solide bio doux \u00e0 base d&rsquo;avoine biologique et d&rsquo;extraits de vanille, convient \u00e0 un usage quotidien et aux personnes ayant un cuir chevelu sensible.<\/p>\n<p>Vous pr\u00e9f\u00e9rez utiliser un shampooing liquide pour votre cuir chevelu sensible? Essayez alors ce <span style=\"color: #0000ff;\"><a style=\"color: #0000ff;\" href=\"https:\/\/www.biobey.be\/fr\/produit\/shampoing-a-lavoine-bio-500ml\/\">shampooing bio \u00e0 l&rsquo;avoine et \u00e0 la vanille.\u00a0<\/a><\/span><\/p>\n<p><strong>Caract\u00e9ristiques du shampoing solide doux vanille &amp; avoine en bref:<\/strong><\/p>\n<ul>\n<li>nettoie en douceur sans irriter le cuir chevelu<\/li>\n<li>apaise le cuir chevelu irrit\u00e9<\/li>\n<li>soigne et prot\u00e8ge les cheveux et le cuir chevelu<\/li>\n<\/ul>\n<p>Les shampooings solides Consho de Bioearth sont formul\u00e9es de mani\u00e8re durable avec des tensioactifs biod\u00e9gradables. Les colorants sont d&rsquo;origine biologique.<\/p>\n<p>Le shampoing solide bio doux nettoie efficacement sans dess\u00e9cher les cheveux. Il \u00e9limine les r\u00e9sidus de produits coiffants et la salet\u00e9 sans perturber la production naturelle de s\u00e9bum du cuir chevelu. L&rsquo;extrait d&rsquo;avoine biologique apaise le cuir chevelu irrit\u00e9 et pr\u00e9vient la perte d&rsquo;humidit\u00e9. Cela <strong>permet d&rsquo;hydrater et de nourrir les cheveux sec<\/strong>s.<\/p>\n<p>L&rsquo;extrait naturel de spiruline est riche en antioxydants et en min\u00e9raux. Il aide \u00e0 remin\u00e9raliser le cuir chevelu et les cheveux affect\u00e9s. Le shampooing solide bio doux apporte soin et protection aux cheveux et au cuir chevelu. Avec une utilisation r\u00e9guli\u00e8re,<a href=\"https:\/\/www.biobey.be\/fr\/produit\/shampooing-bio-pour-cheveux-blonds-250ml\/\"><span style=\"color: #0000ff;\"><strong> les cheveux retrouvent leur brillance naturelle.<\/strong><\/span><\/a><\/p>\n<h2>Effets du shampoing solide bio doux<\/h2>\n<p>Les influences ext\u00e9rieures n\u00e9gatives et les radicaux libres endommagent les cheveux. La composition riche en acides gras essentiels, min\u00e9raux et vitamines nourrit les cheveux ternes et augmente leur r\u00e9sistance. L&rsquo;extrait de vanille biologique est utilis\u00e9<strong> pour adoucir les cheveux.<\/strong><\/p>\n<p>Cet extrait renforce les cheveux et r\u00e9duit les pointes fourchues. C&rsquo;est un antioxydant naturel qui neutralise l&rsquo;effet des radicaux libres. L&rsquo;extrait d&rsquo;avoine biologique <span style=\"color: #0000ff;\"><a style=\"color: #0000ff;\" href=\"https:\/\/www.biobey.be\/fr\/produit\/shampoing-bio-cheveux-normal-secs-250ml\/\">hydrate le cuir chevelu et les cheveux secs<\/a><\/span>. La combinaison des extraits permet un nettoyage efficace mais doux des cheveux et du cuir chevelu.<\/p>\n<p>Le shampoing solide bio doux de Consho est v\u00e9g\u00e9talienne et durable. Le shampooing est color\u00e9 avec un colorant naturel \u00e0 base de spiruline. Ce colorant peut se dissoudre pendant l&rsquo;utilisation. Cela n&rsquo;affecte pas le fonctionnement et l&rsquo;efficacit\u00e9 du shampooing doux.<\/p>\n<p><strong>Utilisation :<\/strong> Frottez le shampoing solide bio doux entre des mains humides jusqu&rsquo;\u00e0 ce qu&rsquo;il commence \u00e0 mousser. Appliquez-le ensuite sur les cheveux mouill\u00e9s et massez doucement le cuir chevelu et les cheveux. Apr\u00e8s utilisation, conservez la barre de shampooing dans un endroit sec et suffisamment ventil\u00e9.<\/p>\n<p>Ingr\u00e9dients : Coconut Sulphate de sodium, Cocoyl Is\u00e9thionate de sodium, Amidon de Zeamays, Alcool c\u00e9t\u00e9arylique, Cocamidopropyl Betaine, Glyc\u00e9rine, Behenamidopropyl Dimethylamine, Aqua, Fragrance (ar\u00f4me naturel), Ricinus Communis Seedoil, Acide citrique, poudre de thalle de Spirulina Platensis**,<\/p>\n<p>diac\u00e9tate de glutamate t\u00e9trasodique, extrait de noyau d&rsquo;Avena Sativa*, poudre de jus de feuille d&rsquo;Aloe Barbadensis*, extrait de fruit de Vanilla Planifolia, sorbate de potassium, benzoate de sodium.<br \/>\n*Ingr\u00e9dients issus de l&rsquo;agriculture biologique<\/p>\n<p>Ingr\u00e9dients actifs : Extraits d&rsquo;avoine et de vanille biologiques<br \/>\nCaract\u00e9ristiques : Vegan et durable. Formul\u00e9 avec des agents de surface biod\u00e9gradables. Colorants, parfums et conservateurs naturels.<\/p>\n<p><span style=\"font-weight: 400;\">Shampoing solide bio doux Vanille et avoine a \u00e9t\u00e9 d\u00e9velopp\u00e9 par Bioearth. Les cosm\u00e9tiques biologiques de Bioearth jouissent d&rsquo;une r\u00e9putation irr\u00e9prochable depuis pr\u00e8s de 30 ans. <\/span><\/p>\n<p><span style=\"font-weight: 400;\">Les produits Bioearth sont fabriqu\u00e9s \u00e0 partir d&rsquo;ingr\u00e9dients v\u00e9g\u00e9taux respectueux de l&rsquo;environnement. Les formules naturelles de ces produits contiennent des innovations, des alternatives s\u00fbres aux silicones, etc. Bioearth est synonyme de cosm\u00e9tiques biologiques innovants et de haute qualit\u00e9.<\/span><\/p>\n","protected":false},"excerpt":{"rendered":"<p>Le shampooing solide bio doux Vanille &amp; Avoine convient \u00e0 un usage quotidien, m\u00eame pour les personnes au cuir chevelu sensible. Emballage en carton en mat\u00e9riau durable certifi\u00e9.<\/p>\n","protected":false},"featured_media":345,"comment_status":"open","ping_status":"closed","template":"","meta":{"ocean_post_layout":"","ocean_both_sidebars_style":"","ocean_both_sidebars_content_width":0,"ocean_both_sidebars_sidebars_width":0,"ocean_sidebar":"","ocean_second_sidebar":"","ocean_disable_margins":"enable","ocean_add_body_class":"","ocean_shortcode_before_top_bar":"","ocean_shortcode_after_top_bar":"","ocean_shortcode_before_header":"","ocean_shortcode_after_header":"","ocean_has_shortcode":"","ocean_shortcode_after_title":"","ocean_shortcode_before_footer_widgets":"","ocean_shortcode_after_footer_widgets":"","ocean_shortcode_before_footer_bottom":"","ocean_shortcode_after_footer_bottom":"","ocean_display_top_bar":"default","ocean_display_header":"default","ocean_header_style":"","ocean_center_header_left_menu":"","ocean_custom_header_template":"","ocean_custom_logo":0,"ocean_custom_retina_logo":0,"ocean_custom_logo_max_width":0,"ocean_custom_logo_tablet_max_width":0,"ocean_custom_logo_mobile_max_width":0,"ocean_custom_logo_max_height":0,"ocean_custom_logo_tablet_max_height":0,"ocean_custom_logo_mobile_max_height":0,"ocean_header_custom_menu":"","ocean_menu_typo_font_family":"","ocean_menu_typo_font_subset":"","ocean_menu_typo_font_size":0,"ocean_menu_typo_font_size_tablet":0,"ocean_menu_typo_font_size_mobile":0,"ocean_menu_typo_font_size_unit":"px","ocean_menu_typo_font_weight":"","ocean_menu_typo_font_weight_tablet":"","ocean_menu_typo_font_weight_mobile":"","ocean_menu_typo_transform":"","ocean_menu_typo_transform_tablet":"","ocean_menu_typo_transform_mobile":"","ocean_menu_typo_line_height":0,"ocean_menu_typo_line_height_tablet":0,"ocean_menu_typo_line_height_mobile":0,"ocean_menu_typo_line_height_unit":"","ocean_menu_typo_spacing":0,"ocean_menu_typo_spacing_tablet":0,"ocean_menu_typo_spacing_mobile":0,"ocean_menu_typo_spacing_unit":"","ocean_menu_link_color":"","ocean_menu_link_color_hover":"","ocean_menu_link_color_active":"","ocean_menu_link_background":"","ocean_menu_link_hover_background":"","ocean_menu_link_active_background":"","ocean_menu_social_links_bg":"","ocean_menu_social_hover_links_bg":"","ocean_menu_social_links_color":"","ocean_menu_social_hover_links_color":"","ocean_disable_title":"default","ocean_disable_heading":"default","ocean_post_title":"","ocean_post_subheading":"","ocean_post_title_style":"","ocean_post_title_background_color":"","ocean_post_title_background":0,"ocean_post_title_bg_image_position":"","ocean_post_title_bg_image_attachment":"","ocean_post_title_bg_image_repeat":"","ocean_post_title_bg_image_size":"","ocean_post_title_height":0,"ocean_post_title_bg_overlay":0.5,"ocean_post_title_bg_overlay_color":"","ocean_disable_breadcrumbs":"default","ocean_breadcrumbs_color":"","ocean_breadcrumbs_separator_color":"","ocean_breadcrumbs_links_color":"","ocean_breadcrumbs_links_hover_color":"","ocean_display_footer_widgets":"default","ocean_display_footer_bottom":"default","ocean_custom_footer_template":""},"product_brand":[116],"product_cat":[16,24,50],"product_tag":[133,127,125],"class_list":{"0":"post-2372","1":"product","2":"type-product","3":"status-publish","4":"has-post-thumbnail","6":"product_brand-geoderm","7":"product_cat-soins","8":"product_cat-soins-cheveux","9":"product_cat-traitement-capillaire-intensif","10":"product_tag-sansparfumsynthetique","11":"product_tag-sans-silicone","12":"product_tag-vegan","14":"entry","15":"has-media","17":"first","18":"instock","19":"taxable","20":"shipping-taxable","21":"purchasable","22":"product-type-simple","23":"has-rating","24":"col","25":"span_1_of_3","26":"owp-content-center","27":"owp-thumbs-layout-horizontal","28":"owp-btn-normal","29":"owp-tabs-layout-section","30":"has-no-thumbnails","31":"circle-sale"},"_links":{"self":[{"href":"https:\/\/www.biobey.be\/fr\/wp-json\/wp\/v2\/product\/2372","targetHints":{"allow":["GET"]}}],"collection":[{"href":"https:\/\/www.biobey.be\/fr\/wp-json\/wp\/v2\/product"}],"about":[{"href":"https:\/\/www.biobey.be\/fr\/wp-json\/wp\/v2\/types\/product"}],"replies":[{"embeddable":true,"href":"https:\/\/www.biobey.be\/fr\/wp-json\/wp\/v2\/comments?post=2372"}],"wp:featuredmedia":[{"embeddable":true,"href":"https:\/\/www.biobey.be\/fr\/wp-json\/wp\/v2\/media\/345"}],"wp:attachment":[{"href":"https:\/\/www.biobey.be\/fr\/wp-json\/wp\/v2\/media?parent=2372"}],"wp:term":[{"taxonomy":"product_brand","embeddable":true,"href":"https:\/\/www.biobey.be\/fr\/wp-json\/wp\/v2\/product_brand?post=2372"},{"taxonomy":"product_cat","embeddable":true,"href":"https:\/\/www.biobey.be\/fr\/wp-json\/wp\/v2\/product_cat?post=2372"},{"taxonomy":"product_tag","embeddable":true,"href":"https:\/\/www.biobey.be\/fr\/wp-json\/wp\/v2\/product_tag?post=2372"}],"curies":[{"name":"wp","href":"https:\/\/api.w.org\/{rel}","templated":true}]}}