{"id":2376,"date":"2025-04-10T00:26:47","date_gmt":"2025-04-09T22:26:47","guid":{"rendered":"https:\/\/www.biobey.be\/fr-temp\/produit\/pommade-a-larnica-bio-pour-les-gonflements-50ml\/"},"modified":"2026-03-24T20:52:42","modified_gmt":"2026-03-24T19:52:42","slug":"pommade-a-larnica-bio-pour-les-gonflements-50ml","status":"publish","type":"product","link":"https:\/\/www.biobey.be\/fr\/produit\/pommade-a-larnica-bio-pour-les-gonflements-50ml\/","title":{"rendered":"Pommade \u00e0 l&rsquo;arnica bio pour les gonflements 50ml"},"content":{"rendered":"<p>La pommade \u00e0 l&rsquo;arnica bio contre les gonflements a un effet multifonctionnel. Elle r\u00e9duit le gonflement et acc\u00e9l\u00e8re le processus de r\u00e9g\u00e9n\u00e9ration des bleus. Elle soulage les douleurs musculaires et articulaires. Ses propri\u00e9t\u00e9s anti-inflammatoires acc\u00e9l\u00e8rent le processus de gu\u00e9rison en cas de br\u00fblures, d&rsquo;insectes et d&rsquo;ecchymoses.<\/p>\n<p>La pommade \u00e0 l&rsquo;arnica bio contre les gonflements vise \u00e0 la fois l&rsquo;appareil locomoteur et la peau. Outre l&rsquo;arnica, la pommade contient aussi d&rsquo;autres extraits biologiques b\u00e9n\u00e9fiques de jus d&rsquo;aloe vera et d&rsquo;huile d&rsquo;eucalyptus \u00e9th\u00e9r\u00e9e. La formule renforce l&rsquo;effet de l&rsquo;arnica. L&rsquo;huile essentielle d&rsquo;eucalyptus biologique a un effet anti-inflammatoire et analg\u00e9sique. Elle favorise la circulation sanguine et r\u00e9duit les gonflements.<\/p>\n<h2>Que fait la pommade \u00e0 l&rsquo;arnica contre les gonflements ?<\/h2>\n<p>La pommade naturelle \u00e0 l&rsquo;arnica contre les gonflements r\u00e9duit l&rsquo;inflammation, stimule la circulation sanguine et est analg\u00e9sique. La pommade Bioearth contient une teneur \u00e9lev\u00e9e en extrait d&rsquo;arnica biologique. L&rsquo;arnica montana est riche en carot\u00e9no\u00efdes, en flavono\u00efdes et en silice.<\/p>\n<p>Il poss\u00e8de des propri\u00e9t\u00e9s antibact\u00e9riennes, vasculoprotectrices et antithrombotiques. Par cons\u00e9quent, la pommade \u00e0 l&rsquo;arnica aide<strong> efficacement \u00e0 lutter contre les gonflements, les ecchymoses, les douleurs musculaires et les bleus.<\/strong><\/p>\n<h2>Effet apaisant et adoucissant de la pommade \u00e0 l&rsquo;arnica bio<\/h2>\n<p>La combinaison de jus d&rsquo;aloe vera biologique et d&rsquo;extrait d&rsquo;arnica apaise la peau apr\u00e8s des br\u00fblures et des irritations. Elle r\u00e9duit les rougeurs et adoucit la peau. La pommade \u00e0 l&rsquo;arnica convient donc parfaitement \u00e0 une utilisation pr\u00e9ventive apr\u00e8s le rasage pour \u00e9viter les irritations. Ainsi que pour apaiser les peaux irrit\u00e9es. Elle <span style=\"color: #0000ff;\"><a style=\"color: #0000ff;\" href=\"https:\/\/www.biobey.be\/fr\/produit\/masque-contour-des-yeux-poches-et-rides-50-ml\/\">r\u00e9duit le gonflement, les poches et les cernes sous les yeux<\/a><\/span>.<\/p>\n<p>L&rsquo;extrait d&rsquo;arnica est riche en carot\u00e9no\u00efdes, en flavono\u00efdes et en acides gras. Il est souvent utilis\u00e9 dans le traitement des blessures et des plaies, car il acc\u00e9l\u00e8re le processus de gu\u00e9rison et inhibe l&rsquo;inflammation. L&rsquo;huile d&rsquo;eucalyptus biologique est souvent utilis\u00e9e pour les rhumes et les infections fongiques.<\/p>\n<p>En outre, la pommade \u00e0 l&rsquo;arnica bio stimule la production de c\u00e9ramides dans la peau. Cela assure l&rsquo;hydratation de la peau s\u00e8che. La synergie entre les extraits b\u00e9n\u00e9fiques assure le fonctionnement efficace de la pommade \u00e0 l&rsquo;arnica bio. La pommade peut \u00eatre utilis\u00e9e pour traiter les probl\u00e8mes de peau, les plaies et <span style=\"color: #0000ff;\"><a style=\"color: #0000ff;\" href=\"https:\/\/www.biobey.be\/fr\/produit\/gel-anti-douleur-du-dos-de-la-nuque\/\">les douleurs musculaires et articulaires<\/a><\/span>.<\/p>\n<p>La pommade \u00e0 l&rsquo;arnica bio de Bioearth est v\u00e9g\u00e9talienne et naturel.<\/p>\n<p><strong>Mode d&#8217;emploi<\/strong> : Appliquez la pommade sur la zone concern\u00e9e. Faites p\u00e9n\u00e9trer le produit par des mouvements circulaires jusqu&rsquo;\u00e0 ce qu&rsquo;il soit bien absorb\u00e9 par la peau.<\/p>\n<p><strong>Ingr\u00e9dients<\/strong> : Aqua, Glyceryl Stearate, Cetyl Alcohol, Helianthus Annuus Seed Oil, Glycerin, *Aloe Barbadensis Leaf Juice, Cetearyl Alcohol, *Butyrospermum Parkii Butter, *Olea Europaea Fruit Oil, Stearic Acid, *Arnica Montana Flower Extract, *Achillea Millefolium Extract, *Eucalyptus Globulus Leaf Oil, Tocopherol, Benzyl Alcohol, Sodium Benzoate, Xanthan Gum, Potassium Sorbate, Lactic Acid, Limonene<\/p>\n<p>*En provenance de l&rsquo;agriculture biologique<\/p>\n<p>Principes actifs : Arnica biologique, huile essentielle d&rsquo;eucalyptus et gel d&rsquo;aloe vera.<br \/>\nConvient \u00e0 tous les types de peau.<br \/>\nCaract\u00e9ristiques : Naturel v\u00e9g\u00e9talien<br \/>\nEmballage \u00e9cologique sans plastique<\/p>\n","protected":false},"excerpt":{"rendered":"<p>La pommade d&rsquo;arnica naturelle convient pour traiter les probl\u00e8mes de peau, les plaies, les douleurs musculaires et articulaires. Elle soulage et calme la zone affect\u00e9e. La pommade \u00e0 l&rsquo;arnica a un effet anti-inflammatoire et r\u00e9parateur.<\/p>\n","protected":false},"featured_media":432,"comment_status":"open","ping_status":"closed","template":"","meta":{"ocean_post_layout":"","ocean_both_sidebars_style":"","ocean_both_sidebars_content_width":0,"ocean_both_sidebars_sidebars_width":0,"ocean_sidebar":"0","ocean_second_sidebar":"0","ocean_disable_margins":"enable","ocean_add_body_class":"","ocean_shortcode_before_top_bar":"","ocean_shortcode_after_top_bar":"","ocean_shortcode_before_header":"","ocean_shortcode_after_header":"","ocean_has_shortcode":"","ocean_shortcode_after_title":"","ocean_shortcode_before_footer_widgets":"","ocean_shortcode_after_footer_widgets":"","ocean_shortcode_before_footer_bottom":"","ocean_shortcode_after_footer_bottom":"","ocean_display_top_bar":"default","ocean_display_header":"default","ocean_header_style":"","ocean_center_header_left_menu":"0","ocean_custom_header_template":"0","ocean_custom_logo":0,"ocean_custom_retina_logo":0,"ocean_custom_logo_max_width":0,"ocean_custom_logo_tablet_max_width":0,"ocean_custom_logo_mobile_max_width":0,"ocean_custom_logo_max_height":0,"ocean_custom_logo_tablet_max_height":0,"ocean_custom_logo_mobile_max_height":0,"ocean_header_custom_menu":"0","ocean_menu_typo_font_family":"0","ocean_menu_typo_font_subset":"","ocean_menu_typo_font_size":0,"ocean_menu_typo_font_size_tablet":0,"ocean_menu_typo_font_size_mobile":0,"ocean_menu_typo_font_size_unit":"px","ocean_menu_typo_font_weight":"","ocean_menu_typo_font_weight_tablet":"","ocean_menu_typo_font_weight_mobile":"","ocean_menu_typo_transform":"","ocean_menu_typo_transform_tablet":"","ocean_menu_typo_transform_mobile":"","ocean_menu_typo_line_height":0,"ocean_menu_typo_line_height_tablet":0,"ocean_menu_typo_line_height_mobile":0,"ocean_menu_typo_line_height_unit":"","ocean_menu_typo_spacing":0,"ocean_menu_typo_spacing_tablet":0,"ocean_menu_typo_spacing_mobile":0,"ocean_menu_typo_spacing_unit":"","ocean_menu_link_color":"","ocean_menu_link_color_hover":"","ocean_menu_link_color_active":"","ocean_menu_link_background":"","ocean_menu_link_hover_background":"","ocean_menu_link_active_background":"","ocean_menu_social_links_bg":"","ocean_menu_social_hover_links_bg":"","ocean_menu_social_links_color":"","ocean_menu_social_hover_links_color":"","ocean_disable_title":"default","ocean_disable_heading":"default","ocean_post_title":"","ocean_post_subheading":"","ocean_post_title_style":"","ocean_post_title_background_color":"","ocean_post_title_background":0,"ocean_post_title_bg_image_position":"","ocean_post_title_bg_image_attachment":"","ocean_post_title_bg_image_repeat":"","ocean_post_title_bg_image_size":"","ocean_post_title_height":0,"ocean_post_title_bg_overlay":0.5,"ocean_post_title_bg_overlay_color":"","ocean_disable_breadcrumbs":"default","ocean_breadcrumbs_color":"","ocean_breadcrumbs_separator_color":"","ocean_breadcrumbs_links_color":"","ocean_breadcrumbs_links_hover_color":"","ocean_display_footer_widgets":"default","ocean_display_footer_bottom":"default","ocean_custom_footer_template":"0"},"product_brand":[118],"product_cat":[33,32,31,16,30],"product_tag":[125],"class_list":{"0":"post-2376","1":"product","2":"type-product","3":"status-publish","4":"has-post-thumbnail","6":"product_brand-bioearth","7":"product_cat-irritation-cutanee-eczema-et-psoriasis","8":"product_cat-muscles-articulations-et-dos","9":"product_cat-sante","10":"product_cat-soins","11":"product_cat-soins-pour-hommes","12":"product_tag-vegan","14":"entry","15":"has-media","17":"first","18":"instock","19":"taxable","20":"shipping-taxable","21":"purchasable","22":"product-type-simple","23":"has-rating","24":"col","25":"span_1_of_3","26":"owp-content-center","27":"owp-thumbs-layout-horizontal","28":"owp-btn-normal","29":"owp-tabs-layout-section","30":"has-no-thumbnails","31":"circle-sale"},"_links":{"self":[{"href":"https:\/\/www.biobey.be\/fr\/wp-json\/wp\/v2\/product\/2376","targetHints":{"allow":["GET"]}}],"collection":[{"href":"https:\/\/www.biobey.be\/fr\/wp-json\/wp\/v2\/product"}],"about":[{"href":"https:\/\/www.biobey.be\/fr\/wp-json\/wp\/v2\/types\/product"}],"replies":[{"embeddable":true,"href":"https:\/\/www.biobey.be\/fr\/wp-json\/wp\/v2\/comments?post=2376"}],"wp:featuredmedia":[{"embeddable":true,"href":"https:\/\/www.biobey.be\/fr\/wp-json\/wp\/v2\/media\/432"}],"wp:attachment":[{"href":"https:\/\/www.biobey.be\/fr\/wp-json\/wp\/v2\/media?parent=2376"}],"wp:term":[{"taxonomy":"product_brand","embeddable":true,"href":"https:\/\/www.biobey.be\/fr\/wp-json\/wp\/v2\/product_brand?post=2376"},{"taxonomy":"product_cat","embeddable":true,"href":"https:\/\/www.biobey.be\/fr\/wp-json\/wp\/v2\/product_cat?post=2376"},{"taxonomy":"product_tag","embeddable":true,"href":"https:\/\/www.biobey.be\/fr\/wp-json\/wp\/v2\/product_tag?post=2376"}],"curies":[{"name":"wp","href":"https:\/\/api.w.org\/{rel}","templated":true}]}}