{"id":2382,"date":"2025-05-27T01:08:33","date_gmt":"2025-05-26T23:08:33","guid":{"rendered":"https:\/\/www.biobey.be\/fr-temp\/produit\/eau-micellaire-illuminatrice-200ml\/"},"modified":"2026-03-31T09:48:52","modified_gmt":"2026-03-31T07:48:52","slug":"eau-micellaire-illuminatrice-200ml","status":"publish","type":"product","link":"https:\/\/www.biobey.be\/fr\/produit\/eau-micellaire-illuminatrice-200ml\/","title":{"rendered":"Eau micellaire illuminatrice 200ml"},"content":{"rendered":"<p>Vous cherchez une eau micellaire 100% naturelle pour nettoyer et soigner votre peau ?\u00a0 Vegan Naobay eau micellaire illuminatrice de la ligne d\u00e9tox est d\u00e9velopp\u00e9e pour purifier et soigner la peau. Sa actione nettoyante douce \u00e9limine les impuret\u00e9s sans dess\u00e9cher la peau. Gr\u00e2ce \u00e0 sa texture douce, elle constitue un excellent d\u00e9maquillant.<\/p>\n<p><span style=\"color: #0000ff;\"><a style=\"color: #0000ff;\" href=\"https:\/\/www.biobey.be\/fr\/produit\/nettoyant-micellaire-bio-a-la-figue\/\">Love organic\u00a0 Micellar cleansing gel<\/a> <\/span>with prickly pear extract offre un nettoyage et un soin de la peau encore plus intensifs gr\u00e2ce \u00e0 sa formule riche en vitamines.<\/p>\n<p><strong>Que fait l&rsquo;eau micellaire Naobay? Les principales caract\u00e9ristiques de l&rsquo;eau micellaire Naobay sont les suivantes<\/strong><\/p>\n<ol>\n<li>nettoie la peau en douceur<\/li>\n<li>d\u00e9maquille la peau<\/li>\n<li>pr\u00e9vient l&rsquo;acn\u00e9 et l&rsquo;inflammation<\/li>\n<li>effet purifiant et d\u00e9toxifiant<\/li>\n<li>r\u00e9duit les rougeurs<\/li>\n<\/ol>\n<h2>Naobay l&rsquo;eau micellaire illuminatrice a un effet d\u00e9tox sur la peau.<\/h2>\n<p>L&rsquo;air pollu\u00e9, le stress et les radicaux libres endommagent la barri\u00e8re cutan\u00e9e et provoquent un stress oxydatif. La ligne d\u00e9tox purifie et aide \u00e0 prot\u00e9ger la peau des radicaux libres. La formule aux extraits de th\u00e9 vert, de framboise, de citron et de sauge a un effet multifonctionnel. Elle aide \u00e0 nettoyer les pores obstru\u00e9s et \u00e0 pr\u00e9venir l&rsquo;inflammation et l&rsquo;acn\u00e9.<\/p>\n<p>Pour le d\u00e9maquillage et le nettoyage des peaux s\u00e8ches, nous recommandons <span style=\"color: #0000ff;\"><a style=\"color: #0000ff;\" href=\"https:\/\/www.biobey.be\/fr\/produit\/nettoyant-au-squalane-bio-100\/\">le nettoyant Bioearth Squalane riche en vitamine E<\/a><\/span>.<\/p>\n<p>Tandis que l&rsquo;extrait de citron a un effet \u00e9galisateur et \u00e9claircissant. L&rsquo;eau micellaire illuminatrice Naobay purifie et conditionne la peau. Elle \u00e9limine le maquillage sans irriter la peau.<\/p>\n<h3>Principes actifs de Naobay l&rsquo;eau micellaire illuminatrice<\/h3>\n<p>L&rsquo;extrait de th\u00e9 vert apaise la peau et aide \u00e0 pr\u00e9venir l&rsquo;acn\u00e9. La combinaison du th\u00e9 vert et de l&rsquo;extrait de framboise a un effet antioxydant. Elle prot\u00e8ge la peau des effets n\u00e9gatifs des radicaux libres. L&rsquo;extrait de citron biologique estompe les imperfections, purifie les pores et \u00e9claircit la peau. La sauge a un effet anti-inflammatoire.<\/p>\n<p>Elle aide \u00e0 r\u00e9parer les peaux irrit\u00e9es. Le gel d&rsquo;aloe vera est connu pour ses propri\u00e9t\u00e9s hydratantes et apaisantes. Il hydrate la peau et r\u00e9duit les rougeurs. Les principes actifs de Naobay l&rsquo;eau micellaire illuminatrice nettoient et soignent efficacement la peau.<\/p>\n<p>L&rsquo;eau micellaire illuminatrice est certifi\u00e9e Ecocert\/ Organic Cosmos.\u00a0 Convient aux v\u00e9g\u00e9taliens. L&rsquo;eau micellaire ne contient pas de parfum synth\u00e9tique, de sulfates, de parab\u00e8nes et de silicones.<\/p>\n<p><strong>Utilisation :<\/strong> Appliquez une petite quantit\u00e9 sur un coton biologique et nettoyez le visage et la zone sensible des yeux.<\/p>\n<p><strong>inci<\/strong> : Aqua , Aloe Barbadensis Leaf Juice*, Glycerin, Rubus Idaeus Fruit Extract*, Camellia Sinensis Leaf Extract*, Citrus Limon Fruit Extract*, Salvia Sclarea Extract*, Decyl Glucoside, Sodium Phytate, Sodium Levulinate, Potassium Sorbate, Sodium Benzoate, Propanediol, Citric Acid, Fragrance\/ Aroma**.<\/p>\n<p>*Ingr\u00e9dients issus de l&rsquo;agriculture biologique<br \/>\n**Aromes issus de composants naturels<\/p>\n","protected":false},"excerpt":{"rendered":"<p>L&rsquo;eau micellaire nettoie la peau en douceur. Convient comme d\u00e9maquillant pour le visage et la peau sensible du contour des yeux.<\/p>\n<p><strong>Certificats<\/strong> : Ecocert\/ Cosmos Organic. Il convient aux v\u00e9g\u00e9taliens.<br \/>\nPrincipes actifs : extraits de th\u00e9 vert, de framboise, de sauge, de citron et d&rsquo;aloe vera biologiques.<\/p>\n","protected":false},"featured_media":512,"comment_status":"open","ping_status":"closed","template":"","meta":{"ocean_post_layout":"","ocean_both_sidebars_style":"","ocean_both_sidebars_content_width":0,"ocean_both_sidebars_sidebars_width":0,"ocean_sidebar":"","ocean_second_sidebar":"","ocean_disable_margins":"enable","ocean_add_body_class":"","ocean_shortcode_before_top_bar":"","ocean_shortcode_after_top_bar":"","ocean_shortcode_before_header":"","ocean_shortcode_after_header":"","ocean_has_shortcode":"","ocean_shortcode_after_title":"","ocean_shortcode_before_footer_widgets":"","ocean_shortcode_after_footer_widgets":"","ocean_shortcode_before_footer_bottom":"","ocean_shortcode_after_footer_bottom":"","ocean_display_top_bar":"default","ocean_display_header":"default","ocean_header_style":"","ocean_center_header_left_menu":"","ocean_custom_header_template":"","ocean_custom_logo":0,"ocean_custom_retina_logo":0,"ocean_custom_logo_max_width":0,"ocean_custom_logo_tablet_max_width":0,"ocean_custom_logo_mobile_max_width":0,"ocean_custom_logo_max_height":0,"ocean_custom_logo_tablet_max_height":0,"ocean_custom_logo_mobile_max_height":0,"ocean_header_custom_menu":"","ocean_menu_typo_font_family":"","ocean_menu_typo_font_subset":"","ocean_menu_typo_font_size":0,"ocean_menu_typo_font_size_tablet":0,"ocean_menu_typo_font_size_mobile":0,"ocean_menu_typo_font_size_unit":"px","ocean_menu_typo_font_weight":"","ocean_menu_typo_font_weight_tablet":"","ocean_menu_typo_font_weight_mobile":"","ocean_menu_typo_transform":"","ocean_menu_typo_transform_tablet":"","ocean_menu_typo_transform_mobile":"","ocean_menu_typo_line_height":0,"ocean_menu_typo_line_height_tablet":0,"ocean_menu_typo_line_height_mobile":0,"ocean_menu_typo_line_height_unit":"","ocean_menu_typo_spacing":0,"ocean_menu_typo_spacing_tablet":0,"ocean_menu_typo_spacing_mobile":0,"ocean_menu_typo_spacing_unit":"","ocean_menu_link_color":"","ocean_menu_link_color_hover":"","ocean_menu_link_color_active":"","ocean_menu_link_background":"","ocean_menu_link_hover_background":"","ocean_menu_link_active_background":"","ocean_menu_social_links_bg":"","ocean_menu_social_hover_links_bg":"","ocean_menu_social_links_color":"","ocean_menu_social_hover_links_color":"","ocean_disable_title":"default","ocean_disable_heading":"default","ocean_post_title":"","ocean_post_subheading":"","ocean_post_title_style":"","ocean_post_title_background_color":"","ocean_post_title_background":0,"ocean_post_title_bg_image_position":"","ocean_post_title_bg_image_attachment":"","ocean_post_title_bg_image_repeat":"","ocean_post_title_bg_image_size":"","ocean_post_title_height":0,"ocean_post_title_bg_overlay":0.5,"ocean_post_title_bg_overlay_color":"","ocean_disable_breadcrumbs":"default","ocean_breadcrumbs_color":"","ocean_breadcrumbs_separator_color":"","ocean_breadcrumbs_links_color":"","ocean_breadcrumbs_links_hover_color":"","ocean_display_footer_widgets":"default","ocean_display_footer_bottom":"default","ocean_custom_footer_template":""},"product_brand":[119],"product_cat":[55,18,17,16],"product_tag":[125],"class_list":{"0":"post-2382","1":"product","2":"type-product","3":"status-publish","4":"has-post-thumbnail","6":"product_brand-naobay","7":"product_cat-maquillage","8":"product_cat-nettoyage-de-la-peau-et-masques","9":"product_cat-soins-du-visage","10":"product_cat-soins","11":"product_tag-vegan","13":"entry","14":"has-media","16":"first","17":"instock","18":"taxable","19":"shipping-taxable","20":"purchasable","21":"product-type-simple","22":"has-rating","23":"col","24":"span_1_of_3","25":"owp-content-center","26":"owp-thumbs-layout-horizontal","27":"owp-btn-normal","28":"owp-tabs-layout-section","29":"has-no-thumbnails","30":"circle-sale"},"_links":{"self":[{"href":"https:\/\/www.biobey.be\/fr\/wp-json\/wp\/v2\/product\/2382","targetHints":{"allow":["GET"]}}],"collection":[{"href":"https:\/\/www.biobey.be\/fr\/wp-json\/wp\/v2\/product"}],"about":[{"href":"https:\/\/www.biobey.be\/fr\/wp-json\/wp\/v2\/types\/product"}],"replies":[{"embeddable":true,"href":"https:\/\/www.biobey.be\/fr\/wp-json\/wp\/v2\/comments?post=2382"}],"wp:featuredmedia":[{"embeddable":true,"href":"https:\/\/www.biobey.be\/fr\/wp-json\/wp\/v2\/media\/512"}],"wp:attachment":[{"href":"https:\/\/www.biobey.be\/fr\/wp-json\/wp\/v2\/media?parent=2382"}],"wp:term":[{"taxonomy":"product_brand","embeddable":true,"href":"https:\/\/www.biobey.be\/fr\/wp-json\/wp\/v2\/product_brand?post=2382"},{"taxonomy":"product_cat","embeddable":true,"href":"https:\/\/www.biobey.be\/fr\/wp-json\/wp\/v2\/product_cat?post=2382"},{"taxonomy":"product_tag","embeddable":true,"href":"https:\/\/www.biobey.be\/fr\/wp-json\/wp\/v2\/product_tag?post=2382"}],"curies":[{"name":"wp","href":"https:\/\/api.w.org\/{rel}","templated":true}]}}