{"id":2386,"date":"2025-05-23T01:18:05","date_gmt":"2025-05-22T23:18:05","guid":{"rendered":"https:\/\/www.biobey.be\/fr-temp\/produit\/spray-anti-insectes-naturel-peau-100ml\/"},"modified":"2025-07-11T12:46:26","modified_gmt":"2025-07-11T10:46:26","slug":"spray-anti-insectes-naturel-peau-100ml","status":"publish","type":"product","link":"https:\/\/www.biobey.be\/fr\/produit\/spray-anti-insectes-naturel-peau-100ml\/","title":{"rendered":"Spray naturel peau 100ml"},"content":{"rendered":"<p>Spray naturel Bioearth est un spray pour le corps qui prot\u00e8ge efficacement. Il convient aux enfants et aux personnes \u00e0 la peau sensible. Efficace, pratique et ne laisse pas de film gras sur la peau. Le spray naturel est formul\u00e9 avec de puissants extraits de plantes et d&rsquo;huiles essentielles.<\/p>\n<h2>Ingr\u00e9dients actifs naturels de spray<\/h2>\n<p>L&rsquo;action efficace de ce spray naturel est due \u00e0 sa formule unique \u00e0 base d&rsquo;huiles essentielles de lemongrass, d&rsquo;arbre \u00e0 th\u00e9 et <span style=\"color: #0000ff;\"><a style=\"color: #0000ff;\" href=\"https:\/\/www.biobey.be\/fr\/produit\/huile-essentielle-de-niaouli-bio-argital-10ml\/\">d&rsquo;huile essentielle de neem<\/a><\/span>. Cette huile essentielle est antifongique, antibact\u00e9rienne et anti-inflammatoire.<\/p>\n<p>Elle est utilis\u00e9e pour les rhumes, la grippe, les inflammations de la peau, les d\u00e9mangeaisons, les pustules. La citronnelle n&rsquo;a pas d&rsquo;effets ind\u00e9sirables sur l&rsquo;organisme. <span style=\"color: #0000ff;\"><a style=\"color: #0000ff;\" href=\"https:\/\/www.biobey.be\/fr\/produit\/baume-tea-tree-bio-les-problemes-de-peau\/\">L&rsquo;huile d&rsquo;arbre \u00e0 th\u00e9 est anti-inflammatoire et antiseptique. <\/a><\/span><\/p>\n<p>C&rsquo;est un excellent rem\u00e8de naturel pour traiter les piq\u00fbres d&rsquo;insectes, car elle pr\u00e9vient l&rsquo;inflammation de la peau apr\u00e8s une piq\u00fbre d&rsquo;insecte.<\/p>\n<p>L&rsquo;huile essentielle de Neem est une pure b\u00e9n\u00e9diction pour la peau, elle est pleine d&rsquo;antioxydants et poss\u00e8de des propri\u00e9t\u00e9s anti-\u00e2ge. Dans le spray anti-insectes naturel, l&rsquo;huile de neem a \u00e9t\u00e9 ajout\u00e9e car elle est aussi un r\u00e9pulsif naturel contre les insectes.<\/p>\n<p><strong>Mode d&#8217;emploi :<\/strong><br \/>\nAppliquer sur le corps en vaporisant et en massant doucement. R\u00e9p\u00e9tez l&rsquo;application si n\u00e9cessaire.<\/p>\n<p>INCI : aqua (eau), *alcool, *melauca laternifolia (tea tree) leaf oil, meliaazadirachta seed oil, *cynbopogon nardus(citronella) oil, linalool, geraniol, limonene, citronellol, farnesol, eugenol.<\/p>\n<p>*da agricoltura biologica<\/p>\n<p>Ce spray est formul\u00e9 et produit par Bioearth. Bioearth est une entreprise italienne fond\u00e9e en 1996, sp\u00e9cialis\u00e9e dans la production de cosm\u00e9tiques naturels et de compl\u00e9ments alimentaires biologiques. Les cosm\u00e9tiques naturels Bioearth jouissent d&rsquo;une r\u00e9putation irr\u00e9prochable depuis pr\u00e8s de 30 ans.<\/p>\n<p>Bioearth est synonyme de cosm\u00e9tiques naturels et de compl\u00e9ments alimentaires biologiques innovants et de haute qualit\u00e9. Elle r\u00e9pond aux normes les plus strictes en mati\u00e8re de cosm\u00e9tiques naturels et est certifi\u00e9e Icea Bio et ECOCERT. Les produits<\/p>\n<p>Bioearth sont fabriqu\u00e9s \u00e0 partir d&rsquo;ingr\u00e9dients v\u00e9g\u00e9taux respectueux de l&rsquo;environnement. L&rsquo;entreprise s&rsquo;est impos\u00e9e depuis de nombreuses ann\u00e9es comme un leader dans la production de produits naturels de soins et de bien-\u00eatre.<\/p>\n","protected":false},"excerpt":{"rendered":"<p>Principaux avantages du Spray anti-insectes naturel<br \/>\nProtection 100% naturelle \u00e0 base d&rsquo;huiles essentielles biologiques<br \/>\nSans ingr\u00e9dients synth\u00e9tiques<br \/>\nConvient aux enfants<br \/>\nConvient aux peaux sensibles<br \/>\nNon gras<br \/>\nNe colle pas.<\/p>\n","protected":false},"featured_media":445,"comment_status":"open","ping_status":"closed","template":"","meta":{"ocean_post_layout":"","ocean_both_sidebars_style":"","ocean_both_sidebars_content_width":0,"ocean_both_sidebars_sidebars_width":0,"ocean_sidebar":"","ocean_second_sidebar":"","ocean_disable_margins":"enable","ocean_add_body_class":"","ocean_shortcode_before_top_bar":"","ocean_shortcode_after_top_bar":"","ocean_shortcode_before_header":"","ocean_shortcode_after_header":"","ocean_has_shortcode":"","ocean_shortcode_after_title":"","ocean_shortcode_before_footer_widgets":"","ocean_shortcode_after_footer_widgets":"","ocean_shortcode_before_footer_bottom":"","ocean_shortcode_after_footer_bottom":"","ocean_display_top_bar":"default","ocean_display_header":"default","ocean_header_style":"","ocean_center_header_left_menu":"","ocean_custom_header_template":"","ocean_custom_logo":0,"ocean_custom_retina_logo":0,"ocean_custom_logo_max_width":0,"ocean_custom_logo_tablet_max_width":0,"ocean_custom_logo_mobile_max_width":0,"ocean_custom_logo_max_height":0,"ocean_custom_logo_tablet_max_height":0,"ocean_custom_logo_mobile_max_height":0,"ocean_header_custom_menu":"","ocean_menu_typo_font_family":"","ocean_menu_typo_font_subset":"","ocean_menu_typo_font_size":0,"ocean_menu_typo_font_size_tablet":0,"ocean_menu_typo_font_size_mobile":0,"ocean_menu_typo_font_size_unit":"px","ocean_menu_typo_font_weight":"","ocean_menu_typo_font_weight_tablet":"","ocean_menu_typo_font_weight_mobile":"","ocean_menu_typo_transform":"","ocean_menu_typo_transform_tablet":"","ocean_menu_typo_transform_mobile":"","ocean_menu_typo_line_height":0,"ocean_menu_typo_line_height_tablet":0,"ocean_menu_typo_line_height_mobile":0,"ocean_menu_typo_line_height_unit":"","ocean_menu_typo_spacing":0,"ocean_menu_typo_spacing_tablet":0,"ocean_menu_typo_spacing_mobile":0,"ocean_menu_typo_spacing_unit":"","ocean_menu_link_color":"","ocean_menu_link_color_hover":"","ocean_menu_link_color_active":"","ocean_menu_link_background":"","ocean_menu_link_hover_background":"","ocean_menu_link_active_background":"","ocean_menu_social_links_bg":"","ocean_menu_social_hover_links_bg":"","ocean_menu_social_links_color":"","ocean_menu_social_hover_links_color":"","ocean_disable_title":"default","ocean_disable_heading":"default","ocean_post_title":"","ocean_post_subheading":"","ocean_post_title_style":"","ocean_post_title_background_color":"","ocean_post_title_background":0,"ocean_post_title_bg_image_position":"","ocean_post_title_bg_image_attachment":"","ocean_post_title_bg_image_repeat":"","ocean_post_title_bg_image_size":"","ocean_post_title_height":0,"ocean_post_title_bg_overlay":0.5,"ocean_post_title_bg_overlay_color":"","ocean_disable_breadcrumbs":"default","ocean_breadcrumbs_color":"","ocean_breadcrumbs_separator_color":"","ocean_breadcrumbs_links_color":"","ocean_breadcrumbs_links_hover_color":"","ocean_display_footer_widgets":"default","ocean_display_footer_bottom":"default","ocean_custom_footer_template":""},"product_brand":[118],"product_cat":[38,31],"product_tag":[127,128],"class_list":{"0":"post-2386","1":"product","2":"type-product","3":"status-publish","4":"has-post-thumbnail","6":"product_brand-bioearth","7":"product_cat-piqures-dinsectes-et-irritations","8":"product_cat-sante","9":"product_tag-sans-silicone","10":"product_tag-sanssulfates","12":"entry","13":"has-media","15":"first","16":"instock","17":"taxable","18":"shipping-taxable","19":"purchasable","20":"product-type-simple","21":"has-rating","22":"col","23":"span_1_of_3","24":"owp-content-center","25":"owp-thumbs-layout-horizontal","26":"owp-btn-normal","27":"owp-tabs-layout-section","28":"has-no-thumbnails","29":"circle-sale"},"_links":{"self":[{"href":"https:\/\/www.biobey.be\/fr\/wp-json\/wp\/v2\/product\/2386","targetHints":{"allow":["GET"]}}],"collection":[{"href":"https:\/\/www.biobey.be\/fr\/wp-json\/wp\/v2\/product"}],"about":[{"href":"https:\/\/www.biobey.be\/fr\/wp-json\/wp\/v2\/types\/product"}],"replies":[{"embeddable":true,"href":"https:\/\/www.biobey.be\/fr\/wp-json\/wp\/v2\/comments?post=2386"}],"wp:featuredmedia":[{"embeddable":true,"href":"https:\/\/www.biobey.be\/fr\/wp-json\/wp\/v2\/media\/445"}],"wp:attachment":[{"href":"https:\/\/www.biobey.be\/fr\/wp-json\/wp\/v2\/media?parent=2386"}],"wp:term":[{"taxonomy":"product_brand","embeddable":true,"href":"https:\/\/www.biobey.be\/fr\/wp-json\/wp\/v2\/product_brand?post=2386"},{"taxonomy":"product_cat","embeddable":true,"href":"https:\/\/www.biobey.be\/fr\/wp-json\/wp\/v2\/product_cat?post=2386"},{"taxonomy":"product_tag","embeddable":true,"href":"https:\/\/www.biobey.be\/fr\/wp-json\/wp\/v2\/product_tag?post=2386"}],"curies":[{"name":"wp","href":"https:\/\/api.w.org\/{rel}","templated":true}]}}