{"id":2388,"date":"2025-05-27T01:36:15","date_gmt":"2025-05-26T23:36:15","guid":{"rendered":"https:\/\/www.biobey.be\/fr-temp\/produit\/coenzyme-q10-serum-anti-age-ubiquinol\/"},"modified":"2025-07-11T11:15:02","modified_gmt":"2025-07-11T09:15:02","slug":"coenzyme-q10-serum-anti-age-ubiquinol","status":"publish","type":"product","link":"https:\/\/www.biobey.be\/fr\/produit\/coenzyme-q10-serum-anti-age-ubiquinol\/","title":{"rendered":"Coenzyme Q10 s\u00e9rum anti-\u00e2ge Ubiquinol 15ml"},"content":{"rendered":"<p>Le Coenzyme Q10 aide-t-il \u00e0 lutter contre le rel\u00e2chement de la peau et les rides ? Le rel\u00e2chement de la peau et les rides plus visibles sont le r\u00e9sultat d&rsquo;une production r\u00e9duite de collag\u00e8ne. La coenzyme Q10 aide la peau \u00e0 produire plus de collag\u00e8ne et \u00e0 raffermir la peau rel\u00e2ch\u00e9e. Ce s\u00e9rum biologique contient une solution concentr\u00e9e de coenzyme Q10 \u00e0 0,2 % dans de l&rsquo;huile de jojoba biologique comme base.<\/p>\n<p>L&rsquo;ubiquinol, la forme active du Q10, est utilis\u00e9e. Le s\u00e9rum Co enzyme Q10 stimule le renouvellement des cellules de la peau et la nourrit. L&rsquo;utilisation r\u00e9guli\u00e8re du s\u00e9rum rend la peau plus lisse et plus ferme. Il peut \u00eatre utilis\u00e9 directement sur la peau ou en combinaison avec la cr\u00e8me de base Elementa avant le s\u00e9rum ou avant l&rsquo;application de la <span style=\"color: #0000ff;\"><a style=\"color: #0000ff;\" href=\"https:\/\/www.biobey.be\/fr\/produit\/creme-visage-bio-a-effet-botox-50ml\/\">cr\u00e8me anti rides bio<\/a><\/span>.<\/p>\n<p>Ainsi, ce s\u00e9rum contribue \u00e0 am\u00e9liorer l&rsquo;\u00e9lasticit\u00e9 de la peau et \u00e0 <span style=\"color: #0000ff;\"><a style=\"color: #0000ff;\" href=\"https:\/\/www.biobey.be\/fr\/produit\/creme-de-jour-bio-peau-hypersensible\/\">r\u00e9duire les ridules caus\u00e9es par la s\u00e9cheresse cutan\u00e9e<\/a><\/span>.<\/p>\n<h2>Formule coenzyme q10 s\u00e9rum Ubiquinol<\/h2>\n<p>L&rsquo;huile de jojoba biologique contenue dans le coenzyme q10 s\u00e9rum est nourrissante et anti-inflammatoire. Il apporte \u00e0 la peau des vitamines et des antioxydants. L&rsquo;huile de jojoba n&rsquo;obstrue pas les pores et a un effet antibact\u00e9rien. L&rsquo;ubiquinol, forme active de la coenzyme q10, est connu pour ses propri\u00e9t\u00e9s b\u00e9n\u00e9fiques pour l&rsquo;organisme.<\/p>\n<p>Il est pr\u00e9sent dans toutes les cellules de notre corps. Il fournit de l&rsquo;\u00e9nergie aux cellules. Avec l&rsquo;\u00e2ge, la pr\u00e9sence de cette substance dans les cellules de la peau diminue. Le coenzyme q10 s\u00e9rum p\u00e9n\u00e8tre bien dans la peau et aide \u00e0 stimuler le renouvellement cellulaire. L&rsquo;ubiquinol fournit de l&rsquo;\u00e9nergie aux cellules de la peau et renforce leur immunit\u00e9.<\/p>\n<p><strong>Mode d&#8217;emploi<\/strong>: Utilisez le s\u00e9rum matin et soir sur une peau nettoy\u00e9e. Appliquez 2 ou 3 gouttes du s\u00e9rum directement sur la peau ou m\u00e9lang\u00e9 \u00e0 la cr\u00e8me de base Elementa. Prenez une petite quantit\u00e9 de cr\u00e8me de base Elementa, puis ajoutez 2 ou 3 gouttes de coenzyme q10 s\u00e9rum elementa. M\u00e9langez-la dans la paume de votre main et appliquez-la sur le visage.<\/p>\n<p>Les s\u00e9rums Bioearth sont naturels et conviennent aux v\u00e9g\u00e9taliens.<\/p>\n<p>Ingr\u00e9dients : Palmitate d&rsquo;\u00e9thylhexyle, triglyc\u00e9ride caprylique\/caprique, huile de graines de Simmondsia Chinensis (Jojoba)*, Ubiquinone &#8211; Co enzyme q10<\/p>\n<p>*De l&rsquo;agriculture biologique<\/p>\n","protected":false},"excerpt":{"rendered":"<p>Le coenzyme q10 s\u00e9rum naturel am\u00e9liore l&rsquo;\u00e9lasticit\u00e9 et lisse la peau.<br \/>\nIngr\u00e9dient cl\u00e9 : Forme active de la coenzyme q10 &#8211; Ubiquinol dissoute dans de l&rsquo;huile de jojoba biologique.<br \/>\nLe s\u00e9rum est naturel et v\u00e9g\u00e9talien<br \/>\nIl peut \u00eatre appliqu\u00e9 directement sur la peau ou m\u00e9lang\u00e9 \u00e0 la cr\u00e8me de base pour le visage Elementa.<\/p>\n","protected":false},"featured_media":402,"comment_status":"open","ping_status":"closed","template":"","meta":{"ocean_post_layout":"","ocean_both_sidebars_style":"","ocean_both_sidebars_content_width":0,"ocean_both_sidebars_sidebars_width":0,"ocean_sidebar":"","ocean_second_sidebar":"","ocean_disable_margins":"enable","ocean_add_body_class":"","ocean_shortcode_before_top_bar":"","ocean_shortcode_after_top_bar":"","ocean_shortcode_before_header":"","ocean_shortcode_after_header":"","ocean_has_shortcode":"","ocean_shortcode_after_title":"","ocean_shortcode_before_footer_widgets":"","ocean_shortcode_after_footer_widgets":"","ocean_shortcode_before_footer_bottom":"","ocean_shortcode_after_footer_bottom":"","ocean_display_top_bar":"default","ocean_display_header":"default","ocean_header_style":"","ocean_center_header_left_menu":"","ocean_custom_header_template":"","ocean_custom_logo":0,"ocean_custom_retina_logo":0,"ocean_custom_logo_max_width":0,"ocean_custom_logo_tablet_max_width":0,"ocean_custom_logo_mobile_max_width":0,"ocean_custom_logo_max_height":0,"ocean_custom_logo_tablet_max_height":0,"ocean_custom_logo_mobile_max_height":0,"ocean_header_custom_menu":"","ocean_menu_typo_font_family":"","ocean_menu_typo_font_subset":"","ocean_menu_typo_font_size":0,"ocean_menu_typo_font_size_tablet":0,"ocean_menu_typo_font_size_mobile":0,"ocean_menu_typo_font_size_unit":"px","ocean_menu_typo_font_weight":"","ocean_menu_typo_font_weight_tablet":"","ocean_menu_typo_font_weight_mobile":"","ocean_menu_typo_transform":"","ocean_menu_typo_transform_tablet":"","ocean_menu_typo_transform_mobile":"","ocean_menu_typo_line_height":0,"ocean_menu_typo_line_height_tablet":0,"ocean_menu_typo_line_height_mobile":0,"ocean_menu_typo_line_height_unit":"","ocean_menu_typo_spacing":0,"ocean_menu_typo_spacing_tablet":0,"ocean_menu_typo_spacing_mobile":0,"ocean_menu_typo_spacing_unit":"","ocean_menu_link_color":"","ocean_menu_link_color_hover":"","ocean_menu_link_color_active":"","ocean_menu_link_background":"","ocean_menu_link_hover_background":"","ocean_menu_link_active_background":"","ocean_menu_social_links_bg":"","ocean_menu_social_hover_links_bg":"","ocean_menu_social_links_color":"","ocean_menu_social_hover_links_color":"","ocean_disable_title":"default","ocean_disable_heading":"default","ocean_post_title":"","ocean_post_subheading":"","ocean_post_title_style":"","ocean_post_title_background_color":"","ocean_post_title_background":0,"ocean_post_title_bg_image_position":"","ocean_post_title_bg_image_attachment":"","ocean_post_title_bg_image_repeat":"","ocean_post_title_bg_image_size":"","ocean_post_title_height":0,"ocean_post_title_bg_overlay":0.5,"ocean_post_title_bg_overlay_color":"","ocean_disable_breadcrumbs":"default","ocean_breadcrumbs_color":"","ocean_breadcrumbs_separator_color":"","ocean_breadcrumbs_links_color":"","ocean_breadcrumbs_links_hover_color":"","ocean_display_footer_widgets":"default","ocean_display_footer_bottom":"default","ocean_custom_footer_template":""},"product_brand":[118],"product_cat":[17,16,20],"product_tag":[125],"class_list":{"0":"post-2388","1":"product","2":"type-product","3":"status-publish","4":"has-post-thumbnail","6":"product_brand-bioearth","7":"product_cat-soins-du-visage","8":"product_cat-soins","9":"product_cat-anti-age","10":"product_tag-vegan","12":"entry","13":"has-media","15":"first","16":"instock","17":"taxable","18":"shipping-taxable","19":"purchasable","20":"product-type-simple","21":"has-rating","22":"col","23":"span_1_of_3","24":"owp-content-center","25":"owp-thumbs-layout-horizontal","26":"owp-btn-normal","27":"owp-tabs-layout-section","28":"has-no-thumbnails","29":"circle-sale"},"_links":{"self":[{"href":"https:\/\/www.biobey.be\/fr\/wp-json\/wp\/v2\/product\/2388","targetHints":{"allow":["GET"]}}],"collection":[{"href":"https:\/\/www.biobey.be\/fr\/wp-json\/wp\/v2\/product"}],"about":[{"href":"https:\/\/www.biobey.be\/fr\/wp-json\/wp\/v2\/types\/product"}],"replies":[{"embeddable":true,"href":"https:\/\/www.biobey.be\/fr\/wp-json\/wp\/v2\/comments?post=2388"}],"wp:featuredmedia":[{"embeddable":true,"href":"https:\/\/www.biobey.be\/fr\/wp-json\/wp\/v2\/media\/402"}],"wp:attachment":[{"href":"https:\/\/www.biobey.be\/fr\/wp-json\/wp\/v2\/media?parent=2388"}],"wp:term":[{"taxonomy":"product_brand","embeddable":true,"href":"https:\/\/www.biobey.be\/fr\/wp-json\/wp\/v2\/product_brand?post=2388"},{"taxonomy":"product_cat","embeddable":true,"href":"https:\/\/www.biobey.be\/fr\/wp-json\/wp\/v2\/product_cat?post=2388"},{"taxonomy":"product_tag","embeddable":true,"href":"https:\/\/www.biobey.be\/fr\/wp-json\/wp\/v2\/product_tag?post=2388"}],"curies":[{"name":"wp","href":"https:\/\/api.w.org\/{rel}","templated":true}]}}