{"id":2389,"date":"2023-08-20T22:38:57","date_gmt":"2023-08-20T20:38:57","guid":{"rendered":"https:\/\/www.biobey.be\/fr-temp\/produit\/niacinamide-10-zinc-1-serum-anti-acne\/"},"modified":"2026-04-28T20:03:15","modified_gmt":"2026-04-28T18:03:15","slug":"niacinamide-10-zinc-1-serum-anti-acne","status":"publish","type":"product","link":"https:\/\/www.biobey.be\/fr\/produit\/niacinamide-10-zinc-1-serum-anti-acne\/","title":{"rendered":"Niacinamide 10 Zinc 1 s\u00e9rum anti-acn\u00e9 15ml"},"content":{"rendered":"<p>Le naturel Niacinamide 10 Zinc 1 s\u00e9rum anti-acn\u00e9 de Bioearth est con\u00e7u pour traiter l&rsquo;acn\u00e9, les imperfections et les pores obstru\u00e9s. Le s\u00e9rum r\u00e9duit la production excessive de s\u00e9bum, contribuant ainsi \u00e0 soigner les peaux grasses.<\/p>\n<p>La formule contenant 10% de vitamine B3 (Niacinamide), du zinc, de l&rsquo;acide hyaluronique et du jus d&rsquo;aloe vera r\u00e9pare la peau, nettoie et pr\u00e9vient les pouss\u00e9es d&rsquo;acn\u00e9. L&rsquo;aloe vera et l&rsquo;acide hyaluronique assurent une hydratation en profondeur et r\u00e9duisent les rougeurs. Le Niacinamide 10 Zinc 1 s\u00e9rum anti-acn\u00e9 et exempt d&rsquo;irritants ou de substances dess\u00e9chantes.<\/p>\n<p>Avec une utilisation r\u00e9guli\u00e8re, la peau est uniforme et moins grasse. Gr\u00e2ce \u00e0 sa formule naturelle sans irritants ni substances dess\u00e9chantes, il traite l&rsquo;acn\u00e9 et les pores obstru\u00e9s sans dess\u00e9cher ni irriter la peau.<\/p>\n<h3>Niacinamide 10 Zinc 1 s\u00e9rum naturel anti-acn\u00e9, peaux grasses et \u00e0 imperfections<\/h3>\n<p>Le soin efficace du Niacinamide 10 Zinc 1 s\u00e9rum anti-acn\u00e9 est d\u00fb \u00e0 sa composition naturelle. Le jus d&rsquo;aloe vera biologique est connu pour ses propri\u00e9t\u00e9s apaisantes et protectrices. Il restaure la peau apr\u00e8s un coup de soleil ou une irritation cutan\u00e9e. L&rsquo;acide hyaluronique naturel \u00e0 2% hydrate la peau et pr\u00e9vient la perte d&rsquo;hydratation.<\/p>\n<p>L&rsquo;exc\u00e8s de s\u00e9bum provoque l&rsquo;obstruction des pores, l&rsquo;acn\u00e9 et une peau grasse. La niacinamide renforce la couche protectrice naturelle de la peau et r\u00e9duit la production excessive de s\u00e9bum. En outre, elle offre une protection contre les radicaux libres. Le zinc acc\u00e9l\u00e8re le processus de r\u00e9g\u00e9n\u00e9ration de la peau.<\/p>\n<p>Il a un effet antibact\u00e9rien et anti-inflammatoire. Il est particuli\u00e8rement adapt\u00e9 au traitement des boutons. L&rsquo;effet de la formule est de cr\u00e9er une peau uniforme et radieuse.<\/p>\n<p><strong>Application<\/strong> : Le Niacinamide 10 + Zinc 1 s\u00e9rum anti-acn\u00e9 Bioearth peut \u00eatre utilis\u00e9 directement ou en combinaison avec la cr\u00e8me de base nourrissante Elementa.<\/p>\n<p>Deux fois par jour, appliquez 1 ou 2 gouttes du s\u00e9rum sur la peau et massez doucement (surtout sur les zones \u00e0 traiter).<br \/>\nPrenez une petite quantit\u00e9 de cr\u00e8me et ajoutez 1 ou 2 gouttes de s\u00e9rum. M\u00e9langez dans la paume de la main et appliquez la cr\u00e8me sur le visage.<\/p>\n<p>Les s\u00e9rums Bioearth Elementa sont v\u00e9g\u00e9taliens et ne contiennent pas de silicones, de parab\u00e8nes, de parfum, d&rsquo;alcool synth\u00e9tique, d&rsquo;huiles min\u00e9rales et d&rsquo;autres irritants.<\/p>\n<p><strong>Ingr\u00e9dients<\/strong> : Aqua, Niacinamide, Gomme de cellulose, Gluconate de zinc, Jus de feuilles d&rsquo;Aloe Barbadensis*, Hyaluronate de sodium, Alcool ph\u00e9n\u00e9thylique, Caprylyl Glycol.<\/p>\n<p>*De l&rsquo;agriculture biologique<\/p>\n<p><strong>Formule<\/strong> : Jus d&rsquo;aloe vera, acide hyaluronique naturel 2%, Niacinamide 10% + Zinc 1%.<br \/>\nLe s\u00e9rum est v\u00e9g\u00e9talien et ne contient pas de parfum, silicones, parab\u00e8nes, alcool synth\u00e9tique et huiles min\u00e9rales.<br \/>\n<strong>Utilisation<\/strong> : Directement ou m\u00e9lang\u00e9 \u00e0 la cr\u00e8me de base nourrissante Elementa.<\/p>\n","protected":false},"excerpt":{"rendered":"<p>Le Niacinamide 10 Zinc 1 s\u00e9rum anti-acn\u00e9 convient pour traiter l&rsquo;acn\u00e9, la peau grasse, les impuret\u00e9s et les pores obstru\u00e9s.<\/p>\n","protected":false},"featured_media":514,"comment_status":"open","ping_status":"closed","template":"","meta":{"ocean_post_layout":"","ocean_both_sidebars_style":"","ocean_both_sidebars_content_width":0,"ocean_both_sidebars_sidebars_width":0,"ocean_sidebar":"","ocean_second_sidebar":"","ocean_disable_margins":"enable","ocean_add_body_class":"","ocean_shortcode_before_top_bar":"","ocean_shortcode_after_top_bar":"","ocean_shortcode_before_header":"","ocean_shortcode_after_header":"","ocean_has_shortcode":"","ocean_shortcode_after_title":"","ocean_shortcode_before_footer_widgets":"","ocean_shortcode_after_footer_widgets":"","ocean_shortcode_before_footer_bottom":"","ocean_shortcode_after_footer_bottom":"","ocean_display_top_bar":"default","ocean_display_header":"default","ocean_header_style":"","ocean_center_header_left_menu":"","ocean_custom_header_template":"","ocean_custom_logo":0,"ocean_custom_retina_logo":0,"ocean_custom_logo_max_width":0,"ocean_custom_logo_tablet_max_width":0,"ocean_custom_logo_mobile_max_width":0,"ocean_custom_logo_max_height":0,"ocean_custom_logo_tablet_max_height":0,"ocean_custom_logo_mobile_max_height":0,"ocean_header_custom_menu":"","ocean_menu_typo_font_family":"","ocean_menu_typo_font_subset":"","ocean_menu_typo_font_size":0,"ocean_menu_typo_font_size_tablet":0,"ocean_menu_typo_font_size_mobile":0,"ocean_menu_typo_font_size_unit":"px","ocean_menu_typo_font_weight":"","ocean_menu_typo_font_weight_tablet":"","ocean_menu_typo_font_weight_mobile":"","ocean_menu_typo_transform":"","ocean_menu_typo_transform_tablet":"","ocean_menu_typo_transform_mobile":"","ocean_menu_typo_line_height":0,"ocean_menu_typo_line_height_tablet":0,"ocean_menu_typo_line_height_mobile":0,"ocean_menu_typo_line_height_unit":"","ocean_menu_typo_spacing":0,"ocean_menu_typo_spacing_tablet":0,"ocean_menu_typo_spacing_mobile":0,"ocean_menu_typo_spacing_unit":"","ocean_menu_link_color":"","ocean_menu_link_color_hover":"","ocean_menu_link_color_active":"","ocean_menu_link_background":"","ocean_menu_link_hover_background":"","ocean_menu_link_active_background":"","ocean_menu_social_links_bg":"","ocean_menu_social_hover_links_bg":"","ocean_menu_social_links_color":"","ocean_menu_social_hover_links_color":"","ocean_disable_title":"default","ocean_disable_heading":"default","ocean_post_title":"","ocean_post_subheading":"","ocean_post_title_style":"","ocean_post_title_background_color":"","ocean_post_title_background":0,"ocean_post_title_bg_image_position":"","ocean_post_title_bg_image_attachment":"","ocean_post_title_bg_image_repeat":"","ocean_post_title_bg_image_size":"","ocean_post_title_height":0,"ocean_post_title_bg_overlay":0.5,"ocean_post_title_bg_overlay_color":"","ocean_disable_breadcrumbs":"default","ocean_breadcrumbs_color":"","ocean_breadcrumbs_separator_color":"","ocean_breadcrumbs_links_color":"","ocean_breadcrumbs_links_hover_color":"","ocean_display_footer_widgets":"default","ocean_display_footer_bottom":"default","ocean_custom_footer_template":""},"product_brand":[118],"product_cat":[21,17,16],"product_tag":[125],"class_list":{"0":"post-2389","1":"product","2":"type-product","3":"status-publish","4":"has-post-thumbnail","6":"product_brand-bioearth","7":"product_cat-acne-et-peau-abimee","8":"product_cat-soins-du-visage","9":"product_cat-soins","10":"product_tag-vegan","12":"entry","13":"has-media","15":"first","16":"instock","17":"taxable","18":"shipping-taxable","19":"purchasable","20":"product-type-simple","21":"has-rating","22":"col","23":"span_1_of_3","24":"owp-content-center","25":"owp-thumbs-layout-horizontal","26":"owp-btn-normal","27":"owp-tabs-layout-section","28":"has-no-thumbnails","29":"circle-sale"},"_links":{"self":[{"href":"https:\/\/www.biobey.be\/fr\/wp-json\/wp\/v2\/product\/2389","targetHints":{"allow":["GET"]}}],"collection":[{"href":"https:\/\/www.biobey.be\/fr\/wp-json\/wp\/v2\/product"}],"about":[{"href":"https:\/\/www.biobey.be\/fr\/wp-json\/wp\/v2\/types\/product"}],"replies":[{"embeddable":true,"href":"https:\/\/www.biobey.be\/fr\/wp-json\/wp\/v2\/comments?post=2389"}],"wp:featuredmedia":[{"embeddable":true,"href":"https:\/\/www.biobey.be\/fr\/wp-json\/wp\/v2\/media\/514"}],"wp:attachment":[{"href":"https:\/\/www.biobey.be\/fr\/wp-json\/wp\/v2\/media?parent=2389"}],"wp:term":[{"taxonomy":"product_brand","embeddable":true,"href":"https:\/\/www.biobey.be\/fr\/wp-json\/wp\/v2\/product_brand?post=2389"},{"taxonomy":"product_cat","embeddable":true,"href":"https:\/\/www.biobey.be\/fr\/wp-json\/wp\/v2\/product_cat?post=2389"},{"taxonomy":"product_tag","embeddable":true,"href":"https:\/\/www.biobey.be\/fr\/wp-json\/wp\/v2\/product_tag?post=2389"}],"curies":[{"name":"wp","href":"https:\/\/api.w.org\/{rel}","templated":true}]}}