{"id":2391,"date":"2025-05-25T15:39:23","date_gmt":"2025-05-25T13:39:23","guid":{"rendered":"https:\/\/www.biobey.be\/fr-temp\/produit\/creme-visage-hydratante-sans-parfum-base\/"},"modified":"2025-07-11T11:28:04","modified_gmt":"2025-07-11T09:28:04","slug":"creme-visage-hydratante-sans-parfum-base","status":"publish","type":"product","link":"https:\/\/www.biobey.be\/fr\/produit\/creme-visage-hydratante-sans-parfum-base\/","title":{"rendered":"Cr\u00e8me visage hydratante sans parfum Base 50 ml"},"content":{"rendered":"<p>Pour quel type de peau la cr\u00e8me de jour hydratante sans parfum est-elle adapt\u00e9e? La cr\u00e8me visage hydratante sans parfum Elementa est id\u00e9ale pour le traitement des peaux s\u00e8ches, d\u00e9shydrat\u00e9es ou matures. Elle a une consistance l\u00e9g\u00e8re et est rapidement absorb\u00e9e par la peau. Cette cr\u00e8me hydratante pour le visage sert de base aux Elementa s\u00e9rums\/boosters pour la peau.<\/p>\n<p>La cr\u00e8me de jour hydratante sans parfum Bioearth elementa est une excellente cr\u00e8me de base qui convient \u00e0 tous les types de peau. Gr\u00e2ce \u00e0 sa formule hypoallerg\u00e9nique sans parfum ni autres ingr\u00e9dients synth\u00e9tiques irritants, elle prend soin des peaux les plus sensibles. Pour le soin quotidien des peaux sensibles \u00e0 s\u00e8ches, nous recommandons d&rsquo;utiliser la <span style=\"color: #0000ff;\"><a style=\"color: #0000ff;\" href=\"https:\/\/www.biobey.be\/fr\/produit\/creme-de-jour-hydratante-peau-sensible-h2\/\">cr\u00e8me de jour hydratante pour peaux sensibles<\/a><\/span>.<\/p>\n<p>Pour le soin d&rsquo;un type de peau sp\u00e9cifique, la cr\u00e8me neutre pour le visage peut \u00eatre m\u00e9lang\u00e9e aux s\u00e9rums concentr\u00e9s Bioearth elementa pour un traitement intensif de la peau.\u00a0 Sa formule, bas\u00e9e sur des ingr\u00e9dients b\u00e9n\u00e9fiques tels que le squal\u00e8ne, l&rsquo;allanto\u00efne et l&rsquo;huile d&rsquo;olive, prot\u00e8ge la peau des radicaux libres. Elle assure \u00e9galement une hydratation profonde. La combinaison de ces ingr\u00e9dients rend la peau souple et ferme.<\/p>\n<p>Prenez soin de la peau sensible du contour des yeux avec la <span style=\"color: #0000ff;\"><a style=\"color: #0000ff;\" href=\"https:\/\/www.biobey.be\/fr\/produit\/contour-des-yeux-pour-les-yeux-sensibles\/\">cr\u00e8me bio pour les yeux sensibles<\/a><\/span>. Sa formule hypoallerg\u00e9nique soigne et prot\u00e8ge la peau d\u00e9licate.<\/p>\n<h2>Cr\u00e8me visage hydratante sans parfum et boosters<\/h2>\n<p>La cr\u00e8me visage hydratante sans parfum Elementa est une cr\u00e8me de jour hydratante de base. On peut l&rsquo;utiliser comme une cr\u00e8me de jour hydratante ou renforcer son efficacit\u00e9 avec les boosters concentr\u00e9s de la ligne Elementa.<\/p>\n<p>Les boosters Elementa sont des s\u00e9rums concentr\u00e9s pour le visage contenant des ingr\u00e9dients actifs dont vous ajoutez quelques gouttes \u00e0 cette cr\u00e8me de base pour donner \u00e0 votre peau un soin suppl\u00e9mentaire.<\/p>\n<p>Chaque s\u00e9rum ou booster pour la peau a ses propres avantages pour la peau. Vous pouvez choisir diff\u00e9rents types de s\u00e9rums booster en fonction de votre probl\u00e8me de peau et du r\u00e9sultat que vous souhaitez obtenir.<\/p>\n<h3>Comment utiliser la cr\u00e8me visage hydratante sans parfum Elementa + boosters actifs?<\/h3>\n<p>Mettez une petite quantit\u00e9 de cr\u00e8me hydratante de base Elementa dans la paume de votre main. Ajoutez deux gouttes du booster concentr\u00e9 dans la cr\u00e8me hydratante et m\u00e9langez tout avec un doigt propre. Appliquer sur la peau nettoy\u00e9e. Masser jusqu&rsquo;\u00e0 absorption compl\u00e8te. Pour les peaux sensibles et intol\u00e9rantes, nous recommandons d&rsquo;utiliser la cr\u00e8me Elementa sans boosters.<\/p>\n<h3>Formule de la cr\u00e8me Elementa hydra<\/h3>\n<p>La formulation de la cr\u00e8me visage hydratante sans parfum Elementa est un pur bienfait pour votre peau. La formule \u00e0 base de squal\u00e8ne, d&rsquo;allanto\u00efne et d&rsquo;huile d&rsquo;olive hydrate en profondeur, apaise et prot\u00e8ge la peau des radicaux libres.<\/p>\n<p>L&rsquo;huile d&rsquo;olive biologique est pleine de vitamine E. La vitamine E est un puissant antioxydant aux propri\u00e9t\u00e9s anti-\u00e2ge qui traite et pr\u00e9vient les peaux ternes.<\/p>\n<h3>Le squal\u00e8ne aide les peaux d\u00e9shydrat\u00e9es \u00e0 maintenir leur hydratation.<\/h3>\n<p>Cela rend la peau souple et lisse.<br \/>\nL&rsquo;allanto\u00efne apaise et calme la peau irrit\u00e9e et squameuse.<\/p>\n<p>Gr\u00e2ce \u00e0 cette formulation, la cr\u00e8me visage hydratante Elementa est id\u00e9ale en tant que hydratant pour les peaux d\u00e9shydrat\u00e9es, s\u00e8ches et squameuses.<\/p>\n<p>inci: aqua glyceryl stereate se, caprylic\/capric triglyceride, sodium stearoyl lactylate, cetearyl alcohol, dicaprylyl carbonate, coco-caprylate, sorbitan stereate, olea europeana (olive) fruit oil*, glycerin, allantoin, phenethyl alcohol, caprylyl glycol.<\/p>\n","protected":false},"excerpt":{"rendered":"<p>La cr\u00e8me pour le visage hydratante sans parfum Elementa hydrate et adoucit la peau d\u00e9shydrat\u00e9e, s\u00e8che ou mature. Ajoutez \u00e0 la cr\u00e8me de base Elementa des s\u00e9rums ou des boosters de peau Elementa en fonction du probl\u00e8me de peau et du r\u00e9sultat que vous souhaitez obtenir.<\/p>\n","protected":false},"featured_media":494,"comment_status":"open","ping_status":"closed","template":"","meta":{"ocean_post_layout":"","ocean_both_sidebars_style":"","ocean_both_sidebars_content_width":0,"ocean_both_sidebars_sidebars_width":0,"ocean_sidebar":"","ocean_second_sidebar":"","ocean_disable_margins":"enable","ocean_add_body_class":"","ocean_shortcode_before_top_bar":"","ocean_shortcode_after_top_bar":"","ocean_shortcode_before_header":"","ocean_shortcode_after_header":"","ocean_has_shortcode":"","ocean_shortcode_after_title":"","ocean_shortcode_before_footer_widgets":"","ocean_shortcode_after_footer_widgets":"","ocean_shortcode_before_footer_bottom":"","ocean_shortcode_after_footer_bottom":"","ocean_display_top_bar":"default","ocean_display_header":"default","ocean_header_style":"","ocean_center_header_left_menu":"","ocean_custom_header_template":"","ocean_custom_logo":0,"ocean_custom_retina_logo":0,"ocean_custom_logo_max_width":0,"ocean_custom_logo_tablet_max_width":0,"ocean_custom_logo_mobile_max_width":0,"ocean_custom_logo_max_height":0,"ocean_custom_logo_tablet_max_height":0,"ocean_custom_logo_mobile_max_height":0,"ocean_header_custom_menu":"","ocean_menu_typo_font_family":"","ocean_menu_typo_font_subset":"","ocean_menu_typo_font_size":0,"ocean_menu_typo_font_size_tablet":0,"ocean_menu_typo_font_size_mobile":0,"ocean_menu_typo_font_size_unit":"px","ocean_menu_typo_font_weight":"","ocean_menu_typo_font_weight_tablet":"","ocean_menu_typo_font_weight_mobile":"","ocean_menu_typo_transform":"","ocean_menu_typo_transform_tablet":"","ocean_menu_typo_transform_mobile":"","ocean_menu_typo_line_height":0,"ocean_menu_typo_line_height_tablet":0,"ocean_menu_typo_line_height_mobile":0,"ocean_menu_typo_line_height_unit":"","ocean_menu_typo_spacing":0,"ocean_menu_typo_spacing_tablet":0,"ocean_menu_typo_spacing_mobile":0,"ocean_menu_typo_spacing_unit":"","ocean_menu_link_color":"","ocean_menu_link_color_hover":"","ocean_menu_link_color_active":"","ocean_menu_link_background":"","ocean_menu_link_hover_background":"","ocean_menu_link_active_background":"","ocean_menu_social_links_bg":"","ocean_menu_social_hover_links_bg":"","ocean_menu_social_links_color":"","ocean_menu_social_hover_links_color":"","ocean_disable_title":"default","ocean_disable_heading":"default","ocean_post_title":"","ocean_post_subheading":"","ocean_post_title_style":"","ocean_post_title_background_color":"","ocean_post_title_background":0,"ocean_post_title_bg_image_position":"","ocean_post_title_bg_image_attachment":"","ocean_post_title_bg_image_repeat":"","ocean_post_title_bg_image_size":"","ocean_post_title_height":0,"ocean_post_title_bg_overlay":0.5,"ocean_post_title_bg_overlay_color":"","ocean_disable_breadcrumbs":"default","ocean_breadcrumbs_color":"","ocean_breadcrumbs_separator_color":"","ocean_breadcrumbs_links_color":"","ocean_breadcrumbs_links_hover_color":"","ocean_display_footer_widgets":"default","ocean_display_footer_bottom":"default","ocean_custom_footer_template":""},"product_brand":[118],"product_cat":[49,17,16,20],"product_tag":[125],"class_list":{"0":"post-2391","1":"product","2":"type-product","3":"status-publish","4":"has-post-thumbnail","6":"product_brand-bioearth","7":"product_cat-peau-seche","8":"product_cat-soins-du-visage","9":"product_cat-soins","10":"product_cat-anti-age","11":"product_tag-vegan","13":"entry","14":"has-media","16":"first","17":"instock","18":"taxable","19":"shipping-taxable","20":"purchasable","21":"product-type-simple","22":"has-rating","23":"col","24":"span_1_of_3","25":"owp-content-center","26":"owp-thumbs-layout-horizontal","27":"owp-btn-normal","28":"owp-tabs-layout-section","29":"has-no-thumbnails","30":"circle-sale"},"_links":{"self":[{"href":"https:\/\/www.biobey.be\/fr\/wp-json\/wp\/v2\/product\/2391","targetHints":{"allow":["GET"]}}],"collection":[{"href":"https:\/\/www.biobey.be\/fr\/wp-json\/wp\/v2\/product"}],"about":[{"href":"https:\/\/www.biobey.be\/fr\/wp-json\/wp\/v2\/types\/product"}],"replies":[{"embeddable":true,"href":"https:\/\/www.biobey.be\/fr\/wp-json\/wp\/v2\/comments?post=2391"}],"wp:featuredmedia":[{"embeddable":true,"href":"https:\/\/www.biobey.be\/fr\/wp-json\/wp\/v2\/media\/494"}],"wp:attachment":[{"href":"https:\/\/www.biobey.be\/fr\/wp-json\/wp\/v2\/media?parent=2391"}],"wp:term":[{"taxonomy":"product_brand","embeddable":true,"href":"https:\/\/www.biobey.be\/fr\/wp-json\/wp\/v2\/product_brand?post=2391"},{"taxonomy":"product_cat","embeddable":true,"href":"https:\/\/www.biobey.be\/fr\/wp-json\/wp\/v2\/product_cat?post=2391"},{"taxonomy":"product_tag","embeddable":true,"href":"https:\/\/www.biobey.be\/fr\/wp-json\/wp\/v2\/product_tag?post=2391"}],"curies":[{"name":"wp","href":"https:\/\/api.w.org\/{rel}","templated":true}]}}