{"id":2394,"date":"2023-10-18T22:28:33","date_gmt":"2023-10-18T20:28:33","guid":{"rendered":"https:\/\/www.biobey.be\/fr-temp\/produit\/creme-base-neutre-nourrissante\/"},"modified":"2026-01-13T05:37:06","modified_gmt":"2026-01-13T04:37:06","slug":"creme-base-neutre-nourrissante","status":"publish","type":"product","link":"https:\/\/www.biobey.be\/fr\/produit\/creme-base-neutre-nourrissante\/","title":{"rendered":"Cr\u00e8me base neutre nourrissante Elementa 50ml"},"content":{"rendered":"<p>La cr\u00e8me base neutre nourrissante naturelle de Bioearth est con\u00e7ue pour les peaux normales \u00e0 d\u00e9shydrat\u00e9es et ternes. Cette cr\u00e8me pour le visage peut \u00eatre utilis\u00e9e seule ou en combinaison avec les s\u00e9rums pour la peau Elementa. Elle a une composition neutre et douce. La cr\u00e8me base neutre nourrissante convient donc aux soins quotidiens des peaux hypersensibles.<\/p>\n<p>La formule \u00e0 base de beurre de karit\u00e9 biologique et d&rsquo;allanto\u00efne v\u00e9g\u00e9tale nourrit et adoucit la peau. La cr\u00e8me pour le visage Elementa p\u00e9n\u00e8tre rapidement dans la peau et ne laisse pas de film gras. Elle emp\u00eache la perte d&rsquo;humidit\u00e9 et renforce la couche protectrice naturelle de la peau. Apr\u00e8s l&rsquo;application de la cr\u00e8me, la peau est douce et soyeuse.<\/p>\n<h2>Effets de la cr\u00e8me base neutre nourrissante Elementa<\/h2>\n<p>La formule neutre est id\u00e9ale pour \u00eatre m\u00e9lang\u00e9e aux s\u00e9rums pour la peau Elementa ou \u00e0 d&rsquo;autres composants tels que les huiles essentielles biologiques (veillez \u00e0 ce que les huiles essentielles soient adapt\u00e9es). Le beurre de karit\u00e9 biologique est riche en vitamines A, E et F. Les acides gras insatur\u00e9s et les vitamines du beurre de karit\u00e9 sont tr\u00e8s nourrissants pour la peau.<\/p>\n<p>En outre, ils stimulent la production de collag\u00e8ne et aident \u00e0 pr\u00e9venir les rides. Les vitamines A et E prot\u00e8gent la peau contre les radicaux libres et les rayons UV. L&rsquo;allanto\u00efne v\u00e9g\u00e9tale aide les plaies, les cicatrices et les blessures \u00e0 gu\u00e9rir plus rapidement. Il <strong>apaise les irritations de la peau et r\u00e9duit les rougeurs.<\/strong><\/p>\n<p>La combinaison du beurre de karit\u00e9 biologique et de l&rsquo;allanto\u00efne apaise et nourrit les peaux d\u00e9shydrat\u00e9es. Elle convient \u00e0 tous les types de peau ainsi qu&rsquo;aux <strong>peaux hypersensibles.<\/strong><\/p>\n<p>La cr\u00e8me base neutre nourrissante de Bioearth est v\u00e9g\u00e9talienne et ne contient pas de parfum, de parab\u00e8nes, d&rsquo;huiles min\u00e9rales et d&rsquo;alcool synth\u00e9tique.<\/p>\n<p>Mode d&#8217;emploi:<br \/>\nElementa cr\u00e8me base neutre nourrissante sans additifs suppl\u00e9mentaires : Appliquer matin et soir sur la peau nettoy\u00e9e. Puis faites p\u00e9n\u00e9trer en massant doucement.<\/p>\n<p><strong>En combinaison avec le s\u00e9rum pour la peau Elementa<\/strong> :<\/p>\n<p>Ajoutez la quantit\u00e9 indiqu\u00e9e de gouttes de s\u00e9rum Elementa dans une petite quantit\u00e9 de cr\u00e8me base neutre nourrissante. M\u00e9langez dans la paume de la main et appliquez sur le visage. Massez doucement jusqu&rsquo;\u00e0 ce que la cr\u00e8me pour le visage soit compl\u00e8tement absorb\u00e9e.<\/p>\n<p>Cr\u00e8me de base Elementa + certaine huile ou huile essentielle. Veuillez noter que l&rsquo;huile ou l&rsquo;huile essentielle est adapt\u00e9e \u00e0 cet usage<\/p>\n<p>Ingr\u00e9dients : Aqua, triglyc\u00e9ride caprylique\/caprique (huile de noix de coco), st\u00e9arate de glyc\u00e9rine SE, alcool c\u00e9t\u00e9arylique, st\u00e9aroyl lactylate de sodium, glyc\u00e9rine, beurre de Butyrospermum Parkii (karit\u00e9)*, st\u00e9arate de sorbitan, alcanes de noix de coco\/noyau de palme, allanto\u00efne (v\u00e9g\u00e9tale), alcool ph\u00e9n\u00e9thylique, caprylyl glycol.<\/p>\n<p>*De l&rsquo;agriculture biologique<\/p>\n","protected":false},"excerpt":{"rendered":"<p>La cr\u00e8me base neutre nourrissante Elementa soigne et prot\u00e8ge la peau. Elle convient aux peaux normales, d\u00e9shydrat\u00e9es, s\u00e8ches et hypersensibles. Elle peut \u00eatre utilis\u00e9e pur ou m\u00e9lang\u00e9e aux s\u00e9rums pour la peau d&rsquo;Elementa.<\/p>\n<p>Certifications : Vegan et AIAB<\/p>\n","protected":false},"featured_media":519,"comment_status":"open","ping_status":"closed","template":"","meta":{"ocean_post_layout":"","ocean_both_sidebars_style":"","ocean_both_sidebars_content_width":0,"ocean_both_sidebars_sidebars_width":0,"ocean_sidebar":"","ocean_second_sidebar":"","ocean_disable_margins":"enable","ocean_add_body_class":"","ocean_shortcode_before_top_bar":"","ocean_shortcode_after_top_bar":"","ocean_shortcode_before_header":"","ocean_shortcode_after_header":"","ocean_has_shortcode":"","ocean_shortcode_after_title":"","ocean_shortcode_before_footer_widgets":"","ocean_shortcode_after_footer_widgets":"","ocean_shortcode_before_footer_bottom":"","ocean_shortcode_after_footer_bottom":"","ocean_display_top_bar":"default","ocean_display_header":"default","ocean_header_style":"","ocean_center_header_left_menu":"","ocean_custom_header_template":"","ocean_custom_logo":0,"ocean_custom_retina_logo":0,"ocean_custom_logo_max_width":0,"ocean_custom_logo_tablet_max_width":0,"ocean_custom_logo_mobile_max_width":0,"ocean_custom_logo_max_height":0,"ocean_custom_logo_tablet_max_height":0,"ocean_custom_logo_mobile_max_height":0,"ocean_header_custom_menu":"","ocean_menu_typo_font_family":"","ocean_menu_typo_font_subset":"","ocean_menu_typo_font_size":0,"ocean_menu_typo_font_size_tablet":0,"ocean_menu_typo_font_size_mobile":0,"ocean_menu_typo_font_size_unit":"px","ocean_menu_typo_font_weight":"","ocean_menu_typo_font_weight_tablet":"","ocean_menu_typo_font_weight_mobile":"","ocean_menu_typo_transform":"","ocean_menu_typo_transform_tablet":"","ocean_menu_typo_transform_mobile":"","ocean_menu_typo_line_height":0,"ocean_menu_typo_line_height_tablet":0,"ocean_menu_typo_line_height_mobile":0,"ocean_menu_typo_line_height_unit":"","ocean_menu_typo_spacing":0,"ocean_menu_typo_spacing_tablet":0,"ocean_menu_typo_spacing_mobile":0,"ocean_menu_typo_spacing_unit":"","ocean_menu_link_color":"","ocean_menu_link_color_hover":"","ocean_menu_link_color_active":"","ocean_menu_link_background":"","ocean_menu_link_hover_background":"","ocean_menu_link_active_background":"","ocean_menu_social_links_bg":"","ocean_menu_social_hover_links_bg":"","ocean_menu_social_links_color":"","ocean_menu_social_hover_links_color":"","ocean_disable_title":"default","ocean_disable_heading":"default","ocean_post_title":"","ocean_post_subheading":"","ocean_post_title_style":"","ocean_post_title_background_color":"","ocean_post_title_background":0,"ocean_post_title_bg_image_position":"","ocean_post_title_bg_image_attachment":"","ocean_post_title_bg_image_repeat":"","ocean_post_title_bg_image_size":"","ocean_post_title_height":0,"ocean_post_title_bg_overlay":0.5,"ocean_post_title_bg_overlay_color":"","ocean_disable_breadcrumbs":"default","ocean_breadcrumbs_color":"","ocean_breadcrumbs_separator_color":"","ocean_breadcrumbs_links_color":"","ocean_breadcrumbs_links_hover_color":"","ocean_display_footer_widgets":"default","ocean_display_footer_bottom":"default","ocean_custom_footer_template":""},"product_brand":[118],"product_cat":[19,17,16],"product_tag":[125],"class_list":{"0":"post-2394","1":"product","2":"type-product","3":"status-publish","4":"has-post-thumbnail","6":"product_brand-bioearth","7":"product_cat-cremes-naturelles-de-jour-et-de-nuit","8":"product_cat-soins-du-visage","9":"product_cat-soins","10":"product_tag-vegan","12":"entry","13":"has-media","15":"first","16":"instock","17":"taxable","18":"shipping-taxable","19":"purchasable","20":"product-type-simple","21":"has-rating","22":"col","23":"span_1_of_3","24":"owp-content-center","25":"owp-thumbs-layout-horizontal","26":"owp-btn-normal","27":"owp-tabs-layout-section","28":"has-no-thumbnails","29":"circle-sale"},"_links":{"self":[{"href":"https:\/\/www.biobey.be\/fr\/wp-json\/wp\/v2\/product\/2394","targetHints":{"allow":["GET"]}}],"collection":[{"href":"https:\/\/www.biobey.be\/fr\/wp-json\/wp\/v2\/product"}],"about":[{"href":"https:\/\/www.biobey.be\/fr\/wp-json\/wp\/v2\/types\/product"}],"replies":[{"embeddable":true,"href":"https:\/\/www.biobey.be\/fr\/wp-json\/wp\/v2\/comments?post=2394"}],"wp:featuredmedia":[{"embeddable":true,"href":"https:\/\/www.biobey.be\/fr\/wp-json\/wp\/v2\/media\/519"}],"wp:attachment":[{"href":"https:\/\/www.biobey.be\/fr\/wp-json\/wp\/v2\/media?parent=2394"}],"wp:term":[{"taxonomy":"product_brand","embeddable":true,"href":"https:\/\/www.biobey.be\/fr\/wp-json\/wp\/v2\/product_brand?post=2394"},{"taxonomy":"product_cat","embeddable":true,"href":"https:\/\/www.biobey.be\/fr\/wp-json\/wp\/v2\/product_cat?post=2394"},{"taxonomy":"product_tag","embeddable":true,"href":"https:\/\/www.biobey.be\/fr\/wp-json\/wp\/v2\/product_tag?post=2394"}],"curies":[{"name":"wp","href":"https:\/\/api.w.org\/{rel}","templated":true}]}}