{"id":2397,"date":"2024-04-13T22:09:46","date_gmt":"2024-04-13T20:09:46","guid":{"rendered":"https:\/\/www.biobey.be\/fr-temp\/produit\/creme-visage-riche-en-vitamines-50ml\/"},"modified":"2025-07-11T13:24:38","modified_gmt":"2025-07-11T11:24:38","slug":"creme-visage-riche-en-vitamines-50ml","status":"publish","type":"product","link":"https:\/\/www.biobey.be\/fr\/produit\/creme-visage-riche-en-vitamines-50ml\/","title":{"rendered":"Cr\u00e8me visage riche en vitamines pour peaux fatigu\u00e9es 50ml"},"content":{"rendered":"<p>Cr\u00e8me visage riche en vitamines pour les peaux fatigu\u00e9es de la marque Bioearth. Cette cr\u00e8me naturelle pour le visage aux vitamines C, E, F B et PP revitalise et nourrit intens\u00e9ment les peaux fatigu\u00e9es et ternes. Elle donne \u00e0 la peau plus de tonus et d&rsquo;\u00e9nergie.<\/p>\n<p>En outre, elle a un effet \u00e9claircissant sur la peau. Gr\u00e2ce \u00e0 une utilisation r\u00e9guli\u00e8re, la peau re\u00e7oit tous les nutriments dont elle a besoin pour redevenir claire, souple et lisse. Extr\u00eamement adapt\u00e9 au traitement des peaux ternes et grises.<\/p>\n<p>Convient \u00e0 tous les types de peau, mais surtout aux peaux ternes manquant de tonus et de vitamines.<\/p>\n<h3>Comment traiter une peau fatigu\u00e9e ?<\/h3>\n<p>Parall\u00e8lement aux soins externes, il est \u00e9galement important de traiter la peau fatigu\u00e9e de fa\u00e7on interne. Le manque de sommeil, le stress, la d\u00e9shydratation, le stress oxydatif ou la carence en vitamines sont des causes courantes de la fatigue de la peau. Essayez de r\u00e9duire le stress en vous relaxant r\u00e9guli\u00e8rement, en m\u00e9ditant et en dormant suffisamment.<\/p>\n<p>Une bonne routine de sommeil permet \u00e0 la peau d&rsquo;avoir suffisamment de temps pour r\u00e9cup\u00e9rer des effets du stress oxydatif. Boire suffisamment d&rsquo;eau et faire de l&rsquo;exercice r\u00e9guli\u00e8rement assure l&rsquo;hydratation n\u00e9cessaire et une meilleure circulation sanguine.<\/p>\n<p>Pour les soins externes de la peau, utilisez des cr\u00e8mes nourrissantes naturelles pour peaux fatigu\u00e9es. Les cr\u00e8mes de jour nourrissantes, riches en antioxydants, aident \u00e0 renforcer la barri\u00e8re cutan\u00e9e.<\/p>\n<h2>Que fait une cr\u00e8me visage riche en vitamines pour une peau fatigu\u00e9e?<\/h2>\n<p>Une peau terne et grise donne au visage un aspect fatigu\u00e9. Cette cr\u00e8me velout\u00e9e pour le visage pr\u00e9sente de nombreux avantages pour la peau fatigu\u00e9e du visage :<\/p>\n<ul>\n<li>Rend la peau radieuse et saine.<\/li>\n<li>Nourrit intens\u00e9ment la peau<\/li>\n<li>Donne \u00e0 la peau tous les nutriments et l&rsquo;\u00e9nergie dont elle a besoin<\/li>\n<li>\u00c0 un effet \u00e9claircissant sur la peau<\/li>\n<li>Avec une utilisation r\u00e9guli\u00e8re, la peau terne et grise redevient radieuse et saine.<\/li>\n<li>Convient \u00e0 tous les types de peau<\/li>\n<li>Ne contient pas de parab\u00e8nes, de silicones, de Pegs ou d&rsquo;autres substances nocives pour la peau et la sant\u00e9<\/li>\n<\/ul>\n<h3>Composition sp\u00e9ciale de la cr\u00e8me riche en vitamines pour les peaux fatigu\u00e9es<\/h3>\n<p>La capacit\u00e9 de cette cr\u00e8me pour le visage \u00e0 redonner clart\u00e9 et \u00e9clat aux peaux fatigu\u00e9es et ternes est due \u00e0 sa composition efficace.<br \/>\nLes principaux ingr\u00e9dients sont l&rsquo;extrait de feuille d&rsquo;aloe vera, l&rsquo;huile d&rsquo;onagre et les vitamines C, E, F, B5 et PP. L&rsquo;aloe vera apaise et hydrate la peau et forme une couche protectrice qui donne \u00e0 la peau un aspect moins fatigu\u00e9.<\/p>\n<p>L&rsquo;huile d&rsquo;onagre transporte tous les nutriments n\u00e9cessaires \u00e0 la peau et am\u00e9liore son \u00e9lasticit\u00e9.<\/p>\n<p>La combinaison des vitamines C, E, F, B5 et PP stimule la production de collag\u00e8ne, augmente l&rsquo;irrigation sanguine de la peau et fournit \u00e0 la peau toutes les vitamines n\u00e9cessaires.<\/p>\n<p>Ce complexe vitaminique \u00e9claircit et unifie la peau. Gr\u00e2ce \u00e0 cette composition sp\u00e9ciale, cette cr\u00e8me visage riche en vitamines des peaux fatigu\u00e9es convient parfaitement pour redonner \u00e0 la peau fatigu\u00e9e et terne un aspect radieux et sain.<\/p>\n<p><strong>Substances fonctionnelles<\/strong><br \/>\nJus d&rsquo;Aloe vera* \u00e0 60% et jus d&rsquo;Aloe vera ferment\u00e9* ; Extrait de ginseng *, Citron * ; Huile d&rsquo;avocat *; Vitamines C, E, F, B5 et PP.<\/p>\n<p>* De l&rsquo;agriculture biologique<\/p>\n<p><strong>Mode d&#8217;emploi<\/strong><br \/>\nAppliquer sur le visage et le d\u00e9collet\u00e9, en massant doucement jusqu&rsquo;\u00e0 absorption compl\u00e8te avant. La cr\u00e8me vitamin\u00e9e pour le visage des peaux fatigu\u00e9es constitue une bonne base pour le maquillage.<\/p>\n<p>INCI : jus de feuille d&rsquo;aloe barbadensis*, aqua (eau), triglyc\u00e9ride caprylique\/caprique, st\u00e9aroyl lactylate de sodium, glyceryl stearate se, glyc\u00e9rine, filtrat de lysat de ferment de saccharomyces, niacedheras ferras, ferdhant, extrait de racine de ginseng lysat ferment\u00e9 *,<\/p>\n<p>extrait d&rsquo;\u00e9corce d&rsquo;agrumes citriques (citrus medica limonum (citron) peel extract) *, acide citrique, alcanes de noix de coco \/ palmiste, st\u00e9arate de sorbitan, alcool c\u00e9t\u00e9arylique, sorbide de potassium).<\/p>\n","protected":false},"excerpt":{"rendered":"<p>La cr\u00e8me visage riche en vitamines, nourrit intens\u00e9ment la peau, restaure les peaux ternes et a un effet \u00e9claircissant. Convient \u00e0 tous les types de peau, mais surtout aux peaux ternes manquant de tonus et de vitamines.<\/p>\n","protected":false},"featured_media":554,"comment_status":"open","ping_status":"closed","template":"","meta":{"ocean_post_layout":"","ocean_both_sidebars_style":"","ocean_both_sidebars_content_width":0,"ocean_both_sidebars_sidebars_width":0,"ocean_sidebar":"","ocean_second_sidebar":"","ocean_disable_margins":"enable","ocean_add_body_class":"","ocean_shortcode_before_top_bar":"","ocean_shortcode_after_top_bar":"","ocean_shortcode_before_header":"","ocean_shortcode_after_header":"","ocean_has_shortcode":"","ocean_shortcode_after_title":"","ocean_shortcode_before_footer_widgets":"","ocean_shortcode_after_footer_widgets":"","ocean_shortcode_before_footer_bottom":"","ocean_shortcode_after_footer_bottom":"","ocean_display_top_bar":"default","ocean_display_header":"default","ocean_header_style":"","ocean_center_header_left_menu":"","ocean_custom_header_template":"","ocean_custom_logo":0,"ocean_custom_retina_logo":0,"ocean_custom_logo_max_width":0,"ocean_custom_logo_tablet_max_width":0,"ocean_custom_logo_mobile_max_width":0,"ocean_custom_logo_max_height":0,"ocean_custom_logo_tablet_max_height":0,"ocean_custom_logo_mobile_max_height":0,"ocean_header_custom_menu":"","ocean_menu_typo_font_family":"","ocean_menu_typo_font_subset":"","ocean_menu_typo_font_size":0,"ocean_menu_typo_font_size_tablet":0,"ocean_menu_typo_font_size_mobile":0,"ocean_menu_typo_font_size_unit":"px","ocean_menu_typo_font_weight":"","ocean_menu_typo_font_weight_tablet":"","ocean_menu_typo_font_weight_mobile":"","ocean_menu_typo_transform":"","ocean_menu_typo_transform_tablet":"","ocean_menu_typo_transform_mobile":"","ocean_menu_typo_line_height":0,"ocean_menu_typo_line_height_tablet":0,"ocean_menu_typo_line_height_mobile":0,"ocean_menu_typo_line_height_unit":"","ocean_menu_typo_spacing":0,"ocean_menu_typo_spacing_tablet":0,"ocean_menu_typo_spacing_mobile":0,"ocean_menu_typo_spacing_unit":"","ocean_menu_link_color":"","ocean_menu_link_color_hover":"","ocean_menu_link_color_active":"","ocean_menu_link_background":"","ocean_menu_link_hover_background":"","ocean_menu_link_active_background":"","ocean_menu_social_links_bg":"","ocean_menu_social_hover_links_bg":"","ocean_menu_social_links_color":"","ocean_menu_social_hover_links_color":"","ocean_disable_title":"default","ocean_disable_heading":"default","ocean_post_title":"","ocean_post_subheading":"","ocean_post_title_style":"","ocean_post_title_background_color":"","ocean_post_title_background":0,"ocean_post_title_bg_image_position":"","ocean_post_title_bg_image_attachment":"","ocean_post_title_bg_image_repeat":"","ocean_post_title_bg_image_size":"","ocean_post_title_height":0,"ocean_post_title_bg_overlay":0.5,"ocean_post_title_bg_overlay_color":"","ocean_disable_breadcrumbs":"default","ocean_breadcrumbs_color":"","ocean_breadcrumbs_separator_color":"","ocean_breadcrumbs_links_color":"","ocean_breadcrumbs_links_hover_color":"","ocean_display_footer_widgets":"default","ocean_display_footer_bottom":"default","ocean_custom_footer_template":""},"product_brand":[118],"product_cat":[19,17,16,20],"product_tag":[125],"class_list":{"0":"post-2397","1":"product","2":"type-product","3":"status-publish","4":"has-post-thumbnail","6":"product_brand-bioearth","7":"product_cat-cremes-naturelles-de-jour-et-de-nuit","8":"product_cat-soins-du-visage","9":"product_cat-soins","10":"product_cat-anti-age","11":"product_tag-vegan","13":"entry","14":"has-media","16":"first","17":"instock","18":"taxable","19":"shipping-taxable","20":"purchasable","21":"product-type-simple","22":"has-rating","23":"col","24":"span_1_of_3","25":"owp-content-center","26":"owp-thumbs-layout-horizontal","27":"owp-btn-normal","28":"owp-tabs-layout-section","29":"has-no-thumbnails","30":"circle-sale"},"_links":{"self":[{"href":"https:\/\/www.biobey.be\/fr\/wp-json\/wp\/v2\/product\/2397","targetHints":{"allow":["GET"]}}],"collection":[{"href":"https:\/\/www.biobey.be\/fr\/wp-json\/wp\/v2\/product"}],"about":[{"href":"https:\/\/www.biobey.be\/fr\/wp-json\/wp\/v2\/types\/product"}],"replies":[{"embeddable":true,"href":"https:\/\/www.biobey.be\/fr\/wp-json\/wp\/v2\/comments?post=2397"}],"wp:featuredmedia":[{"embeddable":true,"href":"https:\/\/www.biobey.be\/fr\/wp-json\/wp\/v2\/media\/554"}],"wp:attachment":[{"href":"https:\/\/www.biobey.be\/fr\/wp-json\/wp\/v2\/media?parent=2397"}],"wp:term":[{"taxonomy":"product_brand","embeddable":true,"href":"https:\/\/www.biobey.be\/fr\/wp-json\/wp\/v2\/product_brand?post=2397"},{"taxonomy":"product_cat","embeddable":true,"href":"https:\/\/www.biobey.be\/fr\/wp-json\/wp\/v2\/product_cat?post=2397"},{"taxonomy":"product_tag","embeddable":true,"href":"https:\/\/www.biobey.be\/fr\/wp-json\/wp\/v2\/product_tag?post=2397"}],"curies":[{"name":"wp","href":"https:\/\/api.w.org\/{rel}","templated":true}]}}