{"id":2398,"date":"2024-04-14T12:37:43","date_gmt":"2024-04-14T10:37:43","guid":{"rendered":"https:\/\/www.biobey.be\/fr-temp\/produit\/masque-the-vert-point-noir-peaux-grasses\/"},"modified":"2026-03-09T16:13:22","modified_gmt":"2026-03-09T15:13:22","slug":"masque-the-vert-point-noir-peaux-grasses","status":"publish","type":"product","link":"https:\/\/www.biobey.be\/fr\/produit\/masque-the-vert-point-noir-peaux-grasses\/","title":{"rendered":"Masque th\u00e9 vert point noir peaux grasses et mixtes 100ml"},"content":{"rendered":"<p>Le masque th\u00e9 vert point noir a un effet purifiant. Il est sp\u00e9cialement con\u00e7u pour r\u00e9parer et soigner les peaux mixtes \u00e0 grasses ayant tendance \u00e0 l&rsquo;acn\u00e9 et aux pores obstru\u00e9s.<\/p>\n<p>Le masque naturel pour le visage contient de l&rsquo;extrait de plante de th\u00e9 vert biologique, du jus d&rsquo;aloe vera, du kaolin, de l&rsquo;extrait de r\u00e9glisse, de la vitamine E et A. Le masque th\u00e9 vert point noir purifiant r\u00e9g\u00e9n\u00e8re la couche sup\u00e9rieure de la peau et <strong>r\u00e9duit l&rsquo;exc\u00e8s de s\u00e9bum.<\/strong><\/p>\n<p>Il <strong>purifie les pores obstru\u00e9s et remin\u00e9ralise la peau<\/strong>. L&rsquo;acidit\u00e9 perturb\u00e9e de la peau et l&rsquo;exc\u00e8s de s\u00e9bum entra\u00eenent des pouss\u00e9es d&rsquo;acn\u00e9 et des impuret\u00e9s. Les propri\u00e9t\u00e9s anti-inflammatoires du masque r\u00e9duisent les impuret\u00e9s et prot\u00e8gent la peau des mauvaises bact\u00e9ries.<\/p>\n<p>L&rsquo;effet min\u00e9ralisant et r\u00e9g\u00e9n\u00e9rant du masque revitalise la peau. Cela permet d&rsquo;obtenir un teint plus uniforme et une peau plus lisse.<\/p>\n<h2>Formule de masque th\u00e9 vert point noir purifiant<\/h2>\n<p>Le masque th\u00e9 vert point noir purifiant est compos\u00e9 d&rsquo;extraits et d&rsquo;huiles b\u00e9n\u00e9fiques. Le kaolin ou argile blanche en poudre est le type d&rsquo;argile le plus doux. Il <strong>convient aux peaux sensibles<\/strong>. La poudre d&rsquo;argile blanche est traditionnellement utilis\u00e9e pour unifier le teint de la peau et r\u00e9duire les boutons, les rougeurs et les impuret\u00e9s.<\/p>\n<p>L&rsquo;extrait de la plante de th\u00e9 vert biologique contient des flavono\u00efdes et des polyph\u00e9nols. Les polyph\u00e9nols ont un effet anti-inflammatoire. Ils contribuent \u00e0 r\u00e9duire l&rsquo;acn\u00e9 et \u00e0 apaiser les peaux irrit\u00e9es. L&rsquo;extrait de th\u00e9 vert est \u00e9galement utilis\u00e9 pour traiter la rosac\u00e9e et les rougeurs.<\/p>\n<p>La vitamine E prot\u00e8ge la peau des influences ext\u00e9rieures n\u00e9gatives tandis que la vitamine A<strong> stimule la gu\u00e9rison des cicatrices d&rsquo;acn\u00e9<\/strong>. Le masque th\u00e9 vert point noir est efficace pour nettoyer et soigner les peaux grasses et mixtes.<\/p>\n<p>Le masque facial Bioearth est v\u00e9g\u00e9talien, sans silicones, parab\u00e8nes, peg&rsquo;s, d\u00e9riv\u00e9s du p\u00e9trole et alcools lourds.<\/p>\n<h3>Comment fonctionne le masque au th\u00e9 vert ?<\/h3>\n<p>Le masque th\u00e9 vert point noir peaux grasses et mixtes de Bioearth a un effet purifiant et anti-inflammatoire. Il aide \u00e0 r\u00e9tablir le fonctionnement perturb\u00e9 des glandes s\u00e9bac\u00e9es, r\u00e9duisant ainsi la production excessive de s\u00e9bum. L&rsquo;extrait v\u00e9g\u00e9tal de th\u00e9 vert a des propri\u00e9t\u00e9s antibact\u00e9riennes et anti-inflammatoires.<\/p>\n<p>Il r\u00e9duit l&rsquo;inflammation et combat les bact\u00e9ries \u00e0 l&rsquo;origine des pouss\u00e9es d&rsquo;acn\u00e9. La poudre d&rsquo;argile blanche contenue dans le masque absorbe l&rsquo;exc\u00e8s de s\u00e9bum et matifie la peau. L&rsquo;extrait d&rsquo;aloe vera biologique r\u00e9duit les rougeurs et apaise la peau. Les antioxydants tels que la vitamine E et A prot\u00e8gent la peau des influences ext\u00e9rieures n\u00e9gatives.<\/p>\n<p>Le masque th\u00e9 vert point noir peaux grasses et mixtes est test\u00e9 sous contr\u00f4le dermatologique.<\/p>\n<p>Mode d&#8217;emploi : Appliquer le masque sur la peau et laisser agir pendant 15 \u00e0 20 minutes. Rincez ensuite \u00e0 l&rsquo;eau ti\u00e8de. \u00c9vitez la peau sensible du contour des yeux.<\/p>\n<p>Ingr\u00e9dients : Aqua, Prunus Amygdalus Dulcis Oil, Cetearyl Alcohol, Ethylhexyl Stearate, Propanediol, Caprylic\/Capric Triglyceride, Stearic Acid, Cetearyl Glucoside, Aloe Barbadensis Leaf Juice*, Camellia Sinensis Leaf Extract*,<\/p>\n<p>Glycyrrhiza Glabra Extract, Rosa Damascena Flower Extract*, Tocopherol, Tocopheryl Acetate, CI 77268 : 1(colorant naturel : chou noir), palmitate d&rsquo;ascorbyle,<\/p>\n<p>glyc\u00e9rine, l\u00e9cithine, dioxyde de titane, kaolin, alcool benzylique, gomme xanthane, parfum (Fragnance), \u00e9thylhexylglyc\u00e9rine, diac\u00e9tate de glutamate t\u00e9trasodique, acide citrique, benzoate de sodium, sorbate de potassium.<\/p>\n<p>*En provenance de l&rsquo;agriculture biologique<\/p>\n","protected":false},"excerpt":{"rendered":"<p>Le masque th\u00e9 vert point noir a un effet purifiant. Il est con\u00e7u pour r\u00e9g\u00e9n\u00e9rer et soigner les peaux mixtes, grasses et \u00e0 tendance acn\u00e9ique.<\/p>\n<p>Formule : Extrait de th\u00e9 vert biologique, kaolin, extrait de r\u00e9glisse, vitamines A et E<\/p>\n","protected":false},"featured_media":409,"comment_status":"open","ping_status":"closed","template":"","meta":{"ocean_post_layout":"","ocean_both_sidebars_style":"","ocean_both_sidebars_content_width":0,"ocean_both_sidebars_sidebars_width":0,"ocean_sidebar":"","ocean_second_sidebar":"","ocean_disable_margins":"enable","ocean_add_body_class":"","ocean_shortcode_before_top_bar":"","ocean_shortcode_after_top_bar":"","ocean_shortcode_before_header":"","ocean_shortcode_after_header":"","ocean_has_shortcode":"","ocean_shortcode_after_title":"","ocean_shortcode_before_footer_widgets":"","ocean_shortcode_after_footer_widgets":"","ocean_shortcode_before_footer_bottom":"","ocean_shortcode_after_footer_bottom":"","ocean_display_top_bar":"default","ocean_display_header":"default","ocean_header_style":"","ocean_center_header_left_menu":"","ocean_custom_header_template":"","ocean_custom_logo":0,"ocean_custom_retina_logo":0,"ocean_custom_logo_max_width":0,"ocean_custom_logo_tablet_max_width":0,"ocean_custom_logo_mobile_max_width":0,"ocean_custom_logo_max_height":0,"ocean_custom_logo_tablet_max_height":0,"ocean_custom_logo_mobile_max_height":0,"ocean_header_custom_menu":"","ocean_menu_typo_font_family":"","ocean_menu_typo_font_subset":"","ocean_menu_typo_font_size":0,"ocean_menu_typo_font_size_tablet":0,"ocean_menu_typo_font_size_mobile":0,"ocean_menu_typo_font_size_unit":"px","ocean_menu_typo_font_weight":"","ocean_menu_typo_font_weight_tablet":"","ocean_menu_typo_font_weight_mobile":"","ocean_menu_typo_transform":"","ocean_menu_typo_transform_tablet":"","ocean_menu_typo_transform_mobile":"","ocean_menu_typo_line_height":0,"ocean_menu_typo_line_height_tablet":0,"ocean_menu_typo_line_height_mobile":0,"ocean_menu_typo_line_height_unit":"","ocean_menu_typo_spacing":0,"ocean_menu_typo_spacing_tablet":0,"ocean_menu_typo_spacing_mobile":0,"ocean_menu_typo_spacing_unit":"","ocean_menu_link_color":"","ocean_menu_link_color_hover":"","ocean_menu_link_color_active":"","ocean_menu_link_background":"","ocean_menu_link_hover_background":"","ocean_menu_link_active_background":"","ocean_menu_social_links_bg":"","ocean_menu_social_hover_links_bg":"","ocean_menu_social_links_color":"","ocean_menu_social_hover_links_color":"","ocean_disable_title":"default","ocean_disable_heading":"default","ocean_post_title":"","ocean_post_subheading":"","ocean_post_title_style":"","ocean_post_title_background_color":"","ocean_post_title_background":0,"ocean_post_title_bg_image_position":"","ocean_post_title_bg_image_attachment":"","ocean_post_title_bg_image_repeat":"","ocean_post_title_bg_image_size":"","ocean_post_title_height":0,"ocean_post_title_bg_overlay":0.5,"ocean_post_title_bg_overlay_color":"","ocean_disable_breadcrumbs":"default","ocean_breadcrumbs_color":"","ocean_breadcrumbs_separator_color":"","ocean_breadcrumbs_links_color":"","ocean_breadcrumbs_links_hover_color":"","ocean_display_footer_widgets":"default","ocean_display_footer_bottom":"default","ocean_custom_footer_template":""},"product_brand":[118],"product_cat":[18,17,16],"product_tag":[125],"class_list":{"0":"post-2398","1":"product","2":"type-product","3":"status-publish","4":"has-post-thumbnail","6":"product_brand-bioearth","7":"product_cat-nettoyage-de-la-peau-et-masques","8":"product_cat-soins-du-visage","9":"product_cat-soins","10":"product_tag-vegan","12":"entry","13":"has-media","15":"first","16":"instock","17":"taxable","18":"shipping-taxable","19":"purchasable","20":"product-type-simple","21":"has-rating","22":"col","23":"span_1_of_3","24":"owp-content-center","25":"owp-thumbs-layout-horizontal","26":"owp-btn-normal","27":"owp-tabs-layout-section","28":"has-no-thumbnails","29":"circle-sale"},"_links":{"self":[{"href":"https:\/\/www.biobey.be\/fr\/wp-json\/wp\/v2\/product\/2398","targetHints":{"allow":["GET"]}}],"collection":[{"href":"https:\/\/www.biobey.be\/fr\/wp-json\/wp\/v2\/product"}],"about":[{"href":"https:\/\/www.biobey.be\/fr\/wp-json\/wp\/v2\/types\/product"}],"replies":[{"embeddable":true,"href":"https:\/\/www.biobey.be\/fr\/wp-json\/wp\/v2\/comments?post=2398"}],"wp:featuredmedia":[{"embeddable":true,"href":"https:\/\/www.biobey.be\/fr\/wp-json\/wp\/v2\/media\/409"}],"wp:attachment":[{"href":"https:\/\/www.biobey.be\/fr\/wp-json\/wp\/v2\/media?parent=2398"}],"wp:term":[{"taxonomy":"product_brand","embeddable":true,"href":"https:\/\/www.biobey.be\/fr\/wp-json\/wp\/v2\/product_brand?post=2398"},{"taxonomy":"product_cat","embeddable":true,"href":"https:\/\/www.biobey.be\/fr\/wp-json\/wp\/v2\/product_cat?post=2398"},{"taxonomy":"product_tag","embeddable":true,"href":"https:\/\/www.biobey.be\/fr\/wp-json\/wp\/v2\/product_tag?post=2398"}],"curies":[{"name":"wp","href":"https:\/\/api.w.org\/{rel}","templated":true}]}}