{"id":2400,"date":"2025-05-23T13:05:43","date_gmt":"2025-05-23T11:05:43","guid":{"rendered":"https:\/\/www.biobey.be\/fr-temp\/produit\/serum-nourrissant-et-energisant-5-ml-bioearth\/"},"modified":"2025-07-11T12:43:46","modified_gmt":"2025-07-11T10:43:46","slug":"serum-nourrissant-et-energisant-5-ml-bioearth","status":"publish","type":"product","link":"https:\/\/www.biobey.be\/fr\/produit\/serum-nourrissant-et-energisant-5-ml-bioearth\/","title":{"rendered":"S\u00e9rum nourrissant et \u00e9nergisant 5 ml Bioearth"},"content":{"rendered":"<p>Votre peau a besoin d&rsquo;un boost d&rsquo;hydratation rapide ou vous recherchez un s\u00e9rum compl\u00e9mentaire pour hydrater votre peau fatigu\u00e9e et s\u00e8che? Le s\u00e9rum nourrissant et \u00e9nergisant naturel pour le visage de Bioearth est con\u00e7u pour des r\u00e9sultats instantan\u00e9s. Il donne \u00e0 la peau un regain d&rsquo;hydratation et d&rsquo;\u00e9nergie.<\/p>\n<p>Pour un traitement intensif des peaux s\u00e8ches et d\u00e9shydrat\u00e9es, nous recommandons d&rsquo;utiliser le <span style=\"color: #0000ff;\"><a style=\"color: #0000ff;\" href=\"https:\/\/www.biobey.be\/fr\/produit\/serum-a-lacide-hyaluronique-concentre-bio\/\">s\u00e9rum concentr\u00e9 \u00e0 l&rsquo;acide hyaluronique.\u00a0<\/a><\/span><\/p>\n<p><strong>Quels sont les effets de ce s\u00e9rum hydratant \u00e9nergisant?<\/strong><\/p>\n<ul>\n<li>hydrate instantan\u00e9ment et redonne de l&rsquo;\u00e9nergie aux peaux fatigu\u00e9es<\/li>\n<li>r\u00e9duit les rougeurs et \u00e9claircit le teint<\/li>\n<\/ul>\n<p>Sa formule concentr\u00e9e est id\u00e9ale pour des r\u00e9sultats rapides. L&rsquo;extrait de camomille biologique a un effet \u00e9claircissant. Il att\u00e9nue les rougeurs et unifie le teint de la peau. Pour un effet \u00e9claircissant plus intense, nous recommandons le <a href=\"https:\/\/www.biobey.be\/fr\/produit\/serum-anti-tache-intensif-visage-30-ml\/\"><span style=\"color: #0000ff;\">s\u00e9rum Bema White.\u00a0<\/span><\/a><\/p>\n<p>Le s\u00e9rum hydratant Bioearth peut \u00eatre utilis\u00e9 s\u00e9par\u00e9ment ou avec le masque en tissu hydratant Bioearth. Il a un effet compl\u00e9mentaire au masque en feuille hydratant. L&rsquo;acide hyaluronique retient l&rsquo;humidit\u00e9. Il prot\u00e8ge la peau de la d\u00e9shydratation et a un effet adoucissant imm\u00e9diat.<\/p>\n<h2>Formule stimulante du s\u00e9rum nourrissant et \u00e9nergisant pour le visage<\/h2>\n<p>Le s\u00e9rum est fabriqu\u00e9 \u00e0 base de jus d&rsquo;aloe vera biologique. Il a un effet apaisant et hydratant. Comme l&rsquo;extrait de calendula, l&rsquo;aloe vera aide la peau \u00e0 r\u00e9cup\u00e9rer plus rapidement et r\u00e9duit les irritations cutan\u00e9es. Ces extraits sont particuli\u00e8rement adapt\u00e9s aux peaux hypersensibles et alt\u00e9r\u00e9es.<\/p>\n<p>Le s\u00e9rum nourrissant et \u00e9nergisant pour le visage est id\u00e9al pour apaiser la peau et la nourrir des vitamines n\u00e9cessaires.<\/p>\n<p>Le s\u00e9rum nourrissant et \u00e9nergisant naturel est v\u00e9g\u00e9talien et \u00e9cologique.<\/p>\n<p><strong>Mode d&#8217;emploi<\/strong> : Appliquez quelques gouttes du s\u00e9rum sur la peau et faites-le p\u00e9n\u00e9trer en massant doucement. Le s\u00e9rum peut \u00eatre utilis\u00e9 en combinaison avec le masque en feuille hydratant Bioearth 15ml.<\/p>\n<p>Ingr\u00e9dients (INCI) : Aqua, Aloe Barbadensis (Aloe Vera) Leaf Juice*, Sodium Hyaluronate (acide hyaluronique), Calendula Officinalis Flower Extract*, Chamomilla Recutita (Chamomile) Flower Extract*, Hamamelis Virginiana (Witch Hazel) Leaf Extract*, Glycerin, Cellulose Gum, Phenethyl Alcohol, Caprylyl Glycol.<\/p>\n<p>*Ingr\u00e9dients issus de l&rsquo;agriculture biologique<\/p>\n","protected":false},"excerpt":{"rendered":"<p>Indications:<br \/>\nLe s\u00e9rum nourrissant et \u00e9nergisan pour le visage de Bioearth donne \u00e0 la peau un regain d&rsquo;hydratation et d&rsquo;\u00e9nergie. Il peut \u00eatre utilis\u00e9 s\u00e9par\u00e9ment ou en combinaison avec le masque en feuille hydratant.<br \/>\nIngr\u00e9dients actifs : Aloe vera biologique, acide hyaluronique, extraits de camomille, de calendula et d&rsquo;hamam\u00e9lis.<br \/>\nLe s\u00e9rum naturel est v\u00e9g\u00e9talien et durable.<\/p>\n","protected":false},"featured_media":539,"comment_status":"open","ping_status":"closed","template":"","meta":{"ocean_post_layout":"","ocean_both_sidebars_style":"","ocean_both_sidebars_content_width":0,"ocean_both_sidebars_sidebars_width":0,"ocean_sidebar":"","ocean_second_sidebar":"","ocean_disable_margins":"enable","ocean_add_body_class":"","ocean_shortcode_before_top_bar":"","ocean_shortcode_after_top_bar":"","ocean_shortcode_before_header":"","ocean_shortcode_after_header":"","ocean_has_shortcode":"","ocean_shortcode_after_title":"","ocean_shortcode_before_footer_widgets":"","ocean_shortcode_after_footer_widgets":"","ocean_shortcode_before_footer_bottom":"","ocean_shortcode_after_footer_bottom":"","ocean_display_top_bar":"default","ocean_display_header":"default","ocean_header_style":"","ocean_center_header_left_menu":"","ocean_custom_header_template":"","ocean_custom_logo":0,"ocean_custom_retina_logo":0,"ocean_custom_logo_max_width":0,"ocean_custom_logo_tablet_max_width":0,"ocean_custom_logo_mobile_max_width":0,"ocean_custom_logo_max_height":0,"ocean_custom_logo_tablet_max_height":0,"ocean_custom_logo_mobile_max_height":0,"ocean_header_custom_menu":"","ocean_menu_typo_font_family":"","ocean_menu_typo_font_subset":"","ocean_menu_typo_font_size":0,"ocean_menu_typo_font_size_tablet":0,"ocean_menu_typo_font_size_mobile":0,"ocean_menu_typo_font_size_unit":"px","ocean_menu_typo_font_weight":"","ocean_menu_typo_font_weight_tablet":"","ocean_menu_typo_font_weight_mobile":"","ocean_menu_typo_transform":"","ocean_menu_typo_transform_tablet":"","ocean_menu_typo_transform_mobile":"","ocean_menu_typo_line_height":0,"ocean_menu_typo_line_height_tablet":0,"ocean_menu_typo_line_height_mobile":0,"ocean_menu_typo_line_height_unit":"","ocean_menu_typo_spacing":0,"ocean_menu_typo_spacing_tablet":0,"ocean_menu_typo_spacing_mobile":0,"ocean_menu_typo_spacing_unit":"","ocean_menu_link_color":"","ocean_menu_link_color_hover":"","ocean_menu_link_color_active":"","ocean_menu_link_background":"","ocean_menu_link_hover_background":"","ocean_menu_link_active_background":"","ocean_menu_social_links_bg":"","ocean_menu_social_hover_links_bg":"","ocean_menu_social_links_color":"","ocean_menu_social_hover_links_color":"","ocean_disable_title":"default","ocean_disable_heading":"default","ocean_post_title":"","ocean_post_subheading":"","ocean_post_title_style":"","ocean_post_title_background_color":"","ocean_post_title_background":0,"ocean_post_title_bg_image_position":"","ocean_post_title_bg_image_attachment":"","ocean_post_title_bg_image_repeat":"","ocean_post_title_bg_image_size":"","ocean_post_title_height":0,"ocean_post_title_bg_overlay":0.5,"ocean_post_title_bg_overlay_color":"","ocean_disable_breadcrumbs":"default","ocean_breadcrumbs_color":"","ocean_breadcrumbs_separator_color":"","ocean_breadcrumbs_links_color":"","ocean_breadcrumbs_links_hover_color":"","ocean_display_footer_widgets":"default","ocean_display_footer_bottom":"default","ocean_custom_footer_template":""},"product_brand":[118],"product_cat":[49,17,16,20],"product_tag":[],"class_list":{"0":"post-2400","1":"product","2":"type-product","3":"status-publish","4":"has-post-thumbnail","6":"product_brand-bioearth","7":"product_cat-peau-seche","8":"product_cat-soins-du-visage","9":"product_cat-soins","10":"product_cat-anti-age","12":"entry","13":"has-media","15":"first","16":"instock","17":"taxable","18":"shipping-taxable","19":"purchasable","20":"product-type-simple","21":"has-rating","22":"col","23":"span_1_of_3","24":"owp-content-center","25":"owp-thumbs-layout-horizontal","26":"owp-btn-normal","27":"owp-tabs-layout-section","28":"has-no-thumbnails","29":"circle-sale"},"_links":{"self":[{"href":"https:\/\/www.biobey.be\/fr\/wp-json\/wp\/v2\/product\/2400","targetHints":{"allow":["GET"]}}],"collection":[{"href":"https:\/\/www.biobey.be\/fr\/wp-json\/wp\/v2\/product"}],"about":[{"href":"https:\/\/www.biobey.be\/fr\/wp-json\/wp\/v2\/types\/product"}],"replies":[{"embeddable":true,"href":"https:\/\/www.biobey.be\/fr\/wp-json\/wp\/v2\/comments?post=2400"}],"wp:featuredmedia":[{"embeddable":true,"href":"https:\/\/www.biobey.be\/fr\/wp-json\/wp\/v2\/media\/539"}],"wp:attachment":[{"href":"https:\/\/www.biobey.be\/fr\/wp-json\/wp\/v2\/media?parent=2400"}],"wp:term":[{"taxonomy":"product_brand","embeddable":true,"href":"https:\/\/www.biobey.be\/fr\/wp-json\/wp\/v2\/product_brand?post=2400"},{"taxonomy":"product_cat","embeddable":true,"href":"https:\/\/www.biobey.be\/fr\/wp-json\/wp\/v2\/product_cat?post=2400"},{"taxonomy":"product_tag","embeddable":true,"href":"https:\/\/www.biobey.be\/fr\/wp-json\/wp\/v2\/product_tag?post=2400"}],"curies":[{"name":"wp","href":"https:\/\/api.w.org\/{rel}","templated":true}]}}