{"id":2402,"date":"2023-09-15T22:38:32","date_gmt":"2023-09-15T20:38:32","guid":{"rendered":"https:\/\/www.biobey.be\/fr-temp\/produit\/gel-pour-peau-grasse-et-a-imperfections\/"},"modified":"2025-10-28T00:37:25","modified_gmt":"2025-10-27T23:37:25","slug":"gel-pour-peau-grasse-et-a-imperfections","status":"publish","type":"product","link":"https:\/\/www.biobey.be\/fr\/produit\/gel-pour-peau-grasse-et-a-imperfections\/","title":{"rendered":"Gel pour peau grasse et \u00e0 imperfections 15 ml"},"content":{"rendered":"<p>Gel pour peau grasse et \u00e0 imperfections naturel est id\u00e9al pour les soins quotidiens de la peau. Il rafra\u00eechit la peau sans l&rsquo;alourdir et procure un agr\u00e9able effet rafra\u00eechissant. Il convient particuli\u00e8rement aux personnes qui pr\u00e9f\u00e8rent une consistance plus l\u00e9g\u00e8re qu&rsquo;une cr\u00e8me pour le visage.<\/p>\n<p>Le gel Day By Day a un effet anti-inflammatoire et s\u00e9bo-r\u00e9gulateur.<\/p>\n<p>Il inhibe la production de l&rsquo;exc\u00e8s de s\u00e9bum. La formule anti-inflammatoire et apaisante \u00e0 base d&rsquo;extraits biologiques de sauge, d&rsquo;arbre \u00e0 th\u00e9 et de romarin r\u00e9duit l&rsquo;inflammation et l&rsquo;acn\u00e9. En outre, le gel pour peau grasse et \u00e0 imperfections aide \u00e0 r\u00e9duire les rougeurs et les imperfections.<\/p>\n<p>Gel pour peau grasse et \u00e0 imperfections naturel aide \u00e0 r\u00e9tablir le pH perturb\u00e9 de la peau et renforce la barri\u00e8re cutan\u00e9e naturelle. En utilisant le gel, la peau est r\u00e9g\u00e9n\u00e9r\u00e9e et prot\u00e9g\u00e9e des impuret\u00e9s et des pouss\u00e9es d&rsquo;acn\u00e9.<\/p>\n<h2>Composition d&rsquo;un gel pour peau grasse et \u00e0 imperfections<\/h2>\n<p>L&rsquo;extrait de romarin biologique a un effet astringent et antibact\u00e9rien. Il \u00e9quilibre la production des huiles naturelles de la peau. Il r\u00e9duit la production excessive et stimule le manque de s\u00e9bum et la s\u00e9cheresse de la peau. Cela permet de r\u00e9tablir le pH perturb\u00e9 de la peau. L&rsquo;huile de th\u00e9ier biologique r\u00e9duit les rougeurs et apaise la peau.<\/p>\n<p>L&rsquo;huile d&rsquo;arbre \u00e0 th\u00e9 est souvent utilis\u00e9e pour le traitement topique de l&rsquo;acn\u00e9 et des inflammations. L&rsquo;extrait de sauge contenu dans le gel pour peaux grasses et \u00e0 imperfections poss\u00e8de de fortes propri\u00e9t\u00e9s antioxydantes. Il prot\u00e8ge la peau des influences ext\u00e9rieures n\u00e9gatives et des radicaux libres.<\/p>\n<p>La formule \u00e0 base d&rsquo;extraits de plantes b\u00e9n\u00e9fiques soigne, r\u00e9duit l&rsquo;exc\u00e8s de s\u00e9bum et les impuret\u00e9s. Le gel rafra\u00eechissant procure \u00e0 la peau un agr\u00e9able rafra\u00eechissement. Gr\u00e2ce \u00e0 sa consistance de gel, il p\u00e9n\u00e8tre rapidement dans la peau.<\/p>\n<p>Le gel Day By Day pour les peaux grasses et \u00e0 imperfections est v\u00e9g\u00e9talien et certifi\u00e9 ICEA BIO.<\/p>\n<p><strong>Mode d&#8217;emploi :<\/strong> Appliquez le gel sur la peau nettoy\u00e9e et faites bien p\u00e9n\u00e9trer. Utilisez-le matin et soir. \u00c9viter le contact avec les yeux.<\/p>\n<p><strong>Ingr\u00e9dients<\/strong> : Aqua, Xanthan Gum, Argania Spinosa Kernel oil, Beta-sitosterol, Serenoa Ferrulata fruit extract, Sesamum Indicum seed oil, Melaleuca Alternifolia leaf oil*, Salvia officinalis leaf extract*, Rosmarinus officinalis leaf extract*, Glycerin, Urea, Prot\u00e9ines de bl\u00e9 hydrolys\u00e9es,<\/p>\n<p>Tocoph\u00e9rol, Glucose, Sodium PCA, Sorbitol, Fructose, Glycine, Glutamate de sodium, Acide citrique, Acide glycolique, Acide lactique, Lysine, Acide malique, Hydroxyde de potassium, Hydroxyde de sodium, Acide tartrique, Caprylyl glycol, Alcool ph\u00e9n\u00e9thylique.<\/p>\n<p>*En provenance de l&rsquo;agriculture biologique<\/p>\n","protected":false},"excerpt":{"rendered":"<p>Ce gel pour peau grasse et \u00e0 imperfections a un effet anti-inflammatoire et r\u00e9gulateur de s\u00e9bum. Il r\u00e9duit les rougeurs, les boutons et pr\u00e9vient les pouss\u00e9es d&rsquo;acn\u00e9. La formule rafra\u00eechissante donne \u00e0 la peau une sensation de fra\u00eecheur. Il convient aux personnes qui pr\u00e9f\u00e8rent la consistance d&rsquo;un gel \u00e0 celle d&rsquo;une cr\u00e8me.<br \/>\nFormule: Extraits biologiques tea tree, romarin et sauge.<br \/>\nCertifications : Vegan, ICEA BIO<\/p>\n","protected":false},"featured_media":557,"comment_status":"open","ping_status":"closed","template":"","meta":{"ocean_post_layout":"","ocean_both_sidebars_style":"","ocean_both_sidebars_content_width":0,"ocean_both_sidebars_sidebars_width":0,"ocean_sidebar":"0","ocean_second_sidebar":"0","ocean_disable_margins":"enable","ocean_add_body_class":"","ocean_shortcode_before_top_bar":"","ocean_shortcode_after_top_bar":"","ocean_shortcode_before_header":"","ocean_shortcode_after_header":"","ocean_has_shortcode":"","ocean_shortcode_after_title":"","ocean_shortcode_before_footer_widgets":"","ocean_shortcode_after_footer_widgets":"","ocean_shortcode_before_footer_bottom":"","ocean_shortcode_after_footer_bottom":"","ocean_display_top_bar":"default","ocean_display_header":"default","ocean_header_style":"","ocean_center_header_left_menu":"0","ocean_custom_header_template":"0","ocean_custom_logo":0,"ocean_custom_retina_logo":0,"ocean_custom_logo_max_width":0,"ocean_custom_logo_tablet_max_width":0,"ocean_custom_logo_mobile_max_width":0,"ocean_custom_logo_max_height":0,"ocean_custom_logo_tablet_max_height":0,"ocean_custom_logo_mobile_max_height":0,"ocean_header_custom_menu":"0","ocean_menu_typo_font_family":"0","ocean_menu_typo_font_subset":"","ocean_menu_typo_font_size":0,"ocean_menu_typo_font_size_tablet":0,"ocean_menu_typo_font_size_mobile":0,"ocean_menu_typo_font_size_unit":"px","ocean_menu_typo_font_weight":"","ocean_menu_typo_font_weight_tablet":"","ocean_menu_typo_font_weight_mobile":"","ocean_menu_typo_transform":"","ocean_menu_typo_transform_tablet":"","ocean_menu_typo_transform_mobile":"","ocean_menu_typo_line_height":0,"ocean_menu_typo_line_height_tablet":0,"ocean_menu_typo_line_height_mobile":0,"ocean_menu_typo_line_height_unit":"","ocean_menu_typo_spacing":0,"ocean_menu_typo_spacing_tablet":0,"ocean_menu_typo_spacing_mobile":0,"ocean_menu_typo_spacing_unit":"","ocean_menu_link_color":"","ocean_menu_link_color_hover":"","ocean_menu_link_color_active":"","ocean_menu_link_background":"","ocean_menu_link_hover_background":"","ocean_menu_link_active_background":"","ocean_menu_social_links_bg":"","ocean_menu_social_hover_links_bg":"","ocean_menu_social_links_color":"","ocean_menu_social_hover_links_color":"","ocean_disable_title":"default","ocean_disable_heading":"default","ocean_post_title":"","ocean_post_subheading":"","ocean_post_title_style":"","ocean_post_title_background_color":"","ocean_post_title_background":0,"ocean_post_title_bg_image_position":"","ocean_post_title_bg_image_attachment":"","ocean_post_title_bg_image_repeat":"","ocean_post_title_bg_image_size":"","ocean_post_title_height":0,"ocean_post_title_bg_overlay":0.5,"ocean_post_title_bg_overlay_color":"","ocean_disable_breadcrumbs":"default","ocean_breadcrumbs_color":"","ocean_breadcrumbs_separator_color":"","ocean_breadcrumbs_links_color":"","ocean_breadcrumbs_links_hover_color":"","ocean_display_footer_widgets":"default","ocean_display_footer_bottom":"default","ocean_custom_footer_template":"0"},"product_brand":[118],"product_cat":[21,17,16],"product_tag":[125],"class_list":{"0":"post-2402","1":"product","2":"type-product","3":"status-publish","4":"has-post-thumbnail","6":"product_brand-bioearth","7":"product_cat-acne-et-peau-abimee","8":"product_cat-soins-du-visage","9":"product_cat-soins","10":"product_tag-vegan","12":"entry","13":"has-media","15":"first","16":"instock","17":"taxable","18":"shipping-taxable","19":"purchasable","20":"product-type-simple","21":"has-rating","22":"col","23":"span_1_of_3","24":"owp-content-center","25":"owp-thumbs-layout-horizontal","26":"owp-btn-normal","27":"owp-tabs-layout-section","28":"has-no-thumbnails","29":"circle-sale"},"_links":{"self":[{"href":"https:\/\/www.biobey.be\/fr\/wp-json\/wp\/v2\/product\/2402","targetHints":{"allow":["GET"]}}],"collection":[{"href":"https:\/\/www.biobey.be\/fr\/wp-json\/wp\/v2\/product"}],"about":[{"href":"https:\/\/www.biobey.be\/fr\/wp-json\/wp\/v2\/types\/product"}],"replies":[{"embeddable":true,"href":"https:\/\/www.biobey.be\/fr\/wp-json\/wp\/v2\/comments?post=2402"}],"wp:featuredmedia":[{"embeddable":true,"href":"https:\/\/www.biobey.be\/fr\/wp-json\/wp\/v2\/media\/557"}],"wp:attachment":[{"href":"https:\/\/www.biobey.be\/fr\/wp-json\/wp\/v2\/media?parent=2402"}],"wp:term":[{"taxonomy":"product_brand","embeddable":true,"href":"https:\/\/www.biobey.be\/fr\/wp-json\/wp\/v2\/product_brand?post=2402"},{"taxonomy":"product_cat","embeddable":true,"href":"https:\/\/www.biobey.be\/fr\/wp-json\/wp\/v2\/product_cat?post=2402"},{"taxonomy":"product_tag","embeddable":true,"href":"https:\/\/www.biobey.be\/fr\/wp-json\/wp\/v2\/product_tag?post=2402"}],"curies":[{"name":"wp","href":"https:\/\/api.w.org\/{rel}","templated":true}]}}