{"id":2404,"date":"2025-04-09T01:21:01","date_gmt":"2025-04-08T23:21:01","guid":{"rendered":"https:\/\/www.biobey.be\/fr-temp\/produit\/serum-pha-taches-et-pigmentations-5ml\/"},"modified":"2025-10-21T23:18:55","modified_gmt":"2025-10-21T21:18:55","slug":"serum-pha-taches-et-pigmentations-5ml","status":"publish","type":"product","link":"https:\/\/www.biobey.be\/fr\/produit\/serum-pha-taches-et-pigmentations-5ml\/","title":{"rendered":"S\u00e9rum PHA : taches et pigmentations 5ml"},"content":{"rendered":"<p>S\u00e9rum PHA Naturel de Bioearth soigne et aide \u00e0 \u00e9claircir les taches brunes l\u00e9g\u00e8res et \u00e0 estomper les cicatrices d&rsquo;acn\u00e9. Le s\u00e9rum a un effet glow sur la peau. En outre, il assure un teint uniforme et \u00e9clatant. La formule \u00e0 base de gluconolactone, d&rsquo;algues et de jus de citron aide \u00e0 \u00e9claircir la peau.<\/p>\n<p>Pour les taches de pigmentation plus profondes, nous recommandons d&rsquo;utiliser la <span style=\"color: #0000ff;\"><a style=\"color: #0000ff;\" href=\"https:\/\/www.biobey.be\/fr\/produit\/creme-eclaircissante-depigmentante-bio\/\">cr\u00e8me blanchissante visage Bema<\/a><\/span>.<\/p>\n<p>Le s\u00e9rum PHA peut \u00eatre utilis\u00e9 apr\u00e8s un masque \u00e9claircissant ou un peeling contre les taches brunes. Les influences ext\u00e9rieures n\u00e9gatives, les rayons UV et les irritants contenus dans les produits conventionnels affectent la peau. Ce ph\u00e9nom\u00e8ne est \u00e0 l&rsquo;origine des taches sombres et des d\u00e9colorations.<\/p>\n<p>Ce s\u00e9rum riche en antioxydants nourrit et prot\u00e8ge la peau des effets n\u00e9gatifs des radicaux libres. <span style=\"color: #0000ff;\"><a style=\"color: #0000ff;\" href=\"https:\/\/www.biobey.be\/fr\/produit\/acide-hyaluronique-bio-stimulant-vit-c\/\">L&rsquo;acide hyaluronique adoucit la peau<\/a><\/span> et la prot\u00e8ge de la d\u00e9shydratation. Le s\u00e9rum peut \u00eatre utilis\u00e9 localement sur les zones \u00e0 traiter ou sur l&rsquo;ensemble du visage.<\/p>\n<h2>\u00c9claircir les taches brunes de la peau avec le s\u00e9rum PHA<\/h2>\n<p>Le s\u00e9rum PHA de Bioearth contient de la gluconolactone et de l&rsquo;extrait de camomille. La gluconolactone (\u00e9galement appel\u00e9e PHA) att\u00e9nue les taches brunes et aide \u00e0 uniformiser le teint. Elle a un l\u00e9ger effet exfoliant. Il aide \u00e0 stimuler le renouvellement des cellules de la peau et \u00e9limine en douceur les cellules mortes.<\/p>\n<p>L&rsquo;extrait de camomille est utilis\u00e9 pour r\u00e9parer la peau apr\u00e8s un coup de soleil. La camomille r\u00e9duit les rougeurs et <strong>\u00e9claircit naturellement la peau<\/strong>. Pour un traitement intensif, le s\u00e9rum PHA Bioearth peut \u00eatre utilis\u00e9 en combinaison avec la cr\u00e8me naturelle contre les taches pigmentaires de Bema.<\/p>\n<h2>Principes actifs du s\u00e9rum PHA : taches et pigmentations<\/h2>\n<p>L&rsquo;extrait de camomille biologique et l&rsquo;huile de citron aident \u00e0 \u00e9claircir les taches brunes l\u00e9g\u00e8res. L&rsquo;extrait de camomille est particuli\u00e8rement adapt\u00e9 au traitement des irritations et des rougeurs. Alors que le jus de citron aide \u00e0 estomper les cicatrices d&rsquo;acn\u00e9.<\/p>\n<p>La forte teneur en acide hyaluronique renforce la barri\u00e8re cutan\u00e9e et apaise les peaux s\u00e8ches. Des extraits d&rsquo;algues riches en min\u00e9raux et en antioxydants nourrissent la peau et la prot\u00e8gent du stress oxydatif. Le s\u00e9rum PHA taches &amp; pigmentations de Bioearth convient \u00e0 tous les types de peau, y compris les peaux sensibles.<\/p>\n<p>Le s\u00e9rum naturel est durable, convient aux v\u00e9g\u00e9taliens. Il est exempt d&rsquo;irritants, de parfums, d&rsquo;alcools lourds, de parab\u00e8nes, de peg&rsquo;s et d&rsquo;autres substances synth\u00e9tiques.<\/p>\n<p><strong>Utilisation :<\/strong> Le s\u00e9rum PHA peut \u00eatre utilis\u00e9 apr\u00e8s un peeling ou un masque facial contre les taches brunes. Appliquez quelques gouttes de s\u00e9rum pour le visage sur la peau et massez doucement jusqu&rsquo;\u00e0 ce qu&rsquo;il soit bien absorb\u00e9. Il peut \u00eatre utilis\u00e9 en application locale ou sur l&rsquo;ensemble du visage. Le s\u00e9rum convient \u00e0 tous les types de peau, y compris les peaux sensibles.<\/p>\n<p>Ingr\u00e9dients : Aqua, Pancratium Maritimum Extract, Sodium Hyaluronate, Gluconolactone, Mandelic Acid, Chamomilla (Chamomile) Recutita Flower Extract*, Citrus Limon (Lemon) Fruit Extract*, Hamamelis Virginiana Leaf Extract*, Glycerin, Cellulose Gum, Caprylyl Glycol, Phenethyl Alcohol<\/p>\n<p>*Ingr\u00e9dients issus de l&rsquo;agriculture biologique.<\/p>\n<p><strong>Principes actifs :<\/strong> Camomille biologique, aloe vera, gluconolactone, algues, acide hyaluronique et hamam\u00e9lis.<br \/>\n<strong>Caract\u00e9ristiques<\/strong> : Le s\u00e9rum naturel est v\u00e9g\u00e9talien et son emballage est durable<\/p>\n","protected":false},"excerpt":{"rendered":"<p>S\u00e9rum PHA est con\u00e7u pour revitaliser et \u00e9claircir le teint de la peau. Il agit sur les taches sombres l\u00e9g\u00e8res et les cicatrices d&rsquo;acn\u00e9.<\/p>\n","protected":false},"featured_media":477,"comment_status":"open","ping_status":"closed","template":"","meta":{"ocean_post_layout":"","ocean_both_sidebars_style":"","ocean_both_sidebars_content_width":0,"ocean_both_sidebars_sidebars_width":0,"ocean_sidebar":"","ocean_second_sidebar":"","ocean_disable_margins":"enable","ocean_add_body_class":"","ocean_shortcode_before_top_bar":"","ocean_shortcode_after_top_bar":"","ocean_shortcode_before_header":"","ocean_shortcode_after_header":"","ocean_has_shortcode":"","ocean_shortcode_after_title":"","ocean_shortcode_before_footer_widgets":"","ocean_shortcode_after_footer_widgets":"","ocean_shortcode_before_footer_bottom":"","ocean_shortcode_after_footer_bottom":"","ocean_display_top_bar":"default","ocean_display_header":"default","ocean_header_style":"","ocean_center_header_left_menu":"","ocean_custom_header_template":"","ocean_custom_logo":0,"ocean_custom_retina_logo":0,"ocean_custom_logo_max_width":0,"ocean_custom_logo_tablet_max_width":0,"ocean_custom_logo_mobile_max_width":0,"ocean_custom_logo_max_height":0,"ocean_custom_logo_tablet_max_height":0,"ocean_custom_logo_mobile_max_height":0,"ocean_header_custom_menu":"","ocean_menu_typo_font_family":"","ocean_menu_typo_font_subset":"","ocean_menu_typo_font_size":0,"ocean_menu_typo_font_size_tablet":0,"ocean_menu_typo_font_size_mobile":0,"ocean_menu_typo_font_size_unit":"px","ocean_menu_typo_font_weight":"","ocean_menu_typo_font_weight_tablet":"","ocean_menu_typo_font_weight_mobile":"","ocean_menu_typo_transform":"","ocean_menu_typo_transform_tablet":"","ocean_menu_typo_transform_mobile":"","ocean_menu_typo_line_height":0,"ocean_menu_typo_line_height_tablet":0,"ocean_menu_typo_line_height_mobile":0,"ocean_menu_typo_line_height_unit":"","ocean_menu_typo_spacing":0,"ocean_menu_typo_spacing_tablet":0,"ocean_menu_typo_spacing_mobile":0,"ocean_menu_typo_spacing_unit":"","ocean_menu_link_color":"","ocean_menu_link_color_hover":"","ocean_menu_link_color_active":"","ocean_menu_link_background":"","ocean_menu_link_hover_background":"","ocean_menu_link_active_background":"","ocean_menu_social_links_bg":"","ocean_menu_social_hover_links_bg":"","ocean_menu_social_links_color":"","ocean_menu_social_hover_links_color":"","ocean_disable_title":"default","ocean_disable_heading":"default","ocean_post_title":"","ocean_post_subheading":"","ocean_post_title_style":"","ocean_post_title_background_color":"","ocean_post_title_background":0,"ocean_post_title_bg_image_position":"","ocean_post_title_bg_image_attachment":"","ocean_post_title_bg_image_repeat":"","ocean_post_title_bg_image_size":"","ocean_post_title_height":0,"ocean_post_title_bg_overlay":0.5,"ocean_post_title_bg_overlay_color":"","ocean_disable_breadcrumbs":"default","ocean_breadcrumbs_color":"","ocean_breadcrumbs_separator_color":"","ocean_breadcrumbs_links_color":"","ocean_breadcrumbs_links_hover_color":"","ocean_display_footer_widgets":"default","ocean_display_footer_bottom":"default","ocean_custom_footer_template":""},"product_brand":[118],"product_cat":[17,16,20],"product_tag":[125],"class_list":{"0":"post-2404","1":"product","2":"type-product","3":"status-publish","4":"has-post-thumbnail","6":"product_brand-bioearth","7":"product_cat-soins-du-visage","8":"product_cat-soins","9":"product_cat-anti-age","10":"product_tag-vegan","12":"entry","13":"has-media","15":"first","16":"instock","17":"taxable","18":"shipping-taxable","19":"purchasable","20":"product-type-simple","21":"has-rating","22":"col","23":"span_1_of_3","24":"owp-content-center","25":"owp-thumbs-layout-horizontal","26":"owp-btn-normal","27":"owp-tabs-layout-section","28":"has-no-thumbnails","29":"circle-sale"},"_links":{"self":[{"href":"https:\/\/www.biobey.be\/fr\/wp-json\/wp\/v2\/product\/2404","targetHints":{"allow":["GET"]}}],"collection":[{"href":"https:\/\/www.biobey.be\/fr\/wp-json\/wp\/v2\/product"}],"about":[{"href":"https:\/\/www.biobey.be\/fr\/wp-json\/wp\/v2\/types\/product"}],"replies":[{"embeddable":true,"href":"https:\/\/www.biobey.be\/fr\/wp-json\/wp\/v2\/comments?post=2404"}],"wp:featuredmedia":[{"embeddable":true,"href":"https:\/\/www.biobey.be\/fr\/wp-json\/wp\/v2\/media\/477"}],"wp:attachment":[{"href":"https:\/\/www.biobey.be\/fr\/wp-json\/wp\/v2\/media?parent=2404"}],"wp:term":[{"taxonomy":"product_brand","embeddable":true,"href":"https:\/\/www.biobey.be\/fr\/wp-json\/wp\/v2\/product_brand?post=2404"},{"taxonomy":"product_cat","embeddable":true,"href":"https:\/\/www.biobey.be\/fr\/wp-json\/wp\/v2\/product_cat?post=2404"},{"taxonomy":"product_tag","embeddable":true,"href":"https:\/\/www.biobey.be\/fr\/wp-json\/wp\/v2\/product_tag?post=2404"}],"curies":[{"name":"wp","href":"https:\/\/api.w.org\/{rel}","templated":true}]}}