{"id":2406,"date":"2023-09-16T22:20:29","date_gmt":"2023-09-16T20:20:29","guid":{"rendered":"https:\/\/www.biobey.be\/fr-temp\/produit\/bioearth-serum-cafeine-et-ginseng-15ml\/"},"modified":"2026-01-18T18:15:57","modified_gmt":"2026-01-18T17:15:57","slug":"bioearth-serum-cafeine-et-ginseng-15ml","status":"publish","type":"product","link":"https:\/\/www.biobey.be\/fr\/produit\/bioearth-serum-cafeine-et-ginseng-15ml\/","title":{"rendered":"Bioearth s\u00e9rum caf\u00e9ine et ginseng 15ml"},"content":{"rendered":"<p>Le Bioearth s\u00e9rum caf\u00e9ine et ginseng naturel aide \u00e0 renforcer l&rsquo;\u00e9lasticit\u00e9 de la peau et \u00e0 unifier le teint. Le s\u00e9rum \u00e0 la caf\u00e9ine et au ginseng r\u00e9duit les poches sous les yeux et adoucit la peau. Des ingr\u00e9dients actifs tels que l&rsquo;aloe vera et l&rsquo;acide hyaluronique hydratent la peau et pr\u00e9viennent la perte d&rsquo;hydratation.<\/p>\n<p>L&rsquo;extrait de gel d&rsquo;aloe vera forme une couche protectrice autour de la peau affect\u00e9e et acc\u00e9l\u00e8re le processus de r\u00e9g\u00e9n\u00e9ration. La caf\u00e9ine et le ginseng am\u00e9liorent la circulation sanguine et r\u00e9duisent les gonflements. Gr\u00e2ce \u00e0 sa composition douce et pure, le Bioearth s\u00e9rum caf\u00e9ine et ginseng convient aux soins de tous les types de peau.<\/p>\n<p>Le s\u00e9rum caf\u00e9ine et ginseng peut \u00eatre utilis\u00e9 pour am\u00e9liorer l&rsquo;\u00e9lasticit\u00e9 de la peau et pour soigner le contour des yeux. Il peut \u00eatre utilis\u00e9 comme un s\u00e9rum ou m\u00e9lang\u00e9 \u00e0 la cr\u00e8me de base pour le visage Elementa Nourishing\/Hydrating.<\/p>\n<h2>Bioearth s\u00e9rum caf\u00e9ine et ginseng &#8211; la formule<\/h2>\n<p>Le Bioearth s\u00e9rum caf\u00e9ine et ginseng Elementa contient un extrait de jus d&rsquo;aloe vera biologique, de l&rsquo;acide hyaluronique, de la caf\u00e9ine et un extrait de ginseng. L&rsquo;extrait de caf\u00e9ine est souvent ajout\u00e9 dans les soins anti-\u00e2ge car il renforce l&rsquo;\u00e9lasticit\u00e9 de la peau. En outre, il stimule l&rsquo;\u00e9limination des toxines de la peau.<\/p>\n<p>L&rsquo;extrait de ginseng pr\u00e9sente de nombreux avantages pour le corps et la peau. Il aide \u00e0 stimuler la production de collag\u00e8ne et a un effet anti-inflammatoire. L&rsquo;acide hyaluronique hydrate et adoucit les peaux s\u00e8ches. Tandis que l&rsquo;extrait de jus d&rsquo;aloe vera aide \u00e0 pr\u00e9venir la r\u00e9tention d&rsquo;eau de la peau en renfor\u00e7ant la barri\u00e8re cutan\u00e9e.<\/p>\n<p>Bioearth s\u00e9rum caf\u00e9ine et ginseng raffermit la peau et a un effet \u00ab\u00a0tonifiant\u00a0\u00bb. Il peut \u00e9galement \u00eatre utilis\u00e9 pour r\u00e9duire les cernes et les poches sous les yeux.<\/p>\n<p>Le s\u00e9rum naturel \u00e0 la caf\u00e9ine et au ginseng est v\u00e9g\u00e9talien et exempt de parab\u00e8nes, de parfum, d&rsquo;huiles min\u00e9rales et d&rsquo;alcool de synth\u00e8se.<\/p>\n<p>Utilisation : Les s\u00e9rums Elementa de Bioearth peuvent \u00eatre utilis\u00e9s directement ou m\u00e9lang\u00e9s \u00e0 la cr\u00e8me pour le visage Elementa.<\/p>\n<p>Sans la cr\u00e8me pour le visage Elementa : appliquer 2 \u00e0 3 gouttes de s\u00e9rum sur l&rsquo;ensemble du visage ou en application locale et faire p\u00e9n\u00e9trer par un massage doux deux fois par jour.<\/p>\n<p>Avec la cr\u00e8me visage de base Elementa : ajouter 2 \u00e0 3 gouttes de s\u00e9rum \u00e0 une petite quantit\u00e9 de cr\u00e8me visage, m\u00e9langer dans la paume de la main et appliquer sur le visage. \u00c9vitez le contact direct avec les yeux. Le s\u00e9rum est adapt\u00e9 au contour des yeux.<\/p>\n<p>Ingr\u00e9dients : Aqua, caf\u00e9ine, gomme de cellulose, extrait de racine de Panax Ginseng*, hyaluronate de sodium, glyc\u00e9rine, alcool ph\u00e9n\u00e9thylique, caprylyl glycol.<\/p>\n","protected":false},"excerpt":{"rendered":"<p>Fonctions du s\u00e9rum de caf\u00e9ine et de ginseng<br \/>\n&#8211; \u00c9galise la peau<br \/>\n&#8211; R\u00e9duit les poches sous les yeux<br \/>\n&#8211; Convient pour le contour des yeux<\/p>\n<p>Formul\u00e9 pour am\u00e9liorer l&rsquo;\u00e9lasticit\u00e9 de la peau.<\/p>\n","protected":false},"featured_media":473,"comment_status":"open","ping_status":"closed","template":"","meta":{"ocean_post_layout":"","ocean_both_sidebars_style":"","ocean_both_sidebars_content_width":0,"ocean_both_sidebars_sidebars_width":0,"ocean_sidebar":"","ocean_second_sidebar":"","ocean_disable_margins":"enable","ocean_add_body_class":"","ocean_shortcode_before_top_bar":"","ocean_shortcode_after_top_bar":"","ocean_shortcode_before_header":"","ocean_shortcode_after_header":"","ocean_has_shortcode":"","ocean_shortcode_after_title":"","ocean_shortcode_before_footer_widgets":"","ocean_shortcode_after_footer_widgets":"","ocean_shortcode_before_footer_bottom":"","ocean_shortcode_after_footer_bottom":"","ocean_display_top_bar":"default","ocean_display_header":"default","ocean_header_style":"","ocean_center_header_left_menu":"","ocean_custom_header_template":"","ocean_custom_logo":0,"ocean_custom_retina_logo":0,"ocean_custom_logo_max_width":0,"ocean_custom_logo_tablet_max_width":0,"ocean_custom_logo_mobile_max_width":0,"ocean_custom_logo_max_height":0,"ocean_custom_logo_tablet_max_height":0,"ocean_custom_logo_mobile_max_height":0,"ocean_header_custom_menu":"","ocean_menu_typo_font_family":"","ocean_menu_typo_font_subset":"","ocean_menu_typo_font_size":0,"ocean_menu_typo_font_size_tablet":0,"ocean_menu_typo_font_size_mobile":0,"ocean_menu_typo_font_size_unit":"px","ocean_menu_typo_font_weight":"","ocean_menu_typo_font_weight_tablet":"","ocean_menu_typo_font_weight_mobile":"","ocean_menu_typo_transform":"","ocean_menu_typo_transform_tablet":"","ocean_menu_typo_transform_mobile":"","ocean_menu_typo_line_height":0,"ocean_menu_typo_line_height_tablet":0,"ocean_menu_typo_line_height_mobile":0,"ocean_menu_typo_line_height_unit":"","ocean_menu_typo_spacing":0,"ocean_menu_typo_spacing_tablet":0,"ocean_menu_typo_spacing_mobile":0,"ocean_menu_typo_spacing_unit":"","ocean_menu_link_color":"","ocean_menu_link_color_hover":"","ocean_menu_link_color_active":"","ocean_menu_link_background":"","ocean_menu_link_hover_background":"","ocean_menu_link_active_background":"","ocean_menu_social_links_bg":"","ocean_menu_social_hover_links_bg":"","ocean_menu_social_links_color":"","ocean_menu_social_hover_links_color":"","ocean_disable_title":"default","ocean_disable_heading":"default","ocean_post_title":"","ocean_post_subheading":"","ocean_post_title_style":"","ocean_post_title_background_color":"","ocean_post_title_background":0,"ocean_post_title_bg_image_position":"","ocean_post_title_bg_image_attachment":"","ocean_post_title_bg_image_repeat":"","ocean_post_title_bg_image_size":"","ocean_post_title_height":0,"ocean_post_title_bg_overlay":0.5,"ocean_post_title_bg_overlay_color":"","ocean_disable_breadcrumbs":"default","ocean_breadcrumbs_color":"","ocean_breadcrumbs_separator_color":"","ocean_breadcrumbs_links_color":"","ocean_breadcrumbs_links_hover_color":"","ocean_display_footer_widgets":"default","ocean_display_footer_bottom":"default","ocean_custom_footer_template":""},"product_brand":[118],"product_cat":[16],"product_tag":[125],"class_list":{"0":"post-2406","1":"product","2":"type-product","3":"status-publish","4":"has-post-thumbnail","6":"product_brand-bioearth","7":"product_cat-soins","8":"product_tag-vegan","10":"entry","11":"has-media","13":"first","14":"instock","15":"taxable","16":"shipping-taxable","17":"purchasable","18":"product-type-simple","19":"has-rating","20":"col","21":"span_1_of_3","22":"owp-content-center","23":"owp-thumbs-layout-horizontal","24":"owp-btn-normal","25":"owp-tabs-layout-section","26":"has-no-thumbnails","27":"circle-sale"},"_links":{"self":[{"href":"https:\/\/www.biobey.be\/fr\/wp-json\/wp\/v2\/product\/2406","targetHints":{"allow":["GET"]}}],"collection":[{"href":"https:\/\/www.biobey.be\/fr\/wp-json\/wp\/v2\/product"}],"about":[{"href":"https:\/\/www.biobey.be\/fr\/wp-json\/wp\/v2\/types\/product"}],"replies":[{"embeddable":true,"href":"https:\/\/www.biobey.be\/fr\/wp-json\/wp\/v2\/comments?post=2406"}],"wp:featuredmedia":[{"embeddable":true,"href":"https:\/\/www.biobey.be\/fr\/wp-json\/wp\/v2\/media\/473"}],"wp:attachment":[{"href":"https:\/\/www.biobey.be\/fr\/wp-json\/wp\/v2\/media?parent=2406"}],"wp:term":[{"taxonomy":"product_brand","embeddable":true,"href":"https:\/\/www.biobey.be\/fr\/wp-json\/wp\/v2\/product_brand?post=2406"},{"taxonomy":"product_cat","embeddable":true,"href":"https:\/\/www.biobey.be\/fr\/wp-json\/wp\/v2\/product_cat?post=2406"},{"taxonomy":"product_tag","embeddable":true,"href":"https:\/\/www.biobey.be\/fr\/wp-json\/wp\/v2\/product_tag?post=2406"}],"curies":[{"name":"wp","href":"https:\/\/api.w.org\/{rel}","templated":true}]}}