{"id":2407,"date":"2025-05-02T02:08:16","date_gmt":"2025-05-02T00:08:16","guid":{"rendered":"https:\/\/www.biobey.be\/fr-temp\/produit\/creme-hydratante-24h-pour-le-visage-50-ml\/"},"modified":"2025-07-11T12:50:01","modified_gmt":"2025-07-11T10:50:01","slug":"creme-hydratante-24h-pour-le-visage-50-ml","status":"publish","type":"product","link":"https:\/\/www.biobey.be\/fr\/produit\/creme-hydratante-24h-pour-le-visage-50-ml\/","title":{"rendered":"Cr\u00e8me hydratante 24H pour le visage &#8211; 50 ml"},"content":{"rendered":"<p>La cr\u00e8me hydratante 24h pour le visage est une cr\u00e8me naturelle pour le visage \u00e0 la texture douce et tr\u00e8s l\u00e9g\u00e8re qui hydrate en profondeur les peaux d\u00e9shydrat\u00e9es et s\u00e8ches. Malgr\u00e9 sa capacit\u00e9 d&rsquo;hydratation intensive, cette cr\u00e8me pour le visage ne donne pas l&rsquo;impression d&rsquo;\u00eatre grasse ou lourde sur la peau.<\/p>\n<p>Des rides pr\u00e9matur\u00e9es, une peau d&rsquo;apparence fatigu\u00e9e, s\u00e8che ou squameuse sont des signes de d\u00e9shydratation de la peau.<br \/>\nUne bonne hydratation de la peau fait dispara\u00eetre les rides et redonne de la souplesse \u00e0 la peau. Une peau hydrat\u00e9e para\u00eet radieuse et saine. L&rsquo;hydratation est donc la solution pour lutter contre le vieillissement pr\u00e9matur\u00e9 de la peau.<\/p>\n<p>Cette cr\u00e8me naturelle pour le visage convient aux peaux s\u00e8ches, d\u00e9shydrat\u00e9es et mixtes.<\/p>\n<h2>Comment fonctionne la cr\u00e8me hydratante 24H pour le visage?<\/h2>\n<p>La formule efficace en jus d&rsquo;Aloe Vera ferment\u00e9 a un effet hydratant intensif et profond. Les autres ingr\u00e9dients actifs de cette cr\u00e8me hydratante 24h pour le visage sont l&rsquo;huile d&rsquo;argan, l&rsquo;huile d&rsquo;onagre, l&rsquo;huile de macadamia et l&rsquo;allanto\u00efne.<br \/>\nLe jus d&rsquo;aloe vera ferment\u00e9 poss\u00e8de de nombreuses propri\u00e9t\u00e9s positives. Il apaise et hydrate la peau.<\/p>\n<p>Il poss\u00e8de des propri\u00e9t\u00e9s antifongiques et anti-inflammatoires qui peuvent inhiber l&rsquo;inflammation de la peau.<br \/>\nL&rsquo;huile d&rsquo;argan est tr\u00e8s bien absorb\u00e9e par la peau, ce qui signifie qu&rsquo;elle peut bien hydrater la peau.<\/p>\n<p>L&rsquo;huile d&rsquo;argan a \u00e9galement un effet nourrissant sur la peau. L&rsquo;huile d&rsquo;onagre est tr\u00e8s bonne pour la peau ; elle regorge de nutriments essentiels pour la peau qui augmentent son \u00e9lasticit\u00e9.<\/p>\n<p>La combinaison du jus d&rsquo;aloe vera ferment\u00e9, des huiles b\u00e9n\u00e9fiques d&rsquo;argan, de macadamia et d&rsquo;onagre assure l&rsquo;efficacit\u00e9 de l&rsquo;hydratation de 24 heures pour le visage.<\/p>\n<h2>Caract\u00e9ristiques de la cr\u00e8me hydratante 24H naturel pour le visage pour une hydratation intense de la peau.<\/h2>\n<p>Avec 75% d&rsquo;Aloe vera ferment\u00e9.<\/p>\n<p>Cr\u00e8me naturelle pour le visage sans silicones, parab\u00e8nes et peg&rsquo;s<br \/>\nConvient au traitement des peaux tr\u00e8s s\u00e8ches, d\u00e9shydrat\u00e9es et mixtes.<br \/>\nFournit une hydratation en profondeur<\/p>\n<p>Contient 75% de jus d&rsquo;Aloe Vera ferment\u00e9<br \/>\nPeut \u00eatre utilis\u00e9 comme cr\u00e8me de jour et de nuit.<br \/>\nConvient pour l&rsquo;hydratation du d\u00e9collet\u00e9.<\/p>\n<p><strong>Ingr\u00e9dients fonctionnels de cette cr\u00e8me hydratante 24H pour le visage<\/strong><br \/>\n75 % de jus d&rsquo;aloe vera*, ferment\u00e9 ; huiles d&rsquo;argan*, de macadamia*, d&rsquo;onagre*, de tournesol* et de rose musqu\u00e9e* ; vitamine E, allanto\u00efne et panth\u00e9nol.<\/p>\n<p>* De l&rsquo;agriculture biologique<\/p>\n<h2>Comment appliquer la cr\u00e8me hydratante naturelle 24 heures ?<\/h2>\n<p>La cr\u00e8me hydratante naturelle 24 heures Bioearth peut \u00eatre appliqu\u00e9e sur la peau matin et soir. Nettoyez le visage avec un gel nettoyant doux. Appliquez la cr\u00e8me hydratante pour le visage directement sur la peau nettoy\u00e9e. Massez la cr\u00e8me en effectuant des mouvements circulaires jusqu&rsquo;\u00e0 ce qu&rsquo;elle soit compl\u00e8tement absorb\u00e9e par la peau.<\/p>\n<p>La cr\u00e8me de jour hydratante naturelle peut \u00e9galement \u00eatre appliqu\u00e9e apr\u00e8s un tonique ou un s\u00e9rum pour le visage.<br \/>\nPour une protection optimale de la peau, nous recommandons d&rsquo;utiliser une bonne <span style=\"color: #0000ff;\"><a style=\"color: #0000ff;\" href=\"https:\/\/www.biobey.be\/fr\/produit\/creme-de-jour-avec-spf-30-bema-bio-50ml\/\">cr\u00e8me solaire min\u00e9rale SPF 30<\/a><\/span> ou SPF 50 par-dessus une cr\u00e8me de jour. Tout au long de l&rsquo;ann\u00e9e, mais surtout pendant les mois d&rsquo;\u00e9t\u00e9, il est important de prot\u00e9ger la peau des rayons UV nocifs.<\/p>\n<p><strong>INCI<\/strong> : * jus de feuille d&rsquo;alo barbadensis *, glyceryl stearate se, caprylic\/capric triglyceride, cetearyl alcohol, coco-caprylate, sodium stearoyl lactylate, sorbitan stearate, rosa moschata seed oil *, huile de khalini anthelia *, huile de contre primev\u00e8re *, filtrat de lysat de ferment de saccharomyces,<\/p>\n<p>allanto\u00efne, panth\u00e9nol, ac\u00e9tate de tocoph\u00e9ryle, carbonate de dicaprylyle, parfum (parfum aquidhey), \u0153il, sorbate de potassium, alcool benzylique.<\/p>\n<p>Convient au traitement des peaux tr\u00e8s s\u00e8ches, d\u00e9shydrat\u00e9es et mixtes.<br \/>\nFournit une hydratation en profondeur<br \/>\nContient 75% de jus d&rsquo;Aloe Vera ferment\u00e9<\/p>\n<p>Peut \u00eatre utilis\u00e9 comme cr\u00e8me de jour et de nuit.<br \/>\nConvient pour <span style=\"color: #0000ff;\"><a style=\"color: #0000ff;\" href=\"https:\/\/www.biobey.be\/fr\/produit\/creme-raffermissante-pour-le-buste-bema\/\">l&rsquo;hydratation du d\u00e9collet\u00e9<\/a><\/span>.<\/p>\n","protected":false},"excerpt":{"rendered":"<p>Caract\u00e9ristiques de la cr\u00e8me hydratante 24H naturel pour le visage pour une hydratation intense de la peau. Avec 75% d&rsquo;Aloe vera ferment\u00e9. Cr\u00e8me naturelle pour le visage sans silicones, parab\u00e8nes et peg&rsquo;s<\/p>\n","protected":false},"featured_media":394,"comment_status":"open","ping_status":"closed","template":"","meta":{"ocean_post_layout":"","ocean_both_sidebars_style":"","ocean_both_sidebars_content_width":0,"ocean_both_sidebars_sidebars_width":0,"ocean_sidebar":"","ocean_second_sidebar":"","ocean_disable_margins":"enable","ocean_add_body_class":"","ocean_shortcode_before_top_bar":"","ocean_shortcode_after_top_bar":"","ocean_shortcode_before_header":"","ocean_shortcode_after_header":"","ocean_has_shortcode":"","ocean_shortcode_after_title":"","ocean_shortcode_before_footer_widgets":"","ocean_shortcode_after_footer_widgets":"","ocean_shortcode_before_footer_bottom":"","ocean_shortcode_after_footer_bottom":"","ocean_display_top_bar":"default","ocean_display_header":"default","ocean_header_style":"","ocean_center_header_left_menu":"","ocean_custom_header_template":"","ocean_custom_logo":0,"ocean_custom_retina_logo":0,"ocean_custom_logo_max_width":0,"ocean_custom_logo_tablet_max_width":0,"ocean_custom_logo_mobile_max_width":0,"ocean_custom_logo_max_height":0,"ocean_custom_logo_tablet_max_height":0,"ocean_custom_logo_mobile_max_height":0,"ocean_header_custom_menu":"","ocean_menu_typo_font_family":"","ocean_menu_typo_font_subset":"","ocean_menu_typo_font_size":0,"ocean_menu_typo_font_size_tablet":0,"ocean_menu_typo_font_size_mobile":0,"ocean_menu_typo_font_size_unit":"px","ocean_menu_typo_font_weight":"","ocean_menu_typo_font_weight_tablet":"","ocean_menu_typo_font_weight_mobile":"","ocean_menu_typo_transform":"","ocean_menu_typo_transform_tablet":"","ocean_menu_typo_transform_mobile":"","ocean_menu_typo_line_height":0,"ocean_menu_typo_line_height_tablet":0,"ocean_menu_typo_line_height_mobile":0,"ocean_menu_typo_line_height_unit":"","ocean_menu_typo_spacing":0,"ocean_menu_typo_spacing_tablet":0,"ocean_menu_typo_spacing_mobile":0,"ocean_menu_typo_spacing_unit":"","ocean_menu_link_color":"","ocean_menu_link_color_hover":"","ocean_menu_link_color_active":"","ocean_menu_link_background":"","ocean_menu_link_hover_background":"","ocean_menu_link_active_background":"","ocean_menu_social_links_bg":"","ocean_menu_social_hover_links_bg":"","ocean_menu_social_links_color":"","ocean_menu_social_hover_links_color":"","ocean_disable_title":"default","ocean_disable_heading":"default","ocean_post_title":"","ocean_post_subheading":"","ocean_post_title_style":"","ocean_post_title_background_color":"","ocean_post_title_background":0,"ocean_post_title_bg_image_position":"","ocean_post_title_bg_image_attachment":"","ocean_post_title_bg_image_repeat":"","ocean_post_title_bg_image_size":"","ocean_post_title_height":0,"ocean_post_title_bg_overlay":0.5,"ocean_post_title_bg_overlay_color":"","ocean_disable_breadcrumbs":"default","ocean_breadcrumbs_color":"","ocean_breadcrumbs_separator_color":"","ocean_breadcrumbs_links_color":"","ocean_breadcrumbs_links_hover_color":"","ocean_display_footer_widgets":"default","ocean_display_footer_bottom":"default","ocean_custom_footer_template":""},"product_brand":[118],"product_cat":[19,49,17,16,20],"product_tag":[125],"class_list":{"0":"post-2407","1":"product","2":"type-product","3":"status-publish","4":"has-post-thumbnail","6":"product_brand-bioearth","7":"product_cat-cremes-naturelles-de-jour-et-de-nuit","8":"product_cat-peau-seche","9":"product_cat-soins-du-visage","10":"product_cat-soins","11":"product_cat-anti-age","12":"product_tag-vegan","14":"entry","15":"has-media","17":"first","18":"instock","19":"taxable","20":"shipping-taxable","21":"purchasable","22":"product-type-simple","23":"has-rating","24":"col","25":"span_1_of_3","26":"owp-content-center","27":"owp-thumbs-layout-horizontal","28":"owp-btn-normal","29":"owp-tabs-layout-section","30":"has-no-thumbnails","31":"circle-sale"},"_links":{"self":[{"href":"https:\/\/www.biobey.be\/fr\/wp-json\/wp\/v2\/product\/2407","targetHints":{"allow":["GET"]}}],"collection":[{"href":"https:\/\/www.biobey.be\/fr\/wp-json\/wp\/v2\/product"}],"about":[{"href":"https:\/\/www.biobey.be\/fr\/wp-json\/wp\/v2\/types\/product"}],"replies":[{"embeddable":true,"href":"https:\/\/www.biobey.be\/fr\/wp-json\/wp\/v2\/comments?post=2407"}],"wp:featuredmedia":[{"embeddable":true,"href":"https:\/\/www.biobey.be\/fr\/wp-json\/wp\/v2\/media\/394"}],"wp:attachment":[{"href":"https:\/\/www.biobey.be\/fr\/wp-json\/wp\/v2\/media?parent=2407"}],"wp:term":[{"taxonomy":"product_brand","embeddable":true,"href":"https:\/\/www.biobey.be\/fr\/wp-json\/wp\/v2\/product_brand?post=2407"},{"taxonomy":"product_cat","embeddable":true,"href":"https:\/\/www.biobey.be\/fr\/wp-json\/wp\/v2\/product_cat?post=2407"},{"taxonomy":"product_tag","embeddable":true,"href":"https:\/\/www.biobey.be\/fr\/wp-json\/wp\/v2\/product_tag?post=2407"}],"curies":[{"name":"wp","href":"https:\/\/api.w.org\/{rel}","templated":true}]}}