{"id":2408,"date":"2023-08-20T22:37:10","date_gmt":"2023-08-20T20:37:10","guid":{"rendered":"https:\/\/www.biobey.be\/fr-temp\/produit\/baume-a-levres-pour-levres-gercees\/"},"modified":"2026-03-31T09:48:52","modified_gmt":"2026-03-31T07:48:52","slug":"baume-a-levres-pour-levres-gercees","status":"publish","type":"product","link":"https:\/\/www.biobey.be\/fr\/produit\/baume-a-levres-pour-levres-gercees\/","title":{"rendered":"Baume \u00e0 l\u00e8vres pour l\u00e8vres gerc\u00e9es 5.5 ml"},"content":{"rendered":"<p>Baume \u00e0 l\u00e8vres r\u00e9parateur pour l\u00e8vres gerc\u00e9es. La formule pure \u00e0 l&rsquo;aloe vera biologique et au beurre de karit\u00e9 nourrit et hydrate intens\u00e9ment les l\u00e8vres.<\/p>\n<p>Les baumes \u00e0 l\u00e8vres Bioearth ne dess\u00e8chent pas les l\u00e8vres car ils sont formul\u00e9s sans huile min\u00e9rale. Ces baumes \u00e0 l\u00e8vres naturels ne contiennent aucune substance nocive.<\/p>\n<p>Le baume \u00e0 l\u00e8vres r\u00e9parateur pour les l\u00e8vres tr\u00e8s s\u00e8ches et fissur\u00e9es est formul\u00e9 \u00e0 base de jus d&rsquo;aloe vera et de beurre de karit\u00e9. Le jus d&rsquo;aloe vera est anti-inflammatoire, antibact\u00e9rien et bourr\u00e9 de vitamines et de prot\u00e9ines qui sont tr\u00e8s b\u00e9n\u00e9fiques pour la peau fine et fragile des l\u00e8vres. Le jus d&rsquo;aloe vera aide \u00e0 r\u00e9parer la peau irrit\u00e9e des l\u00e8vres.<\/p>\n<p>Le deuxi\u00e8me ingr\u00e9dient actif de ce baume \u00e0 l\u00e8vres r\u00e9parateur est le beurre de karit\u00e9. Le beurre de karit\u00e9 nourrit les l\u00e8vres s\u00e8ches et irrit\u00e9es avec des vitamines et des acides gras essentiels. Le beurre de karit\u00e9 a des propri\u00e9t\u00e9s anti-inflammatoires et antibact\u00e9riennes.<\/p>\n<p>Il prot\u00e8ge la peau des rayons UV nocifs et du stress oxydatif caus\u00e9 par les radicaux libres. C&rsquo;est pourquoi le beurre de karit\u00e9 est un excellent produit de soin pour r\u00e9parer et prot\u00e9ger les l\u00e8vres tr\u00e8s s\u00e8ches et sensibles.<\/p>\n<h2>Baume \u00e0 l\u00e8vres pour l\u00e8vres gerc\u00e9es &#8211; caract\u00e9ristiques<\/h2>\n<p>Pour les l\u00e8vres tr\u00e8s s\u00e8ches et gerc\u00e9es<br \/>\nBaume \u00e0 l\u00e8vres sans huile min\u00e9rale<br \/>\nBaume pour les l\u00e8vres qui ne dess\u00e8che pas les l\u00e8vres<br \/>\nR\u00e9pare et nourrit intens\u00e9ment la peau fine et fragile des l\u00e8vres.<br \/>\nBaume \u00e0 l\u00e8vres sans substances nocives<\/p>\n<p>Ingr\u00e9dients : huile de canola, triglyc\u00e9ride caprylique\/caprique, cire de son d&rsquo;oryza sativa, huile de colza hydrog\u00e9n\u00e9e, jus d&rsquo;aloe barbadensisleaf*, beurre de butyrospermum parkii (karit\u00e9), filtrat de lysat de ferment de saccharomyces, tocoph\u00e9rol, squal\u00e8ne, glyc\u00e9rine, huile de graines d&rsquo;helianthus annuus (tournesol), extrait de fruit de thaumatococcus danielli, polyricinol\u00e9ate de polyglyc\u00e9ryle-3, laurate de glyc\u00e9ryle, aqua, acide citrique, ar\u00f4me, b\u00eata-sitost\u00e9rol, benzoate de sodium, sorbate de potassium.<\/p>\n<p>*En provenance de l&rsquo;agriculture biologique<\/p>\n","protected":false},"excerpt":{"rendered":"<p><strong>Caract\u00e9ristiques du baume \u00e0 l\u00e8vres r\u00e9parateur naturel et cicatrisant<\/strong><\/p>\n<p>Sur une base de jus d&rsquo;Aloe vera et de beurre de karit\u00e9<br \/>\nHydrate les l\u00e8vres s\u00e8ches<br \/>\nR\u00e9pare les l\u00e8vres gerc\u00e9es<br \/>\nApaise les l\u00e8vres irrit\u00e9es<br \/>\nVegan<br \/>\nNe contient pas de silicones, d&rsquo;huiles min\u00e9rales ou d&rsquo;autres substances nocives.<\/p>\n","protected":false},"featured_media":498,"comment_status":"open","ping_status":"closed","template":"","meta":{"ocean_post_layout":"","ocean_both_sidebars_style":"","ocean_both_sidebars_content_width":0,"ocean_both_sidebars_sidebars_width":0,"ocean_sidebar":"0","ocean_second_sidebar":"0","ocean_disable_margins":"enable","ocean_add_body_class":"","ocean_shortcode_before_top_bar":"","ocean_shortcode_after_top_bar":"","ocean_shortcode_before_header":"","ocean_shortcode_after_header":"","ocean_has_shortcode":"","ocean_shortcode_after_title":"","ocean_shortcode_before_footer_widgets":"","ocean_shortcode_after_footer_widgets":"","ocean_shortcode_before_footer_bottom":"","ocean_shortcode_after_footer_bottom":"","ocean_display_top_bar":"default","ocean_display_header":"default","ocean_header_style":"","ocean_center_header_left_menu":"0","ocean_custom_header_template":"0","ocean_custom_logo":0,"ocean_custom_retina_logo":0,"ocean_custom_logo_max_width":0,"ocean_custom_logo_tablet_max_width":0,"ocean_custom_logo_mobile_max_width":0,"ocean_custom_logo_max_height":0,"ocean_custom_logo_tablet_max_height":0,"ocean_custom_logo_mobile_max_height":0,"ocean_header_custom_menu":"0","ocean_menu_typo_font_family":"0","ocean_menu_typo_font_subset":"","ocean_menu_typo_font_size":0,"ocean_menu_typo_font_size_tablet":0,"ocean_menu_typo_font_size_mobile":0,"ocean_menu_typo_font_size_unit":"px","ocean_menu_typo_font_weight":"","ocean_menu_typo_font_weight_tablet":"","ocean_menu_typo_font_weight_mobile":"","ocean_menu_typo_transform":"","ocean_menu_typo_transform_tablet":"","ocean_menu_typo_transform_mobile":"","ocean_menu_typo_line_height":0,"ocean_menu_typo_line_height_tablet":0,"ocean_menu_typo_line_height_mobile":0,"ocean_menu_typo_line_height_unit":"","ocean_menu_typo_spacing":0,"ocean_menu_typo_spacing_tablet":0,"ocean_menu_typo_spacing_mobile":0,"ocean_menu_typo_spacing_unit":"","ocean_menu_link_color":"","ocean_menu_link_color_hover":"","ocean_menu_link_color_active":"","ocean_menu_link_background":"","ocean_menu_link_hover_background":"","ocean_menu_link_active_background":"","ocean_menu_social_links_bg":"","ocean_menu_social_hover_links_bg":"","ocean_menu_social_links_color":"","ocean_menu_social_hover_links_color":"","ocean_disable_title":"default","ocean_disable_heading":"default","ocean_post_title":"","ocean_post_subheading":"","ocean_post_title_style":"","ocean_post_title_background_color":"","ocean_post_title_background":0,"ocean_post_title_bg_image_position":"","ocean_post_title_bg_image_attachment":"","ocean_post_title_bg_image_repeat":"","ocean_post_title_bg_image_size":"","ocean_post_title_height":0,"ocean_post_title_bg_overlay":0.5,"ocean_post_title_bg_overlay_color":"","ocean_disable_breadcrumbs":"default","ocean_breadcrumbs_color":"","ocean_breadcrumbs_separator_color":"","ocean_breadcrumbs_links_color":"","ocean_breadcrumbs_links_hover_color":"","ocean_display_footer_widgets":"default","ocean_display_footer_bottom":"default","ocean_custom_footer_template":"0"},"product_brand":[118],"product_cat":[16],"product_tag":[125],"class_list":{"0":"post-2408","1":"product","2":"type-product","3":"status-publish","4":"has-post-thumbnail","6":"product_brand-bioearth","7":"product_cat-soins","8":"product_tag-vegan","10":"entry","11":"has-media","13":"first","14":"instock","15":"taxable","16":"shipping-taxable","17":"purchasable","18":"product-type-simple","19":"has-rating","20":"col","21":"span_1_of_3","22":"owp-content-center","23":"owp-thumbs-layout-horizontal","24":"owp-btn-normal","25":"owp-tabs-layout-section","26":"has-no-thumbnails","27":"circle-sale"},"_links":{"self":[{"href":"https:\/\/www.biobey.be\/fr\/wp-json\/wp\/v2\/product\/2408","targetHints":{"allow":["GET"]}}],"collection":[{"href":"https:\/\/www.biobey.be\/fr\/wp-json\/wp\/v2\/product"}],"about":[{"href":"https:\/\/www.biobey.be\/fr\/wp-json\/wp\/v2\/types\/product"}],"replies":[{"embeddable":true,"href":"https:\/\/www.biobey.be\/fr\/wp-json\/wp\/v2\/comments?post=2408"}],"wp:featuredmedia":[{"embeddable":true,"href":"https:\/\/www.biobey.be\/fr\/wp-json\/wp\/v2\/media\/498"}],"wp:attachment":[{"href":"https:\/\/www.biobey.be\/fr\/wp-json\/wp\/v2\/media?parent=2408"}],"wp:term":[{"taxonomy":"product_brand","embeddable":true,"href":"https:\/\/www.biobey.be\/fr\/wp-json\/wp\/v2\/product_brand?post=2408"},{"taxonomy":"product_cat","embeddable":true,"href":"https:\/\/www.biobey.be\/fr\/wp-json\/wp\/v2\/product_cat?post=2408"},{"taxonomy":"product_tag","embeddable":true,"href":"https:\/\/www.biobey.be\/fr\/wp-json\/wp\/v2\/product_tag?post=2408"}],"curies":[{"name":"wp","href":"https:\/\/api.w.org\/{rel}","templated":true}]}}