{"id":2409,"date":"2023-09-16T13:42:44","date_gmt":"2023-09-16T11:42:44","guid":{"rendered":"https:\/\/www.biobey.be\/fr-temp\/produit\/serum-silicium-et-microalgues-naturel\/"},"modified":"2026-03-18T10:24:42","modified_gmt":"2026-03-18T09:24:42","slug":"serum-silicium-et-microalgues-naturel","status":"publish","type":"product","link":"https:\/\/www.biobey.be\/fr\/produit\/serum-silicium-et-microalgues-naturel\/","title":{"rendered":"S\u00e9rum silicium et microalgues Bioearth 15ml"},"content":{"rendered":"<p>S\u00e9rum silicium et microalgues naturel de Bioearth hydrate la peau et a un effet anti-\u00e2ge. Il est id\u00e9al pour le soin des peaux s\u00e8ches \u00e0 ridules. Ce s\u00e9rum naturel min\u00e9ralise et adoucit la peau. Il aide \u00e0 r\u00e9duire les rides caus\u00e9es par la s\u00e9cheresse de la peau. Le s\u00e9rum Bioearth contient une solution concentr\u00e9e de silicium et de microalgues dans du jus d&rsquo;aloe vera biologique.<\/p>\n<p>Le complexe min\u00e9ral stimule le renouvellement cellulaire et ralentit la formation des rides. L&rsquo;acide hyaluronique assure une hydratation en profondeur. Le s\u00e9rum silicium et microalgues naturel de Bioearth convient \u00e0 tous les types de peau. Il nourrit et adoucit les peaux s\u00e8ches. Avec une utilisation r\u00e9guli\u00e8re, la peau para\u00eet plus uniforme et rafra\u00eechie.<\/p>\n<h2>Composition du s\u00e9rum silicium et microalgues naturel<\/h2>\n<p>Le silicium est un min\u00e9ral important pr\u00e9sent en petites quantit\u00e9s dans l&rsquo;organisme. Il a un effet b\u00e9n\u00e9fique sur les cheveux, la peau et les ongles. Le silicium ralentit le vieillissement des cellules de la peau en prot\u00e9geant les prot\u00e9ines \u00e9lastine et collag\u00e8ne. L&rsquo;extrait de micro-algue Nanochloropsis pr\u00e9vient le vieillissement pr\u00e9matur\u00e9 de la peau. Il prot\u00e8ge la peau du stress oxydatif.<\/p>\n<p>En outre, il am\u00e9liore la structure de la peau et nourrit les peaux d\u00e9shydrat\u00e9es. L&rsquo;extrait de jus d&rsquo;aloe vera biologique renforce la barri\u00e8re cutan\u00e9e et acc\u00e9l\u00e8re le processus de r\u00e9g\u00e9n\u00e9ration de la peau.<\/p>\n<p>L&rsquo;acide hyaluronique associ\u00e9 \u00e0 l&rsquo;extrait d&rsquo;Aloe Vera estompe les rides en hydratant la peau. Le s\u00e9rum silicium et microalgues naturel prot\u00e8ge la peau des influences ext\u00e9rieures n\u00e9gatives. Avec une utilisation r\u00e9guli\u00e8re, la peau est plus douce et plus souple.<\/p>\n<p>Le s\u00e9rum silicium et microalgues naturel de Bioearth est v\u00e9g\u00e9talien et convient \u00e0 tous les types de peau. Il est exempt de parfum, d&rsquo;alcool synth\u00e9tique, de parab\u00e8nes et d&rsquo;huiles min\u00e9rales.<\/p>\n<p>Les s\u00e9rums Elementa de Bioearth peuvent \u00eatre utilis\u00e9s directement ou m\u00e9lang\u00e9s aux cr\u00e8mes de base Elementa.<\/p>\n<p>Mode d&#8217;emploi :<br \/>\nAppliquez 2 \u00e0 3 gouttes du s\u00e9rum sur visage ou localement sur les rides et massez doucement. Utilisez-le matin et soir sur une peau nettoy\u00e9e.<\/p>\n<p>Ajoutez 2 \u00e0 3 gouttes de s\u00e9rum Bioearth \u00e0 une petite quantit\u00e9 de cr\u00e8me pour le visage Bioearth et m\u00e9langez dans la paume de la main. Massez ensuite la cr\u00e8me sur le visage deux fois par jour.<\/p>\n<p>Ingr\u00e9dients : Aqua, Gomme de cellulose, Extrait de Nannochloropsis Oculata, Pullulan, Ferment de Saccharomyces\/Silicone (alternative naturelle aux silicones), Ferment de Saccharomyces\/Cuivre,<\/p>\n<p>Ferment de Saccharomyces\/Iron, Ferment de Saccharomyces\/Magn\u00e9sium, Ferment de Saccharomyces\/Zinc, Hyaluronate de Sodium, Jus de Feuille d&rsquo;Aloe Barbadensis*, Alcool Ph\u00e9n\u00e9thylique, Caprylyl Glycol<\/p>\n<p>*En provenance de l&rsquo;agriculture biologique<\/p>\n","protected":false},"excerpt":{"rendered":"<p>S\u00e9rum hydrate la peau et estompe les ridules.<br \/>\nIl convient \u00e0 tous les types de peau.<br \/>\nCertifications : Vegan, AIAB<br \/>\nFormule : extrait de jus d&rsquo;aloe vera biologique, acide hyaluronique, silicium et microalgues 2%.<\/p>\n","protected":false},"featured_media":536,"comment_status":"open","ping_status":"closed","template":"","meta":{"ocean_post_layout":"","ocean_both_sidebars_style":"","ocean_both_sidebars_content_width":0,"ocean_both_sidebars_sidebars_width":0,"ocean_sidebar":"","ocean_second_sidebar":"","ocean_disable_margins":"enable","ocean_add_body_class":"","ocean_shortcode_before_top_bar":"","ocean_shortcode_after_top_bar":"","ocean_shortcode_before_header":"","ocean_shortcode_after_header":"","ocean_has_shortcode":"","ocean_shortcode_after_title":"","ocean_shortcode_before_footer_widgets":"","ocean_shortcode_after_footer_widgets":"","ocean_shortcode_before_footer_bottom":"","ocean_shortcode_after_footer_bottom":"","ocean_display_top_bar":"default","ocean_display_header":"default","ocean_header_style":"","ocean_center_header_left_menu":"","ocean_custom_header_template":"","ocean_custom_logo":0,"ocean_custom_retina_logo":0,"ocean_custom_logo_max_width":0,"ocean_custom_logo_tablet_max_width":0,"ocean_custom_logo_mobile_max_width":0,"ocean_custom_logo_max_height":0,"ocean_custom_logo_tablet_max_height":0,"ocean_custom_logo_mobile_max_height":0,"ocean_header_custom_menu":"","ocean_menu_typo_font_family":"","ocean_menu_typo_font_subset":"","ocean_menu_typo_font_size":0,"ocean_menu_typo_font_size_tablet":0,"ocean_menu_typo_font_size_mobile":0,"ocean_menu_typo_font_size_unit":"px","ocean_menu_typo_font_weight":"","ocean_menu_typo_font_weight_tablet":"","ocean_menu_typo_font_weight_mobile":"","ocean_menu_typo_transform":"","ocean_menu_typo_transform_tablet":"","ocean_menu_typo_transform_mobile":"","ocean_menu_typo_line_height":0,"ocean_menu_typo_line_height_tablet":0,"ocean_menu_typo_line_height_mobile":0,"ocean_menu_typo_line_height_unit":"","ocean_menu_typo_spacing":0,"ocean_menu_typo_spacing_tablet":0,"ocean_menu_typo_spacing_mobile":0,"ocean_menu_typo_spacing_unit":"","ocean_menu_link_color":"","ocean_menu_link_color_hover":"","ocean_menu_link_color_active":"","ocean_menu_link_background":"","ocean_menu_link_hover_background":"","ocean_menu_link_active_background":"","ocean_menu_social_links_bg":"","ocean_menu_social_hover_links_bg":"","ocean_menu_social_links_color":"","ocean_menu_social_hover_links_color":"","ocean_disable_title":"default","ocean_disable_heading":"default","ocean_post_title":"","ocean_post_subheading":"","ocean_post_title_style":"","ocean_post_title_background_color":"","ocean_post_title_background":0,"ocean_post_title_bg_image_position":"","ocean_post_title_bg_image_attachment":"","ocean_post_title_bg_image_repeat":"","ocean_post_title_bg_image_size":"","ocean_post_title_height":0,"ocean_post_title_bg_overlay":0.5,"ocean_post_title_bg_overlay_color":"","ocean_disable_breadcrumbs":"default","ocean_breadcrumbs_color":"","ocean_breadcrumbs_separator_color":"","ocean_breadcrumbs_links_color":"","ocean_breadcrumbs_links_hover_color":"","ocean_display_footer_widgets":"default","ocean_display_footer_bottom":"default","ocean_custom_footer_template":""},"product_brand":[118],"product_cat":[19,17,16,20],"product_tag":[125],"class_list":{"0":"post-2409","1":"product","2":"type-product","3":"status-publish","4":"has-post-thumbnail","6":"product_brand-bioearth","7":"product_cat-cremes-naturelles-de-jour-et-de-nuit","8":"product_cat-soins-du-visage","9":"product_cat-soins","10":"product_cat-anti-age","11":"product_tag-vegan","13":"entry","14":"has-media","16":"first","17":"instock","18":"taxable","19":"shipping-taxable","20":"purchasable","21":"product-type-simple","22":"has-rating","23":"col","24":"span_1_of_3","25":"owp-content-center","26":"owp-thumbs-layout-horizontal","27":"owp-btn-normal","28":"owp-tabs-layout-section","29":"has-no-thumbnails","30":"circle-sale"},"_links":{"self":[{"href":"https:\/\/www.biobey.be\/fr\/wp-json\/wp\/v2\/product\/2409","targetHints":{"allow":["GET"]}}],"collection":[{"href":"https:\/\/www.biobey.be\/fr\/wp-json\/wp\/v2\/product"}],"about":[{"href":"https:\/\/www.biobey.be\/fr\/wp-json\/wp\/v2\/types\/product"}],"replies":[{"embeddable":true,"href":"https:\/\/www.biobey.be\/fr\/wp-json\/wp\/v2\/comments?post=2409"}],"wp:featuredmedia":[{"embeddable":true,"href":"https:\/\/www.biobey.be\/fr\/wp-json\/wp\/v2\/media\/536"}],"wp:attachment":[{"href":"https:\/\/www.biobey.be\/fr\/wp-json\/wp\/v2\/media?parent=2409"}],"wp:term":[{"taxonomy":"product_brand","embeddable":true,"href":"https:\/\/www.biobey.be\/fr\/wp-json\/wp\/v2\/product_brand?post=2409"},{"taxonomy":"product_cat","embeddable":true,"href":"https:\/\/www.biobey.be\/fr\/wp-json\/wp\/v2\/product_cat?post=2409"},{"taxonomy":"product_tag","embeddable":true,"href":"https:\/\/www.biobey.be\/fr\/wp-json\/wp\/v2\/product_tag?post=2409"}],"curies":[{"name":"wp","href":"https:\/\/api.w.org\/{rel}","templated":true}]}}