{"id":2414,"date":"2025-04-01T21:31:13","date_gmt":"2025-04-01T19:31:13","guid":{"rendered":"https:\/\/www.biobey.be\/fr-temp\/produit\/serum-detox-pour-le-corps\/"},"modified":"2025-11-26T17:14:32","modified_gmt":"2025-11-26T16:14:32","slug":"serum-detox-pour-le-corps","status":"publish","type":"product","link":"https:\/\/www.biobey.be\/fr\/produit\/serum-detox-pour-le-corps\/","title":{"rendered":"S\u00e9rum D\u00e9tox pour le corps Fucus et Ananas 6% 50ml"},"content":{"rendered":"<p>S\u00e9rum D\u00e9tox pour le corps Fucus et Ananas est une solution naturelle concentr\u00e9e de 3% d&rsquo;extraits de Fucus et 3% d&rsquo;extraits d&rsquo;Ananas dans une base de jus d&rsquo;Aloe vera biologique. Il agit sur la <span style=\"color: #0000ff;\"><a style=\"color: #0000ff;\" href=\"https:\/\/www.biobey.be\/fr\/produit\/creme-raffermissante-corps-bio-150-ml\/\">r\u00e9tention d&rsquo;eau, les gonflements et la cellulite<\/a><\/span>.<\/p>\n<p>Il est con\u00e7u pour une utilisation topique sur les parties du corps pr\u00e9sentant une r\u00e9tention d&rsquo;eau et de la cellulite. La formule concentr\u00e9e a un effet drainant et revitalisant.<\/p>\n<p>Elle favorise la microcirculation des cellules de la peau et <strong>stimule l&rsquo;\u00e9limination de la r\u00e9tention d&rsquo;eau<\/strong> et des petites particules de salet\u00e9. Le s\u00e9rum d\u00e9tox pour le corps fucus + ananas 6% aide \u00e0 lisser la peau et \u00e0 r\u00e9duire la cellulite.<\/p>\n<p>L&rsquo;acide hyaluronique et les extraits d&rsquo;aloe vera contenus dans le s\u00e9rum d\u00e9tox pour le corps hydratent et adoucissent la peau.<\/p>\n<p>Il peut \u00eatre utilis\u00e9 sur les zones pr\u00e9sentant une r\u00e9tention d&rsquo;eau, comme les pieds enfl\u00e9s. Il peut \u00e9galement \u00eatre utilis\u00e9 sur les zones pr\u00e9sentant de la cellulite et un teint irr\u00e9gulier. Le s\u00e9rum d\u00e9tox pour le corps ne contient pas de parfum synth\u00e9tique.<\/p>\n<h2>Caract\u00e9ristiques de s\u00e9rum d\u00e9tox pour le corps Fucus + Ananas 6%<\/h2>\n<p>Le Fucus appartient \u00e0 l&rsquo;esp\u00e8ce des algues brunes. Au Japon, il est traditionnellement consomm\u00e9 et utilis\u00e9 pour ses effets b\u00e9n\u00e9fiques. Le Fucus est riche en vitamine A, en prot\u00e9ines, en iode, en magn\u00e9sium, en algues, en fer, etc. Le fucus v\u00e9sical <strong>stimule la microcirculation du sang et de la lymphe<\/strong>. Il contient de la fucoxanthine. Cette substance favorise la d\u00e9gradation des cellules graisseuses.<\/p>\n<p>L&rsquo;extrait d&rsquo;ananas contient l&rsquo;enzyme brom\u00e9la\u00efne. Il d\u00e9compose les prot\u00e9ines accumul\u00e9es dans les tissus en acides amin\u00e9s. Cela permet de r\u00e9duire la cellulite. L&rsquo;acide hyaluronique contenu dans le s\u00e9rum d\u00e9tox pour le corps Fucus + Ananas a un effet apaisant. Il hydrate les couches de la peau et pr\u00e9vient dehydration.<\/p>\n<p>Le jus d&rsquo;aloe vera biologique pr\u00e9vient les inflammations et apaise la peau. <strong>L&rsquo;effet drainant et raffermissan<\/strong>t du s\u00e9rum d\u00e9tox pour le corps est d\u00fb \u00e0 la forte concentration de fucus et d&rsquo;extraits d&rsquo;ananas.<\/p>\n<h3>Comment utiliser le s\u00e9rum d\u00e9toxifiant pour le corps Fucus ?<\/h3>\n<p>Le s\u00e9rum d\u00e9toxifiant pour le corps naturel Fucus et ananas peut \u00eatre utilis\u00e9 de deux mani\u00e8res. Le s\u00e9rum peut \u00eatre ajout\u00e9 \u00e0 <a href=\"https:\/\/www.biobey.be\/fr\/produit\/creme-raffermissante-bio-pour-le-ventre\/\"><span style=\"color: #0000ff;\">une cr\u00e8me pour le corps<\/span><\/a> ou appliqu\u00e9 directement sur la peau.<\/p>\n<p>Utilisez le s\u00e9rum une ou deux fois par jour pendant une p\u00e9riode de 1 \u00e0 3 mois. Versez la quantit\u00e9 n\u00e9cessaire de cr\u00e8me pour le corps dans la paume de votre main, puis ajoutez 3 \u00e0 4 gouttes de s\u00e9rum et m\u00e9langez. Appliquez ensuite la cr\u00e8me pour le corps sur la peau.<\/p>\n<p>Appliquez le s\u00e9rum directement sur la zone \u00e0 traiter et massez doucement jusqu&rsquo;\u00e0 ce qu&rsquo;il soit correctement absorb\u00e9 par la peau.<br \/>\nConseil : pour de meilleurs r\u00e9sultats, exfoliez la peau avant d&rsquo;appliquer le s\u00e9rum.<\/p>\n<p>Le s\u00e9rum d\u00e9toxifiant pour le corps au fucus et \u00e0 l&rsquo;ananas fait partie de la gamme de soins pour le corps Elementa de Bioearth. Ce s\u00e9rum pour le corps est v\u00e9gan et ne contient ni silicone, ni parfum, ni PEG, ni colorant. Il a \u00e9t\u00e9 test\u00e9 sous contr\u00f4le dermatologique.<br \/>\nBioearth est un fabricant italien de produits de soins et de sant\u00e9 naturels et \u00e9cologiques.<\/p>\n<p>Le s\u00e9rum d\u00e9tox pour le corps Fucus + Ananas 6% est v\u00e9g\u00e9talien et exempt d&rsquo;irritants.<\/p>\n<p><strong>Ingr\u00e9dients<\/strong> : Aqua, Glyc\u00e9rine, Gomme de cellulose, Extrait de fruit d&rsquo;Ananas Sativus, Extrait de Fucus Vesiculosus, Jus de feuille d&rsquo;Aloe Barbadensis*, Hyaluronate de sodium, Alcool ph\u00e9n\u00e9thylique, Caprylyl Glycol.<\/p>\n<p>*Ingr\u00e9dients issus de l&rsquo;agriculture biologique<\/p>\n","protected":false},"excerpt":{"rendered":"<p>S\u00e9rum d\u00e9tox pour le corps Fucus + Ananas 6% est con\u00e7u pour traiter la r\u00e9tention d&rsquo;eau, les irr\u00e9gularit\u00e9s et la cellulite. Il stimule la microcirculation et l&rsquo;\u00e9limination de la r\u00e9tention d&rsquo;eau et des petites particules de graisse.<br \/>\nFormule: 3% de Fucus, 3% d&rsquo;extrait d&rsquo;ananas dissous dans du jus d&rsquo;aloe vera biologique<\/p>\n<p>Le s\u00e9rum d\u00e9tox pour le corps est naturel et v\u00e9g\u00e9talien<\/p>\n","protected":false},"featured_media":475,"comment_status":"open","ping_status":"closed","template":"","meta":{"ocean_post_layout":"","ocean_both_sidebars_style":"","ocean_both_sidebars_content_width":0,"ocean_both_sidebars_sidebars_width":0,"ocean_sidebar":"0","ocean_second_sidebar":"0","ocean_disable_margins":"enable","ocean_add_body_class":"","ocean_shortcode_before_top_bar":"","ocean_shortcode_after_top_bar":"","ocean_shortcode_before_header":"","ocean_shortcode_after_header":"","ocean_has_shortcode":"","ocean_shortcode_after_title":"","ocean_shortcode_before_footer_widgets":"","ocean_shortcode_after_footer_widgets":"","ocean_shortcode_before_footer_bottom":"","ocean_shortcode_after_footer_bottom":"","ocean_display_top_bar":"default","ocean_display_header":"default","ocean_header_style":"","ocean_center_header_left_menu":"0","ocean_custom_header_template":"0","ocean_custom_logo":0,"ocean_custom_retina_logo":0,"ocean_custom_logo_max_width":0,"ocean_custom_logo_tablet_max_width":0,"ocean_custom_logo_mobile_max_width":0,"ocean_custom_logo_max_height":0,"ocean_custom_logo_tablet_max_height":0,"ocean_custom_logo_mobile_max_height":0,"ocean_header_custom_menu":"0","ocean_menu_typo_font_family":"0","ocean_menu_typo_font_subset":"","ocean_menu_typo_font_size":0,"ocean_menu_typo_font_size_tablet":0,"ocean_menu_typo_font_size_mobile":0,"ocean_menu_typo_font_size_unit":"px","ocean_menu_typo_font_weight":"","ocean_menu_typo_font_weight_tablet":"","ocean_menu_typo_font_weight_mobile":"","ocean_menu_typo_transform":"","ocean_menu_typo_transform_tablet":"","ocean_menu_typo_transform_mobile":"","ocean_menu_typo_line_height":0,"ocean_menu_typo_line_height_tablet":0,"ocean_menu_typo_line_height_mobile":0,"ocean_menu_typo_line_height_unit":"","ocean_menu_typo_spacing":0,"ocean_menu_typo_spacing_tablet":0,"ocean_menu_typo_spacing_mobile":0,"ocean_menu_typo_spacing_unit":"","ocean_menu_link_color":"","ocean_menu_link_color_hover":"","ocean_menu_link_color_active":"","ocean_menu_link_background":"","ocean_menu_link_hover_background":"","ocean_menu_link_active_background":"","ocean_menu_social_links_bg":"","ocean_menu_social_hover_links_bg":"","ocean_menu_social_links_color":"","ocean_menu_social_hover_links_color":"","ocean_disable_title":"default","ocean_disable_heading":"default","ocean_post_title":"","ocean_post_subheading":"","ocean_post_title_style":"","ocean_post_title_background_color":"","ocean_post_title_background":0,"ocean_post_title_bg_image_position":"","ocean_post_title_bg_image_attachment":"","ocean_post_title_bg_image_repeat":"","ocean_post_title_bg_image_size":"","ocean_post_title_height":0,"ocean_post_title_bg_overlay":0.5,"ocean_post_title_bg_overlay_color":"","ocean_disable_breadcrumbs":"default","ocean_breadcrumbs_color":"","ocean_breadcrumbs_separator_color":"","ocean_breadcrumbs_links_color":"","ocean_breadcrumbs_links_hover_color":"","ocean_display_footer_widgets":"default","ocean_display_footer_bottom":"default","ocean_custom_footer_template":"0"},"product_brand":[118],"product_cat":[28,16,51],"product_tag":[],"class_list":{"0":"post-2414","1":"product","2":"type-product","3":"status-publish","4":"has-post-thumbnail","6":"product_brand-bioearth","7":"product_cat-anti-cellulite","8":"product_cat-soins","9":"product_cat-soins-du-corps","11":"entry","12":"has-media","14":"first","15":"instock","16":"taxable","17":"shipping-taxable","18":"purchasable","19":"product-type-simple","20":"has-rating","21":"col","22":"span_1_of_3","23":"owp-content-center","24":"owp-thumbs-layout-horizontal","25":"owp-btn-normal","26":"owp-tabs-layout-section","27":"has-no-thumbnails","28":"circle-sale"},"_links":{"self":[{"href":"https:\/\/www.biobey.be\/fr\/wp-json\/wp\/v2\/product\/2414","targetHints":{"allow":["GET"]}}],"collection":[{"href":"https:\/\/www.biobey.be\/fr\/wp-json\/wp\/v2\/product"}],"about":[{"href":"https:\/\/www.biobey.be\/fr\/wp-json\/wp\/v2\/types\/product"}],"replies":[{"embeddable":true,"href":"https:\/\/www.biobey.be\/fr\/wp-json\/wp\/v2\/comments?post=2414"}],"wp:featuredmedia":[{"embeddable":true,"href":"https:\/\/www.biobey.be\/fr\/wp-json\/wp\/v2\/media\/475"}],"wp:attachment":[{"href":"https:\/\/www.biobey.be\/fr\/wp-json\/wp\/v2\/media?parent=2414"}],"wp:term":[{"taxonomy":"product_brand","embeddable":true,"href":"https:\/\/www.biobey.be\/fr\/wp-json\/wp\/v2\/product_brand?post=2414"},{"taxonomy":"product_cat","embeddable":true,"href":"https:\/\/www.biobey.be\/fr\/wp-json\/wp\/v2\/product_cat?post=2414"},{"taxonomy":"product_tag","embeddable":true,"href":"https:\/\/www.biobey.be\/fr\/wp-json\/wp\/v2\/product_tag?post=2414"}],"curies":[{"name":"wp","href":"https:\/\/api.w.org\/{rel}","templated":true}]}}