{"id":2415,"date":"2023-08-21T21:41:48","date_gmt":"2023-08-21T19:41:48","guid":{"rendered":"https:\/\/www.biobey.be\/fr-temp\/produit\/creme-de-douche-durable-orange-bergamote\/"},"modified":"2025-07-11T13:45:16","modified_gmt":"2025-07-11T11:45:16","slug":"creme-de-douche-durable-orange-bergamote","status":"publish","type":"product","link":"https:\/\/www.biobey.be\/fr\/produit\/creme-de-douche-durable-orange-bergamote\/","title":{"rendered":"Cr\u00e8me de douche durable Orange et Bergamote 100 ml"},"content":{"rendered":"<p>La cr\u00e8me de douche durable Orange et Bergamote est une cr\u00e8me de douche \u00e9cologique et concentr\u00e9e aux huiles d&rsquo;orange et de bergamote. La formule durable \u00e0 base de jus d&rsquo;aloe vera, de beurre de karit\u00e9, d&rsquo;huile de noix de coco et enrichie en huiles essentielles d&rsquo;orange et de bergamote permet un nettoyage doux et agr\u00e9able de la peau de mani\u00e8re naturelle et respectueuse de l&rsquo;environnement.<\/p>\n<h2>Nettoyage en douceur avec la cr\u00e8me de douche durable Orange et Bergamote<\/h2>\n<p>La formule hautement concentr\u00e9e de jus d&rsquo;aloe vera, de beurre de karit\u00e9, d&rsquo;huile de coco et enrichie d&rsquo;huiles essentielles d&rsquo;orange et de bergamote, cette cr\u00e8me de douche durable permet un nettoyage tr\u00e8s doux mais profond de la peau.<\/p>\n<h3>Fonctions du principe actif de la cr\u00e8me de douche durable Consho<\/h3>\n<p>L&rsquo;ingr\u00e9dient de base de cette cr\u00e8me de douche durable est le jus d&rsquo;aloe vera. Il poss\u00e8de de fortes propri\u00e9t\u00e9s antibact\u00e9riennes et anti-inflammatoires. Le jus d&rsquo;aloe vera est riche en prot\u00e9ines, en vitamines et en min\u00e9raux. Il apaise la peau irrit\u00e9e ou br\u00fbl\u00e9e et acc\u00e9l\u00e8re la cicatrisation des plaies. Le beurre de karit\u00e9 contenu dans la composition est riche en vitamines A, E.<\/p>\n<p>Il adoucit et hydrate intens\u00e9ment la peau. Le beurre de karit\u00e9 a des propri\u00e9t\u00e9s anti-inflammatoires et apaise les peaux rouges et irrit\u00e9es.<br \/>\nL&rsquo;ajout d&rsquo;huiles essentielles d&rsquo;orange et de bergamote conf\u00e8re un joli parfum naturel \u00e0 cette cr\u00e8me de douche durable. En outre, ces huiles essentielles regorgent de vitamines et ont des propri\u00e9t\u00e9s anti-inflammatoires.<\/p>\n<p>Gr\u00e2ce aux propri\u00e9t\u00e9s des substances fonctionnelles contenues dans la cr\u00e8me de douche Consho, elle convient au nettoyage des peaux sensibles ou s\u00e8ches.<\/p>\n<p><strong>Shampoings et gels douche Consho durables<\/strong><\/p>\n<p>En utilisant les gels douche et les shampooings Consho, vous optez pour des produits de soins respectueux de l&rsquo;environnement. Ces produits ont tous un emballage \u00e9cologique et une formule tr\u00e8s concentr\u00e9e qui utilise tr\u00e8s peu d&rsquo;eau.<\/p>\n<p>En utilisant ces cr\u00e8mes de douche, vous gaspillez \u00e9galement beaucoup moins d&rsquo;eau, car vous les appliquez d&rsquo;abord sur votre corps comme une cr\u00e8me, puis vous les rincez. En outre, les mati\u00e8res premi\u00e8res sont certifi\u00e9es et proviennent d&rsquo;une agriculture durable et biologique.<\/p>\n<h3>Comment utiliser la cr\u00e8me de douche durable concentr\u00e9e Consho?<\/h3>\n<p>Mouiller le corps et prendre une quantit\u00e9 suffisante de produit, masser sur tout le corps puis rincer.<\/p>\n<p><strong>Ingr\u00e9dients<\/strong> : jus de feuille d&rsquo;aloe barbadensis*, glyc\u00e9rine, cocosulfate de sodium, aqua, b\u00e9ta\u00efne, cocoyl is\u00e9thionate de sodium, ol\u00e9ate de glyc\u00e9ryle, coco-glucoside, cocamidopropyl b\u00e9ta\u00efne, alcool c\u00e9tylique, ac\u00e9tate de tocoph\u00e9ryle, triglyc\u00e9rides c10-18, beurre de butyrospermum parkii*, cocos nucifera huile*, extrait de feuilles de fragaria vesca*,<\/p>\n<p>huile de fruits d&rsquo;olea europaea, beurre de graines de theobroma cacao, xylitol, palmitate d&rsquo;\u00e9thylhexyle, fragnance, alcool benzylique, hexyl cinnamal, limon\u00e8ne, \u00e9thylhexylglyc\u00e9rine, benzoate de sodium, sorbate de potassium.<\/p>\n<p>*biologique<\/p>\n","protected":false},"excerpt":{"rendered":"<p>Convient pour le nettoyage des peaux s\u00e8ches ou sensibles<br \/>\nenrichi en vitamine C issue des huiles essentielles d&rsquo;orange et de bergamote<br \/>\nemballage durable<\/p>\n<p>Formule concentr\u00e9e respectueuse de l&rsquo;environnement<br \/>\nNe contient pas de Parabens, Peg&rsquo;s, Silicones SLS et SLES ou toute autre substance nocive pour la sant\u00e9<\/p>\n","protected":false},"featured_media":404,"comment_status":"open","ping_status":"closed","template":"","meta":{"ocean_post_layout":"","ocean_both_sidebars_style":"","ocean_both_sidebars_content_width":0,"ocean_both_sidebars_sidebars_width":0,"ocean_sidebar":"","ocean_second_sidebar":"","ocean_disable_margins":"enable","ocean_add_body_class":"","ocean_shortcode_before_top_bar":"","ocean_shortcode_after_top_bar":"","ocean_shortcode_before_header":"","ocean_shortcode_after_header":"","ocean_has_shortcode":"","ocean_shortcode_after_title":"","ocean_shortcode_before_footer_widgets":"","ocean_shortcode_after_footer_widgets":"","ocean_shortcode_before_footer_bottom":"","ocean_shortcode_after_footer_bottom":"","ocean_display_top_bar":"default","ocean_display_header":"default","ocean_header_style":"","ocean_center_header_left_menu":"","ocean_custom_header_template":"","ocean_custom_logo":0,"ocean_custom_retina_logo":0,"ocean_custom_logo_max_width":0,"ocean_custom_logo_tablet_max_width":0,"ocean_custom_logo_mobile_max_width":0,"ocean_custom_logo_max_height":0,"ocean_custom_logo_tablet_max_height":0,"ocean_custom_logo_mobile_max_height":0,"ocean_header_custom_menu":"","ocean_menu_typo_font_family":"","ocean_menu_typo_font_subset":"","ocean_menu_typo_font_size":0,"ocean_menu_typo_font_size_tablet":0,"ocean_menu_typo_font_size_mobile":0,"ocean_menu_typo_font_size_unit":"px","ocean_menu_typo_font_weight":"","ocean_menu_typo_font_weight_tablet":"","ocean_menu_typo_font_weight_mobile":"","ocean_menu_typo_transform":"","ocean_menu_typo_transform_tablet":"","ocean_menu_typo_transform_mobile":"","ocean_menu_typo_line_height":0,"ocean_menu_typo_line_height_tablet":0,"ocean_menu_typo_line_height_mobile":0,"ocean_menu_typo_line_height_unit":"","ocean_menu_typo_spacing":0,"ocean_menu_typo_spacing_tablet":0,"ocean_menu_typo_spacing_mobile":0,"ocean_menu_typo_spacing_unit":"","ocean_menu_link_color":"","ocean_menu_link_color_hover":"","ocean_menu_link_color_active":"","ocean_menu_link_background":"","ocean_menu_link_hover_background":"","ocean_menu_link_active_background":"","ocean_menu_social_links_bg":"","ocean_menu_social_hover_links_bg":"","ocean_menu_social_links_color":"","ocean_menu_social_hover_links_color":"","ocean_disable_title":"default","ocean_disable_heading":"default","ocean_post_title":"","ocean_post_subheading":"","ocean_post_title_style":"","ocean_post_title_background_color":"","ocean_post_title_background":0,"ocean_post_title_bg_image_position":"","ocean_post_title_bg_image_attachment":"","ocean_post_title_bg_image_repeat":"","ocean_post_title_bg_image_size":"","ocean_post_title_height":0,"ocean_post_title_bg_overlay":0.5,"ocean_post_title_bg_overlay_color":"","ocean_disable_breadcrumbs":"default","ocean_breadcrumbs_color":"","ocean_breadcrumbs_separator_color":"","ocean_breadcrumbs_links_color":"","ocean_breadcrumbs_links_hover_color":"","ocean_display_footer_widgets":"default","ocean_display_footer_bottom":"default","ocean_custom_footer_template":""},"product_brand":[118],"product_cat":[52,16,51],"product_tag":[],"class_list":{"0":"post-2415","1":"product","2":"type-product","3":"status-publish","4":"has-post-thumbnail","6":"product_brand-bioearth","7":"product_cat-nettoyage-et-hygiene","8":"product_cat-soins","9":"product_cat-soins-du-corps","11":"entry","12":"has-media","14":"first","15":"instock","16":"taxable","17":"shipping-taxable","18":"purchasable","19":"product-type-simple","20":"has-rating","21":"col","22":"span_1_of_3","23":"owp-content-center","24":"owp-thumbs-layout-horizontal","25":"owp-btn-normal","26":"owp-tabs-layout-section","27":"has-no-thumbnails","28":"circle-sale"},"_links":{"self":[{"href":"https:\/\/www.biobey.be\/fr\/wp-json\/wp\/v2\/product\/2415","targetHints":{"allow":["GET"]}}],"collection":[{"href":"https:\/\/www.biobey.be\/fr\/wp-json\/wp\/v2\/product"}],"about":[{"href":"https:\/\/www.biobey.be\/fr\/wp-json\/wp\/v2\/types\/product"}],"replies":[{"embeddable":true,"href":"https:\/\/www.biobey.be\/fr\/wp-json\/wp\/v2\/comments?post=2415"}],"wp:featuredmedia":[{"embeddable":true,"href":"https:\/\/www.biobey.be\/fr\/wp-json\/wp\/v2\/media\/404"}],"wp:attachment":[{"href":"https:\/\/www.biobey.be\/fr\/wp-json\/wp\/v2\/media?parent=2415"}],"wp:term":[{"taxonomy":"product_brand","embeddable":true,"href":"https:\/\/www.biobey.be\/fr\/wp-json\/wp\/v2\/product_brand?post=2415"},{"taxonomy":"product_cat","embeddable":true,"href":"https:\/\/www.biobey.be\/fr\/wp-json\/wp\/v2\/product_cat?post=2415"},{"taxonomy":"product_tag","embeddable":true,"href":"https:\/\/www.biobey.be\/fr\/wp-json\/wp\/v2\/product_tag?post=2415"}],"curies":[{"name":"wp","href":"https:\/\/api.w.org\/{rel}","templated":true}]}}