{"id":2416,"date":"2023-10-17T16:07:31","date_gmt":"2023-10-17T14:07:31","guid":{"rendered":"https:\/\/www.biobey.be\/fr-temp\/produit\/consho-gel-douche-ecologique-concentre\/"},"modified":"2025-07-11T13:32:28","modified_gmt":"2025-07-11T11:32:28","slug":"consho-gel-douche-ecologique-concentre","status":"publish","type":"product","link":"https:\/\/www.biobey.be\/fr\/produit\/consho-gel-douche-ecologique-concentre\/","title":{"rendered":"Consho gel douche \u00e9cologique concentr\u00e9 cr\u00e9meux 100 ml"},"content":{"rendered":"<p>Gel douche \u00e9cologique est un cr\u00e8me de douche concentr\u00e9e respectueuse de l&rsquo;environnement, \u00e0 base d&rsquo;extraits de fraise et de jus d&rsquo;Aloe vera. Il nettoie le corps sans dess\u00e9cher la peau.<\/p>\n<h2>Avantages de gel douche \u00e9cologique concentr\u00e9e Consho<\/h2>\n<p>Formul\u00e9e \u00e0 partir d&rsquo;extraits de plantes naturelles, de jus d&rsquo;aloe vera, d&rsquo;huile de noix de coco, de beurre de karit\u00e9 et d&rsquo;extraits de fraise, Ce gel douche \u00e9cologique cr\u00e9meux concentr\u00e9 est <strong>tr\u00e8s doux pour les peaux sensibles<\/strong>. Il permet un nettoyage efficace sans dess\u00e9cher la peau.<\/p>\n<p>Apr\u00e8s utilisation, la peau n&rsquo;est ni tendue ni sensible. Cela est d\u00fb au fait que tous les ingr\u00e9dients actifs du gel douche concentr\u00e9 \u00e9cologique soignent, adoucissent et nettoient la peau en profondeur. Le jus d&rsquo;aloe vera pr\u00e9sent dans la formule est riche en prot\u00e9ines, vitamines et min\u00e9raux.<\/p>\n<p>Le jus d&rsquo;aloe vera est antibact\u00e9rien, anti-inflammatoire et aide \u00e0 traiter divers probl\u00e8mes de peau tels que l&rsquo;ecz\u00e9ma et l&rsquo;acn\u00e9. Il contribue au pouvoir anti bact\u00e9rien et purifiant de ce gel douche \u00e9cologique.<\/p>\n<p>Un autre ingr\u00e9dient important est l&rsquo;huile de noix de coco. L&rsquo;huile de noix de coco p\u00e9n\u00e8tre la peau et l&rsquo;hydrate en profondeur. Il a \u00e9galement un effet apaisant. Le beurre de karit\u00e9 a \u00e9t\u00e9 ajout\u00e9 \u00e0 la composition de la cr\u00e8me de douche \u00e9cologique Consho car il <strong>r\u00e9pare la barri\u00e8re cutan\u00e9e et est anti-inflammatoire<\/strong>. Le beurre de karit\u00e9 est riche en vitamines A, E et est souvent appliqu\u00e9 pour le traitement des peaux rouges et irrit\u00e9es.<\/p>\n<p>L&rsquo;extrait de fraise est un puissant antioxydant qui prot\u00e8ge la peau des dommages caus\u00e9s par les influences ext\u00e9rieures. La synergie entre les principes actifs procure des effets apaisants, hydratants et nettoyants en profondeur \u00e0 gel douche \u00e9cologique concentr\u00e9e \u00e9cologique de Consho. Il convient aussi aux peaux s\u00e8ches et sensibles.<\/p>\n<p><strong>Substances fonctionnelles<\/strong><br \/>\nFraise, alo\u00e8s, beurre de karit\u00e9, huile de coco.<\/p>\n<h3>Comment utiliser gel douche \u00e9cologique concentr\u00e9 Consho?<\/h3>\n<p>Mouiller le corps et prendre une quantit\u00e9 suffisante de produit, masser sur tout le corps puis rincer.<\/p>\n<p>Mouillez le corps. Mettez une petite quantit\u00e9 de cr\u00e8me de douche Consho dans le creux de votre main et appliquez-la sur la peau humide. Massez l\u00e9g\u00e8rement. Rincer<\/p>\n<p>INCI: jus de feuille d&rsquo;aloe barbadensis*, glyc\u00e9rine, sodium coco sulfate, aqua, betaine, sodium cocoyl is\u00e9thionate, ol\u00e9ate de glyc\u00e9ryle, coco-glucoside, cocamidopropyl betaine, alcool c\u00e9tylique, ac\u00e9tate de tocoph\u00e9ryle, triglyc\u00e9rides c10-18, beurre de butyrospermum parkii*, cocos nucifera huile*,<\/p>\n<p>extrait de feuilles de fragaria vesca*, huile de fruits d&rsquo;olea europaea, beurre de graines de theobroma cacao, xylitol, palmitate d&rsquo;\u00e9thylhexyle, fragnance naturelle**, alcool benzylique, hexyl cinnamal, limon\u00e8ne,<br \/>\nethylhexylglycerin, benzoate de sodium, sorbate de potassium.<br \/>\n*biologique<\/p>\n","protected":false},"excerpt":{"rendered":"<p>Indications et caract\u00e9ristiques<br \/>\nGel douche \u00e9cologiques hautement concentr\u00e9e utilisant moins d&rsquo;eau<br \/>\nEmballage \u00e9cologique<br \/>\n<strong>Convient pour le nettoyage des peaux sensibles<\/strong><br \/>\nApaisant et hydratant<br \/>\n<strong>Exempt de silicones, de parab\u00e8nes et de SLS<\/strong><\/p>\n","protected":false},"featured_media":403,"comment_status":"open","ping_status":"closed","template":"","meta":{"ocean_post_layout":"","ocean_both_sidebars_style":"","ocean_both_sidebars_content_width":0,"ocean_both_sidebars_sidebars_width":0,"ocean_sidebar":"","ocean_second_sidebar":"","ocean_disable_margins":"enable","ocean_add_body_class":"","ocean_shortcode_before_top_bar":"","ocean_shortcode_after_top_bar":"","ocean_shortcode_before_header":"","ocean_shortcode_after_header":"","ocean_has_shortcode":"","ocean_shortcode_after_title":"","ocean_shortcode_before_footer_widgets":"","ocean_shortcode_after_footer_widgets":"","ocean_shortcode_before_footer_bottom":"","ocean_shortcode_after_footer_bottom":"","ocean_display_top_bar":"default","ocean_display_header":"default","ocean_header_style":"","ocean_center_header_left_menu":"","ocean_custom_header_template":"","ocean_custom_logo":0,"ocean_custom_retina_logo":0,"ocean_custom_logo_max_width":0,"ocean_custom_logo_tablet_max_width":0,"ocean_custom_logo_mobile_max_width":0,"ocean_custom_logo_max_height":0,"ocean_custom_logo_tablet_max_height":0,"ocean_custom_logo_mobile_max_height":0,"ocean_header_custom_menu":"","ocean_menu_typo_font_family":"","ocean_menu_typo_font_subset":"","ocean_menu_typo_font_size":0,"ocean_menu_typo_font_size_tablet":0,"ocean_menu_typo_font_size_mobile":0,"ocean_menu_typo_font_size_unit":"px","ocean_menu_typo_font_weight":"","ocean_menu_typo_font_weight_tablet":"","ocean_menu_typo_font_weight_mobile":"","ocean_menu_typo_transform":"","ocean_menu_typo_transform_tablet":"","ocean_menu_typo_transform_mobile":"","ocean_menu_typo_line_height":0,"ocean_menu_typo_line_height_tablet":0,"ocean_menu_typo_line_height_mobile":0,"ocean_menu_typo_line_height_unit":"","ocean_menu_typo_spacing":0,"ocean_menu_typo_spacing_tablet":0,"ocean_menu_typo_spacing_mobile":0,"ocean_menu_typo_spacing_unit":"","ocean_menu_link_color":"","ocean_menu_link_color_hover":"","ocean_menu_link_color_active":"","ocean_menu_link_background":"","ocean_menu_link_hover_background":"","ocean_menu_link_active_background":"","ocean_menu_social_links_bg":"","ocean_menu_social_hover_links_bg":"","ocean_menu_social_links_color":"","ocean_menu_social_hover_links_color":"","ocean_disable_title":"default","ocean_disable_heading":"default","ocean_post_title":"","ocean_post_subheading":"","ocean_post_title_style":"","ocean_post_title_background_color":"","ocean_post_title_background":0,"ocean_post_title_bg_image_position":"","ocean_post_title_bg_image_attachment":"","ocean_post_title_bg_image_repeat":"","ocean_post_title_bg_image_size":"","ocean_post_title_height":0,"ocean_post_title_bg_overlay":0.5,"ocean_post_title_bg_overlay_color":"","ocean_disable_breadcrumbs":"default","ocean_breadcrumbs_color":"","ocean_breadcrumbs_separator_color":"","ocean_breadcrumbs_links_color":"","ocean_breadcrumbs_links_hover_color":"","ocean_display_footer_widgets":"default","ocean_display_footer_bottom":"default","ocean_custom_footer_template":""},"product_brand":[118],"product_cat":[53,52,16,51],"product_tag":[],"class_list":{"0":"post-2416","1":"product","2":"type-product","3":"status-publish","4":"has-post-thumbnail","6":"product_brand-bioearth","7":"product_cat-corps-peau","8":"product_cat-nettoyage-et-hygiene","9":"product_cat-soins","10":"product_cat-soins-du-corps","12":"entry","13":"has-media","15":"first","16":"instock","17":"taxable","18":"shipping-taxable","19":"purchasable","20":"product-type-simple","21":"has-rating","22":"col","23":"span_1_of_3","24":"owp-content-center","25":"owp-thumbs-layout-horizontal","26":"owp-btn-normal","27":"owp-tabs-layout-section","28":"has-no-thumbnails","29":"circle-sale"},"_links":{"self":[{"href":"https:\/\/www.biobey.be\/fr\/wp-json\/wp\/v2\/product\/2416","targetHints":{"allow":["GET"]}}],"collection":[{"href":"https:\/\/www.biobey.be\/fr\/wp-json\/wp\/v2\/product"}],"about":[{"href":"https:\/\/www.biobey.be\/fr\/wp-json\/wp\/v2\/types\/product"}],"replies":[{"embeddable":true,"href":"https:\/\/www.biobey.be\/fr\/wp-json\/wp\/v2\/comments?post=2416"}],"wp:featuredmedia":[{"embeddable":true,"href":"https:\/\/www.biobey.be\/fr\/wp-json\/wp\/v2\/media\/403"}],"wp:attachment":[{"href":"https:\/\/www.biobey.be\/fr\/wp-json\/wp\/v2\/media?parent=2416"}],"wp:term":[{"taxonomy":"product_brand","embeddable":true,"href":"https:\/\/www.biobey.be\/fr\/wp-json\/wp\/v2\/product_brand?post=2416"},{"taxonomy":"product_cat","embeddable":true,"href":"https:\/\/www.biobey.be\/fr\/wp-json\/wp\/v2\/product_cat?post=2416"},{"taxonomy":"product_tag","embeddable":true,"href":"https:\/\/www.biobey.be\/fr\/wp-json\/wp\/v2\/product_tag?post=2416"}],"curies":[{"name":"wp","href":"https:\/\/api.w.org\/{rel}","templated":true}]}}