{"id":2417,"date":"2023-08-21T16:35:52","date_gmt":"2023-08-21T14:35:52","guid":{"rendered":"https:\/\/www.biobey.be\/fr-temp\/produit\/amande-douce-serum-corporelle-eglantier\/"},"modified":"2025-07-11T13:46:06","modified_gmt":"2025-07-11T11:46:06","slug":"amande-douce-serum-corporelle-eglantier","status":"publish","type":"product","link":"https:\/\/www.biobey.be\/fr\/produit\/amande-douce-serum-corporelle-eglantier\/","title":{"rendered":"Amande douce s\u00e9rum corporelle &#8211; \u00e9glantier 50ml"},"content":{"rendered":"<p>Amande douce s\u00e9rum corporelle et d&rsquo;huile de rose musqu\u00e9e 11% a un effet nourrissant et raffermissant. L&rsquo;amande douce s\u00e9rum corporelle &#8211; \u00e9glantier contient une solution concentr\u00e9e d&rsquo;huile d&rsquo;amande douce et de rose musqu\u00e9e biologiques. Le s\u00e9rum corporel peut \u00eatre utilis\u00e9 sur tout le corps pour nourrir la peau.<\/p>\n<p>Ou pour le traitement topique des cicatrices superficielles et des vergetures. Les s\u00e9rums corporels Elementa peuvent \u00eatre mass\u00e9s directement sur la peau ou dilu\u00e9s dans une cr\u00e8me corporelle. Il am\u00e9liore l&rsquo;\u00e9lasticit\u00e9 de la peau et prot\u00e8ge contre la formation de vergetures.<\/p>\n<p>La formule \u00e0 base d&rsquo;huile d&rsquo;amande douce et d&rsquo;huile de rose musqu\u00e9e adoucit et hydrate la peau. Avec une utilisation r\u00e9guli\u00e8re, la peau devient plus ferme et se sent agr\u00e9ablement douce.<\/p>\n<h2>Amande douce s\u00e9rum corporelle &#8211; \u00e9glantier contre les vergetures<\/h2>\n<p>L&rsquo;huile d&rsquo;amande douce biologique a une consistance fine. Elle p\u00e9n\u00e8tre facilement dans la peau. Elle est riche en zinc, en acides gras om\u00e9ga 3 et en vitamine E. L&rsquo;huile d&rsquo;amande douce r\u00e9duit les irritations et les gonflements de la peau. La teneur \u00e9lev\u00e9e en vitamine E ralentit le vieillissement de la peau et prot\u00e8ge des effets n\u00e9gatifs des rayons UV.<\/p>\n<p>En m\u00e9decine chinoise, l&rsquo;huile d&rsquo;amande douce est utilis\u00e9e pour r\u00e9duire les cicatrices. L&rsquo;huile de rose musqu\u00e9e biologique press\u00e9e \u00e0 froid est riche en vitamines, en acides gras essentiels et en antioxydants. Les vitamines A, C et E stimulent la production de collag\u00e8ne.<\/p>\n<p>La vitamine A pr\u00e9vient l&rsquo;hyperpigmentation et prot\u00e8ge ainsi la peau des taches brunes. Utilis\u00e9 quotidiennement (1 \u00e0 2 fois par jour) pendant 1 \u00e0 3 mois, le s\u00e9rum corporel aide \u00e0 r\u00e9duire les vergetures et les cicatrices superficielles. Il adoucit la peau et am\u00e9liore son \u00e9lasticit\u00e9.<\/p>\n<h3>Amande douce s\u00e9rum corporelle &#8211; \u00e9glantier 12% est v\u00e9g\u00e9talien et naturel.<\/h3>\n<p>Il ne contient pas de parfum.<\/p>\n<p><strong>Mode d&#8217;emploi<\/strong> : Massez le s\u00e9rum corporel sur la zone \u00e0 traiter. Il peut \u00eatre utilis\u00e9 pour l&rsquo;hydratation du corps ou pour un traitement topique.<\/p>\n<p>Le s\u00e9rum corporel peut \u00eatre appliqu\u00e9 directement sur la peau ou m\u00e9lang\u00e9 \u00e0 une cr\u00e8me corporelle.<br \/>\n<strong>Conseil<\/strong> : frottez r\u00e9guli\u00e8rement votre peau pour \u00e9liminer les cellules mortes avant d&rsquo;utiliser le s\u00e9rum corporel. Cela aidera le s\u00e9rum \u00e0 mieux s&rsquo;absorber dans la peau.<\/p>\n<p><strong>Ingr\u00e9dients :<\/strong> Palmitate d&rsquo;\u00e9thylhexyle, huile d&rsquo;amande douce (Prunus Amygdalus Dulcis), huile de graines de Rosa Moschata*.<\/p>\n<p>*En provenance de l&rsquo;agriculture biologique<\/p>\n","protected":false},"excerpt":{"rendered":"<p><strong>Indications :<\/strong><br \/>\nL&rsquo;Amande douce s\u00e9rum corporelle &#8211; \u00e9glantier \u00e0 la rose musqu\u00e9e et aux amandes douces a un effet nourrissant, raffermissant et r\u00e9g\u00e9n\u00e9rant. Il am\u00e9liore l&rsquo;\u00e9lasticit\u00e9 de la peau et aide \u00e0 r\u00e9duire les vergetures et les cicatrices superficielles.<\/p>\n<p><strong>Principes actifs<\/strong> : Huile d&rsquo;amande douce biologique et huile de rose musqu\u00e9e biologique press\u00e9e \u00e0 froid<\/p>\n<p>Le s\u00e9rum corporel est naturel et v\u00e9g\u00e9talien<\/p>\n","protected":false},"featured_media":546,"comment_status":"open","ping_status":"closed","template":"","meta":{"ocean_post_layout":"","ocean_both_sidebars_style":"","ocean_both_sidebars_content_width":0,"ocean_both_sidebars_sidebars_width":0,"ocean_sidebar":"","ocean_second_sidebar":"","ocean_disable_margins":"enable","ocean_add_body_class":"","ocean_shortcode_before_top_bar":"","ocean_shortcode_after_top_bar":"","ocean_shortcode_before_header":"","ocean_shortcode_after_header":"","ocean_has_shortcode":"","ocean_shortcode_after_title":"","ocean_shortcode_before_footer_widgets":"","ocean_shortcode_after_footer_widgets":"","ocean_shortcode_before_footer_bottom":"","ocean_shortcode_after_footer_bottom":"","ocean_display_top_bar":"default","ocean_display_header":"default","ocean_header_style":"","ocean_center_header_left_menu":"","ocean_custom_header_template":"","ocean_custom_logo":0,"ocean_custom_retina_logo":0,"ocean_custom_logo_max_width":0,"ocean_custom_logo_tablet_max_width":0,"ocean_custom_logo_mobile_max_width":0,"ocean_custom_logo_max_height":0,"ocean_custom_logo_tablet_max_height":0,"ocean_custom_logo_mobile_max_height":0,"ocean_header_custom_menu":"","ocean_menu_typo_font_family":"","ocean_menu_typo_font_subset":"","ocean_menu_typo_font_size":0,"ocean_menu_typo_font_size_tablet":0,"ocean_menu_typo_font_size_mobile":0,"ocean_menu_typo_font_size_unit":"px","ocean_menu_typo_font_weight":"","ocean_menu_typo_font_weight_tablet":"","ocean_menu_typo_font_weight_mobile":"","ocean_menu_typo_transform":"","ocean_menu_typo_transform_tablet":"","ocean_menu_typo_transform_mobile":"","ocean_menu_typo_line_height":0,"ocean_menu_typo_line_height_tablet":0,"ocean_menu_typo_line_height_mobile":0,"ocean_menu_typo_line_height_unit":"","ocean_menu_typo_spacing":0,"ocean_menu_typo_spacing_tablet":0,"ocean_menu_typo_spacing_mobile":0,"ocean_menu_typo_spacing_unit":"","ocean_menu_link_color":"","ocean_menu_link_color_hover":"","ocean_menu_link_color_active":"","ocean_menu_link_background":"","ocean_menu_link_hover_background":"","ocean_menu_link_active_background":"","ocean_menu_social_links_bg":"","ocean_menu_social_hover_links_bg":"","ocean_menu_social_links_color":"","ocean_menu_social_hover_links_color":"","ocean_disable_title":"default","ocean_disable_heading":"default","ocean_post_title":"","ocean_post_subheading":"","ocean_post_title_style":"","ocean_post_title_background_color":"","ocean_post_title_background":0,"ocean_post_title_bg_image_position":"","ocean_post_title_bg_image_attachment":"","ocean_post_title_bg_image_repeat":"","ocean_post_title_bg_image_size":"","ocean_post_title_height":0,"ocean_post_title_bg_overlay":0.5,"ocean_post_title_bg_overlay_color":"","ocean_disable_breadcrumbs":"default","ocean_breadcrumbs_color":"","ocean_breadcrumbs_separator_color":"","ocean_breadcrumbs_links_color":"","ocean_breadcrumbs_links_hover_color":"","ocean_display_footer_widgets":"default","ocean_display_footer_bottom":"default","ocean_custom_footer_template":""},"product_brand":[118],"product_cat":[53,16,51],"product_tag":[],"class_list":{"0":"post-2417","1":"product","2":"type-product","3":"status-publish","4":"has-post-thumbnail","6":"product_brand-bioearth","7":"product_cat-corps-peau","8":"product_cat-soins","9":"product_cat-soins-du-corps","11":"entry","12":"has-media","14":"first","15":"instock","16":"taxable","17":"shipping-taxable","18":"purchasable","19":"product-type-simple","20":"has-rating","21":"col","22":"span_1_of_3","23":"owp-content-center","24":"owp-thumbs-layout-horizontal","25":"owp-btn-normal","26":"owp-tabs-layout-section","27":"has-no-thumbnails","28":"circle-sale"},"_links":{"self":[{"href":"https:\/\/www.biobey.be\/fr\/wp-json\/wp\/v2\/product\/2417","targetHints":{"allow":["GET"]}}],"collection":[{"href":"https:\/\/www.biobey.be\/fr\/wp-json\/wp\/v2\/product"}],"about":[{"href":"https:\/\/www.biobey.be\/fr\/wp-json\/wp\/v2\/types\/product"}],"replies":[{"embeddable":true,"href":"https:\/\/www.biobey.be\/fr\/wp-json\/wp\/v2\/comments?post=2417"}],"wp:featuredmedia":[{"embeddable":true,"href":"https:\/\/www.biobey.be\/fr\/wp-json\/wp\/v2\/media\/546"}],"wp:attachment":[{"href":"https:\/\/www.biobey.be\/fr\/wp-json\/wp\/v2\/media?parent=2417"}],"wp:term":[{"taxonomy":"product_brand","embeddable":true,"href":"https:\/\/www.biobey.be\/fr\/wp-json\/wp\/v2\/product_brand?post=2417"},{"taxonomy":"product_cat","embeddable":true,"href":"https:\/\/www.biobey.be\/fr\/wp-json\/wp\/v2\/product_cat?post=2417"},{"taxonomy":"product_tag","embeddable":true,"href":"https:\/\/www.biobey.be\/fr\/wp-json\/wp\/v2\/product_tag?post=2417"}],"curies":[{"name":"wp","href":"https:\/\/api.w.org\/{rel}","templated":true}]}}