{"id":2419,"date":"2023-10-18T16:47:57","date_gmt":"2023-10-18T14:47:57","guid":{"rendered":"https:\/\/www.biobey.be\/fr-temp\/produit\/serum-de-cafeine-pour-le-corps-cellulite\/"},"modified":"2025-07-11T13:31:42","modified_gmt":"2025-07-11T11:31:42","slug":"serum-de-cafeine-pour-le-corps-cellulite","status":"publish","type":"product","link":"https:\/\/www.biobey.be\/fr\/produit\/serum-de-cafeine-pour-le-corps-cellulite\/","title":{"rendered":"S\u00e9rum de caf\u00e9ine pour le corps contre r\u00e9tention d&rsquo;eau &#8211; cellulite 50ml"},"content":{"rendered":"<p>S\u00e9rum de caf\u00e9ine pour le corps contre la r\u00e9tention d&rsquo;eau et la cellulite est un s\u00e9rum corporel concentr\u00e9 aux extraits naturels de caf\u00e9ine (3%) et de centella asiatica (3%).<\/p>\n<p>Il est sp\u00e9cialement formul\u00e9 pour le traitement de la cellulite, de la peau visiblement rel\u00e2ch\u00e9e et des zones cutan\u00e9es pr\u00e9sentant une accumulation excessive de liquide.<\/p>\n<p>L&rsquo;exc\u00e8s d&rsquo;eau dans la peau provoque l&rsquo;apparition de bouffissures et de cellulite. Le s\u00e9rum de caf\u00e9ine pour le corps contre l&rsquo;accumulation de liquides <strong>\u00e9limine cet exc\u00e8s d&rsquo;humidit\u00e9, r\u00e9duisant ainsi la cellulite et les gonflements.<\/strong><\/p>\n<p><strong>Le s\u00e9rum de caf\u00e9ine pour le corps contre la r\u00e9tention d&rsquo;eau et la cellulite raffermit, vitalise et draine la peau.<\/strong><\/p>\n<p>S\u00e9rum de caf\u00e9ine pour le corps d&rsquo;Elementa est un s\u00e9rum la r\u00e9tention d&rsquo;eau sous la peau, les poches et la cellulite. Il est formul\u00e9 avec deux principes actifs puissants, la caf\u00e9ine et l&rsquo;extrait de centella asiatica.<\/p>\n<h2>La caf\u00e9ine aide \u00e0 lutter contre la r\u00e9tention excessive de liquides<\/h2>\n<p>L&rsquo;un des deux principaux ingr\u00e9dients est la caf\u00e9ine. La caf\u00e9ine est un stimulant aux nombreuses propri\u00e9t\u00e9s positives pour la peau lorsqu&rsquo;elle est utilis\u00e9e en externe. Elle dilate les vaisseaux sanguins, stimule la circulation et aide \u00e0 drainer l&rsquo;exc\u00e8s de liquide. La cellulite est ainsi beaucoup moins visible.<\/p>\n<p>Le composant de la caf\u00e9ine, l&rsquo;acide caf\u00e9ique, est un puissant antioxydant. L&rsquo;acide caf\u00e9ique augmente le collag\u00e8ne et combat le vieillissement pr\u00e9matur\u00e9 de la peau. Il poss\u00e8de \u00e9galement des propri\u00e9t\u00e9s antibact\u00e9riennes qui prot\u00e8gent la peau.<\/p>\n<p><strong>La Centella asiatica emp\u00eache l&rsquo;accumulation de cellules graisseuses sous la peau<\/strong><\/p>\n<p>La Centella asiatica est le deuxi\u00e8me ingr\u00e9dient principal du s\u00e9rum de caf\u00e9ine pour le corps contre l&rsquo;accumulation de liquides et la cellulite. Il poss\u00e8de des propri\u00e9t\u00e9s anti-inflammatoires et anti-\u00e2ge. La centella asiatica augmente la microcirculation du sang dans la peau et emp\u00eache l&rsquo;accumulation de cellules graisseuses sous la peau.<\/p>\n<p><strong> C&rsquo;est pourquoi c&rsquo;est un ingr\u00e9dient souvent utilis\u00e9 dans les produits de soins de qualit\u00e9 contre la cellulite et les rides.<\/strong><\/p>\n<p>Ensemble, ces composants ont d&rsquo;excellents effets antioxydants, revitalisants et raffermissants sur la peau. Gr\u00e2ce \u00e0 cette formule, le s\u00e9rum de caf\u00e9ine pour le corps contre l&rsquo;accumulation de liquides et la cellulite est extr\u00eamement adapt\u00e9 au traitement de l&rsquo;exc\u00e8s d&rsquo;humidit\u00e9, du gonflement de la cellulite et pour donner \u00e0 la peau rel\u00e2ch\u00e9e plus de vitalit\u00e9.<\/p>\n<h3>Comment utiliser le s\u00e9rum de caf\u00e9ine pour le corps?<\/h3>\n<p>Appliquez le s\u00e9rum S\u00e9rum de caf\u00e9ine pour le corps sur la peau propre ou ajoutez-le \u00e0 votre cr\u00e8me pour le corps comme un booster. Utilisez le s\u00e9rum sur les zones o\u00f9 la peau perd son \u00e9lasticit\u00e9, est s\u00e8che et rugueuse et o\u00f9 la cellulite est visible. Utiliser intensivement une fois par jour pendant au moins 1 \u00e0 3 mois.<\/p>\n<p><strong>Conseil<\/strong> : un gommage ou un massage avec un gant de massage avant l&rsquo;utilisation de ce s\u00e9rum augmente la microcirculation, \u00e9limine les cellules mortes et favorise la p\u00e9n\u00e9tration des principes actifs.<\/p>\n<p>INCI : Aqua, Glyc\u00e9rine, Gomme de cellulose, Caf\u00e9ine, Extrait de Centella Asiatica, Jus de feuille d&rsquo;Aloe Barbadensis (Aloe), Hyaluronate de sodium, Alcool ph\u00e9n\u00e9thylique, Caprylyl Glycol.<\/p>\n","protected":false},"excerpt":{"rendered":"<p>Le s\u00e9rum de caf\u00e9ine pour le corps contre la r\u00e9tention d&rsquo;eau et la cellulite raffermit, vitalise et draine la peau.<\/p>\n","protected":false},"featured_media":447,"comment_status":"open","ping_status":"closed","template":"","meta":{"ocean_post_layout":"","ocean_both_sidebars_style":"","ocean_both_sidebars_content_width":0,"ocean_both_sidebars_sidebars_width":0,"ocean_sidebar":"","ocean_second_sidebar":"","ocean_disable_margins":"enable","ocean_add_body_class":"","ocean_shortcode_before_top_bar":"","ocean_shortcode_after_top_bar":"","ocean_shortcode_before_header":"","ocean_shortcode_after_header":"","ocean_has_shortcode":"","ocean_shortcode_after_title":"","ocean_shortcode_before_footer_widgets":"","ocean_shortcode_after_footer_widgets":"","ocean_shortcode_before_footer_bottom":"","ocean_shortcode_after_footer_bottom":"","ocean_display_top_bar":"default","ocean_display_header":"default","ocean_header_style":"","ocean_center_header_left_menu":"","ocean_custom_header_template":"","ocean_custom_logo":0,"ocean_custom_retina_logo":0,"ocean_custom_logo_max_width":0,"ocean_custom_logo_tablet_max_width":0,"ocean_custom_logo_mobile_max_width":0,"ocean_custom_logo_max_height":0,"ocean_custom_logo_tablet_max_height":0,"ocean_custom_logo_mobile_max_height":0,"ocean_header_custom_menu":"","ocean_menu_typo_font_family":"","ocean_menu_typo_font_subset":"","ocean_menu_typo_font_size":0,"ocean_menu_typo_font_size_tablet":0,"ocean_menu_typo_font_size_mobile":0,"ocean_menu_typo_font_size_unit":"px","ocean_menu_typo_font_weight":"","ocean_menu_typo_font_weight_tablet":"","ocean_menu_typo_font_weight_mobile":"","ocean_menu_typo_transform":"","ocean_menu_typo_transform_tablet":"","ocean_menu_typo_transform_mobile":"","ocean_menu_typo_line_height":0,"ocean_menu_typo_line_height_tablet":0,"ocean_menu_typo_line_height_mobile":0,"ocean_menu_typo_line_height_unit":"","ocean_menu_typo_spacing":0,"ocean_menu_typo_spacing_tablet":0,"ocean_menu_typo_spacing_mobile":0,"ocean_menu_typo_spacing_unit":"","ocean_menu_link_color":"","ocean_menu_link_color_hover":"","ocean_menu_link_color_active":"","ocean_menu_link_background":"","ocean_menu_link_hover_background":"","ocean_menu_link_active_background":"","ocean_menu_social_links_bg":"","ocean_menu_social_hover_links_bg":"","ocean_menu_social_links_color":"","ocean_menu_social_hover_links_color":"","ocean_disable_title":"default","ocean_disable_heading":"default","ocean_post_title":"","ocean_post_subheading":"","ocean_post_title_style":"","ocean_post_title_background_color":"","ocean_post_title_background":0,"ocean_post_title_bg_image_position":"","ocean_post_title_bg_image_attachment":"","ocean_post_title_bg_image_repeat":"","ocean_post_title_bg_image_size":"","ocean_post_title_height":0,"ocean_post_title_bg_overlay":0.5,"ocean_post_title_bg_overlay_color":"","ocean_disable_breadcrumbs":"default","ocean_breadcrumbs_color":"","ocean_breadcrumbs_separator_color":"","ocean_breadcrumbs_links_color":"","ocean_breadcrumbs_links_hover_color":"","ocean_display_footer_widgets":"default","ocean_display_footer_bottom":"default","ocean_custom_footer_template":""},"product_brand":[118],"product_cat":[28,16,51],"product_tag":[],"class_list":{"0":"post-2419","1":"product","2":"type-product","3":"status-publish","4":"has-post-thumbnail","6":"product_brand-bioearth","7":"product_cat-anti-cellulite","8":"product_cat-soins","9":"product_cat-soins-du-corps","11":"entry","12":"has-media","14":"first","15":"instock","16":"taxable","17":"shipping-taxable","18":"purchasable","19":"product-type-simple","20":"has-rating","21":"col","22":"span_1_of_3","23":"owp-content-center","24":"owp-thumbs-layout-horizontal","25":"owp-btn-normal","26":"owp-tabs-layout-section","27":"has-no-thumbnails","28":"circle-sale"},"_links":{"self":[{"href":"https:\/\/www.biobey.be\/fr\/wp-json\/wp\/v2\/product\/2419","targetHints":{"allow":["GET"]}}],"collection":[{"href":"https:\/\/www.biobey.be\/fr\/wp-json\/wp\/v2\/product"}],"about":[{"href":"https:\/\/www.biobey.be\/fr\/wp-json\/wp\/v2\/types\/product"}],"replies":[{"embeddable":true,"href":"https:\/\/www.biobey.be\/fr\/wp-json\/wp\/v2\/comments?post=2419"}],"wp:featuredmedia":[{"embeddable":true,"href":"https:\/\/www.biobey.be\/fr\/wp-json\/wp\/v2\/media\/447"}],"wp:attachment":[{"href":"https:\/\/www.biobey.be\/fr\/wp-json\/wp\/v2\/media?parent=2419"}],"wp:term":[{"taxonomy":"product_brand","embeddable":true,"href":"https:\/\/www.biobey.be\/fr\/wp-json\/wp\/v2\/product_brand?post=2419"},{"taxonomy":"product_cat","embeddable":true,"href":"https:\/\/www.biobey.be\/fr\/wp-json\/wp\/v2\/product_cat?post=2419"},{"taxonomy":"product_tag","embeddable":true,"href":"https:\/\/www.biobey.be\/fr\/wp-json\/wp\/v2\/product_tag?post=2419"}],"curies":[{"name":"wp","href":"https:\/\/api.w.org\/{rel}","templated":true}]}}