{"id":2420,"date":"2025-05-24T15:06:17","date_gmt":"2025-05-24T13:06:17","guid":{"rendered":"https:\/\/www.biobey.be\/fr-temp\/produit\/creme-de-douche-ecologique-cassis-100ml\/"},"modified":"2025-07-11T12:37:04","modified_gmt":"2025-07-11T10:37:04","slug":"creme-de-douche-ecologique-cassis-100ml","status":"publish","type":"product","link":"https:\/\/www.biobey.be\/fr\/produit\/creme-de-douche-ecologique-cassis-100ml\/","title":{"rendered":"Cr\u00e8me de douche \u00e9cologique pomme et cassis 100ml"},"content":{"rendered":"<p>Quel est le but d&rsquo;une cr\u00e8me de douche ? La cr\u00e8me de douche \u00e9cologique concentr\u00e9e \u00e0 base d&rsquo;extraits de pomme et de Cassis permet un nettoyage durable et naturel de la peau.<\/p>\n<p>Quels sont les effets de la cr\u00e8me de douche \u00e9co sur la peau?<\/p>\n<ol>\n<li>nettoie en douceur les peaux sensibles sans les dess\u00e9cher: formule naturelle<\/li>\n<li>pr\u00e9vient la d\u00e9shydratation, couche protectrice sur la peau<\/li>\n<li>nourrit et renforce la barri\u00e8re cutan\u00e9e naturelle<\/li>\n<\/ol>\n<p>La formule douce \u00e0 base de jus d&rsquo;aloe vera biologique et de beurre de karit\u00e9 convient \u00e0 tous les types de peau, y compris les <span style=\"color: #0000ff;\"><a style=\"color: #0000ff;\" href=\"https:\/\/www.biobey.be\/fr\/produit\/lait-nettoyant-hypoallergenique-sensitive\/\">peaux sensibles<\/a><\/span>.\u00a0 La cr\u00e8me de douche \u00e9cologique Consho (Conscious) purifie efficacement sans dess\u00e9cher ni alt\u00e9rer la peau.<\/p>\n<p>La formule concentr\u00e9e contient 50 % d&rsquo;eau et de substances de remplissage en moins. Une petite quantit\u00e9 de la cr\u00e8me de douche suffit. La cr\u00e8me de douche Consho pomme et cassis dure plus longtemps que la cr\u00e8me de douche non concentr\u00e9e et a un impact moindre sur l&rsquo;environnement. Apr\u00e8s utilisation, la peau est agr\u00e9ablement douce et lisse.<\/p>\n<p>Utilisez le shampoing et la <a href=\"https:\/\/www.biobey.be\/fr\/produit\/shampoing-et-gel-douche-solide-bio-80g\/\">barre de douche z\u00e9ro d\u00e9chet<\/a> pour nettoyer le corps et les cheveu<\/p>\n<h2>Formule cr\u00e8me de douche \u00e9cologiques pomme et cassis<\/h2>\n<p>La cr\u00e8me de douche \u00e9cologique Consho pomme et cassis contient des extraits biologiques: jus d&rsquo;aloe vera, huile de coco et beurre de karit\u00e9. L&rsquo;extrait d&rsquo;aloe vera a un effet anti-inflammatoire et calmant. Il apaise la peau s\u00e8che et pr\u00e9vient la perte d&rsquo;hydratation. Le beurre de karit\u00e9 biologique pr\u00e9vient la d\u00e9shydratation en formant une couche protectrice.<\/p>\n<p>Il nourrit la peau avec des acides gras essentiels et renforce la barri\u00e8re cutan\u00e9e naturelle. Le beurre de karit\u00e9 est traditionnellement utilis\u00e9 pour adoucir la peau et la prot\u00e9ger contre les effets n\u00e9gatifs des rayons UV. La pomme est riche en vitamine C.<\/p>\n<p>Elle am\u00e9liore l&rsquo;\u00e9lasticit\u00e9 de la peau et la prot\u00e8ge contre le vieillissement pr\u00e9matur\u00e9 de la peau. Tandis que l&rsquo;extrait de cassis prot\u00e8ge la peau des effets n\u00e9gatifs des radicaux libres. La formule naturelle concentr\u00e9e permet un nettoyage en profondeur et procure une agr\u00e9able sensation de d\u00e9tente.<\/p>\n<p>Mode d&#8217;emploi: Utiliser une petite quantit\u00e9 d&rsquo;eau pour mouiller le corps. Fermez le robinet et massez la cr\u00e8me de douche sur toute la surface par des mouvements circulaires. Rincez ensuite \u00e0 l&rsquo;eau ti\u00e8de.<\/p>\n<p>Ingr\u00e9dients: Jus d&rsquo;Aloe Barbadensis*, Glyc\u00e9rine, Sodium Coco Sulfate, Aqua, Betaine, Sodium Cocoyl Isethionate, Glyceryl Oleate, Coco-Glucoside, Cocamidopropyl Betaine, Cetyl Alcohol, Tocopheryl Acetate, C10-18 Triglycerides, Butyrospermum Parkii Butter*,<\/p>\n<p>Ribes Nigrum Leaf Extract*, Huile de Cocos Nucifera*, Extrait de fruit de Pyrus Malus, Huile de fruit d&rsquo;Olea Europaea, Beurre de graine de Theobroma Cacao, Xylitol, Palmitate d&rsquo;\u00e9thylhexyle, Parfum (Fragrance), Alcool benzylique, Hexyl Cinnamal, Linalool, Citronellol, G\u00e9raniol, Ethylhexylglyc\u00e9rine, Benzoate de sodium, Sorbate de potassium.<\/p>\n<p>*En provenance de l&rsquo;agriculture biologique<\/p>\n","protected":false},"excerpt":{"rendered":"<p>La cr\u00e8me de douche \u00e9cologique Consho Eco pomme et cassis est id\u00e9ale pour un nettoyage efficace. La cr\u00e8me de douche concentr\u00e9e \u00e9cologique est durable et dure plus longtemps.<br \/>\nPrincipes actifs: jus d&rsquo;aloe vera biologique, extraits de pomme, extraits de cassis et beurre de karit\u00e9.<\/p>\n<p><strong>Consistance<\/strong>: Gel-cr\u00e8me<\/p>\n<p><strong>Caract\u00e9ristiques<\/strong>: Vegan, sans plastique et durable<\/p>\n","protected":false},"featured_media":462,"comment_status":"open","ping_status":"closed","template":"","meta":{"ocean_post_layout":"","ocean_both_sidebars_style":"","ocean_both_sidebars_content_width":0,"ocean_both_sidebars_sidebars_width":0,"ocean_sidebar":"","ocean_second_sidebar":"","ocean_disable_margins":"enable","ocean_add_body_class":"","ocean_shortcode_before_top_bar":"","ocean_shortcode_after_top_bar":"","ocean_shortcode_before_header":"","ocean_shortcode_after_header":"","ocean_has_shortcode":"","ocean_shortcode_after_title":"","ocean_shortcode_before_footer_widgets":"","ocean_shortcode_after_footer_widgets":"","ocean_shortcode_before_footer_bottom":"","ocean_shortcode_after_footer_bottom":"","ocean_display_top_bar":"default","ocean_display_header":"default","ocean_header_style":"","ocean_center_header_left_menu":"","ocean_custom_header_template":"","ocean_custom_logo":0,"ocean_custom_retina_logo":0,"ocean_custom_logo_max_width":0,"ocean_custom_logo_tablet_max_width":0,"ocean_custom_logo_mobile_max_width":0,"ocean_custom_logo_max_height":0,"ocean_custom_logo_tablet_max_height":0,"ocean_custom_logo_mobile_max_height":0,"ocean_header_custom_menu":"","ocean_menu_typo_font_family":"","ocean_menu_typo_font_subset":"","ocean_menu_typo_font_size":0,"ocean_menu_typo_font_size_tablet":0,"ocean_menu_typo_font_size_mobile":0,"ocean_menu_typo_font_size_unit":"px","ocean_menu_typo_font_weight":"","ocean_menu_typo_font_weight_tablet":"","ocean_menu_typo_font_weight_mobile":"","ocean_menu_typo_transform":"","ocean_menu_typo_transform_tablet":"","ocean_menu_typo_transform_mobile":"","ocean_menu_typo_line_height":0,"ocean_menu_typo_line_height_tablet":0,"ocean_menu_typo_line_height_mobile":0,"ocean_menu_typo_line_height_unit":"","ocean_menu_typo_spacing":0,"ocean_menu_typo_spacing_tablet":0,"ocean_menu_typo_spacing_mobile":0,"ocean_menu_typo_spacing_unit":"","ocean_menu_link_color":"","ocean_menu_link_color_hover":"","ocean_menu_link_color_active":"","ocean_menu_link_background":"","ocean_menu_link_hover_background":"","ocean_menu_link_active_background":"","ocean_menu_social_links_bg":"","ocean_menu_social_hover_links_bg":"","ocean_menu_social_links_color":"","ocean_menu_social_hover_links_color":"","ocean_disable_title":"default","ocean_disable_heading":"default","ocean_post_title":"","ocean_post_subheading":"","ocean_post_title_style":"","ocean_post_title_background_color":"","ocean_post_title_background":0,"ocean_post_title_bg_image_position":"","ocean_post_title_bg_image_attachment":"","ocean_post_title_bg_image_repeat":"","ocean_post_title_bg_image_size":"","ocean_post_title_height":0,"ocean_post_title_bg_overlay":0.5,"ocean_post_title_bg_overlay_color":"","ocean_disable_breadcrumbs":"default","ocean_breadcrumbs_color":"","ocean_breadcrumbs_separator_color":"","ocean_breadcrumbs_links_color":"","ocean_breadcrumbs_links_hover_color":"","ocean_display_footer_widgets":"default","ocean_display_footer_bottom":"default","ocean_custom_footer_template":""},"product_brand":[118],"product_cat":[53,52,16,51],"product_tag":[],"class_list":{"0":"post-2420","1":"product","2":"type-product","3":"status-publish","4":"has-post-thumbnail","6":"product_brand-bioearth","7":"product_cat-corps-peau","8":"product_cat-nettoyage-et-hygiene","9":"product_cat-soins","10":"product_cat-soins-du-corps","12":"entry","13":"has-media","15":"first","16":"instock","17":"taxable","18":"shipping-taxable","19":"purchasable","20":"product-type-simple","21":"has-rating","22":"col","23":"span_1_of_3","24":"owp-content-center","25":"owp-thumbs-layout-horizontal","26":"owp-btn-normal","27":"owp-tabs-layout-section","28":"has-no-thumbnails","29":"circle-sale"},"_links":{"self":[{"href":"https:\/\/www.biobey.be\/fr\/wp-json\/wp\/v2\/product\/2420","targetHints":{"allow":["GET"]}}],"collection":[{"href":"https:\/\/www.biobey.be\/fr\/wp-json\/wp\/v2\/product"}],"about":[{"href":"https:\/\/www.biobey.be\/fr\/wp-json\/wp\/v2\/types\/product"}],"replies":[{"embeddable":true,"href":"https:\/\/www.biobey.be\/fr\/wp-json\/wp\/v2\/comments?post=2420"}],"wp:featuredmedia":[{"embeddable":true,"href":"https:\/\/www.biobey.be\/fr\/wp-json\/wp\/v2\/media\/462"}],"wp:attachment":[{"href":"https:\/\/www.biobey.be\/fr\/wp-json\/wp\/v2\/media?parent=2420"}],"wp:term":[{"taxonomy":"product_brand","embeddable":true,"href":"https:\/\/www.biobey.be\/fr\/wp-json\/wp\/v2\/product_brand?post=2420"},{"taxonomy":"product_cat","embeddable":true,"href":"https:\/\/www.biobey.be\/fr\/wp-json\/wp\/v2\/product_cat?post=2420"},{"taxonomy":"product_tag","embeddable":true,"href":"https:\/\/www.biobey.be\/fr\/wp-json\/wp\/v2\/product_tag?post=2420"}],"curies":[{"name":"wp","href":"https:\/\/api.w.org\/{rel}","templated":true}]}}