{"id":2421,"date":"2024-04-13T22:46:15","date_gmt":"2024-04-13T20:46:15","guid":{"rendered":"https:\/\/www.biobey.be\/fr-temp\/produit\/gommage-peau-grasse-naturel-75ml\/"},"modified":"2026-05-02T21:58:57","modified_gmt":"2026-05-02T19:58:57","slug":"gommage-peau-grasse-naturel-75ml","status":"publish","type":"product","link":"https:\/\/www.biobey.be\/fr\/produit\/gommage-peau-grasse-naturel-75ml\/","title":{"rendered":"Gommage peau grasse naturel 75ml"},"content":{"rendered":"<p>Gommage peau grasse naturel Bioearth pour les peaux grasses est sp\u00e9cialement con\u00e7u pour les peaux mixtes \u00e0 grasses. Le gommage Bioearth aux algues rouges et aux fines granules de graines d&rsquo;abricot purifie les pores obstru\u00e9s et \u00e9limine les cellules mortes. La production excessive de s\u00e9bum provoque une peau grasse et des pouss\u00e9es d&rsquo;acn\u00e9.<\/p>\n<p>Le peeling facial rem\u00e9die \u00e0 la peau grasse en r\u00e9gulant la fonction des glandes s\u00e9bac\u00e9es. Les acides de fruits \u00e9liminent les impuret\u00e9s et nettoient la peau en profondeur.<\/p>\n<p>La formule riche en antioxydants et en vitamines stimule la r\u00e9g\u00e9n\u00e9ration de la peau. Le gommage peau grasse naturel r\u00e9duit les rougeurs de la peau et a un effet anti-inflammatoire. Cela permet de r\u00e9duire les boutons existants et de pr\u00e9venir les pouss\u00e9es d&rsquo;acn\u00e9. L&rsquo;utilisation r\u00e9guli\u00e8re du peeling r\u00e9duit l&rsquo;exc\u00e8s de s\u00e9bum et rend la peau moins grasse et moins brillante.<\/p>\n<h2>Efficacit\u00e9 du gommage peau grasse naturel<\/h2>\n<p>Ce gommage peau grasse naturel contient les extraits b\u00e9n\u00e9fiques d&rsquo;algues rouges, d&rsquo;aloe vera, d&rsquo;huile de romarin, d&rsquo;huile d&rsquo;orange douce et de vitamine E. L&rsquo;algue Chondrus crispus est riche en carragh\u00e9nane. Cette substance acc\u00e9l\u00e8re le processus de r\u00e9g\u00e9n\u00e9ration de la peau et a un effet hydratant.<\/p>\n<p>Elle rend la peau plus lisse et plus douce. L&rsquo;huile de romarin biologique est souvent utilis\u00e9e pour traiter l&rsquo;acn\u00e9 et les peaux grasses. Elle r\u00e9gule la production de s\u00e9bum et a un effet antibact\u00e9rien.<\/p>\n<p>Elle pr\u00e9vient les inflammations mineures de la peau et l&rsquo;acn\u00e9. L&rsquo;extrait d&rsquo;aloe vera r\u00e9duit les rougeurs et renforce la couche protectrice naturelle de la peau. La combinaison de ces extraits conf\u00e8re un effet purifiant et r\u00e9parateur au peeling facial pour les peaux grasses. Le peeling convient aux peaux mixtes, \u00e0 imperfections et aux peaux grasses.<\/p>\n<p>Le gommage peau grasse naturel Bioearth aux algues rouges est v\u00e9g\u00e9talien. Il est exempt de microplastiques, de silicones, de sulfates, de parab\u00e8nes, de pegs et de d\u00e9riv\u00e9s du p\u00e9trole.<\/p>\n<h2>Combien de fois faut-il exfolier le visage d&rsquo;une peau grasse ?<\/h2>\n<p>La peau grasse est due \u00e0 une production excessive de s\u00e9bum. Cela entra\u00eene la formation de mauvaises bact\u00e9ries et d&rsquo;impuret\u00e9s. Il est recommand\u00e9 d&rsquo;exfolier le visage deux fois par semaine pour les peaux grasses. Le gommage peau grasse naturel Bioearth permet ainsi d&rsquo;\u00e9liminer les cellules mortes et de nettoyer la peau des impuret\u00e9s et des mauvaises bact\u00e9ries.<\/p>\n<p>Le gommage peau grasse naturel Bioearth r\u00e9gule le fonctionnement des glandes s\u00e9bac\u00e9es et permet ainsi d&rsquo;inhiber la production excessive de s\u00e9bum.<\/p>\n<p>Le gommage peau grasse naturel Bioearth de Bioearth ne contient pas de substances irritantes et n&rsquo;affecte donc pas la barri\u00e8re cutan\u00e9e. Il est donc plus doux que les gommages conventionnels \u00e0 base d&rsquo;ingr\u00e9dients synth\u00e9tiques.<\/p>\n<p>Il est important de ne pas exfolier le visage quotidiennement pour les peaux grasses. Une exfoliation trop fr\u00e9quente inciterait la peau \u00e0 produire davantage de s\u00e9bum pour prot\u00e9ger la barri\u00e8re cutan\u00e9e.<\/p>\n<p><strong>Mode d&#8217;emploi :<\/strong> appliquer le gommage sur une peau humide et masser d\u00e9licatement le visage en effectuant des mouvements circulaires. Rincer ensuite \u00e0 l&rsquo;eau ti\u00e8de. \u00c9viter la peau sensible du contour des yeux.<\/p>\n<p><strong>Ingr\u00e9dients<\/strong> : Aqua, Prunus Armeniaca Seed Powder, Glyc\u00e9rine, Betaine, Sorbitol, Xanthan Gum, Chondrus Crispus Powder, Aloe Barbadensis Leaf Juice*, Hedera Helix Leaf Extract*, Camellia Sinensis Leaf Extract*, Citrus Aurantium Dulcis Flower Extract*, Rosmarinus Officinalis Leaf Extract*,<\/p>\n<p>Sodium Cocoyl Sarcosinate, Capryloyl Glycerin\/ Sebacic Acid Copolymer, Diheptyl Succinate, Parfum (Fragnance), Ethylhexyl glycerin, Lactic Acid, Tocopheryl Acetate, Benzyl Alcohol, Sodium Benzoate, Potassium Sorbate<\/p>\n<p>*Ingr\u00e9dients issus de l&rsquo;agriculture biologique<\/p>\n<p>Type de peau: peau mixte, \u00e0 imperfections et grasse<br \/>\nFormule: Poudre de graines d&rsquo;abricot biologique finement moulue, huile de romarin, algues rouges, aloe vera et huile d&rsquo;orange douce<\/p>\n","protected":false},"excerpt":{"rendered":"<p>Le peeling naturel pour peaux grasses \u00e9limine les cellules mortes et les impuret\u00e9s. Sa formule anti-inflammatoire et antibact\u00e9rienne pr\u00e9vient les \u00e9ruptions d&rsquo;acn\u00e9 et les boutons. Le gommage facial traite les peaux grasses en r\u00e9duisant la production excessive de s\u00e9bum. Test\u00e9 dermatologiquement.<\/p>\n","protected":false},"featured_media":418,"comment_status":"open","ping_status":"closed","template":"","meta":{"ocean_post_layout":"","ocean_both_sidebars_style":"","ocean_both_sidebars_content_width":0,"ocean_both_sidebars_sidebars_width":0,"ocean_sidebar":"0","ocean_second_sidebar":"0","ocean_disable_margins":"enable","ocean_add_body_class":"","ocean_shortcode_before_top_bar":"","ocean_shortcode_after_top_bar":"","ocean_shortcode_before_header":"","ocean_shortcode_after_header":"","ocean_has_shortcode":"","ocean_shortcode_after_title":"","ocean_shortcode_before_footer_widgets":"","ocean_shortcode_after_footer_widgets":"","ocean_shortcode_before_footer_bottom":"","ocean_shortcode_after_footer_bottom":"","ocean_display_top_bar":"default","ocean_display_header":"default","ocean_header_style":"","ocean_center_header_left_menu":"0","ocean_custom_header_template":"0","ocean_custom_logo":0,"ocean_custom_retina_logo":0,"ocean_custom_logo_max_width":0,"ocean_custom_logo_tablet_max_width":0,"ocean_custom_logo_mobile_max_width":0,"ocean_custom_logo_max_height":0,"ocean_custom_logo_tablet_max_height":0,"ocean_custom_logo_mobile_max_height":0,"ocean_header_custom_menu":"0","ocean_menu_typo_font_family":"0","ocean_menu_typo_font_subset":"","ocean_menu_typo_font_size":0,"ocean_menu_typo_font_size_tablet":0,"ocean_menu_typo_font_size_mobile":0,"ocean_menu_typo_font_size_unit":"px","ocean_menu_typo_font_weight":"","ocean_menu_typo_font_weight_tablet":"","ocean_menu_typo_font_weight_mobile":"","ocean_menu_typo_transform":"","ocean_menu_typo_transform_tablet":"","ocean_menu_typo_transform_mobile":"","ocean_menu_typo_line_height":0,"ocean_menu_typo_line_height_tablet":0,"ocean_menu_typo_line_height_mobile":0,"ocean_menu_typo_line_height_unit":"","ocean_menu_typo_spacing":0,"ocean_menu_typo_spacing_tablet":0,"ocean_menu_typo_spacing_mobile":0,"ocean_menu_typo_spacing_unit":"","ocean_menu_link_color":"","ocean_menu_link_color_hover":"","ocean_menu_link_color_active":"","ocean_menu_link_background":"","ocean_menu_link_hover_background":"","ocean_menu_link_active_background":"","ocean_menu_social_links_bg":"","ocean_menu_social_hover_links_bg":"","ocean_menu_social_links_color":"","ocean_menu_social_hover_links_color":"","ocean_disable_title":"default","ocean_disable_heading":"default","ocean_post_title":"","ocean_post_subheading":"","ocean_post_title_style":"","ocean_post_title_background_color":"","ocean_post_title_background":0,"ocean_post_title_bg_image_position":"","ocean_post_title_bg_image_attachment":"","ocean_post_title_bg_image_repeat":"","ocean_post_title_bg_image_size":"","ocean_post_title_height":0,"ocean_post_title_bg_overlay":0.5,"ocean_post_title_bg_overlay_color":"","ocean_disable_breadcrumbs":"default","ocean_breadcrumbs_color":"","ocean_breadcrumbs_separator_color":"","ocean_breadcrumbs_links_color":"","ocean_breadcrumbs_links_hover_color":"","ocean_display_footer_widgets":"default","ocean_display_footer_bottom":"default","ocean_custom_footer_template":"0"},"product_brand":[118],"product_cat":[18,17,16],"product_tag":[],"class_list":{"0":"post-2421","1":"product","2":"type-product","3":"status-publish","4":"has-post-thumbnail","6":"product_brand-bioearth","7":"product_cat-nettoyage-de-la-peau-et-masques","8":"product_cat-soins-du-visage","9":"product_cat-soins","11":"entry","12":"has-media","14":"first","15":"instock","16":"taxable","17":"shipping-taxable","18":"purchasable","19":"product-type-simple","20":"has-rating","21":"col","22":"span_1_of_3","23":"owp-content-center","24":"owp-thumbs-layout-horizontal","25":"owp-btn-normal","26":"owp-tabs-layout-section","27":"has-no-thumbnails","28":"circle-sale"},"_links":{"self":[{"href":"https:\/\/www.biobey.be\/fr\/wp-json\/wp\/v2\/product\/2421","targetHints":{"allow":["GET"]}}],"collection":[{"href":"https:\/\/www.biobey.be\/fr\/wp-json\/wp\/v2\/product"}],"about":[{"href":"https:\/\/www.biobey.be\/fr\/wp-json\/wp\/v2\/types\/product"}],"replies":[{"embeddable":true,"href":"https:\/\/www.biobey.be\/fr\/wp-json\/wp\/v2\/comments?post=2421"}],"wp:featuredmedia":[{"embeddable":true,"href":"https:\/\/www.biobey.be\/fr\/wp-json\/wp\/v2\/media\/418"}],"wp:attachment":[{"href":"https:\/\/www.biobey.be\/fr\/wp-json\/wp\/v2\/media?parent=2421"}],"wp:term":[{"taxonomy":"product_brand","embeddable":true,"href":"https:\/\/www.biobey.be\/fr\/wp-json\/wp\/v2\/product_brand?post=2421"},{"taxonomy":"product_cat","embeddable":true,"href":"https:\/\/www.biobey.be\/fr\/wp-json\/wp\/v2\/product_cat?post=2421"},{"taxonomy":"product_tag","embeddable":true,"href":"https:\/\/www.biobey.be\/fr\/wp-json\/wp\/v2\/product_tag?post=2421"}],"curies":[{"name":"wp","href":"https:\/\/api.w.org\/{rel}","templated":true}]}}