{"id":2422,"date":"2023-08-21T21:39:56","date_gmt":"2023-08-21T19:39:56","guid":{"rendered":"https:\/\/www.biobey.be\/fr-temp\/produit\/nettoyant-visage-solide-bio-peau-seche\/"},"modified":"2026-01-13T05:37:06","modified_gmt":"2026-01-13T04:37:06","slug":"nettoyant-visage-solide-bio-peau-seche","status":"publish","type":"product","link":"https:\/\/www.biobey.be\/fr\/produit\/nettoyant-visage-solide-bio-peau-seche\/","title":{"rendered":"Nettoyant visage solide bio peau s\u00e8che z\u00e9ro d\u00e9chet 150 g"},"content":{"rendered":"<p>Nettoyant visage solide bio peau s\u00e8che Bioearth nettoie efficacement la peau en douceur. Gr\u00e2ce \u00e0 sa formule douce et hydratante, il est particuli\u00e8rement adapt\u00e9 aux peaux s\u00e8ches et matures pr\u00e9sentant des ridules. La formule \u00e0 base d&rsquo;huile de rose musqu\u00e9e biologique, de beurre de karit\u00e9 et d&rsquo;huile d&rsquo;avocat nettoie et nourrit la peau.<\/p>\n<p>Les nettoyants conventionnels pour la peau contenant des alcools lourds et des ingr\u00e9dients synth\u00e9tiques endommagent la couche protectrice naturelle. La peau devient plus sensible au stress oxydatif. Cela entra\u00eene une d\u00e9shydratation et la formation de rides pr\u00e9matur\u00e9es.<\/p>\n<p>Le nettoyant visage solide bio peau s\u00e8che a une composition douce. Il aide \u00e0 restaurer la barri\u00e8re cutan\u00e9e et prot\u00e8ge la peau des effets n\u00e9gatifs des radicaux libres.<\/p>\n<h2>Nettoyant visage solide bio peau s\u00e8che apaisant peaux s\u00e8ches et matures<\/h2>\n<p>L&rsquo;huile de rose musqu\u00e9e biologique press\u00e9e \u00e0 froid hydrate la peau sans obstruer les pores. Elle est souvent utilis\u00e9e comme ingr\u00e9dient de base dans les produits de soins anti-\u00e2ge. L&rsquo;huile d&rsquo;avocat biologique est riche en vitamine E. Elle favorise la production de collag\u00e8ne et prot\u00e8ge la peau des rides pr\u00e9matur\u00e9es.<\/p>\n<p>En outre, ce nettoyant visage solide bio peau s\u00e8che, sans d\u00e9chets, contient du beurre de karit\u00e9 biologique. Le beurre de karit\u00e9 forme une couche protectrice naturelle sur la peau et la prot\u00e8ge de la perte d&rsquo;humidit\u00e9. En outre, il a un effet nourrissant et hydratant.<\/p>\n<p>La combinaison d&rsquo;huiles et d&rsquo;extraits de plantes b\u00e9n\u00e9fiques permet de nettoyer efficacement la peau et de la rendre agr\u00e9ablement douce.<\/p>\n<h3>Production authentique durable gr\u00e2ce au triple m\u00e9thode<\/h3>\n<p>Les savons durables et v\u00e9g\u00e9taliens de Bioearth ne sont pas seulement z\u00e9ro d\u00e9chet et naturels. Ils sont produits de mani\u00e8re authentique et respectueuse de l&rsquo;environnement, selon un proc\u00e9d\u00e9 originaire de France. Les mati\u00e8res premi\u00e8res sont issues de l&rsquo;agriculture biologique locale.<\/p>\n<p><strong>Mode d&#8217;emploi<\/strong> : Faites d&rsquo;abord mousser la barre dans la paume de vos mains. Appliquez-le ensuite sur un visage humide et massez doucement. Rincez \u00e0 l&rsquo;eau ti\u00e8de. S\u00e9cher la peau avec une serviette. Convient aux peaux s\u00e8ches.<\/p>\n<p><strong>Ingr\u00e9dients :<\/strong> Sodium Palmate, Sodium Cocoate, Aqua, Glyc\u00e9rine, Butyrospermum (Shea Butter) Parkii Butter*, Persea Gratissima (Avocado) Oil*, Rosa Moschata (Rosehip) Seed Oil*, Sodium Citrate<\/p>\n<p>*En provenance de l&rsquo;agriculture biologique<\/p>\n","protected":false},"excerpt":{"rendered":"<p>Le nettoyant visage solide bio peau s\u00e8che est con\u00e7u pour les peaux d\u00e9shydrat\u00e9e et matures pr\u00e9sentant des rides. Il nettoie la peau en douceur sans perturber le pH.<\/p>\n<p><strong>Formule<\/strong> : Huiles biologiques de rose musqu\u00e9e, d&rsquo;avocat et beurre de karit\u00e9 biologique<\/p>\n<p><strong>Caract\u00e9ristiques <\/strong>: Naturel, v\u00e9g\u00e9talien, z\u00e9ro d\u00e9chet, produit selon une m\u00e9thode authentique et durable.<\/p>\n<p><strong>Type de peau<\/strong> : peau s\u00e8che, peau sensible et peau mature avec ridules<\/p>\n","protected":false},"featured_media":555,"comment_status":"open","ping_status":"closed","template":"","meta":{"ocean_post_layout":"","ocean_both_sidebars_style":"","ocean_both_sidebars_content_width":0,"ocean_both_sidebars_sidebars_width":0,"ocean_sidebar":"","ocean_second_sidebar":"","ocean_disable_margins":"enable","ocean_add_body_class":"","ocean_shortcode_before_top_bar":"","ocean_shortcode_after_top_bar":"","ocean_shortcode_before_header":"","ocean_shortcode_after_header":"","ocean_has_shortcode":"","ocean_shortcode_after_title":"","ocean_shortcode_before_footer_widgets":"","ocean_shortcode_after_footer_widgets":"","ocean_shortcode_before_footer_bottom":"","ocean_shortcode_after_footer_bottom":"","ocean_display_top_bar":"default","ocean_display_header":"default","ocean_header_style":"","ocean_center_header_left_menu":"","ocean_custom_header_template":"","ocean_custom_logo":0,"ocean_custom_retina_logo":0,"ocean_custom_logo_max_width":0,"ocean_custom_logo_tablet_max_width":0,"ocean_custom_logo_mobile_max_width":0,"ocean_custom_logo_max_height":0,"ocean_custom_logo_tablet_max_height":0,"ocean_custom_logo_mobile_max_height":0,"ocean_header_custom_menu":"","ocean_menu_typo_font_family":"","ocean_menu_typo_font_subset":"","ocean_menu_typo_font_size":0,"ocean_menu_typo_font_size_tablet":0,"ocean_menu_typo_font_size_mobile":0,"ocean_menu_typo_font_size_unit":"px","ocean_menu_typo_font_weight":"","ocean_menu_typo_font_weight_tablet":"","ocean_menu_typo_font_weight_mobile":"","ocean_menu_typo_transform":"","ocean_menu_typo_transform_tablet":"","ocean_menu_typo_transform_mobile":"","ocean_menu_typo_line_height":0,"ocean_menu_typo_line_height_tablet":0,"ocean_menu_typo_line_height_mobile":0,"ocean_menu_typo_line_height_unit":"","ocean_menu_typo_spacing":0,"ocean_menu_typo_spacing_tablet":0,"ocean_menu_typo_spacing_mobile":0,"ocean_menu_typo_spacing_unit":"","ocean_menu_link_color":"","ocean_menu_link_color_hover":"","ocean_menu_link_color_active":"","ocean_menu_link_background":"","ocean_menu_link_hover_background":"","ocean_menu_link_active_background":"","ocean_menu_social_links_bg":"","ocean_menu_social_hover_links_bg":"","ocean_menu_social_links_color":"","ocean_menu_social_hover_links_color":"","ocean_disable_title":"default","ocean_disable_heading":"default","ocean_post_title":"","ocean_post_subheading":"","ocean_post_title_style":"","ocean_post_title_background_color":"","ocean_post_title_background":0,"ocean_post_title_bg_image_position":"","ocean_post_title_bg_image_attachment":"","ocean_post_title_bg_image_repeat":"","ocean_post_title_bg_image_size":"","ocean_post_title_height":0,"ocean_post_title_bg_overlay":0.5,"ocean_post_title_bg_overlay_color":"","ocean_disable_breadcrumbs":"default","ocean_breadcrumbs_color":"","ocean_breadcrumbs_separator_color":"","ocean_breadcrumbs_links_color":"","ocean_breadcrumbs_links_hover_color":"","ocean_display_footer_widgets":"default","ocean_display_footer_bottom":"default","ocean_custom_footer_template":""},"product_brand":[118],"product_cat":[18,17,16],"product_tag":[],"class_list":{"0":"post-2422","1":"product","2":"type-product","3":"status-publish","4":"has-post-thumbnail","6":"product_brand-bioearth","7":"product_cat-nettoyage-de-la-peau-et-masques","8":"product_cat-soins-du-visage","9":"product_cat-soins","11":"entry","12":"has-media","14":"first","15":"instock","16":"taxable","17":"shipping-taxable","18":"purchasable","19":"product-type-simple","20":"has-rating","21":"col","22":"span_1_of_3","23":"owp-content-center","24":"owp-thumbs-layout-horizontal","25":"owp-btn-normal","26":"owp-tabs-layout-section","27":"has-no-thumbnails","28":"circle-sale"},"_links":{"self":[{"href":"https:\/\/www.biobey.be\/fr\/wp-json\/wp\/v2\/product\/2422","targetHints":{"allow":["GET"]}}],"collection":[{"href":"https:\/\/www.biobey.be\/fr\/wp-json\/wp\/v2\/product"}],"about":[{"href":"https:\/\/www.biobey.be\/fr\/wp-json\/wp\/v2\/types\/product"}],"replies":[{"embeddable":true,"href":"https:\/\/www.biobey.be\/fr\/wp-json\/wp\/v2\/comments?post=2422"}],"wp:featuredmedia":[{"embeddable":true,"href":"https:\/\/www.biobey.be\/fr\/wp-json\/wp\/v2\/media\/555"}],"wp:attachment":[{"href":"https:\/\/www.biobey.be\/fr\/wp-json\/wp\/v2\/media?parent=2422"}],"wp:term":[{"taxonomy":"product_brand","embeddable":true,"href":"https:\/\/www.biobey.be\/fr\/wp-json\/wp\/v2\/product_brand?post=2422"},{"taxonomy":"product_cat","embeddable":true,"href":"https:\/\/www.biobey.be\/fr\/wp-json\/wp\/v2\/product_cat?post=2422"},{"taxonomy":"product_tag","embeddable":true,"href":"https:\/\/www.biobey.be\/fr\/wp-json\/wp\/v2\/product_tag?post=2422"}],"curies":[{"name":"wp","href":"https:\/\/api.w.org\/{rel}","templated":true}]}}