{"id":2426,"date":"2023-08-20T21:44:36","date_gmt":"2023-08-20T19:44:36","guid":{"rendered":"https:\/\/www.biobey.be\/fr-temp\/produit\/gommage-safran-pour-les-peaux-seches\/"},"modified":"2025-07-11T13:53:03","modified_gmt":"2025-07-11T11:53:03","slug":"gommage-safran-pour-les-peaux-seches","status":"publish","type":"product","link":"https:\/\/www.biobey.be\/fr\/produit\/gommage-safran-pour-les-peaux-seches\/","title":{"rendered":"Gommage safran pour les peaux s\u00e8ches 75ml Bioearth"},"content":{"rendered":"<p>Gommage safran pour les peaux s\u00e8ches a une composition douce. Il est sp\u00e9cialement con\u00e7u pour le soin d\u00e9licat des peaux sensibles, matures et ternes. Il \u00e9limine les cellules mortes de la peau et favorise la circulation sanguine. Le peeling d\u00e9licat n&rsquo;a pas d&rsquo;effet dess\u00e9chant. Il nourrit la peau et assure une peau lisse et un teint \u00e9clatant.<\/p>\n<p>Le gommage safran pour les peaux s\u00e8ches exfolie gr\u00e2ce aux graines d&rsquo;abricot finement moulues. L&rsquo;huile de graines de rosa moschata biologique et le safran ont un effet nourrissant et adoucissant. Le peeling fin aux acides de fruits stimule le renouvellement cellulaire de la peau et favorise la division cellulaire de la peau.<\/p>\n<p>Cela permet d&rsquo;am\u00e9liorer la structure de la couche sup\u00e9rieure de la peau, ce qui facilite l&rsquo;absorption des nutriments par la peau. En outre, il aide \u00e0 estomper les taches pigmentaires superficielles et les taches sombres. La peau est radieuse et uniforme.<\/p>\n<h2>Formulation de gommage safran pour les peaux s\u00e8ches<\/h2>\n<p>Le gommage safran pour les peaux s\u00e8ches contient de la rose de Damas biologique, du safran, de l&rsquo;huile de graines de rosa moschata et de la vitamine E.<\/p>\n<p>Les acides de fruits fins associ\u00e9s aux extraits riches en vitamines am\u00e9liorent l&rsquo;\u00e9lasticit\u00e9 de la peau et stimulent la production de collag\u00e8ne. L&rsquo;extrait de safran contient de puissants antioxydants qui prot\u00e8gent la peau du vieillissement pr\u00e9matur\u00e9.<\/p>\n<p>L&rsquo;huile de graines de Rosa moschata a un effet nourrissant tandis que l&rsquo;extrait de camomille \u00e9claircit le teint de la peau. En outre, le gommage safran pour les peaux s\u00e8ches contient de l&rsquo;huile de graines de rose de Damas biologique, des extraits de bambou et de fruits.<\/p>\n<p>La formule nettoie la peau et \u00e9limine les cellules mortes. Gr\u00e2ce \u00e0 la structure fine des granules, il ne provoque aucune irritation de l&rsquo;\u00e9piderme. Les huiles nourrissantes aident \u00e0 pr\u00e9venir la perte d&rsquo;humidit\u00e9 et \u00e0 adoucir la peau.<\/p>\n<p>Apr\u00e8s l&rsquo;utilisation de l&rsquo;exfoliant pour le visage, la peau est plus lisse et douce au toucher. Ce gommage est con\u00e7u pour les peaux s\u00e8ches et matures.<\/p>\n<p>Le gommage safran pour les peaux s\u00e8ches pour le visage Bioearth pour les peaux s\u00e8ches est vegan. Il est exempt de microplastiques, de parab\u00e8nes, de d\u00e9riv\u00e9s du p\u00e9trole et de silicones.<\/p>\n<p>Mode d&#8217;emploi : Appliquer le gommage sur la peau humide et masser doucement. Rincez ensuite \u00e0 l&rsquo;eau ti\u00e8de.<\/p>\n<p>Ingr\u00e9dients : Aqua, glyceryl stearate se, glycerin, octyl palmitate, prunus armeniaca seed powder, caprylic\/ capric triglyceride, cetearyl alcohol, olea europaea fruit oil*, bambusa vulgaris leaf\/stem extract, chamomilla recutita flower extract*, rosa damascena flower water*, huile de graines de rosa moschata*,<\/p>\n<p>huile de graines de melia azadirachta*, huile de son d&rsquo;oryza sativa, extrait de fleur de crocus sativus*, st\u00e9arate de glyc\u00e9ryle, parfum (fragnance), gomme xanthane, \u00e9thylhexylglyc\u00e9rine, acide lactique, ac\u00e9tate de tocoph\u00e9ryle, alcool benzylique, benzoate de sodium, sorbate de potassium<\/p>\n<p>*Ingr\u00e9dients issus de l&rsquo;agriculture biologique<\/p>\n","protected":false},"excerpt":{"rendered":"<p>Le gommage safran pour les peaux s\u00e8ches aux acides de fruits pour les peaux s\u00e8ches \u00e9limine les cellules mortes, purifie et nourrit la peau.<\/p>\n<p>Type de peau : peau s\u00e8che, terne et mature. Convient aux peaux sensibles<\/p>\n<p>Formule : Poudre de p\u00e9pins d&rsquo;abricot biologique finement moulue, safran, vitamine E, huiles de rose.<br \/>\nLe gommage\u00a0 est v\u00e9g\u00e9talien et exempt de silicones, de d\u00e9riv\u00e9s du p\u00e9trole, de parab\u00e8nes, de pegs, etc.<\/p>\n","protected":false},"featured_media":535,"comment_status":"open","ping_status":"closed","template":"","meta":{"ocean_post_layout":"","ocean_both_sidebars_style":"","ocean_both_sidebars_content_width":0,"ocean_both_sidebars_sidebars_width":0,"ocean_sidebar":"","ocean_second_sidebar":"","ocean_disable_margins":"enable","ocean_add_body_class":"","ocean_shortcode_before_top_bar":"","ocean_shortcode_after_top_bar":"","ocean_shortcode_before_header":"","ocean_shortcode_after_header":"","ocean_has_shortcode":"","ocean_shortcode_after_title":"","ocean_shortcode_before_footer_widgets":"","ocean_shortcode_after_footer_widgets":"","ocean_shortcode_before_footer_bottom":"","ocean_shortcode_after_footer_bottom":"","ocean_display_top_bar":"default","ocean_display_header":"default","ocean_header_style":"","ocean_center_header_left_menu":"","ocean_custom_header_template":"","ocean_custom_logo":0,"ocean_custom_retina_logo":0,"ocean_custom_logo_max_width":0,"ocean_custom_logo_tablet_max_width":0,"ocean_custom_logo_mobile_max_width":0,"ocean_custom_logo_max_height":0,"ocean_custom_logo_tablet_max_height":0,"ocean_custom_logo_mobile_max_height":0,"ocean_header_custom_menu":"","ocean_menu_typo_font_family":"","ocean_menu_typo_font_subset":"","ocean_menu_typo_font_size":0,"ocean_menu_typo_font_size_tablet":0,"ocean_menu_typo_font_size_mobile":0,"ocean_menu_typo_font_size_unit":"px","ocean_menu_typo_font_weight":"","ocean_menu_typo_font_weight_tablet":"","ocean_menu_typo_font_weight_mobile":"","ocean_menu_typo_transform":"","ocean_menu_typo_transform_tablet":"","ocean_menu_typo_transform_mobile":"","ocean_menu_typo_line_height":0,"ocean_menu_typo_line_height_tablet":0,"ocean_menu_typo_line_height_mobile":0,"ocean_menu_typo_line_height_unit":"","ocean_menu_typo_spacing":0,"ocean_menu_typo_spacing_tablet":0,"ocean_menu_typo_spacing_mobile":0,"ocean_menu_typo_spacing_unit":"","ocean_menu_link_color":"","ocean_menu_link_color_hover":"","ocean_menu_link_color_active":"","ocean_menu_link_background":"","ocean_menu_link_hover_background":"","ocean_menu_link_active_background":"","ocean_menu_social_links_bg":"","ocean_menu_social_hover_links_bg":"","ocean_menu_social_links_color":"","ocean_menu_social_hover_links_color":"","ocean_disable_title":"default","ocean_disable_heading":"default","ocean_post_title":"","ocean_post_subheading":"","ocean_post_title_style":"","ocean_post_title_background_color":"","ocean_post_title_background":0,"ocean_post_title_bg_image_position":"","ocean_post_title_bg_image_attachment":"","ocean_post_title_bg_image_repeat":"","ocean_post_title_bg_image_size":"","ocean_post_title_height":0,"ocean_post_title_bg_overlay":0.5,"ocean_post_title_bg_overlay_color":"","ocean_disable_breadcrumbs":"default","ocean_breadcrumbs_color":"","ocean_breadcrumbs_separator_color":"","ocean_breadcrumbs_links_color":"","ocean_breadcrumbs_links_hover_color":"","ocean_display_footer_widgets":"default","ocean_display_footer_bottom":"default","ocean_custom_footer_template":""},"product_brand":[118],"product_cat":[18,17,16],"product_tag":[],"class_list":{"0":"post-2426","1":"product","2":"type-product","3":"status-publish","4":"has-post-thumbnail","6":"product_brand-bioearth","7":"product_cat-nettoyage-de-la-peau-et-masques","8":"product_cat-soins-du-visage","9":"product_cat-soins","11":"entry","12":"has-media","14":"first","15":"instock","16":"taxable","17":"shipping-taxable","18":"purchasable","19":"product-type-simple","20":"has-rating","21":"col","22":"span_1_of_3","23":"owp-content-center","24":"owp-thumbs-layout-horizontal","25":"owp-btn-normal","26":"owp-tabs-layout-section","27":"has-no-thumbnails","28":"circle-sale"},"_links":{"self":[{"href":"https:\/\/www.biobey.be\/fr\/wp-json\/wp\/v2\/product\/2426","targetHints":{"allow":["GET"]}}],"collection":[{"href":"https:\/\/www.biobey.be\/fr\/wp-json\/wp\/v2\/product"}],"about":[{"href":"https:\/\/www.biobey.be\/fr\/wp-json\/wp\/v2\/types\/product"}],"replies":[{"embeddable":true,"href":"https:\/\/www.biobey.be\/fr\/wp-json\/wp\/v2\/comments?post=2426"}],"wp:featuredmedia":[{"embeddable":true,"href":"https:\/\/www.biobey.be\/fr\/wp-json\/wp\/v2\/media\/535"}],"wp:attachment":[{"href":"https:\/\/www.biobey.be\/fr\/wp-json\/wp\/v2\/media?parent=2426"}],"wp:term":[{"taxonomy":"product_brand","embeddable":true,"href":"https:\/\/www.biobey.be\/fr\/wp-json\/wp\/v2\/product_brand?post=2426"},{"taxonomy":"product_cat","embeddable":true,"href":"https:\/\/www.biobey.be\/fr\/wp-json\/wp\/v2\/product_cat?post=2426"},{"taxonomy":"product_tag","embeddable":true,"href":"https:\/\/www.biobey.be\/fr\/wp-json\/wp\/v2\/product_tag?post=2426"}],"curies":[{"name":"wp","href":"https:\/\/api.w.org\/{rel}","templated":true}]}}