{"id":2429,"date":"2023-08-22T22:47:15","date_gmt":"2023-08-22T20:47:15","guid":{"rendered":"https:\/\/www.biobey.be\/fr-temp\/produit\/lait-demaquillant-et-tonique-2-en-1-200ml\/"},"modified":"2025-07-11T13:42:51","modified_gmt":"2025-07-11T11:42:51","slug":"lait-demaquillant-et-tonique-2-en-1-200ml","status":"publish","type":"product","link":"https:\/\/www.biobey.be\/fr\/produit\/lait-demaquillant-et-tonique-2-en-1-200ml\/","title":{"rendered":"Lait d\u00e9maquillant et tonique 2 en 1 200ml"},"content":{"rendered":"<p>Lait d\u00e9maquillant et tonique 2 en 1 a un effet nettoyant et rafra\u00eechissant. Gr\u00e2ce \u00e0 son action douce, il convient parfaitement aux peaux s\u00e8ches, sensibles et matures.<\/p>\n<p>Il \u00e9limine le maquillage et les impuret\u00e9s sans endommager la barri\u00e8re cutan\u00e9e. Il n&rsquo;est pas n\u00e9cessaire d&rsquo;utiliser un toner apr\u00e8s le nettoyage avec le lait nettoyant 2 en 1. La composition \u00e0 base d&rsquo;huile de rose musqu\u00e9e biologique press\u00e9e \u00e0 froid, de vitamine E et d&rsquo;arnica nourrit la peau.<\/p>\n<p>La formule douce nettoie sans dess\u00e9cher la peau ni provoquer de rougeurs. Lait d\u00e9maquillant et tonique 2 en 1 apaise les peaux hypersensibles et am\u00e9liore l&rsquo;absorption du s\u00e9rum ou de la cr\u00e8me.<\/p>\n<h2>Formule de lait d\u00e9maquillant et tonique 2 en 1<\/h2>\n<p>L&rsquo;huile d&rsquo;\u00e9glantier biologique press\u00e9e \u00e0 froid est connue pour ses propri\u00e9t\u00e9s hydratantes. Elle est riche en acides gras essentiels et en vitamines A et C. Les acides gras essentiels de l&rsquo;huile de rose musqu\u00e9e contribuent \u00e0 r\u00e9duire les rides caus\u00e9es par une peau s\u00e8che. En outre, elle a un effet antioxydant.<\/p>\n<p>Le lait d\u00e9maquillant et tonique 2 en 1 contient de l&rsquo;extrait d&rsquo;avoine biologique. Il prot\u00e8ge la peau contre la perte d&rsquo;humidit\u00e9. L&rsquo;extrait d&rsquo;avoine adoucit et raffermit la peau.<\/p>\n<p>L&rsquo;extrait d&rsquo;arnica r\u00e9duit le gonflement et acc\u00e9l\u00e8re le processus de r\u00e9g\u00e9n\u00e9ration des plaies, des contusions et des cicatrices. L&rsquo;effet antibact\u00e9rien de l&rsquo;arnica prot\u00e8ge contre les mauvaises bact\u00e9ries et les inflammations.<\/p>\n<p>La teneur \u00e9lev\u00e9e en vitamine E au lait d\u00e9maquillant et tonique 2 en 1 a un effet anti-\u00e2ge. C&rsquo;est un puissant antioxydant qui contrecarre les effets n\u00e9gatifs des radicaux libres et pr\u00e9vient la formation pr\u00e9matur\u00e9e des rides.<\/p>\n<p>Le lait d\u00e9maquillant et tonique 2 en 1 Bioearth \u00e9limine en douceur les r\u00e9sidus de maquillage et de salet\u00e9. La peau n&rsquo;est ni tendue ni s\u00e8che apr\u00e8s utilisation. Le lait nettoyant naturel, v\u00e9g\u00e9talien et certifi\u00e9 ICEA BIO.<\/p>\n<p>Mode d&#8217;emploi : Appliquez le lait d\u00e9maquillant et tonique 2 en 1 avec un coton sur le visage et le cou du bout des doigts. Nettoyez la peau en effectuant de l\u00e9gers mouvements circulaires. Retirez ensuite le produit avec de l&rsquo;eau ti\u00e8de ou un coton humide.<\/p>\n<p>Ingr\u00e9dients : Aqua, Sodium stearoyl lactylate, Glycerin, Caprylic\/capric triglyceride, Glyceryl stearate, Polyglyceryl-3 stearate, Decyl glucoside, Betaine, Octyldodecanol, Rosa moschata seed oil (Rose hip) *, Arnica montana flower extract (Arnica) *, Extrait de son d&rsquo;Avena sativa (avoine) *,<\/p>\n<p>alcool c\u00e9t\u00e9arylique, ac\u00e9tate de tocoph\u00e9ryle (vitamine E), xylitol, allanto\u00efne, cocamidopropyl b\u00e9ta\u00efne, acide lactique, alcool ph\u00e9n\u00e9thylique, caprylyl glycol, parfum**(ar\u00f4me naturel).<\/p>\n<p>*Ingr\u00e9dients issus de l&rsquo;agriculture biologique<\/p>\n","protected":false},"excerpt":{"rendered":"<p>Le lait d\u00e9maquillant et tonique 2 en 1 \u00e9limine le maquillage et les impuret\u00e9s sans perturber le pH de la peau. Il convient aux peaux s\u00e8ches, hypersensibles et matures pr\u00e9sentant des ridules.<br \/>\nFormule: Extraits organiques d&rsquo;arnica, huile de rose musqu\u00e9e press\u00e9e \u00e0 froid et extraits d&rsquo;avoine.<\/p>\n<p>Certificats: Vegan,\u00a0 ICEA BIO<\/p>\n<p>Contenu: 200ml<\/p>\n","protected":false},"featured_media":457,"comment_status":"open","ping_status":"closed","template":"","meta":{"ocean_post_layout":"","ocean_both_sidebars_style":"","ocean_both_sidebars_content_width":0,"ocean_both_sidebars_sidebars_width":0,"ocean_sidebar":"","ocean_second_sidebar":"","ocean_disable_margins":"enable","ocean_add_body_class":"","ocean_shortcode_before_top_bar":"","ocean_shortcode_after_top_bar":"","ocean_shortcode_before_header":"","ocean_shortcode_after_header":"","ocean_has_shortcode":"","ocean_shortcode_after_title":"","ocean_shortcode_before_footer_widgets":"","ocean_shortcode_after_footer_widgets":"","ocean_shortcode_before_footer_bottom":"","ocean_shortcode_after_footer_bottom":"","ocean_display_top_bar":"default","ocean_display_header":"default","ocean_header_style":"","ocean_center_header_left_menu":"","ocean_custom_header_template":"","ocean_custom_logo":0,"ocean_custom_retina_logo":0,"ocean_custom_logo_max_width":0,"ocean_custom_logo_tablet_max_width":0,"ocean_custom_logo_mobile_max_width":0,"ocean_custom_logo_max_height":0,"ocean_custom_logo_tablet_max_height":0,"ocean_custom_logo_mobile_max_height":0,"ocean_header_custom_menu":"","ocean_menu_typo_font_family":"","ocean_menu_typo_font_subset":"","ocean_menu_typo_font_size":0,"ocean_menu_typo_font_size_tablet":0,"ocean_menu_typo_font_size_mobile":0,"ocean_menu_typo_font_size_unit":"px","ocean_menu_typo_font_weight":"","ocean_menu_typo_font_weight_tablet":"","ocean_menu_typo_font_weight_mobile":"","ocean_menu_typo_transform":"","ocean_menu_typo_transform_tablet":"","ocean_menu_typo_transform_mobile":"","ocean_menu_typo_line_height":0,"ocean_menu_typo_line_height_tablet":0,"ocean_menu_typo_line_height_mobile":0,"ocean_menu_typo_line_height_unit":"","ocean_menu_typo_spacing":0,"ocean_menu_typo_spacing_tablet":0,"ocean_menu_typo_spacing_mobile":0,"ocean_menu_typo_spacing_unit":"","ocean_menu_link_color":"","ocean_menu_link_color_hover":"","ocean_menu_link_color_active":"","ocean_menu_link_background":"","ocean_menu_link_hover_background":"","ocean_menu_link_active_background":"","ocean_menu_social_links_bg":"","ocean_menu_social_hover_links_bg":"","ocean_menu_social_links_color":"","ocean_menu_social_hover_links_color":"","ocean_disable_title":"default","ocean_disable_heading":"default","ocean_post_title":"","ocean_post_subheading":"","ocean_post_title_style":"","ocean_post_title_background_color":"","ocean_post_title_background":0,"ocean_post_title_bg_image_position":"","ocean_post_title_bg_image_attachment":"","ocean_post_title_bg_image_repeat":"","ocean_post_title_bg_image_size":"","ocean_post_title_height":0,"ocean_post_title_bg_overlay":0.5,"ocean_post_title_bg_overlay_color":"","ocean_disable_breadcrumbs":"default","ocean_breadcrumbs_color":"","ocean_breadcrumbs_separator_color":"","ocean_breadcrumbs_links_color":"","ocean_breadcrumbs_links_hover_color":"","ocean_display_footer_widgets":"default","ocean_display_footer_bottom":"default","ocean_custom_footer_template":""},"product_brand":[118],"product_cat":[18,17,16],"product_tag":[],"class_list":{"0":"post-2429","1":"product","2":"type-product","3":"status-publish","4":"has-post-thumbnail","6":"product_brand-bioearth","7":"product_cat-nettoyage-de-la-peau-et-masques","8":"product_cat-soins-du-visage","9":"product_cat-soins","11":"entry","12":"has-media","14":"first","15":"instock","16":"taxable","17":"shipping-taxable","18":"purchasable","19":"product-type-simple","20":"has-rating","21":"col","22":"span_1_of_3","23":"owp-content-center","24":"owp-thumbs-layout-horizontal","25":"owp-btn-normal","26":"owp-tabs-layout-section","27":"has-no-thumbnails","28":"circle-sale"},"_links":{"self":[{"href":"https:\/\/www.biobey.be\/fr\/wp-json\/wp\/v2\/product\/2429","targetHints":{"allow":["GET"]}}],"collection":[{"href":"https:\/\/www.biobey.be\/fr\/wp-json\/wp\/v2\/product"}],"about":[{"href":"https:\/\/www.biobey.be\/fr\/wp-json\/wp\/v2\/types\/product"}],"replies":[{"embeddable":true,"href":"https:\/\/www.biobey.be\/fr\/wp-json\/wp\/v2\/comments?post=2429"}],"wp:featuredmedia":[{"embeddable":true,"href":"https:\/\/www.biobey.be\/fr\/wp-json\/wp\/v2\/media\/457"}],"wp:attachment":[{"href":"https:\/\/www.biobey.be\/fr\/wp-json\/wp\/v2\/media?parent=2429"}],"wp:term":[{"taxonomy":"product_brand","embeddable":true,"href":"https:\/\/www.biobey.be\/fr\/wp-json\/wp\/v2\/product_brand?post=2429"},{"taxonomy":"product_cat","embeddable":true,"href":"https:\/\/www.biobey.be\/fr\/wp-json\/wp\/v2\/product_cat?post=2429"},{"taxonomy":"product_tag","embeddable":true,"href":"https:\/\/www.biobey.be\/fr\/wp-json\/wp\/v2\/product_tag?post=2429"}],"curies":[{"name":"wp","href":"https:\/\/api.w.org\/{rel}","templated":true}]}}