{"id":2430,"date":"2024-04-14T12:47:30","date_gmt":"2024-04-14T10:47:30","guid":{"rendered":"https:\/\/www.biobey.be\/fr-temp\/produit\/creme-de-jour-bio-pour-peaux-ternes\/"},"modified":"2026-04-19T21:06:43","modified_gmt":"2026-04-19T19:06:43","slug":"creme-de-jour-bio-pour-peaux-ternes","status":"publish","type":"product","link":"https:\/\/www.biobey.be\/fr\/produit\/creme-de-jour-bio-pour-peaux-ternes\/","title":{"rendered":"Cr\u00e8me de jour bio pour les peaux ternes 50ml"},"content":{"rendered":"<p>Cr\u00e8me de jour bio pour peaux ternes biologiques est une cr\u00e8me de jour efficace \u00e0 base d&rsquo;huile de rose musqu\u00e9e b\u00e9n\u00e9fique. Elle prot\u00e8ge, apaise, restaure et hydrate les peaux profond\u00e9ment s\u00e8ches ou ternes.<\/p>\n<p>La cr\u00e8me de jour bio pour peaux ternes est formul\u00e9e \u00e0 base d&rsquo;huile de rose musqu\u00e9e press\u00e9e \u00e0 froid, d&rsquo;acide hyaluronique, de vitamine E et enrichie d&rsquo;extraits d&rsquo;hamam\u00e9lis et d&rsquo;achill\u00e9e millefeuille.<\/p>\n<p>Les puissants principes actifs tels que l&rsquo;huile de rose musqu\u00e9e brute, l&rsquo;acide hyaluronique et la vitamine E hautement concentr\u00e9e font de cette cr\u00e8me de jour biologique un produit particuli\u00e8rement adapt\u00e9 au traitement des peaux matures et des peaux ternes. Elle convient \u00e9galement aux peaux atteintes de rosac\u00e9e.<\/p>\n<h2>Que fait la cr\u00e8me de jour bio pour peaux ternes\u202f?<\/h2>\n<p>La formule certifi\u00e9e biologiquement \u00e0 base d&rsquo;huile de rose musqu\u00e9e brute, d&rsquo;acide hyaluronique, de gel d&rsquo;aloe vera et de vitamine E donne non seulement \u00e0 la peau un aspect frais et une peau lisse et hydrat\u00e9e, mais lui apporte aussi tous les nutriments n\u00e9cessaires. En outre, la cr\u00e8me de jour bio Bioearth a un <strong>effet apaisant, protecteur et r\u00e9parateur<\/strong>.<\/p>\n<h3>Formule b\u00e9n\u00e9fique de la cr\u00e8me de jour bio pour peaux ternes<\/h3>\n<p>L&rsquo;huile de rose musqu\u00e9e biologique brute est l&rsquo;un des principaux ingr\u00e9dients de cette cr\u00e8me de jour. Elle regorge d&rsquo;antioxydants et d&rsquo;acides gras essentiels indispensables \u00e0 la r\u00e9g\u00e9n\u00e9ration des cellules de la peau. C&rsquo;est pourquoi l&rsquo;huile de rose musqu\u00e9e brute concentr\u00e9e est ajout\u00e9e aux produits de soins anti-rides de haute qualit\u00e9.<\/p>\n<p>Les autres ingr\u00e9dients principaux sont l&rsquo;acide hyaluronique et la vitamine E. L&rsquo;acide hyaluronique est l&rsquo;un des ingr\u00e9dients les plus efficaces pour hydrater en profondeur les peaux d\u00e9shydrat\u00e9es et s\u00e8ches. Gr\u00e2ce \u00e0 cette hydratation profonde, la peau devient souple et lisse. La vitamine E est un antioxydant important qui prot\u00e8ge la peau des radicaux libres et a donc <strong>un effet rajeunissant sur la peau.<\/strong><\/p>\n<p>Le gel d&rsquo;aloe vera adoucit et prot\u00e8ge la peau. Il stimule \u00e9galement la production de collag\u00e8ne. Couperose et production de nouvelles cellules cutan\u00e9es La formule de la cr\u00e8me de jour bio pour peaux ternes Bioearth est enrichie en extraits v\u00e9g\u00e9taux d&rsquo;achill\u00e9e et d&rsquo;hamam\u00e9lis.<\/p>\n<p>L&rsquo;extrait d&rsquo;achill\u00e9e millefeuille favorise la production de nouvelles cellules cutan\u00e9es. L&rsquo;extrait d&rsquo;achill\u00e9e est aussi utilis\u00e9 pour traiter la rosac\u00e9e.<\/p>\n<p>L&rsquo;extrait d&rsquo;hamam\u00e9lis ou d&rsquo;hamam\u00e9lis inhibe l&rsquo;inflammation, r\u00e9duit le gonflement et agit comme un antioxydant.<br \/>\nGr\u00e2ce \u00e0 sa formule bienfaisante, cette cr\u00e8me de jour bio pour peaux ternes convient parfaitement au traitement de divers probl\u00e8mes de peau.<\/p>\n<p><strong>Substances fonctionnelles<\/strong><br \/>\nHuile de rose musqu\u00e9e press\u00e9e \u00e0 froid*, acide hyaluronique, vitamine E, gel d&rsquo;aloe vera*, extraits d&rsquo;achill\u00e9e millefeuille*, hamam\u00e9lis*.<\/p>\n<p><strong>Cr\u00e8me de jour bio pour peaux ternes : mode d&#8217;emploi<\/strong><\/p>\n<p>Appliquez cette cr\u00e8me de jour bio pour peau ternes sur une peau nettoy\u00e9e en la faisant p\u00e9n\u00e9trer par un l\u00e9ger massage. Nous recommandons d&rsquo;utiliser le s\u00e9rum intensif bio-protecteur avant d&rsquo;appliquer la cr\u00e8me de jour. Cela renforcera l&rsquo;effet de la cr\u00e8me de jour bio Bioearth pour les peaux matures.<\/p>\n<p><strong>Ingr\u00e9dients<\/strong> : Aqua, Glyceryl stearate SE, Caprylic\/capric triglyceride, Sodium stearoyl lactylate, Cetearyl alcohol (ne laissez pas le nom alcool vous effrayer, c&rsquo;est un alcool naturel tr\u00e8s doux), Coco-caprylate, Sorbitan stearate, Glycerin, Rosa moschata seed oil *,<\/p>\n<p>(Cold-pressed raw rosehip oil) Tridecane, Ac\u00e9tate de tocoph\u00e9ryle (Vitamine E), Extrait de feuille d&rsquo;Hamamelis virginiana (hamam\u00e9lis) *, Hyaluronate de sodium, Extrait d&rsquo;Achillea millefolium *, Und\u00e9cane, Gel d&rsquo;Aloe barbadensis * (Jus de feuille d&rsquo;Aloe barbadensis *)<\/p>\n<p>Allanto\u00efne, Acide lactique (v\u00e9g\u00e9talien), Caprylyl glycol, Alcool ph\u00e9n\u00e9thylique, Ar\u00f4me d&rsquo;origine naturelle (Fragnance). *En provenance de l&rsquo;agriculture biologique.<\/p>\n<h3>Quelle cr\u00e8me de nuit utiliser avec la cr\u00e8me de jour bio pour peaux ternes ?<\/h3>\n<p>La ligne anti-\u00e2ge Bioearth Rose Mosqueta contient une cr\u00e8me de jour pour les peaux ternes et une cr\u00e8me de nuit nourrissante \u00e0 base d&rsquo;huile d&rsquo;\u00e9glantier. La cr\u00e8me de jour bio pour peaux ternes peut \u00eatre utilis\u00e9e en combinaison avec la cr\u00e8me de nuit Rose Mosqueta.<\/p>\n<p>Les cr\u00e8mes sont con\u00e7ues pour un soin intensif des peaux ternes et fatigu\u00e9es, de jour comme de nuit. La cr\u00e8me de jour prot\u00e8ge la peau des influences ext\u00e9rieures n\u00e9gatives.<\/p>\n<p>La cr\u00e8me de nuit a un effet r\u00e9parateur et nourrissant. Elle soutient le processus naturel de r\u00e9paration des cellules de la peau. Les deux cr\u00e8mes pour le visage peuvent \u00eatre utilis\u00e9es s\u00e9par\u00e9ment ou en combinaison.<\/p>\n","protected":false},"excerpt":{"rendered":"<p>La cr\u00e8me de jour bio pour peaux ternes soulage les peaux ternes et redonne tonus et vitalit\u00e9 aux peaux matures. Sa formule riche et nourrissante est principalement destin\u00e9e au soin profond des peaux matures.<\/p>\n<p><strong>Type de peau<\/strong>: peau mature, peau terne, peau facilement d\u00e9shydrat\u00e9e.<\/p>\n<p><strong>Fonctions:<\/strong><br \/>\nDonne plus de tonus \u00e0 la peau<br \/>\nNourrit les peaux ternes et leur donne un aspect sain.<br \/>\nStimule la production de collag\u00e8ne<\/p>\n","protected":false},"featured_media":397,"comment_status":"open","ping_status":"closed","template":"","meta":{"ocean_post_layout":"","ocean_both_sidebars_style":"","ocean_both_sidebars_content_width":0,"ocean_both_sidebars_sidebars_width":0,"ocean_sidebar":"","ocean_second_sidebar":"","ocean_disable_margins":"enable","ocean_add_body_class":"","ocean_shortcode_before_top_bar":"","ocean_shortcode_after_top_bar":"","ocean_shortcode_before_header":"","ocean_shortcode_after_header":"","ocean_has_shortcode":"","ocean_shortcode_after_title":"","ocean_shortcode_before_footer_widgets":"","ocean_shortcode_after_footer_widgets":"","ocean_shortcode_before_footer_bottom":"","ocean_shortcode_after_footer_bottom":"","ocean_display_top_bar":"default","ocean_display_header":"default","ocean_header_style":"","ocean_center_header_left_menu":"","ocean_custom_header_template":"","ocean_custom_logo":0,"ocean_custom_retina_logo":0,"ocean_custom_logo_max_width":0,"ocean_custom_logo_tablet_max_width":0,"ocean_custom_logo_mobile_max_width":0,"ocean_custom_logo_max_height":0,"ocean_custom_logo_tablet_max_height":0,"ocean_custom_logo_mobile_max_height":0,"ocean_header_custom_menu":"","ocean_menu_typo_font_family":"","ocean_menu_typo_font_subset":"","ocean_menu_typo_font_size":0,"ocean_menu_typo_font_size_tablet":0,"ocean_menu_typo_font_size_mobile":0,"ocean_menu_typo_font_size_unit":"px","ocean_menu_typo_font_weight":"","ocean_menu_typo_font_weight_tablet":"","ocean_menu_typo_font_weight_mobile":"","ocean_menu_typo_transform":"","ocean_menu_typo_transform_tablet":"","ocean_menu_typo_transform_mobile":"","ocean_menu_typo_line_height":0,"ocean_menu_typo_line_height_tablet":0,"ocean_menu_typo_line_height_mobile":0,"ocean_menu_typo_line_height_unit":"","ocean_menu_typo_spacing":0,"ocean_menu_typo_spacing_tablet":0,"ocean_menu_typo_spacing_mobile":0,"ocean_menu_typo_spacing_unit":"","ocean_menu_link_color":"","ocean_menu_link_color_hover":"","ocean_menu_link_color_active":"","ocean_menu_link_background":"","ocean_menu_link_hover_background":"","ocean_menu_link_active_background":"","ocean_menu_social_links_bg":"","ocean_menu_social_hover_links_bg":"","ocean_menu_social_links_color":"","ocean_menu_social_hover_links_color":"","ocean_disable_title":"default","ocean_disable_heading":"default","ocean_post_title":"","ocean_post_subheading":"","ocean_post_title_style":"","ocean_post_title_background_color":"","ocean_post_title_background":0,"ocean_post_title_bg_image_position":"","ocean_post_title_bg_image_attachment":"","ocean_post_title_bg_image_repeat":"","ocean_post_title_bg_image_size":"","ocean_post_title_height":0,"ocean_post_title_bg_overlay":0.5,"ocean_post_title_bg_overlay_color":"","ocean_disable_breadcrumbs":"default","ocean_breadcrumbs_color":"","ocean_breadcrumbs_separator_color":"","ocean_breadcrumbs_links_color":"","ocean_breadcrumbs_links_hover_color":"","ocean_display_footer_widgets":"default","ocean_display_footer_bottom":"default","ocean_custom_footer_template":""},"product_brand":[118],"product_cat":[19,49,17,16,20],"product_tag":[],"class_list":{"0":"post-2430","1":"product","2":"type-product","3":"status-publish","4":"has-post-thumbnail","6":"product_brand-bioearth","7":"product_cat-cremes-naturelles-de-jour-et-de-nuit","8":"product_cat-peau-seche","9":"product_cat-soins-du-visage","10":"product_cat-soins","11":"product_cat-anti-age","13":"entry","14":"has-media","16":"first","17":"instock","18":"taxable","19":"shipping-taxable","20":"purchasable","21":"product-type-simple","22":"has-rating","23":"col","24":"span_1_of_3","25":"owp-content-center","26":"owp-thumbs-layout-horizontal","27":"owp-btn-normal","28":"owp-tabs-layout-section","29":"has-no-thumbnails","30":"circle-sale"},"_links":{"self":[{"href":"https:\/\/www.biobey.be\/fr\/wp-json\/wp\/v2\/product\/2430","targetHints":{"allow":["GET"]}}],"collection":[{"href":"https:\/\/www.biobey.be\/fr\/wp-json\/wp\/v2\/product"}],"about":[{"href":"https:\/\/www.biobey.be\/fr\/wp-json\/wp\/v2\/types\/product"}],"replies":[{"embeddable":true,"href":"https:\/\/www.biobey.be\/fr\/wp-json\/wp\/v2\/comments?post=2430"}],"wp:featuredmedia":[{"embeddable":true,"href":"https:\/\/www.biobey.be\/fr\/wp-json\/wp\/v2\/media\/397"}],"wp:attachment":[{"href":"https:\/\/www.biobey.be\/fr\/wp-json\/wp\/v2\/media?parent=2430"}],"wp:term":[{"taxonomy":"product_brand","embeddable":true,"href":"https:\/\/www.biobey.be\/fr\/wp-json\/wp\/v2\/product_brand?post=2430"},{"taxonomy":"product_cat","embeddable":true,"href":"https:\/\/www.biobey.be\/fr\/wp-json\/wp\/v2\/product_cat?post=2430"},{"taxonomy":"product_tag","embeddable":true,"href":"https:\/\/www.biobey.be\/fr\/wp-json\/wp\/v2\/product_tag?post=2430"}],"curies":[{"name":"wp","href":"https:\/\/api.w.org\/{rel}","templated":true}]}}