{"id":2431,"date":"2024-04-13T22:13:31","date_gmt":"2024-04-13T20:13:31","guid":{"rendered":"https:\/\/www.biobey.be\/fr-temp\/produit\/creme-de-nuit-nourrissante-bio-50ml\/"},"modified":"2025-11-26T17:13:50","modified_gmt":"2025-11-26T16:13:50","slug":"creme-de-nuit-nourrissante-bio-50ml","status":"publish","type":"product","link":"https:\/\/www.biobey.be\/fr\/produit\/creme-de-nuit-nourrissante-bio-50ml\/","title":{"rendered":"Cr\u00e8me de nuit nourrissante bio 50ml"},"content":{"rendered":"<p>Cr\u00e8me de nuit nourrissante bio de Bioearth nourrit et revitalise la peau pendant votre sommeil. Elle convient \u00e0 tous les types de peau et plus particuli\u00e8rement aux peaux matures ou s\u00e8ches. Cette cr\u00e8me de nuit nourrissante et naturelle regorge d&rsquo;antioxydants et de vitamines qui apportent \u00e0 votre peau tous les nutriments n\u00e9cessaires.<\/p>\n<p>La combinaison de l&rsquo;huile brute de Rose Mosqueta et de l&rsquo;acide hyaluronique<strong> permet d&rsquo;hydrater en profondeur les peaux d\u00e9shydrat\u00e9es.<\/strong><\/p>\n<h2>Comment fonctionne une cr\u00e8me de nuit nourrissante bio ?<\/h2>\n<p>Une bonne cr\u00e8me de nuit nourrissante, comme la cr\u00e8me de nuit nourrissante bio de Bioearth, revitalise votre peau et contribue \u00e0 restaurer la barri\u00e8re naturelle de la peau. Elle <strong>nourrit votre peau et l&rsquo;hydrate en profondeur<\/strong>.<\/p>\n<p>En outre, la <strong>peau devient plus lisse, plus fra\u00eeche et les ridules s&rsquo;estompent<\/strong>. L&rsquo;application d&rsquo;un bon r\u00e9gime de soins avant le coucher am\u00e9liorera consid\u00e9rablement votre peau.<\/p>\n<h3>Pourquoi la cr\u00e8me de nuit nourrissante est-elle n\u00e9cessaire ?<\/h3>\n<p>Une cr\u00e8me de nuit nourrissante aux propri\u00e9t\u00e9s r\u00e9paratrices est n\u00e9cessaire pour soutenir le processus naturel de r\u00e9paration de la peau. Une bonne routine de sommeil est tr\u00e8s importante pour la peau.<\/p>\n<p>Le processus de r\u00e9g\u00e9n\u00e9ration des cellules de la peau se d\u00e9roule pendant le sommeil. Il r\u00e9pare les dommages caus\u00e9s par les radicaux libres pendant la journ\u00e9e. La peau fabrique du nouveau collag\u00e8ne et am\u00e9liore son \u00e9lasticit\u00e9.<\/p>\n<p>La cr\u00e8me de nuit nourrissante naturelle a une formule destin\u00e9e \u00e0 nourrir et \u00e0 r\u00e9parer la peau. La combinaison de l&rsquo;huile de rose mosqueta et de l&rsquo;acide hyaluronique a un fort effet revitalisant.<\/p>\n<p>L&rsquo;acide hyaluronique a une efficacit\u00e9 scientifiquement prouv\u00e9e pour hydrater les couches profondes de la peau.<br \/>\nIl <strong>contribue \u00e0 stimuler la production de collag\u00e8ne.<\/strong> L&rsquo;huile de rose mosqueta, riche en antioxydants, nourrit les cellules de la peau avec les vitamines n\u00e9cessaires et poss\u00e8de des propri\u00e9t\u00e9s antioxydantes.<\/p>\n<h3>L&rsquo;importance d&rsquo;une bonne nuit de sommeil pour votre peau<\/h3>\n<p>Une bonne nuit de sommeil et un sommeil suffisant sont essentiels pour l&rsquo;organisme. Lorsque vous dormez trop peu ou mal, votre corps produit davantage de cortisol. Un exc\u00e8s de cortisol diminue l&rsquo;immunit\u00e9 et entra\u00eene un mauvais \u00e9tat de la peau.<\/p>\n<p>En outre, le manque de sommeil augmente le risque de vieillissement pr\u00e9matur\u00e9 de la peau. Pendant le sommeil, votre peau cr\u00e9e du nouveau collag\u00e8ne. Le<strong> collag\u00e8ne permet \u00e0 votre peau de rester \u00e9lastique et souple. <\/strong><\/p>\n<p>En dormant moins ou en ayant un mauvais sommeil, vous obtenez des rides plus rapidement. Une bonne nuit de sommeil offre de nombreux avantages \u00e0 votre organisme. Ainsi, en am\u00e9liorant votre sommeil, vous serez non seulement plus heureux, mais aussi plus s\u00e9duisant.<\/p>\n<h3>Comment appliquer la cr\u00e8me de nuit nourrissante bio ?<\/h3>\n<p>Appliquez la cr\u00e8me de nuit nourrissante bio de Bioearth sur la peau nettoy\u00e9e apr\u00e8s avoir appliqu\u00e9 un s\u00e9rum extra nourrissant comme le s\u00e9rum Bio Protecteur. L&rsquo;utilisation du s\u00e9rum Bio Protecteur renforce l&rsquo;efficacit\u00e9 de cette cr\u00e8me de nuit.<\/p>\n<p>INCI: Aqua, triglyc\u00e9ride caprylique\/caprique, st\u00e9arate de glyc\u00e9ryle SE, alcool c\u00e9t\u00e9arylique, lactylate de st\u00e9aroyle de sodium, huile de graines de Rosa moschata* (huile d&rsquo;\u00e9glantier brute press\u00e9e \u00e0 froid), caprylate de coco, st\u00e9arate de sorbitan, glyc\u00e9rine, Und\u00e9cane, hyaluronate de sodium, ac\u00e9tate de tocoph\u00e9ryle,<\/p>\n<p>gel d&rsquo;Aloe barbadensis* (jus d&rsquo;Aloe vera*), extrait d&rsquo;Achillea millefolium* (millefeuille), extrait de feuilles d&rsquo;Hamamelis virginiana (hamam\u00e9lis)*, Trid\u00e9cane, Allanto\u00efne, acide lactique, alcool ph\u00e9n\u00e9thylique, Caprylyl glycol, Fragnance\/Ar\u00f4me d&rsquo;origine naturelle.<\/p>\n<p>La cr\u00e8me de nuit nourrissante \u00e0 la rose mosqueta et \u00e0 l&rsquo;acide hyaluronique est approuv\u00e9e dermatologiquement pour tous les types de peau. La cr\u00e8me de nuit est produite en Italie par Bioearth.<br \/>\nLe fabricant est sp\u00e9cialis\u00e9 dans la production de produits de soins et de bien-\u00eatre naturels et de haute qualit\u00e9.<\/p>\n","protected":false},"excerpt":{"rendered":"<p>La rosa mosqueta cr\u00e8me de nuit nourrissante naturelle de Bioearth nourrit intens\u00e9ment et revitalise les peaux s\u00e8ches ou ternes avec peu de tonus.<\/p>\n","protected":false},"featured_media":440,"comment_status":"open","ping_status":"closed","template":"","meta":{"ocean_post_layout":"","ocean_both_sidebars_style":"","ocean_both_sidebars_content_width":0,"ocean_both_sidebars_sidebars_width":0,"ocean_sidebar":"0","ocean_second_sidebar":"0","ocean_disable_margins":"enable","ocean_add_body_class":"","ocean_shortcode_before_top_bar":"","ocean_shortcode_after_top_bar":"","ocean_shortcode_before_header":"","ocean_shortcode_after_header":"","ocean_has_shortcode":"","ocean_shortcode_after_title":"","ocean_shortcode_before_footer_widgets":"","ocean_shortcode_after_footer_widgets":"","ocean_shortcode_before_footer_bottom":"","ocean_shortcode_after_footer_bottom":"","ocean_display_top_bar":"default","ocean_display_header":"default","ocean_header_style":"","ocean_center_header_left_menu":"0","ocean_custom_header_template":"0","ocean_custom_logo":0,"ocean_custom_retina_logo":0,"ocean_custom_logo_max_width":0,"ocean_custom_logo_tablet_max_width":0,"ocean_custom_logo_mobile_max_width":0,"ocean_custom_logo_max_height":0,"ocean_custom_logo_tablet_max_height":0,"ocean_custom_logo_mobile_max_height":0,"ocean_header_custom_menu":"0","ocean_menu_typo_font_family":"0","ocean_menu_typo_font_subset":"","ocean_menu_typo_font_size":0,"ocean_menu_typo_font_size_tablet":0,"ocean_menu_typo_font_size_mobile":0,"ocean_menu_typo_font_size_unit":"px","ocean_menu_typo_font_weight":"","ocean_menu_typo_font_weight_tablet":"","ocean_menu_typo_font_weight_mobile":"","ocean_menu_typo_transform":"","ocean_menu_typo_transform_tablet":"","ocean_menu_typo_transform_mobile":"","ocean_menu_typo_line_height":0,"ocean_menu_typo_line_height_tablet":0,"ocean_menu_typo_line_height_mobile":0,"ocean_menu_typo_line_height_unit":"","ocean_menu_typo_spacing":0,"ocean_menu_typo_spacing_tablet":0,"ocean_menu_typo_spacing_mobile":0,"ocean_menu_typo_spacing_unit":"","ocean_menu_link_color":"","ocean_menu_link_color_hover":"","ocean_menu_link_color_active":"","ocean_menu_link_background":"","ocean_menu_link_hover_background":"","ocean_menu_link_active_background":"","ocean_menu_social_links_bg":"","ocean_menu_social_hover_links_bg":"","ocean_menu_social_links_color":"","ocean_menu_social_hover_links_color":"","ocean_disable_title":"default","ocean_disable_heading":"default","ocean_post_title":"","ocean_post_subheading":"","ocean_post_title_style":"","ocean_post_title_background_color":"","ocean_post_title_background":0,"ocean_post_title_bg_image_position":"","ocean_post_title_bg_image_attachment":"","ocean_post_title_bg_image_repeat":"","ocean_post_title_bg_image_size":"","ocean_post_title_height":0,"ocean_post_title_bg_overlay":0.5,"ocean_post_title_bg_overlay_color":"","ocean_disable_breadcrumbs":"default","ocean_breadcrumbs_color":"","ocean_breadcrumbs_separator_color":"","ocean_breadcrumbs_links_color":"","ocean_breadcrumbs_links_hover_color":"","ocean_display_footer_widgets":"default","ocean_display_footer_bottom":"default","ocean_custom_footer_template":"0"},"product_brand":[118],"product_cat":[19,17,16,20],"product_tag":[],"class_list":{"0":"post-2431","1":"product","2":"type-product","3":"status-publish","4":"has-post-thumbnail","6":"product_brand-bioearth","7":"product_cat-cremes-naturelles-de-jour-et-de-nuit","8":"product_cat-soins-du-visage","9":"product_cat-soins","10":"product_cat-anti-age","12":"entry","13":"has-media","15":"first","16":"instock","17":"taxable","18":"shipping-taxable","19":"purchasable","20":"product-type-simple","21":"has-rating","22":"col","23":"span_1_of_3","24":"owp-content-center","25":"owp-thumbs-layout-horizontal","26":"owp-btn-normal","27":"owp-tabs-layout-section","28":"has-no-thumbnails","29":"circle-sale"},"_links":{"self":[{"href":"https:\/\/www.biobey.be\/fr\/wp-json\/wp\/v2\/product\/2431","targetHints":{"allow":["GET"]}}],"collection":[{"href":"https:\/\/www.biobey.be\/fr\/wp-json\/wp\/v2\/product"}],"about":[{"href":"https:\/\/www.biobey.be\/fr\/wp-json\/wp\/v2\/types\/product"}],"replies":[{"embeddable":true,"href":"https:\/\/www.biobey.be\/fr\/wp-json\/wp\/v2\/comments?post=2431"}],"wp:featuredmedia":[{"embeddable":true,"href":"https:\/\/www.biobey.be\/fr\/wp-json\/wp\/v2\/media\/440"}],"wp:attachment":[{"href":"https:\/\/www.biobey.be\/fr\/wp-json\/wp\/v2\/media?parent=2431"}],"wp:term":[{"taxonomy":"product_brand","embeddable":true,"href":"https:\/\/www.biobey.be\/fr\/wp-json\/wp\/v2\/product_brand?post=2431"},{"taxonomy":"product_cat","embeddable":true,"href":"https:\/\/www.biobey.be\/fr\/wp-json\/wp\/v2\/product_cat?post=2431"},{"taxonomy":"product_tag","embeddable":true,"href":"https:\/\/www.biobey.be\/fr\/wp-json\/wp\/v2\/product_tag?post=2431"}],"curies":[{"name":"wp","href":"https:\/\/api.w.org\/{rel}","templated":true}]}}