{"id":2435,"date":"2023-08-20T23:10:28","date_gmt":"2023-08-20T21:10:28","guid":{"rendered":"https:\/\/www.biobey.be\/fr-temp\/produit\/shampoing-solide-bio-cheveux-gras-80g\/"},"modified":"2025-07-11T13:49:54","modified_gmt":"2025-07-11T11:49:54","slug":"shampoing-solide-bio-cheveux-gras-80g","status":"publish","type":"product","link":"https:\/\/www.biobey.be\/fr\/produit\/shampoing-solide-bio-cheveux-gras-80g\/","title":{"rendered":"Shampoing solide bio cheveux gras 80g"},"content":{"rendered":"<p>Shampoing solide bio cheveux gras est compos\u00e9 d&rsquo;extraits de plantes b\u00e9n\u00e9fiques et d&rsquo;huiles essentielles. La formule \u00e0 base d&rsquo;argile verte et de m\u00e9lange d&rsquo;huiles essentielles r\u00e9duit l&rsquo;exc\u00e8s de s\u00e9bum. Le shampoing r\u00e9gule la production excessive de s\u00e9bum et donc le cuir chevelu et les cheveux gras. Il s&rsquo;agit d&rsquo;une m\u00e9thode naturelle et sans d\u00e9chets pour traiter et soigner les cheveux gras.<\/p>\n<p>Des niveaux de pH perturb\u00e9s et un cuir chevelu affect\u00e9 peuvent causer une surproduction des glandes s\u00e9bac\u00e9es. C&rsquo;est ainsi que le cuir chevelu essaie de se prot\u00e9ger. Le cuir chevelu gras attire facilement les mauvaises bact\u00e9ries et les inflammations. Le shampoing solide bio cheveux gras aide \u00e0 restaurer le pH du cuir chevelu.<\/p>\n<p>Il nourrit le cuir chevelu sans obstruer les glandes s\u00e9bac\u00e9es. C&rsquo;est un excellent produit pour traiter et soigner le cuir chevelu et les cheveux gras. Le shampoing solide bio cheveux gras est v\u00e9gan et ne contient pas de sulfates, de silicones, d&rsquo;alcools lourds, de colorants, de parab\u00e8nes et de d\u00e9riv\u00e9s du p\u00e9trole.<\/p>\n<h2>Composition d&rsquo;un Shampoing solide bio cheveux gras<\/h2>\n<p>La poudre d&rsquo;argile verte, l&rsquo;huile d&rsquo;amande douce et l&rsquo;extrait de basilic ont un effet purifiant. Ils nettoient les cheveux et le cuir chevelu des petites particules de salet\u00e9 et des mauvaises bact\u00e9ries. Le Shampooing Bar Cheveux Gras contient \u00e9galement des huiles essentielles de tea tree, d&rsquo;orange douce et de lavande.<\/p>\n<p>L&rsquo;huile essentielle de tea tree et l&rsquo;argile verte dissenter la production excessive de s\u00e9bum. L&rsquo;arbre \u00e0 th\u00e9 poss\u00e8de \u00e9galement des propri\u00e9t\u00e9s antibact\u00e9riennes et antifongiques. L&rsquo;huile de lavande aide \u00e0 r\u00e9parer et \u00e0 adoucir le cuir chevelu. L&rsquo;huile essentielle d&rsquo;orange douce r\u00e9duit l&rsquo;exc\u00e8s de graisse et donne une sensation de fra\u00eecheur.<\/p>\n<p>La synergie entre les extraits et les huiles assure une action efficace du shampooing solide bio cheveux gras. Il convient aux cheveux gras avec des pellicules l\u00e9g\u00e8res. Le shampoing solide est de longue dur\u00e9e.<\/p>\n<p>NatureEqua est un producteur italien de soins naturels et durables. Le shampoing solide est naturel et v\u00e9gan.<\/p>\n<p>Mode d&#8217;emploi : Faites d&rsquo;abord mousser la barre de shampooing dans les mains mouill\u00e9es ou appliquez-la directement sur les cheveux mouill\u00e9s. Faites p\u00e9n\u00e9trer le produit par massage, puis rincez \u00e0 l&rsquo;eau ti\u00e8de.<\/p>\n<p>Ingr\u00e9dients : Is\u00e9thionate de cocoyle de sodium, huile v\u00e9g\u00e9tale hydrog\u00e9n\u00e9e, eau, laurate de polyglyc\u00e9ryle-4, glyc\u00e9rine, amidon de ma\u00efs, beurre de karit\u00e9 (BIO), huile d&rsquo;amande douce, argile verte (Solum Fullonum), Citrus Aurantium Dulcis (Citron) Peel Oil*,<\/p>\n<p>Lavandula Angustifolia (Lavender) Oil*, Melaleuca Alternifolia (Tea Tree) Leaf Oil, Ocimum Basilicum (Basil) Flower Leaf Extract*, Tetrasodium Glutamate Diacetate, Benzyl Alcohol, Benzoic Acid, Sorbic Acid, Limonene, Linalool<\/p>\n","protected":false},"excerpt":{"rendered":"<p>Le shampoing solide bio cheveux gras r\u00e9duit la production excessive de s\u00e9bum et purifie le cuir chevelu de la salet\u00e9 et des mauvaises bact\u00e9ries. Il r\u00e9duit les cheveux gras sans dess\u00e9cher le cuir chevelu.<\/p>\n<p><strong>Formule<\/strong> : Argile verte, beurre de karit\u00e9 et huiles essentielles.<\/p>\n<p><strong>Type de cheveux<\/strong> : cheveux gras, cheveux \u00e0 pellicules l\u00e9g\u00e8res<br \/>\n<strong>Caract\u00e9ristiques<\/strong> : Vegan, naturel, biod\u00e9gradable<\/p>\n","protected":false},"featured_media":551,"comment_status":"open","ping_status":"closed","template":"","meta":{"ocean_post_layout":"","ocean_both_sidebars_style":"","ocean_both_sidebars_content_width":0,"ocean_both_sidebars_sidebars_width":0,"ocean_sidebar":"","ocean_second_sidebar":"","ocean_disable_margins":"enable","ocean_add_body_class":"","ocean_shortcode_before_top_bar":"","ocean_shortcode_after_top_bar":"","ocean_shortcode_before_header":"","ocean_shortcode_after_header":"","ocean_has_shortcode":"","ocean_shortcode_after_title":"","ocean_shortcode_before_footer_widgets":"","ocean_shortcode_after_footer_widgets":"","ocean_shortcode_before_footer_bottom":"","ocean_shortcode_after_footer_bottom":"","ocean_display_top_bar":"default","ocean_display_header":"default","ocean_header_style":"","ocean_center_header_left_menu":"","ocean_custom_header_template":"","ocean_custom_logo":0,"ocean_custom_retina_logo":0,"ocean_custom_logo_max_width":0,"ocean_custom_logo_tablet_max_width":0,"ocean_custom_logo_mobile_max_width":0,"ocean_custom_logo_max_height":0,"ocean_custom_logo_tablet_max_height":0,"ocean_custom_logo_mobile_max_height":0,"ocean_header_custom_menu":"","ocean_menu_typo_font_family":"","ocean_menu_typo_font_subset":"","ocean_menu_typo_font_size":0,"ocean_menu_typo_font_size_tablet":0,"ocean_menu_typo_font_size_mobile":0,"ocean_menu_typo_font_size_unit":"px","ocean_menu_typo_font_weight":"","ocean_menu_typo_font_weight_tablet":"","ocean_menu_typo_font_weight_mobile":"","ocean_menu_typo_transform":"","ocean_menu_typo_transform_tablet":"","ocean_menu_typo_transform_mobile":"","ocean_menu_typo_line_height":0,"ocean_menu_typo_line_height_tablet":0,"ocean_menu_typo_line_height_mobile":0,"ocean_menu_typo_line_height_unit":"","ocean_menu_typo_spacing":0,"ocean_menu_typo_spacing_tablet":0,"ocean_menu_typo_spacing_mobile":0,"ocean_menu_typo_spacing_unit":"","ocean_menu_link_color":"","ocean_menu_link_color_hover":"","ocean_menu_link_color_active":"","ocean_menu_link_background":"","ocean_menu_link_hover_background":"","ocean_menu_link_active_background":"","ocean_menu_social_links_bg":"","ocean_menu_social_hover_links_bg":"","ocean_menu_social_links_color":"","ocean_menu_social_hover_links_color":"","ocean_disable_title":"default","ocean_disable_heading":"default","ocean_post_title":"","ocean_post_subheading":"","ocean_post_title_style":"","ocean_post_title_background_color":"","ocean_post_title_background":0,"ocean_post_title_bg_image_position":"","ocean_post_title_bg_image_attachment":"","ocean_post_title_bg_image_repeat":"","ocean_post_title_bg_image_size":"","ocean_post_title_height":0,"ocean_post_title_bg_overlay":0.5,"ocean_post_title_bg_overlay_color":"","ocean_disable_breadcrumbs":"default","ocean_breadcrumbs_color":"","ocean_breadcrumbs_separator_color":"","ocean_breadcrumbs_links_color":"","ocean_breadcrumbs_links_hover_color":"","ocean_display_footer_widgets":"default","ocean_display_footer_bottom":"default","ocean_custom_footer_template":""},"product_brand":[120],"product_cat":[25,16,24],"product_tag":[],"class_list":{"0":"post-2435","1":"product","2":"type-product","3":"status-publish","4":"has-post-thumbnail","6":"product_brand-naturaequa","7":"product_cat-shampooing-naturel","8":"product_cat-soins","9":"product_cat-soins-cheveux","11":"entry","12":"has-media","14":"first","15":"instock","16":"taxable","17":"shipping-taxable","18":"purchasable","19":"product-type-simple","20":"has-rating","21":"col","22":"span_1_of_3","23":"owp-content-center","24":"owp-thumbs-layout-horizontal","25":"owp-btn-normal","26":"owp-tabs-layout-section","27":"has-no-thumbnails","28":"circle-sale"},"_links":{"self":[{"href":"https:\/\/www.biobey.be\/fr\/wp-json\/wp\/v2\/product\/2435","targetHints":{"allow":["GET"]}}],"collection":[{"href":"https:\/\/www.biobey.be\/fr\/wp-json\/wp\/v2\/product"}],"about":[{"href":"https:\/\/www.biobey.be\/fr\/wp-json\/wp\/v2\/types\/product"}],"replies":[{"embeddable":true,"href":"https:\/\/www.biobey.be\/fr\/wp-json\/wp\/v2\/comments?post=2435"}],"wp:featuredmedia":[{"embeddable":true,"href":"https:\/\/www.biobey.be\/fr\/wp-json\/wp\/v2\/media\/551"}],"wp:attachment":[{"href":"https:\/\/www.biobey.be\/fr\/wp-json\/wp\/v2\/media?parent=2435"}],"wp:term":[{"taxonomy":"product_brand","embeddable":true,"href":"https:\/\/www.biobey.be\/fr\/wp-json\/wp\/v2\/product_brand?post=2435"},{"taxonomy":"product_cat","embeddable":true,"href":"https:\/\/www.biobey.be\/fr\/wp-json\/wp\/v2\/product_cat?post=2435"},{"taxonomy":"product_tag","embeddable":true,"href":"https:\/\/www.biobey.be\/fr\/wp-json\/wp\/v2\/product_tag?post=2435"}],"curies":[{"name":"wp","href":"https:\/\/api.w.org\/{rel}","templated":true}]}}