{"id":2437,"date":"2025-04-01T21:44:13","date_gmt":"2025-04-01T19:44:13","guid":{"rendered":"https:\/\/www.biobey.be\/fr-temp\/produit\/shampooing-naturel-pour-cheveux-colores\/"},"modified":"2025-07-11T13:10:20","modified_gmt":"2025-07-11T11:10:20","slug":"shampooing-naturel-pour-cheveux-colores","status":"publish","type":"product","link":"https:\/\/www.biobey.be\/fr\/produit\/shampooing-naturel-pour-cheveux-colores\/","title":{"rendered":"Shampooing naturel pour cheveux color\u00e9s et secs 250ml"},"content":{"rendered":"<p>Shampooing naturel pour cheveux color\u00e9s et secs est formul\u00e9 \u00e0 base d&rsquo;huile de Baobab biologique. La formule sans sulfate ni silicone convient au soin des cheveux secs et color\u00e9s. Les influences ext\u00e9rieures n\u00e9gatives, les produits de coiffage et les substances synth\u00e9tiques contenues dans les produits de soins affectent les cheveux.<\/p>\n<p>Les cheveux perdent leur humidit\u00e9 et deviennent secs. En outre, les cheveux perdent leur brillance. Le shampoing naturel pour cheveux color\u00e9s et secs <strong>aide \u00e0 hydrater et \u00e0 nourrir les cheveux.<\/strong><\/p>\n<p>Il ne contient aucune substance dess\u00e9chante ou irritante. En lavant r\u00e9guli\u00e8rement les cheveux avec le shampooing Natura Equa, le cuir chevelu et les cheveux deviennent plus doux. Il <strong>convient aux personnes ayant des cheveux secs et color\u00e9s<\/strong>.<\/p>\n<h2>Le shampoing baobab, qu&rsquo;est-ce que c&rsquo;est ?<\/h2>\n<p>Le nom shampoing baobab fait r\u00e9f\u00e9rence \u00e0 l&rsquo;ingr\u00e9dient principal de ce shampoing naturel pour cheveux secs et color\u00e9s, <span style=\"color: #0000ff;\"><a style=\"color: #0000ff;\" href=\"https:\/\/www.biobey.be\/fr\/produit\/apres-shampooing-pour-cheveux-abimes-200\/\">l&rsquo;huile de baobab<\/a><\/span>. La forte concentration en vitamines et en acides gras insatur\u00e9s essentiels de l&rsquo;huile de baobab biologique aide les cheveux ab\u00eem\u00e9s \u00e0 r\u00e9cup\u00e9rer plus rapidement.<\/p>\n<p>Il est rapidement absorb\u00e9 par les cheveux et hydrate en profondeur les cheveux secs. Les cheveux sont nourris et renforc\u00e9s de l&rsquo;int\u00e9rieur. Cela contribue \u00e0 renforcer les cheveux cassants et \u00e0 les prot\u00e9ger contre la perte d&rsquo;hydratation. Apr\u00e8s avoir utilis\u00e9 le shampooing au baobab pour cheveux secs et color\u00e9s, le cuir chevelu et les cheveux sont agr\u00e9ablement doux.<\/p>\n<h2>Huile de baobab dans le shampooing naturel pour cheveux color\u00e9s et secs<\/h2>\n<p>La composition v\u00e9g\u00e9talienne et naturelle nettoie les cheveux et le cuir chevelu sans l&rsquo;irriter. L&rsquo;huile de baobab biologique a un effet profond\u00e9ment nourrissant. Cette huile est extraite des graines de l&rsquo;arbre Baobab d&rsquo;Afrique. En raison de ses propri\u00e9t\u00e9s positives, elle est utilis\u00e9e en Afrique pour les soins des cheveux, de la peau et du corps.<\/p>\n<p>La forte concentration d&rsquo;acides gras om\u00e9ga 3 -6 et 9 nourrit les cheveux et restaure la s\u00e9cheresse. L&rsquo;huile de baobab biologique est facilement absorb\u00e9e par la peau et les cheveux. Cette huile est adapt\u00e9e \u00e0 l&rsquo;hydratation de la peau et du cuir chevelu car elle n&rsquo;obstrue pas les pores.<\/p>\n<p>Dans le <span style=\"color: #0000ff;\"><a style=\"color: #0000ff;\" href=\"https:\/\/www.biobey.be\/fr\/produit\/masque-capillaire-eclaircissant-150ml\/\">shampooing naturel pour cheveux color\u00e9s<\/a><\/span>, il est utilis\u00e9 pour hydrater les cheveux secs et soigner le cuir chevelu. Gr\u00e2ce \u00e0 sa formule douce, il peut \u00e9galement \u00eatre utilis\u00e9 sur les cuirs chevelus sensibles. Avec une utilisation r\u00e9guli\u00e8re, les cheveux sont doux et lisse.<\/p>\n<p>Natura Equa est une marque naturelle et durable. L&#8217;emballage est fait de plastique v\u00e9g\u00e9tal provenant de d\u00e9chets de canne \u00e0 sucre. Ce shampooing naturel pour cheveuxcolores et secs est v\u00e9g\u00e9talien.<\/p>\n<p><strong>Mode d&#8217;emploi<\/strong> : Massez d\u00e9licatement le shampooing sur les cheveux et le cuir chevelu mouill\u00e9s jusqu&rsquo;\u00e0 ce qu&rsquo;il mousse et nettoie. Rincez ensuite \u00e0 l&rsquo;eau ti\u00e8de.<\/p>\n<p><strong>Ingr\u00e9dient<\/strong> : Aqua, Natrium Lauroyl Sarcosinate, Cocamidopropyl Betaine, Polyglyceryl-4 Caprate, Betaine, Disodium Cocoamphodiacetate, Adansonia Digitata Seed Oil*, Glycerin, Inulin, Coco-Glucoside, Glyceryl Oleate, Lactic Acid, Sodium Benzoate, Benzyl Alcohol, Sorbic Acid, Sodium Chloride, Fragnance.<\/p>\n<p><strong>Formule :<\/strong>\u00a0Huile de baobab biologique<br \/>\n<strong>Certificats<\/strong> : Vegan Ok, Aiab bio<br \/>\nEmballage durable en plastique 100% v\u00e9g\u00e9tal fabriqu\u00e9 \u00e0 partir de d\u00e9chets de canne \u00e0 sucre.<\/p>\n","protected":false},"excerpt":{"rendered":"<p>Le shampooing naturel pour cheveux color\u00e9s et secs est formul\u00e9 \u00e0 base d&rsquo;huile de baobab biologique. Il hydrate et restaure les cheveux. La formule naturelle sans sulfate ni silicone r\u00e9g\u00e9n\u00e8re les cheveux.<\/p>\n","protected":false},"featured_media":435,"comment_status":"open","ping_status":"closed","template":"","meta":{"ocean_post_layout":"","ocean_both_sidebars_style":"","ocean_both_sidebars_content_width":0,"ocean_both_sidebars_sidebars_width":0,"ocean_sidebar":"","ocean_second_sidebar":"","ocean_disable_margins":"enable","ocean_add_body_class":"","ocean_shortcode_before_top_bar":"","ocean_shortcode_after_top_bar":"","ocean_shortcode_before_header":"","ocean_shortcode_after_header":"","ocean_has_shortcode":"","ocean_shortcode_after_title":"","ocean_shortcode_before_footer_widgets":"","ocean_shortcode_after_footer_widgets":"","ocean_shortcode_before_footer_bottom":"","ocean_shortcode_after_footer_bottom":"","ocean_display_top_bar":"default","ocean_display_header":"default","ocean_header_style":"","ocean_center_header_left_menu":"","ocean_custom_header_template":"","ocean_custom_logo":0,"ocean_custom_retina_logo":0,"ocean_custom_logo_max_width":0,"ocean_custom_logo_tablet_max_width":0,"ocean_custom_logo_mobile_max_width":0,"ocean_custom_logo_max_height":0,"ocean_custom_logo_tablet_max_height":0,"ocean_custom_logo_mobile_max_height":0,"ocean_header_custom_menu":"","ocean_menu_typo_font_family":"","ocean_menu_typo_font_subset":"","ocean_menu_typo_font_size":0,"ocean_menu_typo_font_size_tablet":0,"ocean_menu_typo_font_size_mobile":0,"ocean_menu_typo_font_size_unit":"px","ocean_menu_typo_font_weight":"","ocean_menu_typo_font_weight_tablet":"","ocean_menu_typo_font_weight_mobile":"","ocean_menu_typo_transform":"","ocean_menu_typo_transform_tablet":"","ocean_menu_typo_transform_mobile":"","ocean_menu_typo_line_height":0,"ocean_menu_typo_line_height_tablet":0,"ocean_menu_typo_line_height_mobile":0,"ocean_menu_typo_line_height_unit":"","ocean_menu_typo_spacing":0,"ocean_menu_typo_spacing_tablet":0,"ocean_menu_typo_spacing_mobile":0,"ocean_menu_typo_spacing_unit":"","ocean_menu_link_color":"","ocean_menu_link_color_hover":"","ocean_menu_link_color_active":"","ocean_menu_link_background":"","ocean_menu_link_hover_background":"","ocean_menu_link_active_background":"","ocean_menu_social_links_bg":"","ocean_menu_social_hover_links_bg":"","ocean_menu_social_links_color":"","ocean_menu_social_hover_links_color":"","ocean_disable_title":"default","ocean_disable_heading":"default","ocean_post_title":"","ocean_post_subheading":"","ocean_post_title_style":"","ocean_post_title_background_color":"","ocean_post_title_background":0,"ocean_post_title_bg_image_position":"","ocean_post_title_bg_image_attachment":"","ocean_post_title_bg_image_repeat":"","ocean_post_title_bg_image_size":"","ocean_post_title_height":0,"ocean_post_title_bg_overlay":0.5,"ocean_post_title_bg_overlay_color":"","ocean_disable_breadcrumbs":"default","ocean_breadcrumbs_color":"","ocean_breadcrumbs_separator_color":"","ocean_breadcrumbs_links_color":"","ocean_breadcrumbs_links_hover_color":"","ocean_display_footer_widgets":"default","ocean_display_footer_bottom":"default","ocean_custom_footer_template":""},"product_brand":[120],"product_cat":[25,16,24],"product_tag":[],"class_list":{"0":"post-2437","1":"product","2":"type-product","3":"status-publish","4":"has-post-thumbnail","6":"product_brand-naturaequa","7":"product_cat-shampooing-naturel","8":"product_cat-soins","9":"product_cat-soins-cheveux","11":"entry","12":"has-media","14":"first","15":"instock","16":"taxable","17":"shipping-taxable","18":"purchasable","19":"product-type-simple","20":"has-rating","21":"col","22":"span_1_of_3","23":"owp-content-center","24":"owp-thumbs-layout-horizontal","25":"owp-btn-normal","26":"owp-tabs-layout-section","27":"has-no-thumbnails","28":"circle-sale"},"_links":{"self":[{"href":"https:\/\/www.biobey.be\/fr\/wp-json\/wp\/v2\/product\/2437","targetHints":{"allow":["GET"]}}],"collection":[{"href":"https:\/\/www.biobey.be\/fr\/wp-json\/wp\/v2\/product"}],"about":[{"href":"https:\/\/www.biobey.be\/fr\/wp-json\/wp\/v2\/types\/product"}],"replies":[{"embeddable":true,"href":"https:\/\/www.biobey.be\/fr\/wp-json\/wp\/v2\/comments?post=2437"}],"wp:featuredmedia":[{"embeddable":true,"href":"https:\/\/www.biobey.be\/fr\/wp-json\/wp\/v2\/media\/435"}],"wp:attachment":[{"href":"https:\/\/www.biobey.be\/fr\/wp-json\/wp\/v2\/media?parent=2437"}],"wp:term":[{"taxonomy":"product_brand","embeddable":true,"href":"https:\/\/www.biobey.be\/fr\/wp-json\/wp\/v2\/product_brand?post=2437"},{"taxonomy":"product_cat","embeddable":true,"href":"https:\/\/www.biobey.be\/fr\/wp-json\/wp\/v2\/product_cat?post=2437"},{"taxonomy":"product_tag","embeddable":true,"href":"https:\/\/www.biobey.be\/fr\/wp-json\/wp\/v2\/product_tag?post=2437"}],"curies":[{"name":"wp","href":"https:\/\/api.w.org\/{rel}","templated":true}]}}