{"id":2440,"date":"2025-05-23T01:50:09","date_gmt":"2025-05-22T23:50:09","guid":{"rendered":"https:\/\/www.biobey.be\/fr-temp\/produit\/gel-nettoyant-acide-salicylique-150ml\/"},"modified":"2025-07-11T12:46:01","modified_gmt":"2025-07-11T10:46:01","slug":"gel-nettoyant-acide-salicylique-150ml","status":"publish","type":"product","link":"https:\/\/www.biobey.be\/fr\/produit\/gel-nettoyant-acide-salicylique-150ml\/","title":{"rendered":"Gel nettoyant acide salicylique et \u00e0 l&rsquo;arbre \u00e0 th\u00e9 150ml"},"content":{"rendered":"<p>Gel nettoyant acide salicylique et au tea tree naturel a \u00e9t\u00e9 con\u00e7u pour nettoyer et soigner les peaux grasses et mixtes. Il \u00e9limine les impuret\u00e9s et les mauvaises bact\u00e9ries.<\/p>\n<h2><strong>Quelles sont les principales fonctions du gel nettoyant \u00e0 l&rsquo;acide salicylique et \u00e0 l&rsquo;arbre \u00e0 th\u00e9?<\/strong><\/h2>\n<ul>\n<li>Traite les peaux grasses en freinant la production excessive de s\u00e9bum.<\/li>\n<li>Nettoie la peau des impuret\u00e9s et des r\u00e9sidus sans la dess\u00e9cher.<\/li>\n<li>L&rsquo;huile d&rsquo;arbre \u00e0 th\u00e9 tue les mauvaises bact\u00e9ries et aide \u00e0 pr\u00e9venir les pouss\u00e9es d&rsquo;acn\u00e9.<\/li>\n<li>L&rsquo;acide salicylique contenu dans le gel nettoyant purifie les pores obstru\u00e9s. Il aide \u00e0 \u00e9liminer les cellules mortes qui obstruent les pores.<\/li>\n<\/ul>\n<p>La formule \u00e0 base de tea tree et d&rsquo;acide salicylique pr\u00e9vient les inflammations et stimule le renouvellement cellulaire. Il nettoie les peaux mixtes et grasses sans endommager la couche protectrice de la peau. La production excessive de s\u00e9bum est la cause de la peau grasse.<\/p>\n<p>C&rsquo;est un environnement favorable aux mauvaises bact\u00e9ries. Les inflammations et les pouss\u00e9es d&rsquo;acn\u00e9 se produisent plus rapidement. Le gel nettoyant acide salicylique ne contient pas de sulfates, de parab\u00e8nes, de peg&rsquo;s, de silicones, d&rsquo;EDTA et d&rsquo;huiles min\u00e9rales.<\/p>\n<p>La formule naturelle purifie les pores et nettoie sans dess\u00e9cher la peau. L&rsquo;huile essentielle de tea tree a des effets antibact\u00e9riens et anti-infectieux.<\/p>\n<p>Tandis que l&rsquo;acide salicylique aide \u00e0 \u00e9liminer les cellules mortes de la peau. Le gel nettoyant acide salicylique nettoie en douceur les peaux grasses et mixtes. En utilisation r\u00e9guli\u00e8re, il aide \u00e0 pr\u00e9venir les pouss\u00e9es d&rsquo;acn\u00e9, \u00e0 stabiliser la production de s\u00e9bum et \u00e0 r\u00e9duire les impuret\u00e9s. Il convient au nettoyage <span style=\"color: #0000ff;\"><a style=\"color: #0000ff;\" href=\"https:\/\/www.biobey.be\/fr\/produit\/creme-au-niacinamide-pour-peaux-mixtes-50\/\">des peaux \u00e0 imperfections, mixtes et grasses \u00e0 tendance acn\u00e9ique<\/a><\/span>.<\/p>\n<h2>Gel nettoyant acide salicylique et tea tree pour peaux mixtes et grasses<\/h2>\n<p>L&rsquo;huile essentielle tea tree aide \u00e0 r\u00e9guler la production des glandes s\u00e9bac\u00e9es. Il r\u00e9duit l&rsquo;exc\u00e8s de s\u00e9bum sans endommager la barri\u00e8re cutan\u00e9e. Cette huile est utilis\u00e9e <span style=\"color: #0000ff;\"><a style=\"color: #0000ff;\" href=\"https:\/\/www.biobey.be\/fr\/produit\/traitement-contre-acne-serum-hemp\/\">pour traiter l&rsquo;acn\u00e9<\/a><\/span>, le cuir chevelu gras et les pellicules. Elle aide \u00e0 pr\u00e9venir les champignons et les infections. L&rsquo;acide salicylique \u00e9limine les cellules mortes de la peau.<\/p>\n<p>Il ramollit la couche corn\u00e9e, ce qui permet aux squames de se d\u00e9tacher plus rapidement. Il aide \u00e0 d\u00e9gager les pores obstru\u00e9s et rend la peau plus lisse. En outre, l&rsquo;acide salicylique aide \u00e0 traiter les irritations et les affections cutan\u00e9es telles que le psoriasis et l&rsquo;ecz\u00e9ma. Le gel nettoyant acide salicylique et \u00e0 l&rsquo;huile essentielle de tea tree \u00e9limine les impuret\u00e9s et assure un teint uniforme.<\/p>\n<p>Le gel nettoyant naturel est v\u00e9g\u00e9talien et produit de mani\u00e8re durable en Italie.<\/p>\n<h3>L&#8217;emballage est fait de plastique bio 100% v\u00e9g\u00e9tal provenant de d\u00e9chets de canne \u00e0 sucre.<\/h3>\n<p><strong>Mode d&#8217;emploi<\/strong> : Appliquez le gel nettoyant sur la peau mouill\u00e9e, matin et soir. Rincez ensuite \u00e0 l&rsquo;eau ti\u00e8de\/froide.<\/p>\n<p>Ingr\u00e9dients : Aqua, Betaine, Polyglyceryl-4 Caprate, Glycerin, Salicylic Acid, Melaleuca Alternifolia Leaf Oil, Sodium Carboxymethyl Beta Glucan, Xanthan Gum, Carrageenan, Sodium Cocoyl Glutamate, Disodium Cocoyl Glutamate, Benzyl Alcohol, Sodium Benzoate, Sodium Dehydroacetate<\/p>\n","protected":false},"excerpt":{"rendered":"<p>Le gel nettoyant acide salicylique et tea tree naturel est con\u00e7u pour les peaux \u00e0 imperfections, mixtes et grasses \u00e0 tendance acn\u00e9ique. Il purifie les pores et \u00e9limine les cellules mortes de la peau.<br \/>\n<strong>Formule<\/strong> : Huile essentielle de tea tree et acide salicylique.<\/p>\n<p><strong>Caract\u00e9ristiques<\/strong> : Vegan, naturel<\/p>\n<p>Emballage en bio plastique 100% v\u00e9g\u00e9tal issu de d\u00e9chets de canne \u00e0 sucre.<\/p>\n","protected":false},"featured_media":549,"comment_status":"open","ping_status":"closed","template":"","meta":{"ocean_post_layout":"","ocean_both_sidebars_style":"","ocean_both_sidebars_content_width":0,"ocean_both_sidebars_sidebars_width":0,"ocean_sidebar":"","ocean_second_sidebar":"","ocean_disable_margins":"enable","ocean_add_body_class":"","ocean_shortcode_before_top_bar":"","ocean_shortcode_after_top_bar":"","ocean_shortcode_before_header":"","ocean_shortcode_after_header":"","ocean_has_shortcode":"","ocean_shortcode_after_title":"","ocean_shortcode_before_footer_widgets":"","ocean_shortcode_after_footer_widgets":"","ocean_shortcode_before_footer_bottom":"","ocean_shortcode_after_footer_bottom":"","ocean_display_top_bar":"default","ocean_display_header":"default","ocean_header_style":"","ocean_center_header_left_menu":"","ocean_custom_header_template":"","ocean_custom_logo":0,"ocean_custom_retina_logo":0,"ocean_custom_logo_max_width":0,"ocean_custom_logo_tablet_max_width":0,"ocean_custom_logo_mobile_max_width":0,"ocean_custom_logo_max_height":0,"ocean_custom_logo_tablet_max_height":0,"ocean_custom_logo_mobile_max_height":0,"ocean_header_custom_menu":"","ocean_menu_typo_font_family":"","ocean_menu_typo_font_subset":"","ocean_menu_typo_font_size":0,"ocean_menu_typo_font_size_tablet":0,"ocean_menu_typo_font_size_mobile":0,"ocean_menu_typo_font_size_unit":"px","ocean_menu_typo_font_weight":"","ocean_menu_typo_font_weight_tablet":"","ocean_menu_typo_font_weight_mobile":"","ocean_menu_typo_transform":"","ocean_menu_typo_transform_tablet":"","ocean_menu_typo_transform_mobile":"","ocean_menu_typo_line_height":0,"ocean_menu_typo_line_height_tablet":0,"ocean_menu_typo_line_height_mobile":0,"ocean_menu_typo_line_height_unit":"","ocean_menu_typo_spacing":0,"ocean_menu_typo_spacing_tablet":0,"ocean_menu_typo_spacing_mobile":0,"ocean_menu_typo_spacing_unit":"","ocean_menu_link_color":"","ocean_menu_link_color_hover":"","ocean_menu_link_color_active":"","ocean_menu_link_background":"","ocean_menu_link_hover_background":"","ocean_menu_link_active_background":"","ocean_menu_social_links_bg":"","ocean_menu_social_hover_links_bg":"","ocean_menu_social_links_color":"","ocean_menu_social_hover_links_color":"","ocean_disable_title":"default","ocean_disable_heading":"default","ocean_post_title":"","ocean_post_subheading":"","ocean_post_title_style":"","ocean_post_title_background_color":"","ocean_post_title_background":0,"ocean_post_title_bg_image_position":"","ocean_post_title_bg_image_attachment":"","ocean_post_title_bg_image_repeat":"","ocean_post_title_bg_image_size":"","ocean_post_title_height":0,"ocean_post_title_bg_overlay":0.5,"ocean_post_title_bg_overlay_color":"","ocean_disable_breadcrumbs":"default","ocean_breadcrumbs_color":"","ocean_breadcrumbs_separator_color":"","ocean_breadcrumbs_links_color":"","ocean_breadcrumbs_links_hover_color":"","ocean_display_footer_widgets":"default","ocean_display_footer_bottom":"default","ocean_custom_footer_template":""},"product_brand":[120],"product_cat":[21,18,17,16],"product_tag":[],"class_list":{"0":"post-2440","1":"product","2":"type-product","3":"status-publish","4":"has-post-thumbnail","6":"product_brand-naturaequa","7":"product_cat-acne-et-peau-abimee","8":"product_cat-nettoyage-de-la-peau-et-masques","9":"product_cat-soins-du-visage","10":"product_cat-soins","12":"entry","13":"has-media","15":"first","16":"instock","17":"taxable","18":"shipping-taxable","19":"purchasable","20":"product-type-simple","21":"has-rating","22":"col","23":"span_1_of_3","24":"owp-content-center","25":"owp-thumbs-layout-horizontal","26":"owp-btn-normal","27":"owp-tabs-layout-section","28":"has-no-thumbnails","29":"circle-sale"},"_links":{"self":[{"href":"https:\/\/www.biobey.be\/fr\/wp-json\/wp\/v2\/product\/2440","targetHints":{"allow":["GET"]}}],"collection":[{"href":"https:\/\/www.biobey.be\/fr\/wp-json\/wp\/v2\/product"}],"about":[{"href":"https:\/\/www.biobey.be\/fr\/wp-json\/wp\/v2\/types\/product"}],"replies":[{"embeddable":true,"href":"https:\/\/www.biobey.be\/fr\/wp-json\/wp\/v2\/comments?post=2440"}],"wp:featuredmedia":[{"embeddable":true,"href":"https:\/\/www.biobey.be\/fr\/wp-json\/wp\/v2\/media\/549"}],"wp:attachment":[{"href":"https:\/\/www.biobey.be\/fr\/wp-json\/wp\/v2\/media?parent=2440"}],"wp:term":[{"taxonomy":"product_brand","embeddable":true,"href":"https:\/\/www.biobey.be\/fr\/wp-json\/wp\/v2\/product_brand?post=2440"},{"taxonomy":"product_cat","embeddable":true,"href":"https:\/\/www.biobey.be\/fr\/wp-json\/wp\/v2\/product_cat?post=2440"},{"taxonomy":"product_tag","embeddable":true,"href":"https:\/\/www.biobey.be\/fr\/wp-json\/wp\/v2\/product_tag?post=2440"}],"curies":[{"name":"wp","href":"https:\/\/api.w.org\/{rel}","templated":true}]}}