{"id":2441,"date":"2025-05-23T11:13:42","date_gmt":"2025-05-23T09:13:42","guid":{"rendered":"https:\/\/www.biobey.be\/fr-temp\/produit\/gel-douche-sans-sulfate-cannelle-250-ml\/"},"modified":"2025-07-11T12:45:21","modified_gmt":"2025-07-11T10:45:21","slug":"gel-douche-sans-sulfate-cannelle-250-ml","status":"publish","type":"product","link":"https:\/\/www.biobey.be\/fr\/produit\/gel-douche-sans-sulfate-cannelle-250-ml\/","title":{"rendered":"Gel douche sans sulfate aux agrumes et \u00e0 la cannelle 250\u2009ml"},"content":{"rendered":"<p>Gel douche sans sulfate naturel a \u00e9t\u00e9 d\u00e9velopp\u00e9 pour un nettoyage rafra\u00eechissant du corps. La formule douce du gel douche convient \u00e0 toute la famille. Les ar\u00f4mes naturels d\u00e9riv\u00e9s des huiles essentielles ont un effet de stimulation sensorielle. Ils procurent une agr\u00e9able sensation d&rsquo;\u00e9nergie et de fra\u00eecheur.<\/p>\n<p>Si vous avez la peau tr\u00e8s sensible, nous vous recommandons d&rsquo;utiliser un <span style=\"color: #0000ff;\"><a style=\"color: #0000ff;\" href=\"https:\/\/www.biobey.be\/fr\/produit\/shampooing-doux-bio-et-gel-douche-2-en-1-sensible-250-ml\/\">gel douche et shampooing 2 en 1 hypoallerg\u00e9nique<\/a><\/span>.<\/p>\n<p><strong>Quelles sont les propri\u00e9t\u00e9s du gel douche sans sulfates ?<\/strong><\/p>\n<ul>\n<li>Nettoie les peaux sensibles sans alt\u00e9rer la barri\u00e8re cutan\u00e9e.<\/li>\n<li>Contient des composants apaisants qui nourrissent la peau et ne laissent pas de sensation de tiraillement apr\u00e8s la douche.<\/li>\n<li>Effet rafra\u00eechissant.<\/li>\n<\/ul>\n<p>Le gel douche sans sulfate ne contient pas d&rsquo;irritants synth\u00e9tiques tels que les silicones, les pegs, les parab\u00e8nes et les d\u00e9riv\u00e9s du p\u00e9trole.<\/p>\n<p>Outre des extraits nettoyants et rafra\u00eechissants, le gel douche contient \u00e9galement des extraits d&rsquo;aloe vera. Cet extrait apaise et calme les peaux irrit\u00e9es et ab\u00eem\u00e9es. Si votre peau est tr\u00e8s s\u00e8che apr\u00e8s la douche, utilisez un<span style=\"color: #0000ff;\"> <a style=\"color: #0000ff;\" href=\"https:\/\/www.biobey.be\/fr\/produit\/creme-hydratante-bio-pour-le-corps-200-ml\/\">beurre pour le corps hydratant<\/a><\/span> naturel.<\/p>\n<p>Le gel douche sans sulfate nettoie la salet\u00e9 et les impuret\u00e9s sans perturber le pH de la peau. En outre, les extraits naturels aident \u00e0 renforcer la barri\u00e8re cutan\u00e9e pour pr\u00e9venir la d\u00e9shydratation de la peau.<\/p>\n<p>Le gel douche sans sulfates aux agrumes et \u00e0 la cannelle nettoie le corps avec une agr\u00e9able fra\u00eecheur. Afin de ne pas endommager la barri\u00e8re cutan\u00e9e, il est recommand\u00e9 de ne pas se doucher avec de l&rsquo;eau trop chaude.<\/p>\n<h2>Effet du gel douche sans sulfate naturel aux agrumes et \u00e0 la cannelle<\/h2>\n<p>Les huiles essentielles d&rsquo;agrumes ont un effet antibact\u00e9rien. Elles emp\u00eachent la formation de champignons et d&rsquo;inflammations. En outre, ces huiles essentielles sont utilis\u00e9es pour leur effet r\u00e9parateur et rafra\u00eechissant. La pr\u00e9sence d&rsquo;huiles essentielles de citron nettoie la peau et tue les mauvaises bact\u00e9ries.<\/p>\n<p>L&rsquo;extrait d&rsquo;aloe vera contenu dans le gel douche sans sulfate a un effet hydratant et adoucissant. La combinaison des extraits nettoyants et adoucissants permet un nettoyage efficace, mais doux. Apr\u00e8s utilisation, la peau n&rsquo;est ni tendue ni s\u00e8che.<\/p>\n<p>Natura Equa fabrique des produits de soins durables et naturels. Les produits sont v\u00e9g\u00e9taliens. L&#8217;emballage est compos\u00e9 \u00e0 100% de plastique v\u00e9g\u00e9tal provenant de d\u00e9chets de canne \u00e0 sucre.<\/p>\n<p>Mode d&#8217;emploi : Appliquer une petite quantit\u00e9 de gel douche sur la peau mouill\u00e9e. Masser doucement en mouvements circulaires pour nettoyer le corps. Rincez ensuite \u00e0 l&rsquo;eau ti\u00e8de.<\/p>\n<p>Ingr\u00e9dients : aqua, natrium lauroyl sarcosinate, cocamidopropyl betaine, polyglyceryl-4 caprate, glycerin, saccharum officinarum extract*, aloe arborescens leaf extract*, ocimum basilicum flower\/leaf extract*, extrait de stigmate de crocus sativus*,<\/p>\n<p>huile de feuille de cinnamomum zeylanicum, huile de zeste de citrus aurantium dulcis*, huile de zeste de citrus nobilis*, phytate de sodium, alcool benzylique, benzoate de sodium, acide lactique, limon\u00e8ne*, eug\u00e9nol*.<\/p>\n","protected":false},"excerpt":{"rendered":"<p>Le gel douche sans sulfates agrumes &amp; cannelle nettoie la peau des impuret\u00e9s et des mauvaises bact\u00e9ries. Sa composition est douce pour la peau. Le gel douche convient \u00e0 toute la famille.<\/p>\n<p><strong>Formule<\/strong> : Huile essentielle d&rsquo;aloe vera, de citron et de cannelle<br \/>\n<strong>Caract\u00e9ristiques<\/strong> : Naturel, v\u00e9g\u00e9talien, \u00e9cologique<\/p>\n<p>Emballage fabriqu\u00e9 \u00e0 partir de plastique 100% v\u00e9g\u00e9tal provenant de d\u00e9chets de canne \u00e0 sucre.<br \/>\nContenu : 250 ml<\/p>\n","protected":false},"featured_media":456,"comment_status":"open","ping_status":"closed","template":"","meta":{"ocean_post_layout":"","ocean_both_sidebars_style":"","ocean_both_sidebars_content_width":0,"ocean_both_sidebars_sidebars_width":0,"ocean_sidebar":"","ocean_second_sidebar":"","ocean_disable_margins":"enable","ocean_add_body_class":"","ocean_shortcode_before_top_bar":"","ocean_shortcode_after_top_bar":"","ocean_shortcode_before_header":"","ocean_shortcode_after_header":"","ocean_has_shortcode":"","ocean_shortcode_after_title":"","ocean_shortcode_before_footer_widgets":"","ocean_shortcode_after_footer_widgets":"","ocean_shortcode_before_footer_bottom":"","ocean_shortcode_after_footer_bottom":"","ocean_display_top_bar":"default","ocean_display_header":"default","ocean_header_style":"","ocean_center_header_left_menu":"","ocean_custom_header_template":"","ocean_custom_logo":0,"ocean_custom_retina_logo":0,"ocean_custom_logo_max_width":0,"ocean_custom_logo_tablet_max_width":0,"ocean_custom_logo_mobile_max_width":0,"ocean_custom_logo_max_height":0,"ocean_custom_logo_tablet_max_height":0,"ocean_custom_logo_mobile_max_height":0,"ocean_header_custom_menu":"","ocean_menu_typo_font_family":"","ocean_menu_typo_font_subset":"","ocean_menu_typo_font_size":0,"ocean_menu_typo_font_size_tablet":0,"ocean_menu_typo_font_size_mobile":0,"ocean_menu_typo_font_size_unit":"px","ocean_menu_typo_font_weight":"","ocean_menu_typo_font_weight_tablet":"","ocean_menu_typo_font_weight_mobile":"","ocean_menu_typo_transform":"","ocean_menu_typo_transform_tablet":"","ocean_menu_typo_transform_mobile":"","ocean_menu_typo_line_height":0,"ocean_menu_typo_line_height_tablet":0,"ocean_menu_typo_line_height_mobile":0,"ocean_menu_typo_line_height_unit":"","ocean_menu_typo_spacing":0,"ocean_menu_typo_spacing_tablet":0,"ocean_menu_typo_spacing_mobile":0,"ocean_menu_typo_spacing_unit":"","ocean_menu_link_color":"","ocean_menu_link_color_hover":"","ocean_menu_link_color_active":"","ocean_menu_link_background":"","ocean_menu_link_hover_background":"","ocean_menu_link_active_background":"","ocean_menu_social_links_bg":"","ocean_menu_social_hover_links_bg":"","ocean_menu_social_links_color":"","ocean_menu_social_hover_links_color":"","ocean_disable_title":"default","ocean_disable_heading":"default","ocean_post_title":"","ocean_post_subheading":"","ocean_post_title_style":"","ocean_post_title_background_color":"","ocean_post_title_background":0,"ocean_post_title_bg_image_position":"","ocean_post_title_bg_image_attachment":"","ocean_post_title_bg_image_repeat":"","ocean_post_title_bg_image_size":"","ocean_post_title_height":0,"ocean_post_title_bg_overlay":0.5,"ocean_post_title_bg_overlay_color":"","ocean_disable_breadcrumbs":"default","ocean_breadcrumbs_color":"","ocean_breadcrumbs_separator_color":"","ocean_breadcrumbs_links_color":"","ocean_breadcrumbs_links_hover_color":"","ocean_display_footer_widgets":"default","ocean_display_footer_bottom":"default","ocean_custom_footer_template":""},"product_brand":[120],"product_cat":[52,16,51],"product_tag":[],"class_list":{"0":"post-2441","1":"product","2":"type-product","3":"status-publish","4":"has-post-thumbnail","6":"product_brand-naturaequa","7":"product_cat-nettoyage-et-hygiene","8":"product_cat-soins","9":"product_cat-soins-du-corps","11":"entry","12":"has-media","14":"first","15":"instock","16":"taxable","17":"shipping-taxable","18":"purchasable","19":"product-type-simple","20":"has-rating","21":"col","22":"span_1_of_3","23":"owp-content-center","24":"owp-thumbs-layout-horizontal","25":"owp-btn-normal","26":"owp-tabs-layout-section","27":"has-no-thumbnails","28":"circle-sale"},"_links":{"self":[{"href":"https:\/\/www.biobey.be\/fr\/wp-json\/wp\/v2\/product\/2441","targetHints":{"allow":["GET"]}}],"collection":[{"href":"https:\/\/www.biobey.be\/fr\/wp-json\/wp\/v2\/product"}],"about":[{"href":"https:\/\/www.biobey.be\/fr\/wp-json\/wp\/v2\/types\/product"}],"replies":[{"embeddable":true,"href":"https:\/\/www.biobey.be\/fr\/wp-json\/wp\/v2\/comments?post=2441"}],"wp:featuredmedia":[{"embeddable":true,"href":"https:\/\/www.biobey.be\/fr\/wp-json\/wp\/v2\/media\/456"}],"wp:attachment":[{"href":"https:\/\/www.biobey.be\/fr\/wp-json\/wp\/v2\/media?parent=2441"}],"wp:term":[{"taxonomy":"product_brand","embeddable":true,"href":"https:\/\/www.biobey.be\/fr\/wp-json\/wp\/v2\/product_brand?post=2441"},{"taxonomy":"product_cat","embeddable":true,"href":"https:\/\/www.biobey.be\/fr\/wp-json\/wp\/v2\/product_cat?post=2441"},{"taxonomy":"product_tag","embeddable":true,"href":"https:\/\/www.biobey.be\/fr\/wp-json\/wp\/v2\/product_tag?post=2441"}],"curies":[{"name":"wp","href":"https:\/\/api.w.org\/{rel}","templated":true}]}}