{"id":2444,"date":"2025-05-23T11:41:51","date_gmt":"2025-05-23T09:41:51","guid":{"rendered":"https:\/\/www.biobey.be\/fr-temp\/produit\/gel-douche-a-larome-doux-dagrumes-250ml\/"},"modified":"2025-07-11T12:44:57","modified_gmt":"2025-07-11T10:44:57","slug":"gel-douche-a-larome-doux-dagrumes-250ml","status":"publish","type":"product","link":"https:\/\/www.biobey.be\/fr\/produit\/gel-douche-a-larome-doux-dagrumes-250ml\/","title":{"rendered":"Gel douche \u00e0 l&rsquo;ar\u00f4me doux d&rsquo;agrumes 250ml"},"content":{"rendered":"<p>Gel douche \u00e0 l&rsquo;ar\u00f4me doux d&rsquo;agrumes et de vanille nettoie la peau en profondeur. La formule \u00e0 base d&rsquo;extrait d&rsquo;aloe vera, d&rsquo;extrait de basilic et d&rsquo;huile essentielle de citron soigne et nettoie la peau.<\/p>\n<p><strong>Conseil de pro<\/strong> : pour les peaux extr\u00eamement sensibles et s\u00e8ches, il est recommand\u00e9 d&rsquo;utiliser <span style=\"color: #0000ff;\"><a style=\"color: #0000ff;\" href=\"https:\/\/www.biobey.be\/fr\/produit\/eczema-peau-atopique-lotion-bio-150-ml\/\">une lotion corporelle pour ecz\u00e9ma.\u00a0<\/a><\/span><\/p>\n<p>Les gels douche classiques contiennent des sulfates et des silicones synth\u00e9tiques qui dess\u00e8chent la peau et perturbent le pH. En cons\u00e9quence, la peau devient s\u00e8che. Ils attaquent la couche protectrice naturelle de la peau. Cela rend la peau hypersensible. Le gel douche doux et naturel ne contient pas de silicones, de sulfates, de parab\u00e8nes, de peg&rsquo;s et de d\u00e9riv\u00e9s du p\u00e9trole.<\/p>\n<p>Le gel douche \u00e0 l&rsquo;ar\u00f4me doux d&rsquo;agrumes \u00e9limine la salet\u00e9 et les impuret\u00e9s sans affecter la barri\u00e8re cutan\u00e9e. Les extraits de plantes nourrissent et soignent la peau. Apr\u00e8s avoir utilis\u00e9 ce gel douche naturel, la peau est agr\u00e9ablement douce. L&rsquo;ar\u00f4me du citron et de l&rsquo;extrait de vanille garantit une sensation de d\u00e9tente.<\/p>\n<p>En cas de peau tr\u00e8s sensible, l&rsquo;utilisation <span style=\"color: #0000ff;\"><a style=\"color: #0000ff;\" href=\"https:\/\/www.biobey.be\/fr\/produit\/shampooing-doux-bio-et-gel-douche-2-en-1-sensible-250-ml\/\">d&rsquo;un shampooing et d&rsquo;un gel douche hypoallerg\u00e9niques<\/a><\/span> peut \u00eatre tr\u00e8s efficace.<\/p>\n<h2>Formule du gel douche \u00e0 l&rsquo;ar\u00f4me doux d&rsquo;agrumes<\/h2>\n<p>L&rsquo;huile essentielle de citron tue les mauvaises bact\u00e9ries et a un effet anti-inflammatoire. Elle prot\u00e8ge contre les infections et les inflammations. De plus, l&rsquo;huile de citron a un ar\u00f4me rafra\u00eechissant. L&rsquo;extrait d&rsquo;aloe vera procure l&rsquo;effet doux du gel douche \u00e0 l&rsquo;ar\u00f4me doux d&rsquo;agrumes.<\/p>\n<p>Aloe vera est utilis\u00e9e depuis des centaines d&rsquo;ann\u00e9es pour soigner les br\u00fblures, les irritations cutan\u00e9es et l&rsquo;hypersensibilit\u00e9. L&rsquo;extrait d&rsquo;aloe vera adoucit la peau et pr\u00e9vient la d\u00e9shydratation. L&rsquo;extrait de basilic est connu comme un rem\u00e8de naturel pour traiter l&rsquo;acn\u00e9, les inflammations et les irritations de la peau. Le basilic est utilis\u00e9 pour les infections internes et externes.<\/p>\n<p>La combinaison d&rsquo;extraits de plantes et d&rsquo;huiles essentielles nettoie la peau en douceur. Ce gel douche naturel convient \u00e0 toute la famille. Une petite quantit\u00e9 suffit pour un nettoyage en profondeur.<\/p>\n<p>Le gel douche naturel de Nature Equa est v\u00e9g\u00e9talien et \u00e9cologique. L&#8217;emballage est compos\u00e9 de plastique 100% v\u00e9g\u00e9tal provenant de d\u00e9chets de canne \u00e0 sucre. Produit en Italie.<\/p>\n<p>Mode d&#8217;emploi\u00a0: Appliquer une petite quantit\u00e9 de gel douche naturel sur la peau mouill\u00e9e et masser en mouvements circulaires. Rincez ensuite \u00e0 l&rsquo;eau ti\u00e8de.<\/p>\n<p>Ingr\u00e9dients\u00a0: aqua, natrium lauroyl sarcosinate, cocamidopropyl betaine, polyglyceryl-4 caprate, glycerin, saccharum officinarum extract*, aloe arborescens leaf extract*, ocimum basilicum flower\/leaf extract*, crocus sativus stigma extract*citrus limon peel oil, vanillin, sodium phytate, benzyl alcohol, sodium benzoate, lactic acid, citral, parfum(Fragnance)<\/p>\n<p>Le gel douche a l&rsquo;aroma doux sucr\u00e9 d&rsquo;agrumes et de vanille, est un produit de Natura equa. Natura equa a \u00e9t\u00e9 fond\u00e9e en 2012 par le chimiste et cosm\u00e9tologue Luigi Barbieri.<\/p>\n<p>Le fondateur Luigi a travaill\u00e9 pendant des ann\u00e9es dans l&rsquo;industrie cosm\u00e9tique conventionnelle, mais son v\u00e9ritable objectif \u00e9tait de proposer des cosm\u00e9tiques naturels, biologiques et de haute qualit\u00e9. Natura Equa est une marque naturelle et durable. L&#8217;emballage est fabriqu\u00e9 \u00e0 partir de mat\u00e9riaux \u00e9cologiques, \u00e0 savoir du plastique v\u00e9g\u00e9tal issu des d\u00e9chets de la canne \u00e0 sucre.<\/p>\n","protected":false},"excerpt":{"rendered":"<p>Le gel douche \u00e0 l&rsquo;ar\u00f4me doux d&rsquo;agrumes permet un nettoyage doux mais efficace de la peau. Il a un ar\u00f4me rafra\u00eechissant et doux d&rsquo;huile essentielle de citron et d&rsquo;extrait de vanille. Caract\u00e9ristiques: Vegan, naturel, \u00e9cologique Emballage fabriqu\u00e9 \u00e0 partir de plastique 100 % v\u00e9g\u00e9tal issu de d\u00e9chets de canne \u00e0 sucre. Contenu: 250ml<\/p>\n","protected":false},"featured_media":556,"comment_status":"open","ping_status":"closed","template":"","meta":{"ocean_post_layout":"","ocean_both_sidebars_style":"","ocean_both_sidebars_content_width":0,"ocean_both_sidebars_sidebars_width":0,"ocean_sidebar":"","ocean_second_sidebar":"","ocean_disable_margins":"enable","ocean_add_body_class":"","ocean_shortcode_before_top_bar":"","ocean_shortcode_after_top_bar":"","ocean_shortcode_before_header":"","ocean_shortcode_after_header":"","ocean_has_shortcode":"","ocean_shortcode_after_title":"","ocean_shortcode_before_footer_widgets":"","ocean_shortcode_after_footer_widgets":"","ocean_shortcode_before_footer_bottom":"","ocean_shortcode_after_footer_bottom":"","ocean_display_top_bar":"default","ocean_display_header":"default","ocean_header_style":"","ocean_center_header_left_menu":"","ocean_custom_header_template":"","ocean_custom_logo":0,"ocean_custom_retina_logo":0,"ocean_custom_logo_max_width":0,"ocean_custom_logo_tablet_max_width":0,"ocean_custom_logo_mobile_max_width":0,"ocean_custom_logo_max_height":0,"ocean_custom_logo_tablet_max_height":0,"ocean_custom_logo_mobile_max_height":0,"ocean_header_custom_menu":"","ocean_menu_typo_font_family":"","ocean_menu_typo_font_subset":"","ocean_menu_typo_font_size":0,"ocean_menu_typo_font_size_tablet":0,"ocean_menu_typo_font_size_mobile":0,"ocean_menu_typo_font_size_unit":"px","ocean_menu_typo_font_weight":"","ocean_menu_typo_font_weight_tablet":"","ocean_menu_typo_font_weight_mobile":"","ocean_menu_typo_transform":"","ocean_menu_typo_transform_tablet":"","ocean_menu_typo_transform_mobile":"","ocean_menu_typo_line_height":0,"ocean_menu_typo_line_height_tablet":0,"ocean_menu_typo_line_height_mobile":0,"ocean_menu_typo_line_height_unit":"","ocean_menu_typo_spacing":0,"ocean_menu_typo_spacing_tablet":0,"ocean_menu_typo_spacing_mobile":0,"ocean_menu_typo_spacing_unit":"","ocean_menu_link_color":"","ocean_menu_link_color_hover":"","ocean_menu_link_color_active":"","ocean_menu_link_background":"","ocean_menu_link_hover_background":"","ocean_menu_link_active_background":"","ocean_menu_social_links_bg":"","ocean_menu_social_hover_links_bg":"","ocean_menu_social_links_color":"","ocean_menu_social_hover_links_color":"","ocean_disable_title":"default","ocean_disable_heading":"default","ocean_post_title":"","ocean_post_subheading":"","ocean_post_title_style":"","ocean_post_title_background_color":"","ocean_post_title_background":0,"ocean_post_title_bg_image_position":"","ocean_post_title_bg_image_attachment":"","ocean_post_title_bg_image_repeat":"","ocean_post_title_bg_image_size":"","ocean_post_title_height":0,"ocean_post_title_bg_overlay":0.5,"ocean_post_title_bg_overlay_color":"","ocean_disable_breadcrumbs":"default","ocean_breadcrumbs_color":"","ocean_breadcrumbs_separator_color":"","ocean_breadcrumbs_links_color":"","ocean_breadcrumbs_links_hover_color":"","ocean_display_footer_widgets":"default","ocean_display_footer_bottom":"default","ocean_custom_footer_template":""},"product_brand":[120],"product_cat":[52,16,51],"product_tag":[],"class_list":{"0":"post-2444","1":"product","2":"type-product","3":"status-publish","4":"has-post-thumbnail","6":"product_brand-naturaequa","7":"product_cat-nettoyage-et-hygiene","8":"product_cat-soins","9":"product_cat-soins-du-corps","11":"entry","12":"has-media","14":"first","15":"instock","16":"taxable","17":"shipping-taxable","18":"purchasable","19":"product-type-simple","20":"has-rating","21":"col","22":"span_1_of_3","23":"owp-content-center","24":"owp-thumbs-layout-horizontal","25":"owp-btn-normal","26":"owp-tabs-layout-section","27":"has-no-thumbnails","28":"circle-sale"},"_links":{"self":[{"href":"https:\/\/www.biobey.be\/fr\/wp-json\/wp\/v2\/product\/2444","targetHints":{"allow":["GET"]}}],"collection":[{"href":"https:\/\/www.biobey.be\/fr\/wp-json\/wp\/v2\/product"}],"about":[{"href":"https:\/\/www.biobey.be\/fr\/wp-json\/wp\/v2\/types\/product"}],"replies":[{"embeddable":true,"href":"https:\/\/www.biobey.be\/fr\/wp-json\/wp\/v2\/comments?post=2444"}],"wp:featuredmedia":[{"embeddable":true,"href":"https:\/\/www.biobey.be\/fr\/wp-json\/wp\/v2\/media\/556"}],"wp:attachment":[{"href":"https:\/\/www.biobey.be\/fr\/wp-json\/wp\/v2\/media?parent=2444"}],"wp:term":[{"taxonomy":"product_brand","embeddable":true,"href":"https:\/\/www.biobey.be\/fr\/wp-json\/wp\/v2\/product_brand?post=2444"},{"taxonomy":"product_cat","embeddable":true,"href":"https:\/\/www.biobey.be\/fr\/wp-json\/wp\/v2\/product_cat?post=2444"},{"taxonomy":"product_tag","embeddable":true,"href":"https:\/\/www.biobey.be\/fr\/wp-json\/wp\/v2\/product_tag?post=2444"}],"curies":[{"name":"wp","href":"https:\/\/api.w.org\/{rel}","templated":true}]}}