{"id":2446,"date":"2026-03-12T17:12:56","date_gmt":"2026-03-12T16:12:56","guid":{"rendered":"https:\/\/www.biobey.be\/fr-temp\/produit\/apres-shampooing-pour-cheveux-abimes-200\/"},"modified":"2026-03-12T17:12:13","modified_gmt":"2026-03-12T16:12:13","slug":"apres-shampooing-pour-cheveux-abimes-200","status":"publish","type":"product","link":"https:\/\/www.biobey.be\/fr\/produit\/apres-shampooing-pour-cheveux-abimes-200\/","title":{"rendered":"Apr\u00e8s-shampooing pour cheveux ab\u00eem\u00e9s 200ml"},"content":{"rendered":"<p>L&rsquo;apr\u00e8s-shampooing pour cheveux ab\u00eem\u00e9s de Natura Equa est fabriqu\u00e9 \u00e0 partir d&rsquo;huile de baobab biologique et issue du commerce \u00e9quitable. Cette huile puissante est utilis\u00e9e depuis des milliers d&rsquo;ann\u00e9es en Afrique pour ses effets b\u00e9n\u00e9fiques.<\/p>\n<p>L&rsquo;apr\u00e8s-shampooing Extra &#8211; Nourrissant a <strong>une fonction adoucissante et nourrissante<\/strong>. Il rend les cheveux doux et soyeux et leur donne leur brillance naturelle.<\/p>\n<p>L&rsquo;apr\u00e8s-shampooing pour cheveux ab\u00eem\u00e9s contient de l&rsquo;huile d&rsquo;argan. Cela a un effet revitalisant sur les cheveux. L&rsquo;apr\u00e8s-shampooing est id\u00e9al pour le soin rapide des cheveux ab\u00eem\u00e9s apr\u00e8s une coloration, des produits de coiffage ou tout autre traitement. Il agit \u00e9galement sur les pointes s\u00e8ches des cheveux.<\/p>\n<p>L&rsquo;apr\u00e8s-shampooing apporte aux cheveux les nutriments n\u00e9cessaires et cr\u00e9e une couche protectrice naturelle et saine.<\/p>\n<p>La formule am\u00e9liore l&rsquo;\u00e9lasticit\u00e9, cr\u00e9e plus de la brillance et pr\u00e9vient la d\u00e9shydratation. En utilisant l&rsquo;apr\u00e8s-shampooing pour cheveux ab\u00eem\u00e9s apr\u00e8s avoir lav\u00e9 les cheveux, <strong>rends les cheveux doux et soyeux<\/strong>. Gr\u00e2ce \u00e0 sa formule douce, il convient aussi aux personnes au chevelu sensible.<\/p>\n<h2>Formule revitalisante d&rsquo;apr\u00e8s-shampooing pour cheveux ab\u00eem\u00e9s<\/h2>\n<p>L&rsquo;apr\u00e8s-shampooing extra nourrissant pour cheveux ab\u00eem\u00e9s est compos\u00e9 d&rsquo;ingr\u00e9dients tels que l&rsquo;huile de baobab biologique, l&rsquo;huile d&rsquo;argan et les prot\u00e9ines de riz. Les acides gras essentiels de l&rsquo;huile de baobab aident \u00e0 revitaliser les cheveux ab\u00eem\u00e9s. Cette huile est utilis\u00e9e pour hydrater les cheveux et la peau. Elle p\u00e9n\u00e8tre facilement les couches de la peau sans obstruer les pores.<\/p>\n<p>Cette huile hydrate en profondeur la peau et les cheveux. L&rsquo;huile d&rsquo;argan est riche en vitamines et en min\u00e9raux. Elle restaure la brillance naturelle des cheveux et renforce les pointes.<\/p>\n<p>En outre, l&rsquo;apr\u00e8s-shampooing pour cheveux ab\u00eem\u00e9s est riche en antioxydants. Ils prot\u00e8gent les cheveux des influences ext\u00e9rieures n\u00e9gatives. Avec une utilisation r\u00e9guli\u00e8re, les cheveux sont brillants et nourris.<\/p>\n<p><strong>Conseil de pro pour les cheveux tr\u00e8s secs et ab\u00eem\u00e9s<\/strong> : pour r\u00e9parer les cheveux tr\u00e8s ab\u00eem\u00e9s apr\u00e8s des colorations agressives classiques, nous vous recommandons de traiter r\u00e9guli\u00e8rement vos cheveux avec<span style=\"color: #000080;\"> <a style=\"color: #000080;\" href=\"https:\/\/www.biobey.be\/fr\/produit\/masque-capillaire-reparateur-bio-200-ml\/\">le masque capillaire r\u00e9parateur bio hair pro<\/a>.<\/span> Ce masque capillaire biologique apporte une nutrition intense et des prot\u00e9ines pour r\u00e9parer les cheveux secs. Il est possible d&rsquo;utiliser l&rsquo;apr\u00e8s-shampoing au baobab en alternance avec le masque Bema bio hair pro.<\/p>\n<p><strong>Vous souffrez de cheveux secs apr\u00e8s une coloration ?<\/strong> Combinez alors cet apr\u00e8s-shampooing avec le <a href=\"https:\/\/www.biobey.be\/fr\/produit\/shampooing-naturel-pour-cheveux-colores\/\">shampooing naturel au baobab pour cheveux secs et color\u00e9s.<\/a><\/p>\n<p>L&rsquo;apr\u00e8s-shampooing extra nourrissant est v\u00e9g\u00e9talien et sans silicones, parab\u00e8nes, peg&rsquo;s, sulfates et d\u00e9riv\u00e9s du p\u00e9trole.<\/p>\n<p>Mode d&#8217;emploi\u00a0: Appliquer l&rsquo;apr\u00e8s-shampooing sur les cheveux mouill\u00e9s et laisser agir. Rincez \u00e0 l&rsquo;eau ti\u00e8de. La quantit\u00e9 d\u00e9pend de la longueur des cheveux.<\/p>\n<p>Les produits de soins naturels Nature Equa sont emball\u00e9s dans du plastique 100% v\u00e9g\u00e9tal provenant de d\u00e9chets de canne \u00e0 sucre. Il s&rsquo;agit d&rsquo;une entreprise naturelle et durable.<\/p>\n<p>Ingr\u00e9dients: Aqua, Adansonia Digitata Seed Oil, Cetearyl Alcohol, Behnamidopropyl Dimethylamine (alternative au silicone), Betaine, Olea Europaea Fruit Oil, Glycerin, Lactic Acid,<\/p>\n<p>Argania Spinosa Fruit Oil, Hydrolyzed RiceProtein, Urea, Sodium PCA, Xanthan Gum, Guar Hydroxypropyltrimonium Chloride(d\u00e9riv\u00e9 naturel de la gomme de guar), Parfum(Fragrance), Sodium Benzoate, Benzyl Alcohol, Sorbic Acid<\/p>\n","protected":false},"excerpt":{"rendered":"<p>L&rsquo;apr\u00e8s-shampooing pour cheveux ab\u00eem\u00e9s est formul\u00e9 \u00e0 base d&rsquo;huile de baobab et d&rsquo;huile d&rsquo;argan biologiques et issues du commerce \u00e9quitable. Il est d\u00e9velopp\u00e9 pour revitaliser les cheveux ab\u00eem\u00e9s et secs (suite \u00e0 une coloration ou \u00e0 d&rsquo;autres traitements).<\/p>\n<p><strong>Formule<\/strong> : Huile de baobab, huile d&rsquo;argan et prot\u00e9ines de riz biologiques<br \/>\n<strong>Caract\u00e9ristiques :<\/strong> Vegan, durable<br \/>\nEmballage en plastique 100% v\u00e9g\u00e9tal issu de d\u00e9chets de canne \u00e0 sucre.<br \/>\nContenu 200\u2009ml<br \/>\n<strong>Type de cheveux<\/strong> : cheveux endommag\u00e9s, secs, cheveux secs et cassants et cheveux ternes.<\/p>\n","protected":false},"featured_media":434,"comment_status":"open","ping_status":"closed","template":"","meta":{"ocean_post_layout":"","ocean_both_sidebars_style":"","ocean_both_sidebars_content_width":0,"ocean_both_sidebars_sidebars_width":0,"ocean_sidebar":"0","ocean_second_sidebar":"0","ocean_disable_margins":"enable","ocean_add_body_class":"","ocean_shortcode_before_top_bar":"","ocean_shortcode_after_top_bar":"","ocean_shortcode_before_header":"","ocean_shortcode_after_header":"","ocean_has_shortcode":"","ocean_shortcode_after_title":"","ocean_shortcode_before_footer_widgets":"","ocean_shortcode_after_footer_widgets":"","ocean_shortcode_before_footer_bottom":"","ocean_shortcode_after_footer_bottom":"","ocean_display_top_bar":"default","ocean_display_header":"default","ocean_header_style":"","ocean_center_header_left_menu":"0","ocean_custom_header_template":"0","ocean_custom_logo":0,"ocean_custom_retina_logo":0,"ocean_custom_logo_max_width":0,"ocean_custom_logo_tablet_max_width":0,"ocean_custom_logo_mobile_max_width":0,"ocean_custom_logo_max_height":0,"ocean_custom_logo_tablet_max_height":0,"ocean_custom_logo_mobile_max_height":0,"ocean_header_custom_menu":"0","ocean_menu_typo_font_family":"0","ocean_menu_typo_font_subset":"","ocean_menu_typo_font_size":0,"ocean_menu_typo_font_size_tablet":0,"ocean_menu_typo_font_size_mobile":0,"ocean_menu_typo_font_size_unit":"px","ocean_menu_typo_font_weight":"","ocean_menu_typo_font_weight_tablet":"","ocean_menu_typo_font_weight_mobile":"","ocean_menu_typo_transform":"","ocean_menu_typo_transform_tablet":"","ocean_menu_typo_transform_mobile":"","ocean_menu_typo_line_height":0,"ocean_menu_typo_line_height_tablet":0,"ocean_menu_typo_line_height_mobile":0,"ocean_menu_typo_line_height_unit":"","ocean_menu_typo_spacing":0,"ocean_menu_typo_spacing_tablet":0,"ocean_menu_typo_spacing_mobile":0,"ocean_menu_typo_spacing_unit":"","ocean_menu_link_color":"","ocean_menu_link_color_hover":"","ocean_menu_link_color_active":"","ocean_menu_link_background":"","ocean_menu_link_hover_background":"","ocean_menu_link_active_background":"","ocean_menu_social_links_bg":"","ocean_menu_social_hover_links_bg":"","ocean_menu_social_links_color":"","ocean_menu_social_hover_links_color":"","ocean_disable_title":"default","ocean_disable_heading":"default","ocean_post_title":"","ocean_post_subheading":"","ocean_post_title_style":"","ocean_post_title_background_color":"","ocean_post_title_background":0,"ocean_post_title_bg_image_position":"","ocean_post_title_bg_image_attachment":"","ocean_post_title_bg_image_repeat":"","ocean_post_title_bg_image_size":"","ocean_post_title_height":0,"ocean_post_title_bg_overlay":0.5,"ocean_post_title_bg_overlay_color":"","ocean_disable_breadcrumbs":"default","ocean_breadcrumbs_color":"","ocean_breadcrumbs_separator_color":"","ocean_breadcrumbs_links_color":"","ocean_breadcrumbs_links_hover_color":"","ocean_display_footer_widgets":"default","ocean_display_footer_bottom":"default","ocean_custom_footer_template":"0"},"product_brand":[120],"product_cat":[16,24,50],"product_tag":[],"class_list":{"0":"post-2446","1":"product","2":"type-product","3":"status-publish","4":"has-post-thumbnail","6":"product_brand-naturaequa","7":"product_cat-soins","8":"product_cat-soins-cheveux","9":"product_cat-traitement-capillaire-intensif","11":"entry","12":"has-media","14":"first","15":"instock","16":"taxable","17":"shipping-taxable","18":"purchasable","19":"product-type-simple","20":"has-rating","21":"col","22":"span_1_of_3","23":"owp-content-center","24":"owp-thumbs-layout-horizontal","25":"owp-btn-normal","26":"owp-tabs-layout-section","27":"has-no-thumbnails","28":"circle-sale"},"_links":{"self":[{"href":"https:\/\/www.biobey.be\/fr\/wp-json\/wp\/v2\/product\/2446","targetHints":{"allow":["GET"]}}],"collection":[{"href":"https:\/\/www.biobey.be\/fr\/wp-json\/wp\/v2\/product"}],"about":[{"href":"https:\/\/www.biobey.be\/fr\/wp-json\/wp\/v2\/types\/product"}],"replies":[{"embeddable":true,"href":"https:\/\/www.biobey.be\/fr\/wp-json\/wp\/v2\/comments?post=2446"}],"wp:featuredmedia":[{"embeddable":true,"href":"https:\/\/www.biobey.be\/fr\/wp-json\/wp\/v2\/media\/434"}],"wp:attachment":[{"href":"https:\/\/www.biobey.be\/fr\/wp-json\/wp\/v2\/media?parent=2446"}],"wp:term":[{"taxonomy":"product_brand","embeddable":true,"href":"https:\/\/www.biobey.be\/fr\/wp-json\/wp\/v2\/product_brand?post=2446"},{"taxonomy":"product_cat","embeddable":true,"href":"https:\/\/www.biobey.be\/fr\/wp-json\/wp\/v2\/product_cat?post=2446"},{"taxonomy":"product_tag","embeddable":true,"href":"https:\/\/www.biobey.be\/fr\/wp-json\/wp\/v2\/product_tag?post=2446"}],"curies":[{"name":"wp","href":"https:\/\/api.w.org\/{rel}","templated":true}]}}