{"id":2447,"date":"2023-09-15T22:31:02","date_gmt":"2023-09-15T20:31:02","guid":{"rendered":"https:\/\/www.biobey.be\/fr-temp\/produit\/shampooing-solide-aloe-vera-80g\/"},"modified":"2025-10-28T00:40:12","modified_gmt":"2025-10-27T23:40:12","slug":"shampooing-solide-aloe-vera-80g","status":"publish","type":"product","link":"https:\/\/www.biobey.be\/fr\/produit\/shampooing-solide-aloe-vera-80g\/","title":{"rendered":"Shampooing solide aloe vera 80g"},"content":{"rendered":"<p>Shampooing solide aloe vera z\u00e9ro d\u00e9chet convient pour un nettoyage efficace mais doux des cheveux et du cuir chevelu. La formule douce \u00e0 base d&rsquo;extrait d&rsquo;aloe vera convient \u00e0 un usage r\u00e9gulier. Il ne dess\u00e8che pas les cheveux et n&rsquo;affecte pas le cuir chevelu. Le shampooing solide aloe\u00a0 vera naturel est fabriqu\u00e9 avec des tensioactifs biod\u00e9gradables.<\/p>\n<p>Le shampooing solide \u00e0 l&rsquo;aloe vera ne contient pas de sulfates, de silicones, d&rsquo;huiles min\u00e9rales et d&rsquo;autres irritants. Il s&rsquo;agit d&rsquo;une solution durable et naturelle pour nettoyer et prendre soin des cheveux et du cuir chevelu. La composition \u00e0 base d&rsquo;aloe vera, de beurre de karit\u00e9, d&rsquo;huile d&rsquo;amande douce et d&rsquo;huile de carotte est riche en antioxydants, vitamines et acides gras insatur\u00e9s.<\/p>\n<p>Les cheveux sont expos\u00e9s \u00e0 des influences ext\u00e9rieures n\u00e9gatives. En prenant soin des cheveux avec un shampooing naturel sans irritants, la r\u00e9sistance des cheveux et du cuir chevelu est renforc\u00e9e. Cela assure une meilleure protection contre le stress oxydatif caus\u00e9 par les radicaux libres.<\/p>\n<p>Le shampooing solide aloe vera naturel convient pour le soin et la protection des cheveux. Gr\u00e2ce \u00e0 sa concentration, juste une petite quantit\u00e9 est n\u00e9cessaire pour un bon nettoyage.<\/p>\n<h2>Formule de shampooing solide aloe vera naturel<\/h2>\n<p>Le beurre de karit\u00e9 nourrit et prot\u00e8ge les cheveux de la d\u00e9shydratation. L&rsquo;extrait d&rsquo;aloe vera a des propri\u00e9t\u00e9s anti-inflammatoires et apaisantes. Il combat les mauvaises bact\u00e9ries et prend soin du cuir chevelu. Les vitamines E et A pr\u00e9viennent le stress oxydatif et prot\u00e8gent les cheveux des influences ext\u00e9rieures n\u00e9fastes. Alors que la vitamine B renforce les cheveux.<\/p>\n<p>L&rsquo;huile d&rsquo;amande douce et l&rsquo;huile de carotte aident \u00e0 r\u00e9g\u00e9n\u00e9rer les cheveux ternes et leur donnent une brillance naturelle. Le shampooing aloe vera naturel nettoie et apporte aux cheveux des vitamines et des antioxydants. La production durable combin\u00e9e \u00e0 la formule biologique est id\u00e9ale pour prendre soin des cheveux normaux.<\/p>\n<p>Le shampooing solide Nature Equa, fabriqu\u00e9 en Italie, est v\u00e9g\u00e9talien, naturelle et durable.<br \/>\nUne petite quantit\u00e9 suffit pour un lavage.<\/p>\n<p><strong>Mode d&#8217;emploi<\/strong> : Faites mousser le shampooing solide par le frotter dans vos mains, puis massez la mousse sur les cheveux mouill\u00e9s. Le shampooing solide peut \u00e9galement \u00eatre appliqu\u00e9 directement sur les cheveux mouill\u00e9s.<\/p>\n<p>Massez le shampooing pendant au moins 3 minutes. Rincez ensuite les cheveux \u00e0 l&rsquo;eau ti\u00e8de. Conservez le shampooing dans un endroit sec. Il peut \u00e9galement \u00eatre suspendu \u00e0 un cordon.<\/p>\n<p><strong>Ingr\u00e9dients<\/strong> : Sodium Cocoyl Isethionate, Hydrogenated Vegetable Oil, Aqua, Polyglyceryl-4 Laurate, Glycerin, Aroma\/Fragrance, Zea Mays Starch, Butyrospermum Parkii Butter, Prunus Amygdalus Dulcis Oil, Zea Mays Germ Oil, Daucus Carota Sativa Root, Tocopherol, Panthenol, Aloe Arborescens Leaf Extract*, Tetrasodium Glutamate Diacetate, Benzyl Alcohol, Benzoic Acid, Sorbic Acid<\/p>\n","protected":false},"excerpt":{"rendered":"<p>Le shampooing solide aloe vera naturel nettoie en douceur le cuir chevelu et les cheveux. La formule riche en vitamines conditionne et prot\u00e8ge les cheveux des radicaux libres.<br \/>\n<strong>Formule\u00a0<\/strong>: Aloe vera, beurre de karit\u00e9, huile d&rsquo;amande douce, huile de carotte, vitamines E et B.<\/p>\n<p><strong>Caract\u00e9ristiques<\/strong> : V\u00e9g\u00e9talien, naturel et biod\u00e9gradable.<\/p>\n<p>Fabriqu\u00e9 en Italie<br \/>\nLe shampooing solide est concentr\u00e9e et durable<\/p>\n","protected":false},"featured_media":421,"comment_status":"open","ping_status":"closed","template":"","meta":{"ocean_post_layout":"","ocean_both_sidebars_style":"","ocean_both_sidebars_content_width":0,"ocean_both_sidebars_sidebars_width":0,"ocean_sidebar":"0","ocean_second_sidebar":"0","ocean_disable_margins":"enable","ocean_add_body_class":"","ocean_shortcode_before_top_bar":"","ocean_shortcode_after_top_bar":"","ocean_shortcode_before_header":"","ocean_shortcode_after_header":"","ocean_has_shortcode":"","ocean_shortcode_after_title":"","ocean_shortcode_before_footer_widgets":"","ocean_shortcode_after_footer_widgets":"","ocean_shortcode_before_footer_bottom":"","ocean_shortcode_after_footer_bottom":"","ocean_display_top_bar":"default","ocean_display_header":"default","ocean_header_style":"","ocean_center_header_left_menu":"0","ocean_custom_header_template":"0","ocean_custom_logo":0,"ocean_custom_retina_logo":0,"ocean_custom_logo_max_width":0,"ocean_custom_logo_tablet_max_width":0,"ocean_custom_logo_mobile_max_width":0,"ocean_custom_logo_max_height":0,"ocean_custom_logo_tablet_max_height":0,"ocean_custom_logo_mobile_max_height":0,"ocean_header_custom_menu":"0","ocean_menu_typo_font_family":"0","ocean_menu_typo_font_subset":"","ocean_menu_typo_font_size":0,"ocean_menu_typo_font_size_tablet":0,"ocean_menu_typo_font_size_mobile":0,"ocean_menu_typo_font_size_unit":"px","ocean_menu_typo_font_weight":"","ocean_menu_typo_font_weight_tablet":"","ocean_menu_typo_font_weight_mobile":"","ocean_menu_typo_transform":"","ocean_menu_typo_transform_tablet":"","ocean_menu_typo_transform_mobile":"","ocean_menu_typo_line_height":0,"ocean_menu_typo_line_height_tablet":0,"ocean_menu_typo_line_height_mobile":0,"ocean_menu_typo_line_height_unit":"","ocean_menu_typo_spacing":0,"ocean_menu_typo_spacing_tablet":0,"ocean_menu_typo_spacing_mobile":0,"ocean_menu_typo_spacing_unit":"","ocean_menu_link_color":"","ocean_menu_link_color_hover":"","ocean_menu_link_color_active":"","ocean_menu_link_background":"","ocean_menu_link_hover_background":"","ocean_menu_link_active_background":"","ocean_menu_social_links_bg":"","ocean_menu_social_hover_links_bg":"","ocean_menu_social_links_color":"","ocean_menu_social_hover_links_color":"","ocean_disable_title":"default","ocean_disable_heading":"default","ocean_post_title":"","ocean_post_subheading":"","ocean_post_title_style":"","ocean_post_title_background_color":"","ocean_post_title_background":0,"ocean_post_title_bg_image_position":"","ocean_post_title_bg_image_attachment":"","ocean_post_title_bg_image_repeat":"","ocean_post_title_bg_image_size":"","ocean_post_title_height":0,"ocean_post_title_bg_overlay":0.5,"ocean_post_title_bg_overlay_color":"","ocean_disable_breadcrumbs":"default","ocean_breadcrumbs_color":"","ocean_breadcrumbs_separator_color":"","ocean_breadcrumbs_links_color":"","ocean_breadcrumbs_links_hover_color":"","ocean_display_footer_widgets":"default","ocean_display_footer_bottom":"default","ocean_custom_footer_template":"0"},"product_brand":[120],"product_cat":[25,16,24],"product_tag":[],"class_list":{"0":"post-2447","1":"product","2":"type-product","3":"status-publish","4":"has-post-thumbnail","6":"product_brand-naturaequa","7":"product_cat-shampooing-naturel","8":"product_cat-soins","9":"product_cat-soins-cheveux","11":"entry","12":"has-media","14":"first","15":"instock","16":"taxable","17":"shipping-taxable","18":"purchasable","19":"product-type-simple","20":"has-rating","21":"col","22":"span_1_of_3","23":"owp-content-center","24":"owp-thumbs-layout-horizontal","25":"owp-btn-normal","26":"owp-tabs-layout-section","27":"has-no-thumbnails","28":"circle-sale"},"_links":{"self":[{"href":"https:\/\/www.biobey.be\/fr\/wp-json\/wp\/v2\/product\/2447","targetHints":{"allow":["GET"]}}],"collection":[{"href":"https:\/\/www.biobey.be\/fr\/wp-json\/wp\/v2\/product"}],"about":[{"href":"https:\/\/www.biobey.be\/fr\/wp-json\/wp\/v2\/types\/product"}],"replies":[{"embeddable":true,"href":"https:\/\/www.biobey.be\/fr\/wp-json\/wp\/v2\/comments?post=2447"}],"wp:featuredmedia":[{"embeddable":true,"href":"https:\/\/www.biobey.be\/fr\/wp-json\/wp\/v2\/media\/421"}],"wp:attachment":[{"href":"https:\/\/www.biobey.be\/fr\/wp-json\/wp\/v2\/media?parent=2447"}],"wp:term":[{"taxonomy":"product_brand","embeddable":true,"href":"https:\/\/www.biobey.be\/fr\/wp-json\/wp\/v2\/product_brand?post=2447"},{"taxonomy":"product_cat","embeddable":true,"href":"https:\/\/www.biobey.be\/fr\/wp-json\/wp\/v2\/product_cat?post=2447"},{"taxonomy":"product_tag","embeddable":true,"href":"https:\/\/www.biobey.be\/fr\/wp-json\/wp\/v2\/product_tag?post=2447"}],"curies":[{"name":"wp","href":"https:\/\/api.w.org\/{rel}","templated":true}]}}