{"id":2449,"date":"2025-11-26T17:07:24","date_gmt":"2025-11-26T16:07:24","guid":{"rendered":"https:\/\/www.biobey.be\/fr-temp\/produit\/shampooing-tea-tree-250ml-nature-equa\/"},"modified":"2025-11-26T17:07:42","modified_gmt":"2025-11-26T16:07:42","slug":"shampooing-tea-tree-250ml-nature-equa","status":"publish","type":"product","link":"https:\/\/www.biobey.be\/fr\/produit\/shampooing-tea-tree-250ml-nature-equa\/","title":{"rendered":"Shampooing tea tree 250ml Nature Equa"},"content":{"rendered":"<p>Shampooing tea tree naturel est con\u00e7u pour les cheveux gras. Le shampooing r\u00e9gule la production excessive de s\u00e9bum. Les flocons et les cheveux gras sont caus\u00e9s par une production excessive de s\u00e9bum.<\/p>\n<p>Le d\u00e9savantage n&rsquo;est pas seulement les cheveux gras, mais aussi le fait que les inflammations et les squames se forment plus rapidement. Il existe plusieurs causes \u00e0 la production excessive de s\u00e9bum. \u00c7a peut avoir des causes hormonales ou des causes externes.<\/p>\n<p>Les radicaux libres, les produits coiffants et les substances synth\u00e9tiques irritent le cuir chevelu. Les d\u00e9s\u00e9quilibres se produisent parce que le cuir chevelu produit trop de s\u00e9bum pour se prot\u00e9ger. Le shampoing tea tree naturel aide \u00e0 restaurer le cuir chevelu et \u00e0 r\u00e9duire le s\u00e9bum.<\/p>\n<p>L&rsquo;effet antibact\u00e9rien prot\u00e8ge le cuir chevelu de des mauvaises bact\u00e9ries et pr\u00e9vient les inflammations. L&rsquo;utilisation r\u00e9guli\u00e8re du shampoing tea tree naturel rend les cheveux moins gras et plus doux.<\/p>\n<h2>Que fait le shampooing tea tree pour les cheveux ?<\/h2>\n<p>Le shampooing tea tree bio est con\u00e7u pour traiter le cuir chevelu et les cheveux gras. Le shampooing Nature Equa purifie le cuir chevelu des toxines accumul\u00e9es, des mauvaises bact\u00e9ries et de l&rsquo;exc\u00e8s de s\u00e9bum. Il <strong>r\u00e9duit la production de s\u00e9bum, nettoie le cuir chevelu des toxines et agit comme un anti-inflammatoire. <\/strong><\/p>\n<p>Le shampooing tea tree bio traite le cuir chevelu gras et r\u00e9duit la graisse des cheveux gr\u00e2ce \u00e0 sa formule efficace sans sls ni silicones. Le shampooing tea tree bio contient des huiles essentielles de basilic et de citron.<\/p>\n<p>L&rsquo;huile essentielle de basilic a des propri\u00e9t\u00e9s purifiantes et antibact\u00e9riennes. Associ\u00e9e \u00e0 l&rsquo;arbre \u00e0 th\u00e9, elle d\u00e9toxifie les toxines et l&rsquo;exc\u00e8s de graisse. De plus, l&rsquo;huile essentielle de citron contenue dans le shampooing au tea tree cr\u00e9e un ar\u00f4me naturel et agr\u00e9able.<\/p>\n<p>L&rsquo;action anti-inflammatoire et antibact\u00e9rienne de l&rsquo;huile v\u00e9g\u00e9tale bio purifie le cuir chevelu, stimule la circulation sanguine vers les racines des cheveux. En traitant le cuir chevelu gras, les cheveux risquent moins de devenir gras.<\/p>\n<p>La formule <strong>douce sans sulfates ni silicones r\u00e9duit la graisse des cheveux sans dess\u00e9cher le cuir chevelu<\/strong>. Le shampooing \u00e0 l&rsquo;arbre \u00e0 th\u00e9 peut \u00eatre utilis\u00e9 r\u00e9guli\u00e8rement.<\/p>\n<h3>L&rsquo;arbre \u00e0 th\u00e9 est-il bon pour votre cuir chevelu ?<\/h3>\n<p>L&rsquo;huile essentielle bio d&rsquo;arbre \u00e0 th\u00e9 est connue pour ses nombreux bienfaits sur les cheveux et le cuir chevelu. Elle est traditionnellement utilis\u00e9e de mani\u00e8re polyvalente, \u00e0 la fois en interne et en externe.<\/p>\n<p>L&rsquo;arbre \u00e0 th\u00e9 est utilis\u00e9 pour traiter le cuir chevelu et les cheveux gras. Il aide \u00e0 r\u00e9duire l&rsquo;acn\u00e9 et prot\u00e8ge contre les infections fongiques. L&rsquo;huile essentielle d&rsquo;arbre \u00e0 th\u00e9 est \u00e9galement utilis\u00e9e pour lutter contre les pellicules et les squames.<\/p>\n<p>Cette huile d&rsquo;arbre \u00e0 th\u00e9 agit de mani\u00e8re antiseptique sur la peau et le cuir chevelu. Elle prot\u00e8ge le cuir chevelu sans l&rsquo;irriter.<br \/>\nNatura Equa est un fabricant italien de produits de soins naturels et durables. Ses emballages sont fabriqu\u00e9s \u00e0 partir de plastique 100 % v\u00e9g\u00e9tal d\u00e9riv\u00e9 des d\u00e9chets de sucre de canne.<\/p>\n<p>Mode d&#8217;emploi : Appliquez le shampooing tea tree sur les cheveux et le cuir chevelu mouill\u00e9s. Massez doucement le cuir chevelu et les cheveux pendant au moins 2 minutes. Rincez ensuite \u00e0 l&rsquo;eau ti\u00e8de.<\/p>\n<h3>Conform\u00e9ment aux normes europ\u00e9ennes, les ingr\u00e9dients (INCI) de shampooing tea tree sont \u00e9num\u00e9r\u00e9s du plus concentr\u00e9 au moins concentr\u00e9<\/h3>\n<p>Ingr\u00e9dients : Aqua, Natrium Lauryl Sarcosinate, Cocamidopropyl Betaine, Polyglyceryl-4 Caprate, Melaleuca Alternifolia Oil, Ocimum Basilicum (Basil) Flower\/leaf Extract*, Glycerin,<\/p>\n<p>Saccharum officinarum (Sugar cane) extract*, prot\u00e9ines de riz hydrolys\u00e9es, chlorure de Guar hydroxypropyltrimonium, benzoate de sodium, alcool benzylique, sorbate de potassium, d\u00e9hydroac\u00e9tate de sodium, huile de Citrus Dulcis*, acide lactique, limon\u00e8ne*.<\/p>\n","protected":false},"excerpt":{"rendered":"<p>Le shampooing tea tree naturel est con\u00e7u pour les personnes ayant des cheveux gras. Il r\u00e9duit l&rsquo;exc\u00e8s de s\u00e9bum, pr\u00e9vient la desquamation et l&rsquo;inflammation.<\/p>\n<p>Formule : Huile essentielle d&rsquo;arbre \u00e0 th\u00e9, de basilic et de citron<br \/>\n<strong>Caract\u00e9ristiques<\/strong> : Naturel, v\u00e9g\u00e9talien, emballage durable<\/p>\n<p>L&#8217;emballage est fait de plastique 100% v\u00e9g\u00e9tal provenant de d\u00e9chets de canne \u00e0 sucre.<\/p>\n<p>Contenu : 250\u2009ml<\/p>\n","protected":false},"featured_media":548,"comment_status":"open","ping_status":"closed","template":"","meta":{"ocean_post_layout":"","ocean_both_sidebars_style":"","ocean_both_sidebars_content_width":0,"ocean_both_sidebars_sidebars_width":0,"ocean_sidebar":"0","ocean_second_sidebar":"0","ocean_disable_margins":"enable","ocean_add_body_class":"","ocean_shortcode_before_top_bar":"","ocean_shortcode_after_top_bar":"","ocean_shortcode_before_header":"","ocean_shortcode_after_header":"","ocean_has_shortcode":"","ocean_shortcode_after_title":"","ocean_shortcode_before_footer_widgets":"","ocean_shortcode_after_footer_widgets":"","ocean_shortcode_before_footer_bottom":"","ocean_shortcode_after_footer_bottom":"","ocean_display_top_bar":"default","ocean_display_header":"default","ocean_header_style":"","ocean_center_header_left_menu":"0","ocean_custom_header_template":"0","ocean_custom_logo":0,"ocean_custom_retina_logo":0,"ocean_custom_logo_max_width":0,"ocean_custom_logo_tablet_max_width":0,"ocean_custom_logo_mobile_max_width":0,"ocean_custom_logo_max_height":0,"ocean_custom_logo_tablet_max_height":0,"ocean_custom_logo_mobile_max_height":0,"ocean_header_custom_menu":"0","ocean_menu_typo_font_family":"0","ocean_menu_typo_font_subset":"","ocean_menu_typo_font_size":0,"ocean_menu_typo_font_size_tablet":0,"ocean_menu_typo_font_size_mobile":0,"ocean_menu_typo_font_size_unit":"px","ocean_menu_typo_font_weight":"","ocean_menu_typo_font_weight_tablet":"","ocean_menu_typo_font_weight_mobile":"","ocean_menu_typo_transform":"","ocean_menu_typo_transform_tablet":"","ocean_menu_typo_transform_mobile":"","ocean_menu_typo_line_height":0,"ocean_menu_typo_line_height_tablet":0,"ocean_menu_typo_line_height_mobile":0,"ocean_menu_typo_line_height_unit":"","ocean_menu_typo_spacing":0,"ocean_menu_typo_spacing_tablet":0,"ocean_menu_typo_spacing_mobile":0,"ocean_menu_typo_spacing_unit":"","ocean_menu_link_color":"","ocean_menu_link_color_hover":"","ocean_menu_link_color_active":"","ocean_menu_link_background":"","ocean_menu_link_hover_background":"","ocean_menu_link_active_background":"","ocean_menu_social_links_bg":"","ocean_menu_social_hover_links_bg":"","ocean_menu_social_links_color":"","ocean_menu_social_hover_links_color":"","ocean_disable_title":"default","ocean_disable_heading":"default","ocean_post_title":"","ocean_post_subheading":"","ocean_post_title_style":"","ocean_post_title_background_color":"","ocean_post_title_background":0,"ocean_post_title_bg_image_position":"","ocean_post_title_bg_image_attachment":"","ocean_post_title_bg_image_repeat":"","ocean_post_title_bg_image_size":"","ocean_post_title_height":0,"ocean_post_title_bg_overlay":0.5,"ocean_post_title_bg_overlay_color":"","ocean_disable_breadcrumbs":"default","ocean_breadcrumbs_color":"","ocean_breadcrumbs_separator_color":"","ocean_breadcrumbs_links_color":"","ocean_breadcrumbs_links_hover_color":"","ocean_display_footer_widgets":"default","ocean_display_footer_bottom":"default","ocean_custom_footer_template":"0"},"product_brand":[120],"product_cat":[47,25,16,24],"product_tag":[],"class_list":{"0":"post-2449","1":"product","2":"type-product","3":"status-publish","4":"has-post-thumbnail","6":"product_brand-naturaequa","7":"product_cat-offres-et-minis","8":"product_cat-shampooing-naturel","9":"product_cat-soins","10":"product_cat-soins-cheveux","12":"entry","13":"has-media","15":"first","16":"instock","17":"taxable","18":"shipping-taxable","19":"purchasable","20":"product-type-simple","21":"has-rating","22":"col","23":"span_1_of_3","24":"owp-content-center","25":"owp-thumbs-layout-horizontal","26":"owp-btn-normal","27":"owp-tabs-layout-section","28":"has-no-thumbnails","29":"circle-sale"},"_links":{"self":[{"href":"https:\/\/www.biobey.be\/fr\/wp-json\/wp\/v2\/product\/2449","targetHints":{"allow":["GET"]}}],"collection":[{"href":"https:\/\/www.biobey.be\/fr\/wp-json\/wp\/v2\/product"}],"about":[{"href":"https:\/\/www.biobey.be\/fr\/wp-json\/wp\/v2\/types\/product"}],"replies":[{"embeddable":true,"href":"https:\/\/www.biobey.be\/fr\/wp-json\/wp\/v2\/comments?post=2449"}],"wp:featuredmedia":[{"embeddable":true,"href":"https:\/\/www.biobey.be\/fr\/wp-json\/wp\/v2\/media\/548"}],"wp:attachment":[{"href":"https:\/\/www.biobey.be\/fr\/wp-json\/wp\/v2\/media?parent=2449"}],"wp:term":[{"taxonomy":"product_brand","embeddable":true,"href":"https:\/\/www.biobey.be\/fr\/wp-json\/wp\/v2\/product_brand?post=2449"},{"taxonomy":"product_cat","embeddable":true,"href":"https:\/\/www.biobey.be\/fr\/wp-json\/wp\/v2\/product_cat?post=2449"},{"taxonomy":"product_tag","embeddable":true,"href":"https:\/\/www.biobey.be\/fr\/wp-json\/wp\/v2\/product_tag?post=2449"}],"curies":[{"name":"wp","href":"https:\/\/api.w.org\/{rel}","templated":true}]}}