{"id":2450,"date":"2025-05-23T13:18:28","date_gmt":"2025-05-23T11:18:28","guid":{"rendered":"https:\/\/www.biobey.be\/fr-temp\/produit\/gel-nettoyant-pour-peau-sensible\/"},"modified":"2026-02-19T00:30:48","modified_gmt":"2026-02-18T23:30:48","slug":"gel-nettoyant-pour-peau-sensible","status":"publish","type":"product","link":"https:\/\/www.biobey.be\/fr\/produit\/gel-nettoyant-pour-peau-sensible\/","title":{"rendered":"Gel nettoyant pour peau sensible &#8211; corps 500ml pH neutre"},"content":{"rendered":"<p>Un nettoyant pH neutre pour le soin des peaux sensibles? Gel nettoyant pour peau sensible est naturel avec un pH neutre. Il est con\u00e7u pour nettoyer le visage, le corps et la zone intime.<\/p>\n<p><strong>Quelles sont les fonctions et les avantages de ce gel nettoyant pH neutre?<\/strong><\/p>\n<ul>\n<li>convient \u00e0 l&rsquo;hygi\u00e8ne intime<\/li>\n<li>adoucit et apaise les peaux hypersensibles gr\u00e2ce \u00e0 l&rsquo;aloe vera<\/li>\n<li>nettoie et renforce la barri\u00e8re cutan\u00e9e endommag\u00e9e<\/li>\n<\/ul>\n<p>Sa formule douce, ne contient pas d&rsquo;irritants et de parfums, convient aux personnes et aux jeunes enfants avec une peau hypersensible. Le gel \u00e9limine les impuret\u00e9s et nettoie sans agresser les peaux sensibles. Apr\u00e8s avoir lav\u00e9 une peau sensible du visage, il est conseill\u00e9 d&rsquo;utiliser une <span style=\"color: #0000ff;\"><a style=\"color: #0000ff;\" href=\"https:\/\/www.biobey.be\/fr\/produit\/violet-creme-visage-hypoallergenique-argital-50-ml\/\">cr\u00e8me de jour hypoallerg\u00e9nique pour peaux sensibles<\/a><\/span>.<\/p>\n<p>Gr\u00e2ce \u00e0 son pH neutre et \u00e0 sa composition douce, mais b\u00e9n\u00e9fique, le gel nettoyant est adapt\u00e9 \u00e0 l&rsquo;hygi\u00e8ne intime. Une peau sensible est le r\u00e9sultat d&rsquo;une barri\u00e8re cutan\u00e9e endommag\u00e9e et d&rsquo;un pH perturb\u00e9.<\/p>\n<p>Le gel nettoyant pour peau sensible \u00e0 base d&rsquo;extrait d&rsquo;aloe vera, d&rsquo;amidon de riz, de safran et de basilic renforce la barri\u00e8re cutan\u00e9e.Il prot\u00e8ge contre les mauvaises bact\u00e9ries, les inflammations et apaise les peaux hypersensibles. Ce <span style=\"color: #0000ff;\"><a style=\"color: #0000ff;\" href=\"https:\/\/www.biobey.be\/fr\/produit\/shampooing-doux-bio-et-gel-douche-2-en-1-sensible-250-ml\/\">bio shampooing et gel douche<\/a><\/span> est id\u00e9al pour nettoyer la peau atopique du corps.<\/p>\n<p>L&rsquo;extrait d&rsquo;aloe vera apaisant aide \u00e0 r\u00e9parer la peau irrit\u00e9e. Il purifie et adoucit la peau. Le gel nettoyant pour <strong>peau sensible nettoie le visage sans dess\u00e9cher<\/strong> la peau. Apr\u00e8s le nettoyage, la peau ne tiraille pas. Le gel nettoyant naturel convient pour le nettoyage complet des peaux sensibles.<\/p>\n<h2>Composition du gel nettoyant pour peau sensible<\/h2>\n<p>L&rsquo;extrait d&rsquo;aloe vera biologique <strong>acc\u00e9l\u00e8re le processus de gu\u00e9rison de la peau endommag\u00e9e<\/strong>. Il calme les irritations et apaise la peau. L&rsquo;extrait d&rsquo;aloe vera r\u00e9duit les rougeurs et prot\u00e8ge la peau contre la d\u00e9shydratation. L&rsquo;extrait de safran hydrate et a un effet antioxydant. Il est utilis\u00e9 pour soigner les peaux et les cheveux secs.<\/p>\n<p>Le gel nettoyant pour peau sensible contient des extraits de basilic et de l&rsquo;amidon de riz. L&rsquo;extrait de basilic est connu pour ses propri\u00e9t\u00e9s antiseptiques. Il prot\u00e8ge contre les infections et les mauvaises bact\u00e9ries. L&rsquo;extrait de basilic est utilis\u00e9 pour traiter les irritations et l&rsquo;hypersensibilit\u00e9 de la peau.<\/p>\n<p>La formule douce de ce gel nettoyant pour peau sensible nettoie et <strong>soigne le visage, le corps et la zone intime<\/strong>.<\/p>\n<p>Le gel nettoyant naturel ne contient pas de sulfates, de silicones, de parab\u00e8nes, de peg&rsquo;s, d&rsquo;huiles min\u00e9rales, de parfums, d&rsquo;alcools lourds et d&rsquo;autres irritants.<\/p>\n<p>Mode d&#8217;emploi : Utilisez le gel nettoyant pour le nettoyage du corps, du visage et pour l&rsquo;hygi\u00e8ne intime. Il convient aux personnes \u00e0 la peau sensible et aux jeunes enfants.<\/p>\n<p>Ingr\u00e9dients : aqua, natrium lauroyl sarcosinate, cocamidopropyl betaine, glycerin, oryza sativa starch, saccharum officinarum extract*, aloe arborescens leaf extract*, ocimum basilicum flower\/leaf extract*, crocus sativus stigma extract*, sodium phytate, benzyl alcohol, sodium benzoate, lactic acid.<\/p>\n","protected":false},"excerpt":{"rendered":"<p>Ce gel nettoyant pour peau sensible naturel nettoie en douceur le visage, le corps et la zone intime. La formule douce hydrate et prot\u00e8ge la peau sensible. Le gel nettoyant ne contient pas de parfums, de parab\u00e8nes, de sulfates, de silicones, de pegs et de d\u00e9riv\u00e9s du p\u00e9trole. Caract\u00e9ristiques: Vegan et Emballage fabriqu\u00e9 \u00e0 partir de plastique recycl\u00e9. Type: Visage, Corps, Zone intime Niveau de pH 5,5<\/p>\n","protected":false},"featured_media":422,"comment_status":"open","ping_status":"closed","template":"","meta":{"ocean_post_layout":"","ocean_both_sidebars_style":"","ocean_both_sidebars_content_width":0,"ocean_both_sidebars_sidebars_width":0,"ocean_sidebar":"0","ocean_second_sidebar":"0","ocean_disable_margins":"enable","ocean_add_body_class":"","ocean_shortcode_before_top_bar":"","ocean_shortcode_after_top_bar":"","ocean_shortcode_before_header":"","ocean_shortcode_after_header":"","ocean_has_shortcode":"","ocean_shortcode_after_title":"","ocean_shortcode_before_footer_widgets":"","ocean_shortcode_after_footer_widgets":"","ocean_shortcode_before_footer_bottom":"","ocean_shortcode_after_footer_bottom":"","ocean_display_top_bar":"default","ocean_display_header":"default","ocean_header_style":"","ocean_center_header_left_menu":"0","ocean_custom_header_template":"0","ocean_custom_logo":0,"ocean_custom_retina_logo":0,"ocean_custom_logo_max_width":0,"ocean_custom_logo_tablet_max_width":0,"ocean_custom_logo_mobile_max_width":0,"ocean_custom_logo_max_height":0,"ocean_custom_logo_tablet_max_height":0,"ocean_custom_logo_mobile_max_height":0,"ocean_header_custom_menu":"0","ocean_menu_typo_font_family":"0","ocean_menu_typo_font_subset":"","ocean_menu_typo_font_size":0,"ocean_menu_typo_font_size_tablet":0,"ocean_menu_typo_font_size_mobile":0,"ocean_menu_typo_font_size_unit":"px","ocean_menu_typo_font_weight":"","ocean_menu_typo_font_weight_tablet":"","ocean_menu_typo_font_weight_mobile":"","ocean_menu_typo_transform":"","ocean_menu_typo_transform_tablet":"","ocean_menu_typo_transform_mobile":"","ocean_menu_typo_line_height":0,"ocean_menu_typo_line_height_tablet":0,"ocean_menu_typo_line_height_mobile":0,"ocean_menu_typo_line_height_unit":"","ocean_menu_typo_spacing":0,"ocean_menu_typo_spacing_tablet":0,"ocean_menu_typo_spacing_mobile":0,"ocean_menu_typo_spacing_unit":"","ocean_menu_link_color":"","ocean_menu_link_color_hover":"","ocean_menu_link_color_active":"","ocean_menu_link_background":"","ocean_menu_link_hover_background":"","ocean_menu_link_active_background":"","ocean_menu_social_links_bg":"","ocean_menu_social_hover_links_bg":"","ocean_menu_social_links_color":"","ocean_menu_social_hover_links_color":"","ocean_disable_title":"default","ocean_disable_heading":"default","ocean_post_title":"","ocean_post_subheading":"","ocean_post_title_style":"","ocean_post_title_background_color":"","ocean_post_title_background":0,"ocean_post_title_bg_image_position":"","ocean_post_title_bg_image_attachment":"","ocean_post_title_bg_image_repeat":"","ocean_post_title_bg_image_size":"","ocean_post_title_height":0,"ocean_post_title_bg_overlay":0.5,"ocean_post_title_bg_overlay_color":"","ocean_disable_breadcrumbs":"default","ocean_breadcrumbs_color":"","ocean_breadcrumbs_separator_color":"","ocean_breadcrumbs_links_color":"","ocean_breadcrumbs_links_hover_color":"","ocean_display_footer_widgets":"default","ocean_display_footer_bottom":"default","ocean_custom_footer_template":"0"},"product_brand":[120],"product_cat":[52,16,51],"product_tag":[],"class_list":{"0":"post-2450","1":"product","2":"type-product","3":"status-publish","4":"has-post-thumbnail","6":"product_brand-naturaequa","7":"product_cat-nettoyage-et-hygiene","8":"product_cat-soins","9":"product_cat-soins-du-corps","11":"entry","12":"has-media","14":"first","15":"instock","16":"taxable","17":"shipping-taxable","18":"purchasable","19":"product-type-simple","20":"has-rating","21":"col","22":"span_1_of_3","23":"owp-content-center","24":"owp-thumbs-layout-horizontal","25":"owp-btn-normal","26":"owp-tabs-layout-section","27":"has-no-thumbnails","28":"circle-sale"},"_links":{"self":[{"href":"https:\/\/www.biobey.be\/fr\/wp-json\/wp\/v2\/product\/2450","targetHints":{"allow":["GET"]}}],"collection":[{"href":"https:\/\/www.biobey.be\/fr\/wp-json\/wp\/v2\/product"}],"about":[{"href":"https:\/\/www.biobey.be\/fr\/wp-json\/wp\/v2\/types\/product"}],"replies":[{"embeddable":true,"href":"https:\/\/www.biobey.be\/fr\/wp-json\/wp\/v2\/comments?post=2450"}],"wp:featuredmedia":[{"embeddable":true,"href":"https:\/\/www.biobey.be\/fr\/wp-json\/wp\/v2\/media\/422"}],"wp:attachment":[{"href":"https:\/\/www.biobey.be\/fr\/wp-json\/wp\/v2\/media?parent=2450"}],"wp:term":[{"taxonomy":"product_brand","embeddable":true,"href":"https:\/\/www.biobey.be\/fr\/wp-json\/wp\/v2\/product_brand?post=2450"},{"taxonomy":"product_cat","embeddable":true,"href":"https:\/\/www.biobey.be\/fr\/wp-json\/wp\/v2\/product_cat?post=2450"},{"taxonomy":"product_tag","embeddable":true,"href":"https:\/\/www.biobey.be\/fr\/wp-json\/wp\/v2\/product_tag?post=2450"}],"curies":[{"name":"wp","href":"https:\/\/api.w.org\/{rel}","templated":true}]}}