{"id":2451,"date":"2023-08-20T23:29:02","date_gmt":"2023-08-20T21:29:02","guid":{"rendered":"https:\/\/www.biobey.be\/fr-temp\/produit\/shampooing-pour-usage-quotidien-250ml\/"},"modified":"2025-07-11T13:49:21","modified_gmt":"2025-07-11T11:49:21","slug":"shampooing-pour-usage-quotidien-250ml","status":"publish","type":"product","link":"https:\/\/www.biobey.be\/fr\/produit\/shampooing-pour-usage-quotidien-250ml\/","title":{"rendered":"Shampooing pour usage quotidien 250ml"},"content":{"rendered":"<p>Shampooing pour usage quotidien naturel permet de nettoyer efficacement et en douceur les cheveux et le cuir chevelu. Sa formule douce convient aux personnes ayant un cuir chevelu sensible. Il ne contient pas de silicones, de sulfates, de parab\u00e8nes et d&rsquo;alcools lourds. Il convient donc \u00e0 un usage quotidien.<\/p>\n<p>Les shampooings conventionnels contiennent des tensioactifs qui attaquent la couche protectrice naturelle du cuir chevelu. Cela provoque une hypersensibilit\u00e9 et irritation. La formule naturelle \u00e0 base d&rsquo;huile essentielle de litsea cubeba et d&rsquo;extrait d&rsquo;aloe vera apaise le cuir chevelu. Apr\u00e8s avoir utilis\u00e9 le shampooing usage quotidien, les cheveux sont doux.<\/p>\n<p>Il n&rsquo;alourdit pas les cheveux et ne les dess\u00e8che pas. Le lavage quotidien des cheveux n&rsquo;est pas recommand\u00e9. Pour les personnes qui doivent se laver les cheveux r\u00e9guli\u00e8rement, il est recommand\u00e9 d&rsquo;utiliser un shampooing doux tel que ce shampooing naturel de Natura Equa.<\/p>\n<h2>Composition naturel du shampooing pour usage quotidien<\/h2>\n<p>Le shampoing pour usage quotidien contient des extraits bio de d&rsquo;aloe vera, prot\u00e9ines de riz et huile essentielle de litsea. L&rsquo;extrait d&rsquo;aloe vera est utilis\u00e9 pour son effet r\u00e9g\u00e9n\u00e9rant et apaisant. Il r\u00e9duit les rougeurs et pr\u00e9vient la perte d&rsquo;humidit\u00e9. Les prot\u00e9ines v\u00e9g\u00e9tales de riz ont un effet nourrissant. Ils aident \u00e0 renforcer les cheveux.<\/p>\n<p>En outre, le shampooing pour usage quotidien bio contient de l&rsquo;huile essentielle de litsea. Cette huile a un effet antibact\u00e9rien. Il aide \u00e0 r\u00e9guler la production de s\u00e9bum et pr\u00e9vient les infections fongiques. Sa formule douce ne provoque pas d&rsquo;irritations et n&rsquo;affecte pas le cuir chevelu. Elle a un effet r\u00e9g\u00e9n\u00e9rant et apaisant.<\/p>\n<p>La marque italienne Natura Equa fabrique des produits de soins naturels et durables. L&#8217;emballage est compos\u00e9 \u00e0 100% de plastique v\u00e9g\u00e9tal provenant de d\u00e9chets de canne \u00e0 sucre. Le shampooing pour usage quotidien naturel est v\u00e9g\u00e9talien.<\/p>\n<p><strong>Mode d&#8217;emploi<\/strong> : Appliquer le shampooing pour usage quotidien sur les cheveux mouill\u00e9s et masser doucement le cuir chevelu et les cheveux. Lavez les cheveux et le cuir chevelu pendant quelques minutes puis rincez \u00e0 l&rsquo;eau ti\u00e8de. Convient aux personnes ayant un cuir chevelu sensible.<\/p>\n<p><strong>Ingr\u00e9dients<\/strong> : Aqua, Natrium Lauryl Sarcosinate, Cocamidopropyl Betaine, Betaine, Polyglyceryl-4 Caprate, Litsea cubeba fruit oil, Aloe Arborescens Leaf Extract*, Glycerin, Saccharum officinarum (sugar cane) extract*, hydrolyzed rice protein (Rice),<\/p>\n<p>Chlorure de guar hydroxypropyltrimonium(D\u00e9riv\u00e9 naturel), Disodium cocoamphodiacetate, Coco-glucoside, Glyceryl oleate, Sodium Benzoate, Sodium Dehydroacetate, Benzyl alcohol, potassium sorbate, Lactic acid, Limonene, Citral<\/p>\n","protected":false},"excerpt":{"rendered":"<p>Le shampooing pour usage quotidien de Natura Equa convient aux personnes ayant un cuir chevelu sensible. La formule naturelle sans sulfates, silicones, parab\u00e8nes, peg&rsquo;s et autres irritants permet un nettoyage efficace et doux.<\/p>\n<p><strong>Formule<\/strong> : Extrait d&rsquo;aloe vera biologique, huile essentielle de litsea et prot\u00e9ines de riz.<\/p>\n<p><strong>Caract\u00e9ristiques<\/strong> : Vegan, durable et naturel<br \/>\nPlastique fabriqu\u00e9 \u00e0 partir de d\u00e9chets de canne \u00e0 sucre 100% d&rsquo;origine v\u00e9g\u00e9tale.<br \/>\nContenu : 250ml<\/p>\n","protected":false},"featured_media":507,"comment_status":"open","ping_status":"closed","template":"","meta":{"ocean_post_layout":"","ocean_both_sidebars_style":"","ocean_both_sidebars_content_width":0,"ocean_both_sidebars_sidebars_width":0,"ocean_sidebar":"","ocean_second_sidebar":"","ocean_disable_margins":"enable","ocean_add_body_class":"","ocean_shortcode_before_top_bar":"","ocean_shortcode_after_top_bar":"","ocean_shortcode_before_header":"","ocean_shortcode_after_header":"","ocean_has_shortcode":"","ocean_shortcode_after_title":"","ocean_shortcode_before_footer_widgets":"","ocean_shortcode_after_footer_widgets":"","ocean_shortcode_before_footer_bottom":"","ocean_shortcode_after_footer_bottom":"","ocean_display_top_bar":"default","ocean_display_header":"default","ocean_header_style":"","ocean_center_header_left_menu":"","ocean_custom_header_template":"","ocean_custom_logo":0,"ocean_custom_retina_logo":0,"ocean_custom_logo_max_width":0,"ocean_custom_logo_tablet_max_width":0,"ocean_custom_logo_mobile_max_width":0,"ocean_custom_logo_max_height":0,"ocean_custom_logo_tablet_max_height":0,"ocean_custom_logo_mobile_max_height":0,"ocean_header_custom_menu":"","ocean_menu_typo_font_family":"","ocean_menu_typo_font_subset":"","ocean_menu_typo_font_size":0,"ocean_menu_typo_font_size_tablet":0,"ocean_menu_typo_font_size_mobile":0,"ocean_menu_typo_font_size_unit":"px","ocean_menu_typo_font_weight":"","ocean_menu_typo_font_weight_tablet":"","ocean_menu_typo_font_weight_mobile":"","ocean_menu_typo_transform":"","ocean_menu_typo_transform_tablet":"","ocean_menu_typo_transform_mobile":"","ocean_menu_typo_line_height":0,"ocean_menu_typo_line_height_tablet":0,"ocean_menu_typo_line_height_mobile":0,"ocean_menu_typo_line_height_unit":"","ocean_menu_typo_spacing":0,"ocean_menu_typo_spacing_tablet":0,"ocean_menu_typo_spacing_mobile":0,"ocean_menu_typo_spacing_unit":"","ocean_menu_link_color":"","ocean_menu_link_color_hover":"","ocean_menu_link_color_active":"","ocean_menu_link_background":"","ocean_menu_link_hover_background":"","ocean_menu_link_active_background":"","ocean_menu_social_links_bg":"","ocean_menu_social_hover_links_bg":"","ocean_menu_social_links_color":"","ocean_menu_social_hover_links_color":"","ocean_disable_title":"default","ocean_disable_heading":"default","ocean_post_title":"","ocean_post_subheading":"","ocean_post_title_style":"","ocean_post_title_background_color":"","ocean_post_title_background":0,"ocean_post_title_bg_image_position":"","ocean_post_title_bg_image_attachment":"","ocean_post_title_bg_image_repeat":"","ocean_post_title_bg_image_size":"","ocean_post_title_height":0,"ocean_post_title_bg_overlay":0.5,"ocean_post_title_bg_overlay_color":"","ocean_disable_breadcrumbs":"default","ocean_breadcrumbs_color":"","ocean_breadcrumbs_separator_color":"","ocean_breadcrumbs_links_color":"","ocean_breadcrumbs_links_hover_color":"","ocean_display_footer_widgets":"default","ocean_display_footer_bottom":"default","ocean_custom_footer_template":""},"product_brand":[120],"product_cat":[25,16,24],"product_tag":[],"class_list":{"0":"post-2451","1":"product","2":"type-product","3":"status-publish","4":"has-post-thumbnail","6":"product_brand-naturaequa","7":"product_cat-shampooing-naturel","8":"product_cat-soins","9":"product_cat-soins-cheveux","11":"entry","12":"has-media","14":"first","15":"instock","16":"taxable","17":"shipping-taxable","18":"purchasable","19":"product-type-simple","20":"has-rating","21":"col","22":"span_1_of_3","23":"owp-content-center","24":"owp-thumbs-layout-horizontal","25":"owp-btn-normal","26":"owp-tabs-layout-section","27":"has-no-thumbnails","28":"circle-sale"},"_links":{"self":[{"href":"https:\/\/www.biobey.be\/fr\/wp-json\/wp\/v2\/product\/2451","targetHints":{"allow":["GET"]}}],"collection":[{"href":"https:\/\/www.biobey.be\/fr\/wp-json\/wp\/v2\/product"}],"about":[{"href":"https:\/\/www.biobey.be\/fr\/wp-json\/wp\/v2\/types\/product"}],"replies":[{"embeddable":true,"href":"https:\/\/www.biobey.be\/fr\/wp-json\/wp\/v2\/comments?post=2451"}],"wp:featuredmedia":[{"embeddable":true,"href":"https:\/\/www.biobey.be\/fr\/wp-json\/wp\/v2\/media\/507"}],"wp:attachment":[{"href":"https:\/\/www.biobey.be\/fr\/wp-json\/wp\/v2\/media?parent=2451"}],"wp:term":[{"taxonomy":"product_brand","embeddable":true,"href":"https:\/\/www.biobey.be\/fr\/wp-json\/wp\/v2\/product_brand?post=2451"},{"taxonomy":"product_cat","embeddable":true,"href":"https:\/\/www.biobey.be\/fr\/wp-json\/wp\/v2\/product_cat?post=2451"},{"taxonomy":"product_tag","embeddable":true,"href":"https:\/\/www.biobey.be\/fr\/wp-json\/wp\/v2\/product_tag?post=2451"}],"curies":[{"name":"wp","href":"https:\/\/api.w.org\/{rel}","templated":true}]}}