{"id":2457,"date":"2023-08-18T23:16:39","date_gmt":"2023-08-18T21:16:39","guid":{"rendered":"https:\/\/www.biobey.be\/fr-temp\/produit\/creme-yeux-peau-seche-autour-des-yeux-30\/"},"modified":"2025-08-27T12:42:54","modified_gmt":"2025-08-27T10:42:54","slug":"creme-yeux-peau-seche-autour-des-yeux-30","status":"publish","type":"product","link":"https:\/\/www.biobey.be\/fr\/produit\/creme-yeux-peau-seche-autour-des-yeux-30\/","title":{"rendered":"Cr\u00e8me yeux peau s\u00e8che autour des yeux 30ml"},"content":{"rendered":"<p>La cr\u00e8me yeux peau s\u00e8che autour des yeux de Kueshi a un effet hydratant et protecteur. La formule est \u00e0 base de vitamine C, d&rsquo;acide hyaluronique et d&rsquo;extraits de calendula et d&rsquo;avoine.<\/p>\n<p>La peau du contour des yeux est fine et sensible aux influences ext\u00e9rieures n\u00e9gatives. C\u2019est important de prendre soin de cette peau tendre et de la prot\u00e9ger des facteurs ext\u00e9rieurs nuisibles.<\/p>\n<p>Alors que <strong>l&rsquo;acide hyaluronique hydrate la peau s\u00e8che<\/strong>, la vitamine C aide \u00e0 lutter contre le stress oxydatif. La peau s\u00e8che autour des yeux peut avoir plusieurs causes. Les yeux larmoyants, les changements de temp\u00e9rature et les r\u00e9actions allergiques peuvent provoquer une s\u00e9cheresse de la peau. Identifier les causes est au moins aussi important que de prendre soin du contour des yeux.<\/p>\n<p>La cr\u00e8me yeux peau s\u00e8che de Kueshi aide \u00e0 r\u00e9duire les ridules de s\u00e9cheresse en hydratant la peau. La cr\u00e8me pour les yeux convient aux peaux s\u00e8ches \u00e0 normales. Elle hydrate et prot\u00e8ge la peau du contour des yeux.<\/p>\n<h2>Composition de la cr\u00e8me yeux peau s\u00e8che<\/h2>\n<p>Cette cr\u00e8me hydratante pour les yeux contient des ingr\u00e9dients tels que l&rsquo;acide hyaluronique, l&rsquo;huile d&rsquo;argan, le calendula et l&rsquo;extrait d&rsquo;avoine. La vitamine C prot\u00e8ge la peau des effets n\u00e9gatifs des radicaux libres. L&rsquo;huile d&rsquo;argan est riche en vitamine E. Elle <strong>nourrit la peau et renforce l&rsquo;effet antioxydant de la vitamine C.<\/strong><\/p>\n<p>L&rsquo;extrait d&rsquo;avoine et l&rsquo;acide hyaluronique ont des propri\u00e9t\u00e9s hydratantes. Ils emp\u00eachent la d\u00e9shydratation et apaisent la peau s\u00e8che. Le calendula est connu pour ses propri\u00e9t\u00e9s apaisantes et restauratrices de la peau. Il est utilis\u00e9 pour traiter les irritations cutan\u00e9es, les plaies et les peaux hypersensibles. Le calendula soigne la peau en douceur. La combinaison de l&rsquo;aloe vera et du calendula permet de r\u00e9g\u00e9n\u00e9rer et d&rsquo;apaiser les peaux irrit\u00e9es.<\/p>\n<p>La composition hydratante et nourrissante de la cr\u00e8me yeux peau s\u00e8che de Kueshi permet de soigner et de prot\u00e9ger le contour des yeux. La cr\u00e8me pour les yeux a une texture l\u00e9g\u00e8re.<\/p>\n<p>La cr\u00e8me pour les yeux est v\u00e9g\u00e9talienne et certifi\u00e9e cosmos organic.<\/p>\n<p><strong>Mode d&#8217;emploi :<\/strong> Appliquer une petite quantit\u00e9 de cr\u00e8me pour les yeux du bout des doigts sur le contour des yeux.<\/p>\n<p>Ingr\u00e9dients : Aqua, jus de feuille d&rsquo;Aloe Barbadensis*, glyc\u00e9rine, pentyl\u00e8ne glycol, st\u00e9arate de polyglyc\u00e9ryle-2, st\u00e9arate de glyc\u00e9ryle, alcool st\u00e9arylique, palmitate d&rsquo;ascorbyle (vitamine C), acide hyaluronique hydrolys\u00e9, extrait de fruit d&rsquo;Hylocereus Undatus, extrait de racine de Panax Ginseng,<\/p>\n<p>extrait de fleur de Calendula Officinalis*, extrait de feuille de Vaccinium Myrtillus, Extrait de Kappaphycus Alvarezii, extrait de fruit de Caesalpinia Spinosa, extrait de noyau d&rsquo;Avena Sativa*, huile de noyau d&rsquo;Argania Spinosa*, phytate de sodium, tocoph\u00e9rol (vitamine E), b\u00eata-sitost\u00e9rol,<\/p>\n<p>squal\u00e8ne, gomme xanthane, sorbate de potassium, benzoate de sodium, acide d\u00e9hydroac\u00e9tique, alcool benzylique, acide citrique.<br \/>\n*En provenance de l&rsquo;agriculture biologique<\/p>\n","protected":false},"excerpt":{"rendered":"<p>La cr\u00e8me yeux peau s\u00e8che autour des yeux a un effet hydratant et protecteur. Elle nourrit et adoucit la peau.<\/p>\n<p><strong>Certificates<\/strong>: Vegan, Cosmos Organic<br \/>\n<strong>Formule<\/strong>: Jus d&rsquo;aloe vera biologique, huile d&rsquo;argan, beurre de karit\u00e9, acide hyaluronique, vitamine C<br \/>\nCr\u00e8me l\u00e9g\u00e8re &#8211; consistance de gel<\/p>\n","protected":false},"featured_media":651,"comment_status":"open","ping_status":"closed","template":"","meta":{"ocean_post_layout":"","ocean_both_sidebars_style":"","ocean_both_sidebars_content_width":0,"ocean_both_sidebars_sidebars_width":0,"ocean_sidebar":"","ocean_second_sidebar":"","ocean_disable_margins":"enable","ocean_add_body_class":"","ocean_shortcode_before_top_bar":"","ocean_shortcode_after_top_bar":"","ocean_shortcode_before_header":"","ocean_shortcode_after_header":"","ocean_has_shortcode":"","ocean_shortcode_after_title":"","ocean_shortcode_before_footer_widgets":"","ocean_shortcode_after_footer_widgets":"","ocean_shortcode_before_footer_bottom":"","ocean_shortcode_after_footer_bottom":"","ocean_display_top_bar":"default","ocean_display_header":"default","ocean_header_style":"","ocean_center_header_left_menu":"","ocean_custom_header_template":"","ocean_custom_logo":0,"ocean_custom_retina_logo":0,"ocean_custom_logo_max_width":0,"ocean_custom_logo_tablet_max_width":0,"ocean_custom_logo_mobile_max_width":0,"ocean_custom_logo_max_height":0,"ocean_custom_logo_tablet_max_height":0,"ocean_custom_logo_mobile_max_height":0,"ocean_header_custom_menu":"","ocean_menu_typo_font_family":"","ocean_menu_typo_font_subset":"","ocean_menu_typo_font_size":0,"ocean_menu_typo_font_size_tablet":0,"ocean_menu_typo_font_size_mobile":0,"ocean_menu_typo_font_size_unit":"px","ocean_menu_typo_font_weight":"","ocean_menu_typo_font_weight_tablet":"","ocean_menu_typo_font_weight_mobile":"","ocean_menu_typo_transform":"","ocean_menu_typo_transform_tablet":"","ocean_menu_typo_transform_mobile":"","ocean_menu_typo_line_height":0,"ocean_menu_typo_line_height_tablet":0,"ocean_menu_typo_line_height_mobile":0,"ocean_menu_typo_line_height_unit":"","ocean_menu_typo_spacing":0,"ocean_menu_typo_spacing_tablet":0,"ocean_menu_typo_spacing_mobile":0,"ocean_menu_typo_spacing_unit":"","ocean_menu_link_color":"","ocean_menu_link_color_hover":"","ocean_menu_link_color_active":"","ocean_menu_link_background":"","ocean_menu_link_hover_background":"","ocean_menu_link_active_background":"","ocean_menu_social_links_bg":"","ocean_menu_social_hover_links_bg":"","ocean_menu_social_links_color":"","ocean_menu_social_hover_links_color":"","ocean_disable_title":"default","ocean_disable_heading":"default","ocean_post_title":"","ocean_post_subheading":"","ocean_post_title_style":"","ocean_post_title_background_color":"","ocean_post_title_background":0,"ocean_post_title_bg_image_position":"","ocean_post_title_bg_image_attachment":"","ocean_post_title_bg_image_repeat":"","ocean_post_title_bg_image_size":"","ocean_post_title_height":0,"ocean_post_title_bg_overlay":0.5,"ocean_post_title_bg_overlay_color":"","ocean_disable_breadcrumbs":"default","ocean_breadcrumbs_color":"","ocean_breadcrumbs_separator_color":"","ocean_breadcrumbs_links_color":"","ocean_breadcrumbs_links_hover_color":"","ocean_display_footer_widgets":"default","ocean_display_footer_bottom":"default","ocean_custom_footer_template":""},"product_brand":[122],"product_cat":[17,16,22],"product_tag":[],"class_list":{"0":"post-2457","1":"product","2":"type-product","3":"status-publish","4":"has-post-thumbnail","6":"product_brand-kueshi-naturals","7":"product_cat-soins-du-visage","8":"product_cat-soins","9":"product_cat-yeux-et-levres","11":"entry","12":"has-media","14":"first","15":"instock","16":"taxable","17":"shipping-taxable","18":"purchasable","19":"product-type-simple","20":"has-rating","21":"col","22":"span_1_of_3","23":"owp-content-center","24":"owp-thumbs-layout-horizontal","25":"owp-btn-normal","26":"owp-tabs-layout-section","27":"has-no-thumbnails","28":"circle-sale"},"_links":{"self":[{"href":"https:\/\/www.biobey.be\/fr\/wp-json\/wp\/v2\/product\/2457","targetHints":{"allow":["GET"]}}],"collection":[{"href":"https:\/\/www.biobey.be\/fr\/wp-json\/wp\/v2\/product"}],"about":[{"href":"https:\/\/www.biobey.be\/fr\/wp-json\/wp\/v2\/types\/product"}],"replies":[{"embeddable":true,"href":"https:\/\/www.biobey.be\/fr\/wp-json\/wp\/v2\/comments?post=2457"}],"wp:featuredmedia":[{"embeddable":true,"href":"https:\/\/www.biobey.be\/fr\/wp-json\/wp\/v2\/media\/651"}],"wp:attachment":[{"href":"https:\/\/www.biobey.be\/fr\/wp-json\/wp\/v2\/media?parent=2457"}],"wp:term":[{"taxonomy":"product_brand","embeddable":true,"href":"https:\/\/www.biobey.be\/fr\/wp-json\/wp\/v2\/product_brand?post=2457"},{"taxonomy":"product_cat","embeddable":true,"href":"https:\/\/www.biobey.be\/fr\/wp-json\/wp\/v2\/product_cat?post=2457"},{"taxonomy":"product_tag","embeddable":true,"href":"https:\/\/www.biobey.be\/fr\/wp-json\/wp\/v2\/product_tag?post=2457"}],"curies":[{"name":"wp","href":"https:\/\/api.w.org\/{rel}","templated":true}]}}