{"id":2458,"date":"2023-09-16T14:15:35","date_gmt":"2023-09-16T12:15:35","guid":{"rendered":"https:\/\/www.biobey.be\/fr-temp\/produit\/creme-de-nuit-a-la-vitamine-c-au-chanvre\/"},"modified":"2025-12-04T11:58:05","modified_gmt":"2025-12-04T10:58:05","slug":"creme-de-nuit-a-la-vitamine-c-au-chanvre","status":"publish","type":"product","link":"https:\/\/www.biobey.be\/fr\/produit\/creme-de-nuit-a-la-vitamine-c-au-chanvre\/","title":{"rendered":"Cr\u00e8me de nuit \u00e0 la vitamine C et au chanvre 50ml"},"content":{"rendered":"<p>Cr\u00e8me de nuit \u00e0 la vitamine C de Kueshi hydrate, nourrit et prot\u00e8ge la peau contre la formation pr\u00e9matur\u00e9e de rides. La formule est \u00e0 base de vitamine C bio, d&rsquo;acide hyaluronique, d&rsquo;huile de chanvre, d&rsquo;huile de p\u00e9pins de raisin et d&rsquo;extrait de myrtille.<\/p>\n<p>Elle est riche en antioxydants, en vitamines et en acides amin\u00e9s. La cr\u00e8me de nuit \u00e0 la vitamine C naturelle a \u00e9t\u00e9 sp\u00e9cialement con\u00e7ue pour favoriser le processus de r\u00e9g\u00e9n\u00e9ration de la peau.<\/p>\n<p>La nuit, la peau se concentre sur le renouvellement des cellules cutan\u00e9es et la production de collag\u00e8ne. Ceci afin de r\u00e9parer la peau des dommages qu&rsquo;elle a subis pendant la journ\u00e9e. Les influences ext\u00e9rieures n\u00e9gatives, les rayons UV, les irritants et le stress endommagent la peau et acc\u00e9l\u00e8rent le processus de vieillissement.<\/p>\n<p>La cr\u00e8me de nuit \u00e0 la vitamine C soigne et prot\u00e8ge la peau contre la formation pr\u00e9matur\u00e9e de rides en soutenant le processus de r\u00e9paration. Elle nourrit la peau avec les vitamines et les min\u00e9raux n\u00e9cessaires. Elle aide \u00e0 stimuler le renouvellement cellulaire et la production de collag\u00e8ne. La cr\u00e8me de nuit a une texture l\u00e9g\u00e8re et p\u00e9n\u00e8tre facilement dans la peau.<\/p>\n<h2>Effet de la cr\u00e8me de nuit \u00e0 la vitamine C<\/h2>\n<p>La cr\u00e8me de nuit \u00e0 la vitamine C est compos\u00e9e d&rsquo;extraits organiques de myrtille, d&rsquo;aloe vera, d&rsquo;huile de p\u00e9pin de raisin, d&rsquo;huile de chanvre, d&rsquo;huile de jojoba et de beurre de karit\u00e9. La vitamine C prot\u00e8ge la peau du stress oxydatif. Elle contribue \u00e0 ralentir la d\u00e9gradation du collag\u00e8ne et stimule la r\u00e9g\u00e9n\u00e9ration cellulaire. L&rsquo;huile de chanvre est riche en acides gras insatur\u00e9s.<\/p>\n<p>Elle contient une haute concentration d&rsquo;acides gras essentiels om\u00e9ga 3 et 6. Ils aident \u00e0 pr\u00e9venir la perte d&rsquo;humidit\u00e9 et \u00e0 nourrir les peaux ternes. L&rsquo;acide hyaluronique a un effet hydratant imm\u00e9diat. Il aide \u00e0 combler les ridules et rend la peau douce. L&rsquo;huile de p\u00e9pins de raisin et l&rsquo;huile de jojoba sont riches en vitamine E. Elle renforce l&rsquo;effet antioxydant de la vitamine C.<\/p>\n<p>La formule de la cr\u00e8me de nuit \u00e0 la vitamine C est riche en acides gras essentiels, en antioxydants et en vitamines. Elle nourrit et hydrate la peau. En outre, la cr\u00e8me a un effet anti-rides. Avec une utilisation r\u00e9guli\u00e8re, la peau devient plus douce, lisse et nourrie.<\/p>\n<p>La cr\u00e8me de nuit \u00e0 la vitamine C de Kueshi est v\u00e9g\u00e9talienne et certifi\u00e9e par Ecocert.<\/p>\n<p>Mode d&#8217;emploi : Appliquer la cr\u00e8me sur la peau nettoy\u00e9e et masser doucement jusqu&rsquo;\u00e0 ce qu&rsquo;elle soit bien absorb\u00e9e. La cr\u00e8me de jour peut \u00e9galement \u00eatre utilis\u00e9e apr\u00e8s l&rsquo;application d&rsquo;un s\u00e9rum.<\/p>\n<p>Ingr\u00e9dients : Aqua, Aloe Barbadensis Leaf Juice*, Coco-Caprylate\/Caprate, Caprylic\/Capric Triglyceride, Olea Europaea Fruit Oil*, Glycerin, Polyglyceryl-3 Dicitrate\/Stearate, Pentylene Glycol, Glyceryl Stearate, Alcool st\u00e9arylique, huile de noyau d&rsquo;Argania Spinosa*, palmitate d&rsquo;ascorbyle, huile de p\u00e9pins de raisin de Vitis Vinifera*, huile de p\u00e9pins de Cannabis Sativa*, huile de p\u00e9pins de jojoba de Simmondsia Chinensis*,<\/p>\n<p>beurre de karit\u00e9 de Butyrospermum Parkii*, Extrait de Lithothamnion Calcareum, extrait de Centella Asiatica, extrait de feuilles de Vaccinium Myrtillus, acide hyaluronique hydrolys\u00e9, hyaluronate de sodium, acide lactique, amylopectine, tocoph\u00e9rol (vitamine E), b\u00eata-sitost\u00e9rol, Squal\u00e8ne, Phytate de sodium,<\/p>\n<p>Benzoate de sodium, Sorbate de potassium, Acide d\u00e9hydroac\u00e9tique, Alcool benzylique, Gomme de xanthane, Acide citrique, Fragnance (ar\u00f4me naturel)**, Citral**, G\u00e9raniol**, Limon\u00e8ne**, Linalool**.<\/p>\n<p>*Instituants issus de l&rsquo;agriculture biologique<br \/>\n**Aromatisant naturel<\/p>\n","protected":false},"excerpt":{"rendered":"<p>La cr\u00e8me de nuit \u00e0 la vitamine C soutient le processus de r\u00e9paration de la peau. Elle hydrate, nourrit et prot\u00e8ge la peau du stress oxydatif.<\/p>\n<p><strong>Formule<\/strong> : Vitamine C, acide hyaluronique et huiles biologiques de graines de chanvre, de jojoba, d&rsquo;argan et de p\u00e9pins de raisin.<br \/>\n<strong>Certifications<\/strong> : Ecocert, Vegan<br \/>\n<strong>Consistance<\/strong> : texture cr\u00e9meuse<\/p>\n","protected":false},"featured_media":625,"comment_status":"open","ping_status":"closed","template":"","meta":{"ocean_post_layout":"","ocean_both_sidebars_style":"","ocean_both_sidebars_content_width":0,"ocean_both_sidebars_sidebars_width":0,"ocean_sidebar":"","ocean_second_sidebar":"","ocean_disable_margins":"enable","ocean_add_body_class":"","ocean_shortcode_before_top_bar":"","ocean_shortcode_after_top_bar":"","ocean_shortcode_before_header":"","ocean_shortcode_after_header":"","ocean_has_shortcode":"","ocean_shortcode_after_title":"","ocean_shortcode_before_footer_widgets":"","ocean_shortcode_after_footer_widgets":"","ocean_shortcode_before_footer_bottom":"","ocean_shortcode_after_footer_bottom":"","ocean_display_top_bar":"default","ocean_display_header":"default","ocean_header_style":"","ocean_center_header_left_menu":"","ocean_custom_header_template":"","ocean_custom_logo":0,"ocean_custom_retina_logo":0,"ocean_custom_logo_max_width":0,"ocean_custom_logo_tablet_max_width":0,"ocean_custom_logo_mobile_max_width":0,"ocean_custom_logo_max_height":0,"ocean_custom_logo_tablet_max_height":0,"ocean_custom_logo_mobile_max_height":0,"ocean_header_custom_menu":"","ocean_menu_typo_font_family":"","ocean_menu_typo_font_subset":"","ocean_menu_typo_font_size":0,"ocean_menu_typo_font_size_tablet":0,"ocean_menu_typo_font_size_mobile":0,"ocean_menu_typo_font_size_unit":"px","ocean_menu_typo_font_weight":"","ocean_menu_typo_font_weight_tablet":"","ocean_menu_typo_font_weight_mobile":"","ocean_menu_typo_transform":"","ocean_menu_typo_transform_tablet":"","ocean_menu_typo_transform_mobile":"","ocean_menu_typo_line_height":0,"ocean_menu_typo_line_height_tablet":0,"ocean_menu_typo_line_height_mobile":0,"ocean_menu_typo_line_height_unit":"","ocean_menu_typo_spacing":0,"ocean_menu_typo_spacing_tablet":0,"ocean_menu_typo_spacing_mobile":0,"ocean_menu_typo_spacing_unit":"","ocean_menu_link_color":"","ocean_menu_link_color_hover":"","ocean_menu_link_color_active":"","ocean_menu_link_background":"","ocean_menu_link_hover_background":"","ocean_menu_link_active_background":"","ocean_menu_social_links_bg":"","ocean_menu_social_hover_links_bg":"","ocean_menu_social_links_color":"","ocean_menu_social_hover_links_color":"","ocean_disable_title":"default","ocean_disable_heading":"default","ocean_post_title":"","ocean_post_subheading":"","ocean_post_title_style":"","ocean_post_title_background_color":"","ocean_post_title_background":0,"ocean_post_title_bg_image_position":"","ocean_post_title_bg_image_attachment":"","ocean_post_title_bg_image_repeat":"","ocean_post_title_bg_image_size":"","ocean_post_title_height":0,"ocean_post_title_bg_overlay":0.5,"ocean_post_title_bg_overlay_color":"","ocean_disable_breadcrumbs":"default","ocean_breadcrumbs_color":"","ocean_breadcrumbs_separator_color":"","ocean_breadcrumbs_links_color":"","ocean_breadcrumbs_links_hover_color":"","ocean_display_footer_widgets":"default","ocean_display_footer_bottom":"default","ocean_custom_footer_template":""},"product_brand":[122],"product_cat":[19,17,16,20],"product_tag":[],"class_list":{"0":"post-2458","1":"product","2":"type-product","3":"status-publish","4":"has-post-thumbnail","6":"product_brand-kueshi-naturals","7":"product_cat-cremes-naturelles-de-jour-et-de-nuit","8":"product_cat-soins-du-visage","9":"product_cat-soins","10":"product_cat-anti-age","12":"entry","13":"has-media","15":"first","16":"instock","17":"taxable","18":"shipping-taxable","19":"purchasable","20":"product-type-simple","21":"has-rating","22":"col","23":"span_1_of_3","24":"owp-content-center","25":"owp-thumbs-layout-horizontal","26":"owp-btn-normal","27":"owp-tabs-layout-section","28":"has-no-thumbnails","29":"circle-sale"},"_links":{"self":[{"href":"https:\/\/www.biobey.be\/fr\/wp-json\/wp\/v2\/product\/2458","targetHints":{"allow":["GET"]}}],"collection":[{"href":"https:\/\/www.biobey.be\/fr\/wp-json\/wp\/v2\/product"}],"about":[{"href":"https:\/\/www.biobey.be\/fr\/wp-json\/wp\/v2\/types\/product"}],"replies":[{"embeddable":true,"href":"https:\/\/www.biobey.be\/fr\/wp-json\/wp\/v2\/comments?post=2458"}],"wp:featuredmedia":[{"embeddable":true,"href":"https:\/\/www.biobey.be\/fr\/wp-json\/wp\/v2\/media\/625"}],"wp:attachment":[{"href":"https:\/\/www.biobey.be\/fr\/wp-json\/wp\/v2\/media?parent=2458"}],"wp:term":[{"taxonomy":"product_brand","embeddable":true,"href":"https:\/\/www.biobey.be\/fr\/wp-json\/wp\/v2\/product_brand?post=2458"},{"taxonomy":"product_cat","embeddable":true,"href":"https:\/\/www.biobey.be\/fr\/wp-json\/wp\/v2\/product_cat?post=2458"},{"taxonomy":"product_tag","embeddable":true,"href":"https:\/\/www.biobey.be\/fr\/wp-json\/wp\/v2\/product_tag?post=2458"}],"curies":[{"name":"wp","href":"https:\/\/api.w.org\/{rel}","templated":true}]}}