{"id":2460,"date":"2025-05-25T23:46:22","date_gmt":"2025-05-25T21:46:22","guid":{"rendered":"https:\/\/www.biobey.be\/fr-temp\/produit\/huile-de-rosier-musquee-biologique-30ml\/"},"modified":"2025-07-11T11:20:17","modified_gmt":"2025-07-11T09:20:17","slug":"huile-de-rosier-musquee-biologique-30ml","status":"publish","type":"product","link":"https:\/\/www.biobey.be\/fr\/produit\/huile-de-rosier-musquee-biologique-30ml\/","title":{"rendered":"Huile de rosier musqu\u00e9 biologique pure 30ml"},"content":{"rendered":"<p>\u00c0 la recherche d&rsquo;une huile de rose musqu\u00e9e biologique de qualit\u00e9 pour la peau ? L&rsquo;huile de rosier musqu\u00e9e biologique pure r\u00e9g\u00e9n\u00e9ratrice est une huile puissante qui r\u00e9pare, nourrit et hydrate la peau en profondeur. En cas d&rsquo;utilisation r\u00e9guli\u00e8re, la peau est radieuse et nourrie. Pour le soin quotidien des peaux rid\u00e9es et manquant d&rsquo;\u00e9lasticit\u00e9, nous recommandons le <span style=\"color: #0000ff;\"><a style=\"color: #0000ff;\" href=\"https:\/\/www.biobey.be\/fr\/produit\/acide-hyaluronique-serum-bio-rose-30ml\/\">s\u00e9rum \u00e0 la rose musqu\u00e9e et \u00e0 l&rsquo;acide hyaluronique<\/a><\/span>.<\/p>\n<p>L&rsquo;huile rosier musqu\u00e9e press\u00e9e \u00e0 froid ou l&rsquo;huile de graines d&rsquo;\u00e9glantier est un produit de soin de la peau 100% naturel qui est utilis\u00e9 avec succ\u00e8s pour traiter la peau s\u00e8che et rugueuse, les cicatrices, l&rsquo;acn\u00e9 et les vergetures.<\/p>\n<p>L&rsquo;huile de rose musqu\u00e9e a des effets positifs sur le processus de r\u00e9g\u00e9n\u00e9ration de la peau. Elle estompe les rides et les ridules. La <span style=\"color: #0000ff;\"><a style=\"color: #0000ff;\" href=\"https:\/\/www.biobey.be\/fr\/produit\/creme-nourrissante-contour-des-yeux-bio\/\">cr\u00e8me pour les yeux Bioearth \u00e0 l&rsquo;extrait de rose musqu\u00e9e<\/a><\/span> peut \u00e9galement \u00eatre utilis\u00e9e pour prendre soin du contour des yeux et des ridules.<\/p>\n<h2>Huile de rosier musqu\u00e9e biologique pure r\u00e9g\u00e9n\u00e9ratrice contre les rides et les cicatrices<\/h2>\n<p>Cette huile pure de graines de rose musqu\u00e9e poss\u00e8de de puissantes propri\u00e9t\u00e9s de r\u00e9g\u00e9n\u00e9ration de la peau et est excellente pour estomper les rides et les ridules de mani\u00e8re naturelle et efficace. Elle acc\u00e9l\u00e8re le processus de r\u00e9g\u00e9n\u00e9ration de la peau et r\u00e9duit ainsi les cicatrices et les vergetures. Elle prot\u00e8ge \u00e9galement la peau contre le stress oxydatif.<\/p>\n<p><strong>Huile de rosier musqu\u00e9e biologique Kueshi regenerate efficace contre l&rsquo;acn\u00e9 et les impuret\u00e9s<\/strong><\/p>\n<p>M\u00eame si l&rsquo;utilisation d&rsquo;une huile pour la peau semble contre-productive pour l&rsquo;acn\u00e9, une huile de rose musqu\u00e9e pure convient pour traiter l&rsquo;acn\u00e9. De nombreux dermatologues consid\u00e8rent que l&rsquo;\u00e9glantier est l&rsquo;un des rem\u00e8des les plus puissants contre l&rsquo;acn\u00e9 et les impuret\u00e9s. Cette huile cicatrisante a une haute concentration de vitamines, d&rsquo;antioxydants et d&rsquo;acides gras essentiels.<\/p>\n<p>Elle est anti-inflammatoire, tr\u00e8s l\u00e9g\u00e8re et p\u00e9n\u00e8tre profond\u00e9ment dans la peau. Gr\u00e2ce \u00e0 ces propri\u00e9t\u00e9s, elle agit efficacement contre l&rsquo;acn\u00e9 et les autres inflammations de la peau. Elle r\u00e9duit les rougeurs et l&rsquo;apparence des cicatrices d&rsquo;acn\u00e9.<\/p>\n<h3>Huile de rosier musqu\u00e9e biologique pure pour un teint \u00e9clatant et uniforme<\/h3>\n<p>L&rsquo;huile de graines de rose musqu\u00e9e biologique Kueshi contient une haute concentration de vitamine C, vitamine E, B et K, tanin, pectine, carot\u00e8ne, flavono\u00efdes et r\u00e9tinol. Ainsi, elle donne \u00e0 la peau tous les nutriments n\u00e9cessaires et r\u00e9duit les imperfections. Votre peau sera radieuse et uniforme.<\/p>\n<p>Il convient \u00e0 tous les types de peau, y compris les peaux s\u00e8ches, sensibles ou irrit\u00e9es.<\/p>\n<h3>Que fait l&rsquo;huile de rosier musqu\u00e9e biologique pure pour votre peau\u202f?<\/h3>\n<p>Gr\u00e2ce \u00e0 sa formule pure et \u00e0 ses puissantes propri\u00e9t\u00e9s curatives, l&rsquo;utilisation de l&rsquo;huile de rose musqu\u00e9e biologique pure aide<\/p>\n<ul>\n<li>Estomper les rides et ridules et prot\u00e9ger la peau du stress oxydatif<\/li>\n<li>R\u00e9duire les rougeurs et unifier le teint de la peau<\/li>\n<li>Un rem\u00e8de pour \u00e0 l&rsquo;acn\u00e9 et aux autres inflammations de la peau gr\u00e2ce \u00e0 ses propri\u00e9t\u00e9s anti-inflammatoires.<\/li>\n<li>Sa texture l\u00e9g\u00e8re p\u00e9n\u00e8tre profond\u00e9ment dans la peau et hydrate en profondeur les peaux s\u00e8ches ou rugueuses.<\/li>\n<li>R\u00e9parer la peau endommag\u00e9e<\/li>\n<\/ul>\n<p><strong>Mode d&#8217;emploi<\/strong> : Appliquez deux ou trois gouttes dans la paume de votre main. Utilisez le bout de vos doigts pour masser d\u00e9licatement sur la peau nettoy\u00e9e.<br \/>\nLaisser l&rsquo;huile p\u00e9n\u00e9trer compl\u00e8tement.<\/p>\n<p><strong>inci<\/strong> : huile de graines de Rosa canina (biologique)<\/p>\n","protected":false},"excerpt":{"rendered":"<p>L&rsquo;huile de rose musqu\u00e9e biologique pure r\u00e9pare, nourrit et hydrate profond\u00e9ment la peau. Huile de rose musqu\u00e9e bio r\u00e9g\u00e9n\u00e9ratrice contre les rides et les cicatrices<\/p>\n","protected":false},"featured_media":586,"comment_status":"open","ping_status":"closed","template":"","meta":{"ocean_post_layout":"","ocean_both_sidebars_style":"","ocean_both_sidebars_content_width":0,"ocean_both_sidebars_sidebars_width":0,"ocean_sidebar":"","ocean_second_sidebar":"","ocean_disable_margins":"enable","ocean_add_body_class":"","ocean_shortcode_before_top_bar":"","ocean_shortcode_after_top_bar":"","ocean_shortcode_before_header":"","ocean_shortcode_after_header":"","ocean_has_shortcode":"","ocean_shortcode_after_title":"","ocean_shortcode_before_footer_widgets":"","ocean_shortcode_after_footer_widgets":"","ocean_shortcode_before_footer_bottom":"","ocean_shortcode_after_footer_bottom":"","ocean_display_top_bar":"default","ocean_display_header":"default","ocean_header_style":"","ocean_center_header_left_menu":"","ocean_custom_header_template":"","ocean_custom_logo":0,"ocean_custom_retina_logo":0,"ocean_custom_logo_max_width":0,"ocean_custom_logo_tablet_max_width":0,"ocean_custom_logo_mobile_max_width":0,"ocean_custom_logo_max_height":0,"ocean_custom_logo_tablet_max_height":0,"ocean_custom_logo_mobile_max_height":0,"ocean_header_custom_menu":"","ocean_menu_typo_font_family":"","ocean_menu_typo_font_subset":"","ocean_menu_typo_font_size":0,"ocean_menu_typo_font_size_tablet":0,"ocean_menu_typo_font_size_mobile":0,"ocean_menu_typo_font_size_unit":"px","ocean_menu_typo_font_weight":"","ocean_menu_typo_font_weight_tablet":"","ocean_menu_typo_font_weight_mobile":"","ocean_menu_typo_transform":"","ocean_menu_typo_transform_tablet":"","ocean_menu_typo_transform_mobile":"","ocean_menu_typo_line_height":0,"ocean_menu_typo_line_height_tablet":0,"ocean_menu_typo_line_height_mobile":0,"ocean_menu_typo_line_height_unit":"","ocean_menu_typo_spacing":0,"ocean_menu_typo_spacing_tablet":0,"ocean_menu_typo_spacing_mobile":0,"ocean_menu_typo_spacing_unit":"","ocean_menu_link_color":"","ocean_menu_link_color_hover":"","ocean_menu_link_color_active":"","ocean_menu_link_background":"","ocean_menu_link_hover_background":"","ocean_menu_link_active_background":"","ocean_menu_social_links_bg":"","ocean_menu_social_hover_links_bg":"","ocean_menu_social_links_color":"","ocean_menu_social_hover_links_color":"","ocean_disable_title":"default","ocean_disable_heading":"default","ocean_post_title":"","ocean_post_subheading":"","ocean_post_title_style":"","ocean_post_title_background_color":"","ocean_post_title_background":0,"ocean_post_title_bg_image_position":"","ocean_post_title_bg_image_attachment":"","ocean_post_title_bg_image_repeat":"","ocean_post_title_bg_image_size":"","ocean_post_title_height":0,"ocean_post_title_bg_overlay":0.5,"ocean_post_title_bg_overlay_color":"","ocean_disable_breadcrumbs":"default","ocean_breadcrumbs_color":"","ocean_breadcrumbs_separator_color":"","ocean_breadcrumbs_links_color":"","ocean_breadcrumbs_links_hover_color":"","ocean_display_footer_widgets":"default","ocean_display_footer_bottom":"default","ocean_custom_footer_template":""},"product_brand":[122],"product_cat":[23,49,17,16,20],"product_tag":[],"class_list":{"0":"post-2460","1":"product","2":"type-product","3":"status-publish","4":"has-post-thumbnail","6":"product_brand-kueshi-naturals","7":"product_cat-cou-decollete","8":"product_cat-peau-seche","9":"product_cat-soins-du-visage","10":"product_cat-soins","11":"product_cat-anti-age","13":"entry","14":"has-media","16":"first","17":"instock","18":"taxable","19":"shipping-taxable","20":"purchasable","21":"product-type-simple","22":"has-rating","23":"col","24":"span_1_of_3","25":"owp-content-center","26":"owp-thumbs-layout-horizontal","27":"owp-btn-normal","28":"owp-tabs-layout-section","29":"has-no-thumbnails","30":"circle-sale"},"_links":{"self":[{"href":"https:\/\/www.biobey.be\/fr\/wp-json\/wp\/v2\/product\/2460","targetHints":{"allow":["GET"]}}],"collection":[{"href":"https:\/\/www.biobey.be\/fr\/wp-json\/wp\/v2\/product"}],"about":[{"href":"https:\/\/www.biobey.be\/fr\/wp-json\/wp\/v2\/types\/product"}],"replies":[{"embeddable":true,"href":"https:\/\/www.biobey.be\/fr\/wp-json\/wp\/v2\/comments?post=2460"}],"wp:featuredmedia":[{"embeddable":true,"href":"https:\/\/www.biobey.be\/fr\/wp-json\/wp\/v2\/media\/586"}],"wp:attachment":[{"href":"https:\/\/www.biobey.be\/fr\/wp-json\/wp\/v2\/media?parent=2460"}],"wp:term":[{"taxonomy":"product_brand","embeddable":true,"href":"https:\/\/www.biobey.be\/fr\/wp-json\/wp\/v2\/product_brand?post=2460"},{"taxonomy":"product_cat","embeddable":true,"href":"https:\/\/www.biobey.be\/fr\/wp-json\/wp\/v2\/product_cat?post=2460"},{"taxonomy":"product_tag","embeddable":true,"href":"https:\/\/www.biobey.be\/fr\/wp-json\/wp\/v2\/product_tag?post=2460"}],"curies":[{"name":"wp","href":"https:\/\/api.w.org\/{rel}","templated":true}]}}