{"id":2463,"date":"2024-03-26T23:00:11","date_gmt":"2024-03-26T22:00:11","guid":{"rendered":"https:\/\/www.biobey.be\/fr-temp\/produit\/shampoing-reparateur-naturel-naobay\/"},"modified":"2026-03-26T16:25:22","modified_gmt":"2026-03-26T15:25:22","slug":"shampoing-reparateur-naturel-naobay","status":"publish","type":"product","link":"https:\/\/www.biobey.be\/fr\/produit\/shampoing-reparateur-naturel-naobay\/","title":{"rendered":"Shampoing r\u00e9parateur naturel Naobay sans sulfate 250ml"},"content":{"rendered":"<p>Shampoing r\u00e9parateur naturel de Naobay sans sulfate est d\u00e9velopp\u00e9 pour soigner les cheveux secs et ab\u00eem\u00e9s. La formule, \u00e0 base d&rsquo;extrait d&rsquo;aloe vera biologique et d&rsquo;extrait de camomille, <strong>nourrit les cheveux secs et aide \u00e0 pr\u00e9venir les pointes s\u00e8ches<\/strong>. Le shampooing r\u00e9parateur naturel sans sulfate est certifi\u00e9 Ecocert et v\u00e9g\u00e9talien<\/p>\n<p>Le shampoing ne contient pas de silicones, de sulfates, d&rsquo;edta, de pegs, de parab\u00e8nes et de parfums synth\u00e9tiques. Le stress, les influences ext\u00e9rieures n\u00e9gatives et les produits coiffants peuvent diminuer la r\u00e9sistance des cheveux. Cela rend les cheveux et le cuir chevelu vuln\u00e9rables aux facteurs externes nuisibles.<\/p>\n<p>Le shampoing r\u00e9parateur naturel Naobay nourrit et prot\u00e8ge les cheveux des influences ext\u00e9rieures n\u00e9gatives. Apr\u00e8s utilisation, les cheveux sont doux. Le shampoing a un ar\u00f4me naturel agr\u00e9able. <strong>Convient aux personnes ayant des cheveux secs et ab\u00eem\u00e9s<\/strong>.<\/p>\n<h2>Formule Shampoing r\u00e9parateur naturel Naobay sans sulfate<\/h2>\n<p>L&rsquo;extrait d&rsquo;aloe vera biologique est connu pour ses effets b\u00e9n\u00e9fiques. Il est utilis\u00e9 en externe et en interne. En cas de coups de soleil, d&rsquo;irritations cutan\u00e9es, le gel d&rsquo;aloe vera aide \u00e0 r\u00e9g\u00e9n\u00e9rer la peau. Il a <strong>un effet apaisant sur les irritations cutan\u00e9es<\/strong>. L&rsquo;aloe vera hydrate les cheveux et aide \u00e0 restaurer le cuir chevelu. Il prot\u00e8ge les cheveux de la d\u00e9shydratation.<\/p>\n<p>Le shampoing r\u00e9parateur naturel Naobay contient \u00e9galement de l&rsquo;extrait de camomille biologique. La combinaison de l&rsquo;aloe vera et de l&rsquo;extrait de camomille a un fort effet r\u00e9g\u00e9n\u00e9rant sur les cheveux.<\/p>\n<p>L&rsquo;extrait de camomille est utilis\u00e9 pour soigner les cuirs chevelus irrit\u00e9s. En outre, il apporte une brillance suppl\u00e9mentaire aux cheveux. L&rsquo;eau florale de camomille \u00e9tait traditionnellement utilis\u00e9e pour renforcer les cheveux.<\/p>\n<p>Gr\u00e2ce \u00e0 la combinaison d&rsquo;aloe vera et de camomille, le shampooing r\u00e9parateur naturel a <strong>un effet r\u00e9parateur et protecteur<\/strong>. Avec une utilisation r\u00e9guli\u00e8re, les cheveux sont nourris et lisses.<\/p>\n<p>Le shampoing r\u00e9parateur naturel est v\u00e9g\u00e9talien et certifi\u00e9 Ecocert.<\/p>\n<p>Mode d&#8217;emploi\u00a0: Appliquer le shampooing sur les cheveux mouill\u00e9s et masser doucement le cuir chevelu jusqu&rsquo;\u00e0 ce qu&rsquo;il mousse. Rincez ensuite les cheveux. Convient aux personnes ayant des cheveux endommag\u00e9s ou secs.<\/p>\n<p>Ingr\u00e9dients\u00a0: Aqua, Lauryl Glucoside, Aloe Barbadensis Leaf Juice*, Cocamidopropyl Betaine, Sodium Cocoamphoacetate, Glycerine, Chamomilla Recutita Flower Extract*, Potassium Sorbate, Sodium Benzoate, Sodium Levulinate, Citric acid,<br \/>\nFragnance**(Aroma naturel), Limonene**, Linalool**<\/p>\n<p>*Issus de l&rsquo;agriculture biologique<br \/>\n**Composants naturels.<\/p>\n<p>Certificats : V\u00e9g\u00e9talien, Ecocert<br \/>\nContenu : 250\u2009ml<br \/>\nFormule : Extrait d&rsquo;aloe vera et extrait de camomille<\/p>\n<h2>Le shampooing r\u00e9parateur Naobay sans sulfate convient-il aux cuirs chevelus sensibles ?<\/h2>\n<p>Ce shampooing naturel Naobay ne contient pas de sulfates et convient aux cuirs chevelus sensibles. Si vous souffrez d&rsquo;un cuir chevelu tr\u00e8s sensible, il est conseill\u00e9 de choisir un shampooing naturel encore plus doux, par exemple <span style=\"color: #0000ff;\"><a style=\"color: #0000ff;\" href=\"https:\/\/www.biobey.be\/fr\/produit\/shampooing-doux-bio-cuir-chevelu-sensible\/\">le shampooing Bema bio pour cuir chevelu sensible.<\/a><\/span><\/p>\n","protected":false},"excerpt":{"rendered":"<p>Le shampoing r\u00e9parateur naturel soigne les cheveux ab\u00eem\u00e9s et secs. Le shampooing ne contient pas de sulfates, de silicones, de pegs, de parab\u00e8nes et de parfum chemic<\/p>\n","protected":false},"featured_media":638,"comment_status":"open","ping_status":"closed","template":"","meta":{"ocean_post_layout":"","ocean_both_sidebars_style":"","ocean_both_sidebars_content_width":0,"ocean_both_sidebars_sidebars_width":0,"ocean_sidebar":"0","ocean_second_sidebar":"0","ocean_disable_margins":"enable","ocean_add_body_class":"","ocean_shortcode_before_top_bar":"","ocean_shortcode_after_top_bar":"","ocean_shortcode_before_header":"","ocean_shortcode_after_header":"","ocean_has_shortcode":"","ocean_shortcode_after_title":"","ocean_shortcode_before_footer_widgets":"","ocean_shortcode_after_footer_widgets":"","ocean_shortcode_before_footer_bottom":"","ocean_shortcode_after_footer_bottom":"","ocean_display_top_bar":"default","ocean_display_header":"default","ocean_header_style":"","ocean_center_header_left_menu":"0","ocean_custom_header_template":"0","ocean_custom_logo":0,"ocean_custom_retina_logo":0,"ocean_custom_logo_max_width":0,"ocean_custom_logo_tablet_max_width":0,"ocean_custom_logo_mobile_max_width":0,"ocean_custom_logo_max_height":0,"ocean_custom_logo_tablet_max_height":0,"ocean_custom_logo_mobile_max_height":0,"ocean_header_custom_menu":"0","ocean_menu_typo_font_family":"0","ocean_menu_typo_font_subset":"","ocean_menu_typo_font_size":0,"ocean_menu_typo_font_size_tablet":0,"ocean_menu_typo_font_size_mobile":0,"ocean_menu_typo_font_size_unit":"px","ocean_menu_typo_font_weight":"","ocean_menu_typo_font_weight_tablet":"","ocean_menu_typo_font_weight_mobile":"","ocean_menu_typo_transform":"","ocean_menu_typo_transform_tablet":"","ocean_menu_typo_transform_mobile":"","ocean_menu_typo_line_height":0,"ocean_menu_typo_line_height_tablet":0,"ocean_menu_typo_line_height_mobile":0,"ocean_menu_typo_line_height_unit":"","ocean_menu_typo_spacing":0,"ocean_menu_typo_spacing_tablet":0,"ocean_menu_typo_spacing_mobile":0,"ocean_menu_typo_spacing_unit":"","ocean_menu_link_color":"","ocean_menu_link_color_hover":"","ocean_menu_link_color_active":"","ocean_menu_link_background":"","ocean_menu_link_hover_background":"","ocean_menu_link_active_background":"","ocean_menu_social_links_bg":"","ocean_menu_social_hover_links_bg":"","ocean_menu_social_links_color":"","ocean_menu_social_hover_links_color":"","ocean_disable_title":"default","ocean_disable_heading":"default","ocean_post_title":"","ocean_post_subheading":"","ocean_post_title_style":"","ocean_post_title_background_color":"","ocean_post_title_background":0,"ocean_post_title_bg_image_position":"","ocean_post_title_bg_image_attachment":"","ocean_post_title_bg_image_repeat":"","ocean_post_title_bg_image_size":"","ocean_post_title_height":0,"ocean_post_title_bg_overlay":0.5,"ocean_post_title_bg_overlay_color":"","ocean_disable_breadcrumbs":"default","ocean_breadcrumbs_color":"","ocean_breadcrumbs_separator_color":"","ocean_breadcrumbs_links_color":"","ocean_breadcrumbs_links_hover_color":"","ocean_display_footer_widgets":"default","ocean_display_footer_bottom":"default","ocean_custom_footer_template":"0"},"product_brand":[119],"product_cat":[25,16,24],"product_tag":[],"class_list":{"0":"post-2463","1":"product","2":"type-product","3":"status-publish","4":"has-post-thumbnail","6":"product_brand-naobay","7":"product_cat-shampooing-naturel","8":"product_cat-soins","9":"product_cat-soins-cheveux","11":"entry","12":"has-media","14":"first","15":"instock","16":"taxable","17":"shipping-taxable","18":"purchasable","19":"product-type-simple","20":"has-rating","21":"col","22":"span_1_of_3","23":"owp-content-center","24":"owp-thumbs-layout-horizontal","25":"owp-btn-normal","26":"owp-tabs-layout-section","27":"has-no-thumbnails","28":"circle-sale"},"_links":{"self":[{"href":"https:\/\/www.biobey.be\/fr\/wp-json\/wp\/v2\/product\/2463","targetHints":{"allow":["GET"]}}],"collection":[{"href":"https:\/\/www.biobey.be\/fr\/wp-json\/wp\/v2\/product"}],"about":[{"href":"https:\/\/www.biobey.be\/fr\/wp-json\/wp\/v2\/types\/product"}],"replies":[{"embeddable":true,"href":"https:\/\/www.biobey.be\/fr\/wp-json\/wp\/v2\/comments?post=2463"}],"wp:featuredmedia":[{"embeddable":true,"href":"https:\/\/www.biobey.be\/fr\/wp-json\/wp\/v2\/media\/638"}],"wp:attachment":[{"href":"https:\/\/www.biobey.be\/fr\/wp-json\/wp\/v2\/media?parent=2463"}],"wp:term":[{"taxonomy":"product_brand","embeddable":true,"href":"https:\/\/www.biobey.be\/fr\/wp-json\/wp\/v2\/product_brand?post=2463"},{"taxonomy":"product_cat","embeddable":true,"href":"https:\/\/www.biobey.be\/fr\/wp-json\/wp\/v2\/product_cat?post=2463"},{"taxonomy":"product_tag","embeddable":true,"href":"https:\/\/www.biobey.be\/fr\/wp-json\/wp\/v2\/product_tag?post=2463"}],"curies":[{"name":"wp","href":"https:\/\/api.w.org\/{rel}","templated":true}]}}