{"id":2464,"date":"2025-04-15T01:10:34","date_gmt":"2025-04-14T23:10:34","guid":{"rendered":"https:\/\/www.biobey.be\/fr-temp\/produit\/gel-nettoyant-visage-homme-naobay-100ml\/"},"modified":"2025-07-11T12:56:42","modified_gmt":"2025-07-11T10:56:42","slug":"gel-nettoyant-visage-homme-naobay-100ml","status":"publish","type":"product","link":"https:\/\/www.biobey.be\/fr\/produit\/gel-nettoyant-visage-homme-naobay-100ml\/","title":{"rendered":"Gel nettoyant visage homme naturel 100ml"},"content":{"rendered":"<p>Gel nettoyant visage homme purifie efficacement la peau sans la dess\u00e9cher. La formule naturelle ne contient pas de silicones, sulfates, parab\u00e8nes, d&rsquo;huiles min\u00e9rales, de pegs, d&rsquo;alcools lourds et de parfums synth\u00e9tiques.<\/p>\n<p>Il \u00e9limine les impuret\u00e9s, tue les mauvaises bact\u00e9ries et pr\u00e9vient les imperfections. Sa composition nourrissante est riche en vitamines, antioxydants et acides gras essentiels.<\/p>\n<p>Le stress, la pollution, la d\u00e9shydratation, les rayons UV et un mauvais sommeil perturbent le pH de la peau. Cela r\u00e9duit la r\u00e9sistance et provoque une hypersensibilit\u00e9. A cause de \u00e7a, la peau peut \u00eatre trop s\u00e8che, grasse ou irrit\u00e9e.<\/p>\n<p>Le gel nettoyant visage homme a un pH neutre. Il aide \u00e0 \u00e9quilibrer le pH de la peau. Le gel nettoyant nourrit la peau et aide \u00e0 renforcer la barri\u00e8re cutan\u00e9e.<\/p>\n<p>Gr\u00e2ce \u00e0 sa composition douce, il convient \u00e0 tous les types de peau ainsi qu&rsquo;aux peaux sensibles. Il purifie les pores et nettoie sans dess\u00e9cher la peau. Apr\u00e8s utilisation, la peau est lisse et agr\u00e9ablement douce.<\/p>\n<h2>Formule du gel nettoyant visage homme<\/h2>\n<p>Le gel nettoyant visage homme de Naobay contient des ingr\u00e9dients tels que des extraits biologiques de ginkgo, de calendula, de menthe, de caf\u00e9ier, d&rsquo;aloe vera et de r\u00e9glisse. Les extraits de calendula et d&rsquo;aloe vera ont un effet calmant et hydratant. Ils aident \u00e0 pr\u00e9venir les irritations cutan\u00e9es, \u00e0 r\u00e9duire les rougeurs et \u00e0 prot\u00e9ger la peau de la d\u00e9shydratation.<\/p>\n<p>L&rsquo;extrait de menthe biologique a un effet anti-inflammatoire et rafra\u00eechissant. Il r\u00e9duit l&rsquo;acn\u00e9 et tue les mauvaises bact\u00e9ries. L&rsquo;extrait de plante de caf\u00e9 contenu dans le nettoyant \u00e0 un effet r\u00e9g\u00e9n\u00e9rant. Il a un <strong>l\u00e9ger effet d\u00e9tox sur la peau<\/strong>. Les flavono\u00efdes dans<br \/>\nl&rsquo;extrait de ginkgo biloba sont connus pour leurs propri\u00e9t\u00e9s anti-\u00e2ge.<\/p>\n<p>Ils r\u00e9parent la balance hydrique de la peau et aident \u00e0 lutter contre le stress oxydatif. L&rsquo;extrait de r\u00e9glisse a des propri\u00e9t\u00e9s antibact\u00e9riennes. Il est utilis\u00e9 pour traiter les petits boutons, les irritations et les rougeurs. Le gel nettoyant visage homme <strong>\u00e9limine les impuret\u00e9s et nettoie la peau en douceur<\/strong>. Il convient \u00e0 tous les types de peau ainsi qu&rsquo;aux peaux sensibles.<\/p>\n<p>Ce gel nettoyant visage homme est formul\u00e9 par Naobay. Les cosm\u00e9tiques Naobay sont fabriqu\u00e9s \u00e0 partir d&rsquo;ingr\u00e9dients naturels provenant de champs biologiques. Ils ne contiennent pas d&rsquo;engrais ni de pesticides de synth\u00e8se et sont surtout exempts d&rsquo;OGM. Une quarantaine d&rsquo;huiles sont utilis\u00e9es pour leur fabrication.<\/p>\n<p>Mode d&#8217;emploi : Utilisez une petite quantit\u00e9 du gel pour nettoyer la peau. Appliquer sur le visage mouill\u00e9 et masser doucement. Rincez ensuite bien.<\/p>\n<p>Ingr\u00e9dients : Aqua, Aloe Barbadensis Leaf Juice*, Lauryl Glucoside, Glycerin, Cocamidopropyl Betaine, Sodium Cocoamphoacetate, Mentha Piperita (Peppermint) Leaf Water*, Glycyrrhiza Glabra (Licorice) Root Extract*, Mentha Piperita Leaf Extract*, Extrait de graine de Coffea Arabica*, Extrait de fleur de Calendula Officinalis*,<\/p>\n<p>Extrait de feuille de Ginkgo Biloba*, Propanediol, Sorbate de Potassium, Benzoate de Sodium, Levulinate de Sodium, Acide Citrique, Fragrance**, Lemonene**, Linalool**.<br \/>\n*Ingr\u00e9dients issus de l&rsquo;agriculture biologique<br \/>\n**Composants naturels<\/p>\n","protected":false},"excerpt":{"rendered":"<p>Le gel nettoyant visage homme purifie les pores et nettoie la peau efficacement. La formule au pH neutre et nourrissante apaise et prot\u00e8ge la peau.<\/p>\n<p><strong>Formule<\/strong> : Extraits biologiques de ginkgo, de calendula, d&rsquo;aloe vera, de r\u00e9glisse, de menthe, de caf\u00e9ier et de r\u00e9glisse.<br \/>\n<strong>Certification<\/strong> : Ecocert, Vegan,<\/p>\n","protected":false},"featured_media":569,"comment_status":"open","ping_status":"closed","template":"","meta":{"ocean_post_layout":"","ocean_both_sidebars_style":"","ocean_both_sidebars_content_width":0,"ocean_both_sidebars_sidebars_width":0,"ocean_sidebar":"","ocean_second_sidebar":"","ocean_disable_margins":"enable","ocean_add_body_class":"","ocean_shortcode_before_top_bar":"","ocean_shortcode_after_top_bar":"","ocean_shortcode_before_header":"","ocean_shortcode_after_header":"","ocean_has_shortcode":"","ocean_shortcode_after_title":"","ocean_shortcode_before_footer_widgets":"","ocean_shortcode_after_footer_widgets":"","ocean_shortcode_before_footer_bottom":"","ocean_shortcode_after_footer_bottom":"","ocean_display_top_bar":"default","ocean_display_header":"default","ocean_header_style":"","ocean_center_header_left_menu":"","ocean_custom_header_template":"","ocean_custom_logo":0,"ocean_custom_retina_logo":0,"ocean_custom_logo_max_width":0,"ocean_custom_logo_tablet_max_width":0,"ocean_custom_logo_mobile_max_width":0,"ocean_custom_logo_max_height":0,"ocean_custom_logo_tablet_max_height":0,"ocean_custom_logo_mobile_max_height":0,"ocean_header_custom_menu":"","ocean_menu_typo_font_family":"","ocean_menu_typo_font_subset":"","ocean_menu_typo_font_size":0,"ocean_menu_typo_font_size_tablet":0,"ocean_menu_typo_font_size_mobile":0,"ocean_menu_typo_font_size_unit":"px","ocean_menu_typo_font_weight":"","ocean_menu_typo_font_weight_tablet":"","ocean_menu_typo_font_weight_mobile":"","ocean_menu_typo_transform":"","ocean_menu_typo_transform_tablet":"","ocean_menu_typo_transform_mobile":"","ocean_menu_typo_line_height":0,"ocean_menu_typo_line_height_tablet":0,"ocean_menu_typo_line_height_mobile":0,"ocean_menu_typo_line_height_unit":"","ocean_menu_typo_spacing":0,"ocean_menu_typo_spacing_tablet":0,"ocean_menu_typo_spacing_mobile":0,"ocean_menu_typo_spacing_unit":"","ocean_menu_link_color":"","ocean_menu_link_color_hover":"","ocean_menu_link_color_active":"","ocean_menu_link_background":"","ocean_menu_link_hover_background":"","ocean_menu_link_active_background":"","ocean_menu_social_links_bg":"","ocean_menu_social_hover_links_bg":"","ocean_menu_social_links_color":"","ocean_menu_social_hover_links_color":"","ocean_disable_title":"default","ocean_disable_heading":"default","ocean_post_title":"","ocean_post_subheading":"","ocean_post_title_style":"","ocean_post_title_background_color":"","ocean_post_title_background":0,"ocean_post_title_bg_image_position":"","ocean_post_title_bg_image_attachment":"","ocean_post_title_bg_image_repeat":"","ocean_post_title_bg_image_size":"","ocean_post_title_height":0,"ocean_post_title_bg_overlay":0.5,"ocean_post_title_bg_overlay_color":"","ocean_disable_breadcrumbs":"default","ocean_breadcrumbs_color":"","ocean_breadcrumbs_separator_color":"","ocean_breadcrumbs_links_color":"","ocean_breadcrumbs_links_hover_color":"","ocean_display_footer_widgets":"default","ocean_display_footer_bottom":"default","ocean_custom_footer_template":""},"product_brand":[119],"product_cat":[16,30],"product_tag":[],"class_list":{"0":"post-2464","1":"product","2":"type-product","3":"status-publish","4":"has-post-thumbnail","6":"product_brand-naobay","7":"product_cat-soins","8":"product_cat-soins-pour-hommes","10":"entry","11":"has-media","13":"first","14":"instock","15":"taxable","16":"shipping-taxable","17":"purchasable","18":"product-type-simple","19":"has-rating","20":"col","21":"span_1_of_3","22":"owp-content-center","23":"owp-thumbs-layout-horizontal","24":"owp-btn-normal","25":"owp-tabs-layout-section","26":"has-no-thumbnails","27":"circle-sale"},"_links":{"self":[{"href":"https:\/\/www.biobey.be\/fr\/wp-json\/wp\/v2\/product\/2464","targetHints":{"allow":["GET"]}}],"collection":[{"href":"https:\/\/www.biobey.be\/fr\/wp-json\/wp\/v2\/product"}],"about":[{"href":"https:\/\/www.biobey.be\/fr\/wp-json\/wp\/v2\/types\/product"}],"replies":[{"embeddable":true,"href":"https:\/\/www.biobey.be\/fr\/wp-json\/wp\/v2\/comments?post=2464"}],"wp:featuredmedia":[{"embeddable":true,"href":"https:\/\/www.biobey.be\/fr\/wp-json\/wp\/v2\/media\/569"}],"wp:attachment":[{"href":"https:\/\/www.biobey.be\/fr\/wp-json\/wp\/v2\/media?parent=2464"}],"wp:term":[{"taxonomy":"product_brand","embeddable":true,"href":"https:\/\/www.biobey.be\/fr\/wp-json\/wp\/v2\/product_brand?post=2464"},{"taxonomy":"product_cat","embeddable":true,"href":"https:\/\/www.biobey.be\/fr\/wp-json\/wp\/v2\/product_cat?post=2464"},{"taxonomy":"product_tag","embeddable":true,"href":"https:\/\/www.biobey.be\/fr\/wp-json\/wp\/v2\/product_tag?post=2464"}],"curies":[{"name":"wp","href":"https:\/\/api.w.org\/{rel}","templated":true}]}}