{"id":2465,"date":"2024-04-06T23:26:37","date_gmt":"2024-04-06T21:26:37","guid":{"rendered":"https:\/\/www.biobey.be\/fr-temp\/produit\/lotion-lait-de-corps-eclaircissant-vit-c\/"},"modified":"2026-02-18T12:13:21","modified_gmt":"2026-02-18T11:13:21","slug":"lotion-lait-de-corps-eclaircissant-vit-c","status":"publish","type":"product","link":"https:\/\/www.biobey.be\/fr\/produit\/lotion-lait-de-corps-eclaircissant-vit-c\/","title":{"rendered":"Lotion &#8211; lait de corps \u00e9claircissant vit C 250ml"},"content":{"rendered":"<p>Le lait de corps \u00e9claircissant Vit C a un effet nourrissant et l\u00e9g\u00e8rement \u00e9claircissant sur la peau. Gr\u00e2ce \u00e0 haute concentration en vitamine C de la lotion, elle a un l\u00e9ger effet lissant sur la peau.<\/p>\n<p>Le lait de corps \u00e9claircissant Vit C de Naobay appartient \u00e0 la ligne \u00c9claircissante. Cette lotion v\u00e9g\u00e9talienne contient des ingr\u00e9dients tels que le beurre de karit\u00e9, l&rsquo;extrait d&rsquo;aloe vera, l&rsquo;huile d&rsquo;avocat et l&rsquo;extrait d&rsquo;orange.<\/p>\n<p>La formule riche en vitamines C et E et en huiles biologiques apaisantes <strong>aide \u00e0 hydrater la peau<\/strong>. La lotion pour le corps \u00e0 la vitamine C est con\u00e7ue pour favoriser un teint uniforme et apaiser la peau s\u00e8che.<\/p>\n<p>L&rsquo;ar\u00f4me de l&rsquo;extrait d&rsquo;orange donne une agr\u00e9able sensation de fra\u00eecheur. En utilisant r\u00e9guli\u00e8rement la lotion pour le corps Vit C apr\u00e8s la douche ou le bain, la peau est plus douce.<\/p>\n<p>Le lait de corps \u00e9claircissant a une consistance de gel qui p\u00e9n\u00e8tre rapidement dans la peau. Il est facile \u00e0 appliquer et ne donne pas l&rsquo;impression d&rsquo;\u00eatre gras.<\/p>\n<h2>Formule du lait de corps \u00e9claircissant vit C<\/h2>\n<p>L&rsquo;extrait d&rsquo;aloe vera biologique r\u00e9duit les rougeurs et apaise la peau. Il aide \u00e0 hydrater les peaux s\u00e8ches et \u00e0 acc\u00e9l\u00e9rer la r\u00e9g\u00e9n\u00e9ration de la peau apr\u00e8s un coup de soleil ou une irritation cutan\u00e9e. Le beurre de karit\u00e9 nourrit et adoucit la peau en formant une couche protectrice naturelle sur la peau. La vitamine C a un effet antioxydant.<\/p>\n<p>Elle est \u00e9galement utilis\u00e9e pour traiter les taches brunes et les cicatrices d&rsquo;acn\u00e9. En outre, la lotion contient de la vitamine E, de l&rsquo;huile d&rsquo;avocat et de l&rsquo;huile d&rsquo;olive biologiques. L&rsquo;huile d&rsquo;avocat a <strong>des propri\u00e9t\u00e9s nourrissantes et anti-inflammatoires<\/strong>. Cette huile ralentit le vieillissement de la peau et renforce la barri\u00e8re cutan\u00e9e.<\/p>\n<p>La composition nourrissante du lait de corps \u00e9claircissant vit C soigne la peau et lui donne une agr\u00e9able sensation de fra\u00eecheur.<\/p>\n<p>Le lait corps de Naobay est v\u00e9g\u00e9talien et certifi\u00e9 Ecocert. Il ne contient pas de de parab\u00e8nes, de sulfates, de silicones, d&rsquo;huiles min\u00e9rales, de parfums synth\u00e9tiques et de pegs.<\/p>\n<h3>Comment appliquer le lait corps ?<\/h3>\n<p>Appliquez le lait corps naturel sur la peau nettoy\u00e9e apr\u00e8s la douche. Il est pr\u00e9f\u00e9rable d&rsquo;appliquer le lait corporel sur une peau propre et encore l\u00e9g\u00e8rement humide.<\/p>\n<p>Massez le lait corporel sur la peau en effectuant des mouvements circulaires jusqu&rsquo;\u00e0 ce qu&rsquo;il soit enti\u00e8rement absorb\u00e9 par la peau. Laisser agir le lait corporel naturel pendant quelques minutes. Convient aux peaux normales et s\u00e8ches.<\/p>\n<h3>Peut-on utiliser le lait corporel tous les jours ?<\/h3>\n<p>Oui, il est pr\u00e9f\u00e9rable d&rsquo;utiliser une lotion corporelle tous les jours. L&rsquo;application quotidienne d&rsquo;un lait corporel permet d&rsquo;obtenir une peau hydrat\u00e9e et lisse. En outre, la lotion corporelle agit \u00e9galement contre le vieillissement de la peau.<\/p>\n<p>C&rsquo;est pourquoi les dermatologues recommandent l&rsquo;utilisation quotidienne d&rsquo;une lotion pour le corps.<\/p>\n<p>Ingr\u00e9dients : Aqua, Coco-Caprylate Caprate, Aloe Barbendensis Leaf Juice(Aloe Vera)*, Glycerin, Olea Europaea Fruit Oil*, Caprylic\/Capric Triglyceride, Polyglyceryl-3 Dicitrate\/Stearate, Pentylene Glycol, Ascorbic Acid, Cetyl Alcohol, Persea Gratissima (Avocado) Oil*,<\/p>\n<p>Butryrospermum Parkii (Shea) Butter*, Extrait de fruit de Citrus Aurantium Dulcis (Orange)*, Extrait de Centella Asiatica, Tocopherol, Beta-Sitosterol, Squalene, Gomme Xanthan, Phytate de Sodium, Sorbate de Potassium, Benzoate de Sodium, Acide Dehydroacetique, Alcool Benzylique, Acide Citrique, Fragrance (Ar\u00f4me Naturel)**, Lemonene**.<\/p>\n<p>*Issus de l&rsquo;agriculture biologique<br \/>\n**Composants naturels<\/p>\n","protected":false},"excerpt":{"rendered":"<p>Lotion &#8211; lait de corps \u00e9claircissant vit C de Naobay hydrate et nourrit la peau. La formule riche en vitamines C et E a un l\u00e9ger effet \u00e9claircissant. Il nourrit la peau et procure une agr\u00e9able sensation de fra\u00eecheur.<\/p>\n<p>Kueshi Body moisturiser for dehydrated skin alternative temporaire \u00e0 la lotion corporelle \u00e0 la vitamine C.<\/p>\n<p><strong>Certificats<\/strong> : Vegan et Ecocert<br \/>\n<strong>Formule<\/strong> : Vitamine C, beurre de karit\u00e9, huile d&rsquo;avocat, vitamine E, extrait d&rsquo;aloe vera.<br \/>\n<strong>Contenu :<\/strong> 250\u2009ml<\/p>\n","protected":false},"featured_media":650,"comment_status":"open","ping_status":"closed","template":"","meta":{"ocean_post_layout":"","ocean_both_sidebars_style":"","ocean_both_sidebars_content_width":0,"ocean_both_sidebars_sidebars_width":0,"ocean_sidebar":"0","ocean_second_sidebar":"0","ocean_disable_margins":"enable","ocean_add_body_class":"","ocean_shortcode_before_top_bar":"","ocean_shortcode_after_top_bar":"","ocean_shortcode_before_header":"","ocean_shortcode_after_header":"","ocean_has_shortcode":"","ocean_shortcode_after_title":"","ocean_shortcode_before_footer_widgets":"","ocean_shortcode_after_footer_widgets":"","ocean_shortcode_before_footer_bottom":"","ocean_shortcode_after_footer_bottom":"","ocean_display_top_bar":"default","ocean_display_header":"default","ocean_header_style":"","ocean_center_header_left_menu":"0","ocean_custom_header_template":"0","ocean_custom_logo":0,"ocean_custom_retina_logo":0,"ocean_custom_logo_max_width":0,"ocean_custom_logo_tablet_max_width":0,"ocean_custom_logo_mobile_max_width":0,"ocean_custom_logo_max_height":0,"ocean_custom_logo_tablet_max_height":0,"ocean_custom_logo_mobile_max_height":0,"ocean_header_custom_menu":"0","ocean_menu_typo_font_family":"0","ocean_menu_typo_font_subset":"","ocean_menu_typo_font_size":0,"ocean_menu_typo_font_size_tablet":0,"ocean_menu_typo_font_size_mobile":0,"ocean_menu_typo_font_size_unit":"px","ocean_menu_typo_font_weight":"","ocean_menu_typo_font_weight_tablet":"","ocean_menu_typo_font_weight_mobile":"","ocean_menu_typo_transform":"","ocean_menu_typo_transform_tablet":"","ocean_menu_typo_transform_mobile":"","ocean_menu_typo_line_height":0,"ocean_menu_typo_line_height_tablet":0,"ocean_menu_typo_line_height_mobile":0,"ocean_menu_typo_line_height_unit":"","ocean_menu_typo_spacing":0,"ocean_menu_typo_spacing_tablet":0,"ocean_menu_typo_spacing_mobile":0,"ocean_menu_typo_spacing_unit":"","ocean_menu_link_color":"","ocean_menu_link_color_hover":"","ocean_menu_link_color_active":"","ocean_menu_link_background":"","ocean_menu_link_hover_background":"","ocean_menu_link_active_background":"","ocean_menu_social_links_bg":"","ocean_menu_social_hover_links_bg":"","ocean_menu_social_links_color":"","ocean_menu_social_hover_links_color":"","ocean_disable_title":"default","ocean_disable_heading":"default","ocean_post_title":"","ocean_post_subheading":"","ocean_post_title_style":"","ocean_post_title_background_color":"","ocean_post_title_background":0,"ocean_post_title_bg_image_position":"","ocean_post_title_bg_image_attachment":"","ocean_post_title_bg_image_repeat":"","ocean_post_title_bg_image_size":"","ocean_post_title_height":0,"ocean_post_title_bg_overlay":0.5,"ocean_post_title_bg_overlay_color":"","ocean_disable_breadcrumbs":"default","ocean_breadcrumbs_color":"","ocean_breadcrumbs_separator_color":"","ocean_breadcrumbs_links_color":"","ocean_breadcrumbs_links_hover_color":"","ocean_display_footer_widgets":"default","ocean_display_footer_bottom":"default","ocean_custom_footer_template":"0"},"product_brand":[119],"product_cat":[53,16,51],"product_tag":[],"class_list":{"0":"post-2465","1":"product","2":"type-product","3":"status-publish","4":"has-post-thumbnail","6":"product_brand-naobay","7":"product_cat-corps-peau","8":"product_cat-soins","9":"product_cat-soins-du-corps","11":"entry","12":"has-media","14":"first","15":"instock","16":"taxable","17":"shipping-taxable","18":"purchasable","19":"product-type-simple","20":"has-rating","21":"col","22":"span_1_of_3","23":"owp-content-center","24":"owp-thumbs-layout-horizontal","25":"owp-btn-normal","26":"owp-tabs-layout-section","27":"has-no-thumbnails","28":"circle-sale"},"_links":{"self":[{"href":"https:\/\/www.biobey.be\/fr\/wp-json\/wp\/v2\/product\/2465","targetHints":{"allow":["GET"]}}],"collection":[{"href":"https:\/\/www.biobey.be\/fr\/wp-json\/wp\/v2\/product"}],"about":[{"href":"https:\/\/www.biobey.be\/fr\/wp-json\/wp\/v2\/types\/product"}],"replies":[{"embeddable":true,"href":"https:\/\/www.biobey.be\/fr\/wp-json\/wp\/v2\/comments?post=2465"}],"wp:featuredmedia":[{"embeddable":true,"href":"https:\/\/www.biobey.be\/fr\/wp-json\/wp\/v2\/media\/650"}],"wp:attachment":[{"href":"https:\/\/www.biobey.be\/fr\/wp-json\/wp\/v2\/media?parent=2465"}],"wp:term":[{"taxonomy":"product_brand","embeddable":true,"href":"https:\/\/www.biobey.be\/fr\/wp-json\/wp\/v2\/product_brand?post=2465"},{"taxonomy":"product_cat","embeddable":true,"href":"https:\/\/www.biobey.be\/fr\/wp-json\/wp\/v2\/product_cat?post=2465"},{"taxonomy":"product_tag","embeddable":true,"href":"https:\/\/www.biobey.be\/fr\/wp-json\/wp\/v2\/product_tag?post=2465"}],"curies":[{"name":"wp","href":"https:\/\/api.w.org\/{rel}","templated":true}]}}