{"id":2467,"date":"2023-08-22T00:31:01","date_gmt":"2023-08-21T22:31:01","guid":{"rendered":"https:\/\/www.biobey.be\/fr-temp\/produit\/nettoyant-visage-ph-neutre-chanvre\/"},"modified":"2025-07-11T13:43:46","modified_gmt":"2025-07-11T11:43:46","slug":"nettoyant-visage-ph-neutre-chanvre","status":"publish","type":"product","link":"https:\/\/www.biobey.be\/fr\/produit\/nettoyant-visage-ph-neutre-chanvre\/","title":{"rendered":"Nettoyant visage pH neutre chanvre et th\u00e9 vert 200ml"},"content":{"rendered":"<p>Nettoyant visage pH neutre de Naobay, \u00e0 base d&rsquo;huile de chanvre et d&rsquo;extrait de th\u00e9 vert, nettoie efficacement la peau sans endommager la barri\u00e8re cutan\u00e9e. Le pH douce du nettoyant visage convient aux peaux \u00e0 imperfections, normales et grasses. La formule est \u00e0 base d&rsquo;huile de graines de chanvre biologique, d&rsquo;aloe vera, d&rsquo;acide hyaluronique, d&rsquo;extrait de camomille et de concombre.<\/p>\n<p>Ce nettoyant visage ph neutre purifie la peau des mauvaises bact\u00e9ries et des toxines. Gr\u00e2ce \u00e0 son pH doux, il ne dess\u00e8che pas la peau et n&rsquo;endommage pas la couche protectrice naturelle de la peau. Apr\u00e8s le nettoyage, la peau n&rsquo;est ni tendue ni s\u00e8che. Il purifie efficacement et en douceur.<\/p>\n<h2>Formule du nettoyant visage pH neutre doux Chanvre et th\u00e9 vert<\/h2>\n<p>Le nettoyant ph neutre a une composition nourrissante et purifiante. L&rsquo;extrait v\u00e9g\u00e9tal de th\u00e9 vert favorise l&rsquo;\u00e9limination des toxines et stimule la circulation sanguine. L&rsquo;huile de graines de chanvre biologique a un effet anti-inflammatoire et r\u00e9g\u00e9n\u00e9rant. Elle aide \u00e0 pr\u00e9venir l&rsquo;acn\u00e9 et les rougeurs. L&rsquo;huile de chanvre est riche en acides gras essentiels om\u00e9ga 3 et 6. Ils aident \u00e0 \u00e9quilibrer le pH de la peau et \u00e0 la prot\u00e9ger de la d\u00e9shydratation.<\/p>\n<p>L&rsquo;acide hyaluronique contenu dans le nettoyant visage donne \u00e0 la peau une hydratation instantan\u00e9e et ralentit le vieillissement cutan\u00e9. L&rsquo;extrait de camomille r\u00e9duit les rougeurs et aide \u00e0 apaiser la peau affect\u00e9e. Les extraits de plantes et les huiles b\u00e9n\u00e9fiques aident \u00e0 purifier et \u00e0 r\u00e9parer la peau impure. Le pH doux nettoie la peau et ne provoque pas d&rsquo;irritation.<\/p>\n<p>Le nettoyant peut \u00e9galement \u00eatre utilis\u00e9 pour un double nettoyage de la peau. Avec une utilisation r\u00e9guli\u00e8re, il contribue \u00e0 r\u00e9duire les impuret\u00e9s et \u00e0 renforcer la couche protectrice naturelle de la peau. Il convient \u00e0 une utilisation quotidienne sur les peaux impures, normales et grasses.<\/p>\n<p>Le nettoyant visage pH neutre de Naobay, \u00e0 l&rsquo;huile de graines de chanvre et \u00e0 l&rsquo;extrait de th\u00e9 vert, est v\u00e9g\u00e9talien et certifi\u00e9 cosmos organic. Il ne contient pas de silicones, de sulfates, de parab\u00e8nes, de peg&rsquo;s, d&rsquo;huiles min\u00e9rales, d&rsquo;edta et de parfums synth\u00e9tiques.<\/p>\n<p><strong>Utilisation<\/strong> : Appliquer le nettoyant pour le visage sur la peau mouill\u00e9e. Faites p\u00e9n\u00e9trer dans la peau en massant doucement. Rincer apr\u00e8s avoir nettoy\u00e9 la peau.<\/p>\n<p><strong>Ingr\u00e9dients<\/strong> : Aqua, Aloe Barbadensis Leaf Juice*, Lauryl Glucoside, Cocamidopropyl Betaine, Glycerin, Sodium Cocoamphoacetate, Camellia Sinensis Leaf Extract*, Hydrolyzed Hyaluronic Acid, Sodium Hyaluronate, Cucumis Sativus (Cucumber) Fruit Extract*, Extrait de graine de Cannabis Sativa, Extrait de fruit de Citrus Paradisi*, Levulinate de Sodium, Phytate de Sodium, Benzoate de Sodium, Sorbate de Potassium, Acide citrique, Alcool***, Fragrance (Ar\u00f4me naturel)**, Linalool**, Citronellol**, Limonene**, Citral**.<\/p>\n<p>*Issus de l&rsquo;agriculture biologique<br \/>\n**Composants naturels<br \/>\n***Biologique<\/p>\n","protected":false},"excerpt":{"rendered":"<p>Le nettoyant visage ph neutre au chanvre et au th\u00e9 vert de Naobay nettoie la peau sans ab\u00eemer la barri\u00e8re cutan\u00e9e. Il aide \u00e0 r\u00e9duire les impuret\u00e9s et \u00e0 pr\u00e9venir les inflammations. Sa formule douce aide \u00e0 \u00e9quilibrer le pH perturb\u00e9 de la peau.<\/p>\n<p><strong>Certifications<\/strong> : Vegan, Cosmos Organic<br \/>\n<strong>Contenu<\/strong> : 200\u2009ml<br \/>\n<strong>Formule<\/strong> : Huile de graines de chanvre biologique, extrait de th\u00e9 vert, extrait de concombre, acide hyaluronique<\/p>\n","protected":false},"featured_media":623,"comment_status":"open","ping_status":"closed","template":"","meta":{"ocean_post_layout":"","ocean_both_sidebars_style":"","ocean_both_sidebars_content_width":0,"ocean_both_sidebars_sidebars_width":0,"ocean_sidebar":"","ocean_second_sidebar":"","ocean_disable_margins":"enable","ocean_add_body_class":"","ocean_shortcode_before_top_bar":"","ocean_shortcode_after_top_bar":"","ocean_shortcode_before_header":"","ocean_shortcode_after_header":"","ocean_has_shortcode":"","ocean_shortcode_after_title":"","ocean_shortcode_before_footer_widgets":"","ocean_shortcode_after_footer_widgets":"","ocean_shortcode_before_footer_bottom":"","ocean_shortcode_after_footer_bottom":"","ocean_display_top_bar":"default","ocean_display_header":"default","ocean_header_style":"","ocean_center_header_left_menu":"","ocean_custom_header_template":"","ocean_custom_logo":0,"ocean_custom_retina_logo":0,"ocean_custom_logo_max_width":0,"ocean_custom_logo_tablet_max_width":0,"ocean_custom_logo_mobile_max_width":0,"ocean_custom_logo_max_height":0,"ocean_custom_logo_tablet_max_height":0,"ocean_custom_logo_mobile_max_height":0,"ocean_header_custom_menu":"","ocean_menu_typo_font_family":"","ocean_menu_typo_font_subset":"","ocean_menu_typo_font_size":0,"ocean_menu_typo_font_size_tablet":0,"ocean_menu_typo_font_size_mobile":0,"ocean_menu_typo_font_size_unit":"px","ocean_menu_typo_font_weight":"","ocean_menu_typo_font_weight_tablet":"","ocean_menu_typo_font_weight_mobile":"","ocean_menu_typo_transform":"","ocean_menu_typo_transform_tablet":"","ocean_menu_typo_transform_mobile":"","ocean_menu_typo_line_height":0,"ocean_menu_typo_line_height_tablet":0,"ocean_menu_typo_line_height_mobile":0,"ocean_menu_typo_line_height_unit":"","ocean_menu_typo_spacing":0,"ocean_menu_typo_spacing_tablet":0,"ocean_menu_typo_spacing_mobile":0,"ocean_menu_typo_spacing_unit":"","ocean_menu_link_color":"","ocean_menu_link_color_hover":"","ocean_menu_link_color_active":"","ocean_menu_link_background":"","ocean_menu_link_hover_background":"","ocean_menu_link_active_background":"","ocean_menu_social_links_bg":"","ocean_menu_social_hover_links_bg":"","ocean_menu_social_links_color":"","ocean_menu_social_hover_links_color":"","ocean_disable_title":"default","ocean_disable_heading":"default","ocean_post_title":"","ocean_post_subheading":"","ocean_post_title_style":"","ocean_post_title_background_color":"","ocean_post_title_background":0,"ocean_post_title_bg_image_position":"","ocean_post_title_bg_image_attachment":"","ocean_post_title_bg_image_repeat":"","ocean_post_title_bg_image_size":"","ocean_post_title_height":0,"ocean_post_title_bg_overlay":0.5,"ocean_post_title_bg_overlay_color":"","ocean_disable_breadcrumbs":"default","ocean_breadcrumbs_color":"","ocean_breadcrumbs_separator_color":"","ocean_breadcrumbs_links_color":"","ocean_breadcrumbs_links_hover_color":"","ocean_display_footer_widgets":"default","ocean_display_footer_bottom":"default","ocean_custom_footer_template":""},"product_brand":[119],"product_cat":[18,17,16],"product_tag":[],"class_list":{"0":"post-2467","1":"product","2":"type-product","3":"status-publish","4":"has-post-thumbnail","6":"product_brand-naobay","7":"product_cat-nettoyage-de-la-peau-et-masques","8":"product_cat-soins-du-visage","9":"product_cat-soins","11":"entry","12":"has-media","14":"first","15":"instock","16":"taxable","17":"shipping-taxable","18":"purchasable","19":"product-type-simple","20":"has-rating","21":"col","22":"span_1_of_3","23":"owp-content-center","24":"owp-thumbs-layout-horizontal","25":"owp-btn-normal","26":"owp-tabs-layout-section","27":"has-no-thumbnails","28":"circle-sale"},"_links":{"self":[{"href":"https:\/\/www.biobey.be\/fr\/wp-json\/wp\/v2\/product\/2467","targetHints":{"allow":["GET"]}}],"collection":[{"href":"https:\/\/www.biobey.be\/fr\/wp-json\/wp\/v2\/product"}],"about":[{"href":"https:\/\/www.biobey.be\/fr\/wp-json\/wp\/v2\/types\/product"}],"replies":[{"embeddable":true,"href":"https:\/\/www.biobey.be\/fr\/wp-json\/wp\/v2\/comments?post=2467"}],"wp:featuredmedia":[{"embeddable":true,"href":"https:\/\/www.biobey.be\/fr\/wp-json\/wp\/v2\/media\/623"}],"wp:attachment":[{"href":"https:\/\/www.biobey.be\/fr\/wp-json\/wp\/v2\/media?parent=2467"}],"wp:term":[{"taxonomy":"product_brand","embeddable":true,"href":"https:\/\/www.biobey.be\/fr\/wp-json\/wp\/v2\/product_brand?post=2467"},{"taxonomy":"product_cat","embeddable":true,"href":"https:\/\/www.biobey.be\/fr\/wp-json\/wp\/v2\/product_cat?post=2467"},{"taxonomy":"product_tag","embeddable":true,"href":"https:\/\/www.biobey.be\/fr\/wp-json\/wp\/v2\/product_tag?post=2467"}],"curies":[{"name":"wp","href":"https:\/\/api.w.org\/{rel}","templated":true}]}}