{"id":2468,"date":"2023-09-22T22:29:33","date_gmt":"2023-09-22T20:29:33","guid":{"rendered":"https:\/\/www.biobey.be\/fr-temp\/produit\/creme-apres-rasage-homme-rafraichissant\/"},"modified":"2025-11-16T12:58:54","modified_gmt":"2025-11-16T11:58:54","slug":"creme-apres-rasage-homme-rafraichissant","status":"publish","type":"product","link":"https:\/\/www.biobey.be\/fr\/produit\/creme-apres-rasage-homme-rafraichissant\/","title":{"rendered":"Cr\u00e8me apr\u00e8s-rasage homme rafra\u00eechissant Naobay 100ml"},"content":{"rendered":"<p>Cr\u00e8me apr\u00e8s-rasage homme de Naobay apaise la peau apr\u00e8s le rasage et donne une sensation de fra\u00eecheur. Elle hydrate en profondeur sans rendre la peau grasse. La formule naturelle de l&rsquo;apr\u00e8s-rasage a un effet multifonctionnel. Elle pr\u00e9vient les rougeurs et les irritations apr\u00e8s le rasage. La cr\u00e8me hydrate la peau s\u00e8che et aide \u00e0 l&rsquo;adoucir.<\/p>\n<p>En plus, la cr\u00e8me apr\u00e8s-rasage homme aide \u00e0 prot\u00e9ger la peau des radicaux libre. La formule est \u00e0 base d&rsquo;huiles biologiques d&rsquo;argan, de jojoba, de s\u00e9same, citrouille et d&rsquo;extraits de camomille, de menthe et de caf\u00e9. Elle a un effet nourrissant et antioxydant sur la peau. Gr\u00e2ce \u00e0 sa texture fine et l\u00e9g\u00e8re, la cr\u00e8me apr\u00e8s-rasage p\u00e9n\u00e8tre facilement dans la peau et ne laisse pas de film gras. Elle convient aux peaux s\u00e8ches et sensibles.<\/p>\n<h2>Effets de la cr\u00e8me apr\u00e8s-rasage homme multifonctionnelle<\/h2>\n<p>La cr\u00e8me apr\u00e8s-rasage homme contient de l&rsquo;extrait de menthe. L&rsquo;extrait de menthe biologique a un effet rafra\u00eechissant et anti-inflammatoire. Il pr\u00e9vient les rouges et les irritations. En combinaison \u00e0 l&rsquo;extrait de camomille, il r\u00e9duit les rougeurs et unifie le teint. L&rsquo;huile de jojoba biologique nourrit la peau et aide \u00e0 renforcer la barri\u00e8re cutan\u00e9e. L&rsquo;huile de jojoba est aussi utilis\u00e9e pour soigner les peaux grasses et acn\u00e9 et les peaux s\u00e8ches.<\/p>\n<p>Elle a un effet r\u00e9g\u00e9n\u00e9rant et antibact\u00e9rien. Elle prend soin de la peau sans obstruer les pores. L&rsquo;extrait de caf\u00e9 contenu dans la cr\u00e8me apr\u00e8s rasage homme stimule la circulation sanguine et le renouvellement des cellules de la peau. L&rsquo;huile d&rsquo;argan am\u00e9liore l&rsquo;\u00e9lasticit\u00e9 de la peau. Son effet antioxydant ralentit le vieillissement de la peau et la prot\u00e8ge contre le stress oxydatif.<\/p>\n<p>L&rsquo;effet multifonctionnel du baume Naobay est d\u00fb \u00e0 sa composition puissante. Apr\u00e8s l&rsquo;utilisation de l&rsquo;apr\u00e8s-rasage, la peau est agr\u00e9ablement douce et lisse.<\/p>\n<p>La cr\u00e8me apr\u00e8s-rasage homme de Naobay est v\u00e9g\u00e9talien et certifi\u00e9 Ecocert. Elle ne contient pas de silicones, parab\u00e8nes, de sulfates, d&rsquo;huiles min\u00e9rales, d&rsquo;alcools lourds, de pegs et parfums synth\u00e9tiques.<\/p>\n<p>Mode d&#8217;emploi : Appliquez l&rsquo;apr\u00e8s-rasage sur une peau propre et s\u00e8che. Masser d\u00e9licatement du bout des doigts sur le visage et le cou jusqu&rsquo;\u00e0 absorption compl\u00e8te.<\/p>\n<p>Ingr\u00e9dients: Aqua, Aloe Barbadensis Leaf Juice*, Isoamyl Cocoate, Glycerin, Citrus Aurantium Dulcis Fruit Water*, Polyglyceryl-3 Dicitrate\/Stearate, Pentylene Glycol, Argania Spinosa Kernel Oil*, Sesamum Indicum Seed Oil*, Hordeum Vulgare Seed Extract, Cucurbita Pepo Seed Oil*, Simmondsia Chinensis Seed Oil*,<\/p>\n<p>Propanediol, Chamomilla Recutita Flower Extract*, Extrait de feuille de Mentha Piperita*, Extrait de graine de Coffea Arabica*, Squal\u00e8ne, Tocoph\u00e9rol, Beta-Sitost\u00e9rol, Phytate de sodium, Sorbate de potassium, Benzoate de sodium, Acide d\u00e9hydroac\u00e9tique, Alcool benzylique, Gomme de xanthane,<\/p>\n<p>Acide citrique, Fragrance (Aroma naturel)**, Salicylate de benzyle**, Citral**, Citronellol**, Eug\u00e9nol**, G\u00e9raniol**, Limon\u00e8ne**, Linalool**.<\/p>\n<p>*Ingr\u00e9dients issus de l&rsquo;agriculture biologique<br \/>\n**Composants naturels<\/p>\n","protected":false},"excerpt":{"rendered":"<p>La cr\u00e8me apr\u00e8s-rasage homme a un effet multifonctionnel. Elle pr\u00e9vient les irritations de la peau et apaise les rougeurs. En plus, elle apaise et prot\u00e8ge la peau du stress oxydatif.<\/p>\n<p><strong>Certificats<\/strong> : V\u00e9g\u00e9talien, Ecocert<br \/>\n<strong>Contenu<\/strong>: 100ml<\/p>\n","protected":false},"featured_media":559,"comment_status":"open","ping_status":"closed","template":"","meta":{"ocean_post_layout":"","ocean_both_sidebars_style":"","ocean_both_sidebars_content_width":0,"ocean_both_sidebars_sidebars_width":0,"ocean_sidebar":"0","ocean_second_sidebar":"0","ocean_disable_margins":"enable","ocean_add_body_class":"","ocean_shortcode_before_top_bar":"","ocean_shortcode_after_top_bar":"","ocean_shortcode_before_header":"","ocean_shortcode_after_header":"","ocean_has_shortcode":"","ocean_shortcode_after_title":"","ocean_shortcode_before_footer_widgets":"","ocean_shortcode_after_footer_widgets":"","ocean_shortcode_before_footer_bottom":"","ocean_shortcode_after_footer_bottom":"","ocean_display_top_bar":"default","ocean_display_header":"default","ocean_header_style":"","ocean_center_header_left_menu":"0","ocean_custom_header_template":"0","ocean_custom_logo":0,"ocean_custom_retina_logo":0,"ocean_custom_logo_max_width":0,"ocean_custom_logo_tablet_max_width":0,"ocean_custom_logo_mobile_max_width":0,"ocean_custom_logo_max_height":0,"ocean_custom_logo_tablet_max_height":0,"ocean_custom_logo_mobile_max_height":0,"ocean_header_custom_menu":"0","ocean_menu_typo_font_family":"0","ocean_menu_typo_font_subset":"","ocean_menu_typo_font_size":0,"ocean_menu_typo_font_size_tablet":0,"ocean_menu_typo_font_size_mobile":0,"ocean_menu_typo_font_size_unit":"px","ocean_menu_typo_font_weight":"","ocean_menu_typo_font_weight_tablet":"","ocean_menu_typo_font_weight_mobile":"","ocean_menu_typo_transform":"","ocean_menu_typo_transform_tablet":"","ocean_menu_typo_transform_mobile":"","ocean_menu_typo_line_height":0,"ocean_menu_typo_line_height_tablet":0,"ocean_menu_typo_line_height_mobile":0,"ocean_menu_typo_line_height_unit":"","ocean_menu_typo_spacing":0,"ocean_menu_typo_spacing_tablet":0,"ocean_menu_typo_spacing_mobile":0,"ocean_menu_typo_spacing_unit":"","ocean_menu_link_color":"","ocean_menu_link_color_hover":"","ocean_menu_link_color_active":"","ocean_menu_link_background":"","ocean_menu_link_hover_background":"","ocean_menu_link_active_background":"","ocean_menu_social_links_bg":"","ocean_menu_social_hover_links_bg":"","ocean_menu_social_links_color":"","ocean_menu_social_hover_links_color":"","ocean_disable_title":"default","ocean_disable_heading":"default","ocean_post_title":"","ocean_post_subheading":"","ocean_post_title_style":"","ocean_post_title_background_color":"","ocean_post_title_background":0,"ocean_post_title_bg_image_position":"","ocean_post_title_bg_image_attachment":"","ocean_post_title_bg_image_repeat":"","ocean_post_title_bg_image_size":"","ocean_post_title_height":0,"ocean_post_title_bg_overlay":0.5,"ocean_post_title_bg_overlay_color":"","ocean_disable_breadcrumbs":"default","ocean_breadcrumbs_color":"","ocean_breadcrumbs_separator_color":"","ocean_breadcrumbs_links_color":"","ocean_breadcrumbs_links_hover_color":"","ocean_display_footer_widgets":"default","ocean_display_footer_bottom":"default","ocean_custom_footer_template":"0"},"product_brand":[119],"product_cat":[16,30],"product_tag":[],"class_list":{"0":"post-2468","1":"product","2":"type-product","3":"status-publish","4":"has-post-thumbnail","6":"product_brand-naobay","7":"product_cat-soins","8":"product_cat-soins-pour-hommes","10":"entry","11":"has-media","13":"first","14":"instock","15":"taxable","16":"shipping-taxable","17":"purchasable","18":"product-type-simple","19":"has-rating","20":"col","21":"span_1_of_3","22":"owp-content-center","23":"owp-thumbs-layout-horizontal","24":"owp-btn-normal","25":"owp-tabs-layout-section","26":"has-no-thumbnails","27":"circle-sale"},"_links":{"self":[{"href":"https:\/\/www.biobey.be\/fr\/wp-json\/wp\/v2\/product\/2468","targetHints":{"allow":["GET"]}}],"collection":[{"href":"https:\/\/www.biobey.be\/fr\/wp-json\/wp\/v2\/product"}],"about":[{"href":"https:\/\/www.biobey.be\/fr\/wp-json\/wp\/v2\/types\/product"}],"replies":[{"embeddable":true,"href":"https:\/\/www.biobey.be\/fr\/wp-json\/wp\/v2\/comments?post=2468"}],"wp:featuredmedia":[{"embeddable":true,"href":"https:\/\/www.biobey.be\/fr\/wp-json\/wp\/v2\/media\/559"}],"wp:attachment":[{"href":"https:\/\/www.biobey.be\/fr\/wp-json\/wp\/v2\/media?parent=2468"}],"wp:term":[{"taxonomy":"product_brand","embeddable":true,"href":"https:\/\/www.biobey.be\/fr\/wp-json\/wp\/v2\/product_brand?post=2468"},{"taxonomy":"product_cat","embeddable":true,"href":"https:\/\/www.biobey.be\/fr\/wp-json\/wp\/v2\/product_cat?post=2468"},{"taxonomy":"product_tag","embeddable":true,"href":"https:\/\/www.biobey.be\/fr\/wp-json\/wp\/v2\/product_tag?post=2468"}],"curies":[{"name":"wp","href":"https:\/\/api.w.org\/{rel}","templated":true}]}}